{"id":165,"date":"2018-02-02T15:50:40","date_gmt":"2018-02-02T15:50:40","guid":{"rendered":"http:\/\/www.proinpa.org\/ILC_2019\/?page_id=165"},"modified":"2018-10-15T11:15:22","modified_gmt":"2018-10-15T15:15:22","slug":"fees-2","status":"publish","type":"page","link":"https:\/\/www.proinpa.org\/ILC_2019\/es\/fees-2\/","title":{"rendered":"Cuotas"},"content":{"rendered":"<p><strong>CUOTAS<\/strong><\/p>\n<table style=\"width: 732px;\" border=\"1\" width=\"732\">\n<tbody>\n<tr>\n<td style=\"width: 209px;\"><\/td>\n<td style=\"width: 168px;\"><strong>Por adelantado <\/strong>(Julio 1 al 30 septiembre 2018)<\/td>\n<td style=\"width: 156px;\"><strong>Normal<\/strong>\u00a0(Octubre 1 al 17 de marzo 2019)<\/td>\n<td style=\"width: 171px;\"><strong>El d\u00eda del evento<\/strong>\u00a0(Marzo 18, 2019)<\/td>\n<\/tr>\n<tr>\n<td style=\"width: 209px;\">\u00a0Participante (a)<\/td>\n<td style=\"width: 168px; text-align: center;\">400<\/td>\n<td style=\"width: 156px; text-align: center;\">425<\/td>\n<td style=\"width: 171px; text-align: center;\">450<\/td>\n<\/tr>\n<tr>\n<td style=\"width: 209px;\">\u00a0Estudiantes graduados (a)<\/td>\n<td style=\"width: 168px; text-align: center;\">250<\/td>\n<td style=\"width: 156px; text-align: center;\">275<\/td>\n<td style=\"width: 171px; text-align: center;\">300<\/td>\n<\/tr>\n<tr>\n<td style=\"width: 209px;\">\u00a0Acompa\u00f1ante (b)<\/td>\n<td style=\"width: 168px; text-align: center;\">200<\/td>\n<td style=\"width: 156px; text-align: center;\">225<\/td>\n<td style=\"width: 171px; text-align: center;\">250<\/td>\n<\/tr>\n<tr>\n<td style=\"width: 209px;\">\u00a0Cena Social<\/td>\n<td style=\"width: 168px; text-align: center;\">40<\/td>\n<td style=\"width: 156px; text-align: center;\">45<\/td>\n<td style=\"width: 171px; text-align: center;\">50<\/td>\n<\/tr>\n<\/tbody>\n<\/table>\n<p>Los precios est\u00e1n en D\u00f3lares Americanos e incluyen impuestos<\/p>\n<p>(a) Con derecho a:<\/p>\n<ul>\n<li>Participaci\u00f3n en todas las sesiones de la Conferencia<\/li>\n<li>Lecci\u00f3n magistral<\/li>\n<li>Brindis de bienvenida<\/li>\n<li>Almuerzos (de acuerdo al programa de la Conferencia)<\/li>\n<li>Refrigerios (de acuerdo al programa de la Conferencia)<\/li>\n<li>Paquete informativo sobre la Conferencia<\/li>\n<li>Viaje &#8211; d\u00eda de campo<\/li>\n<\/ul>\n<p>(b) Con derecho a:<\/p>\n<ul>\n<li>Brindis de bienvenida<\/li>\n<li>Almuerzos (de acuerdo al programa de la Conferencia)<\/li>\n<li>Refrigerios (de acuerdo al programa de la Conferencia)<\/li>\n<li>Viaje \u2013 D\u00eda de Campo<\/li>\n<\/ul>\n<p><strong>Los\/las acompa\u00f1antes no podr\u00e1n accede a las Salas de Conferencia.<\/strong><\/p>\n<p><strong>Pol\u00edtica de reembolsos por cancelaci\u00f3n<\/strong><\/p>\n<p>Si, por alguna raz\u00f3n, necesita cancelar su inscripci\u00f3n de la Conferencia, Ud. Puede reasignar su inscripci\u00f3n a otra persona; agradeci\u00e9ndole notificar a la Secretar\u00eda de la Conferencia sobre este cambio.<\/p>\n<p>Si no puede conseguir un reemplazo, el Comit\u00e9 Organizador le reembolsar\u00e1 el 80% de los montos pagados.<\/p>\n<p>Si, por cualquier raz\u00f3n que est\u00e9 fuera del control del Comit\u00e9 Organizador Local, se cancela la Conferencia, las cuotas de inscripci\u00f3n se reembolsar\u00e1n una vez deducidos los gastos ya incurridos.<b><\/b><\/p>\n","protected":false},"excerpt":{"rendered":"<p>CUOTAS Por adelantado (Julio 1 al 30 septiembre 2018) Normal\u00a0(Octubre 1 al 17 de marzo 2019) El d\u00eda del evento\u00a0(Marzo 18, 2019) \u00a0Participante (a) 400 425 450 \u00a0Estudiantes graduados (a) 250 275 300 \u00a0Acompa\u00f1ante (b) 200 225 250 \u00a0Cena Social 40 45 50 Los precios est\u00e1n en D\u00f3lares Americanos e incluyen impuestos (a) Con derecho [&hellip;]<\/p>\n","protected":false},"author":1,"featured_media":0,"parent":0,"menu_order":0,"comment_status":"closed","ping_status":"closed","template":"","meta":{"ngg_post_thumbnail":0,"footnotes":""},"class_list":["post-165","page","type-page","status-publish","hentry"],"_links":{"self":[{"href":"https:\/\/www.proinpa.org\/ILC_2019\/wp-json\/wp\/v2\/pages\/165","targetHints":{"allow":["GET"]}}],"collection":[{"href":"https:\/\/www.proinpa.org\/ILC_2019\/wp-json\/wp\/v2\/pages"}],"about":[{"href":"https:\/\/www.proinpa.org\/ILC_2019\/wp-json\/wp\/v2\/types\/page"}],"author":[{"embeddable":true,"href":"https:\/\/www.proinpa.org\/ILC_2019\/wp-json\/wp\/v2\/users\/1"}],"replies":[{"embeddable":true,"href":"https:\/\/www.proinpa.org\/ILC_2019\/wp-json\/wp\/v2\/comments?post=165"}],"version-history":[{"count":21,"href":"https:\/\/www.proinpa.org\/ILC_2019\/wp-json\/wp\/v2\/pages\/165\/revisions"}],"predecessor-version":[{"id":364,"href":"https:\/\/www.proinpa.org\/ILC_2019\/wp-json\/wp\/v2\/pages\/165\/revisions\/364"}],"wp:attachment":[{"href":"https:\/\/www.proinpa.org\/ILC_2019\/wp-json\/wp\/v2\/media?parent=165"}],"curies":[{"name":"wp","href":"https:\/\/api.w.org\/{rel}","templated":true}]}}