{"id":321,"date":"2018-09-18T11:32:43","date_gmt":"2018-09-18T15:32:43","guid":{"rendered":"http:\/\/www.proinpa.org\/ILC_2019\/?page_id=321"},"modified":"2018-11-29T11:55:14","modified_gmt":"2018-11-29T15:55:14","slug":"formato-de-resumen-e-instrucciones-directrices","status":"publish","type":"page","link":"https:\/\/www.proinpa.org\/ILC_2019\/es\/formato-de-resumen-e-instrucciones-directrices\/","title":{"rendered":"Formato de Resumen e instrucciones (Directrices)"},"content":{"rendered":"<p><strong>Formato de Resumen e instrucciones (Directrices)<\/strong><\/p>\n<p><span style=\"color: #ff0000;\"><strong>Nueva fecha l\u00edmite: 10 de Enero 2019\u00a0<\/strong><\/span><\/p>\n<p>Los participantes que deseen contribuir al programa cient\u00edfico ILC-2019, deben enviar un resumen de su presentaci\u00f3n al Comit\u00e9 Organizador Local, enviando sus archivos como se describe al final de esta p\u00e1gina.<\/p>\n<p>Siempre que haya <strong>al menos un autor registrado<\/strong> en la Conferencia, no hay l\u00edmite para la cantidad de res\u00famenes que se pueden presentar.<\/p>\n<p>Por favor especifique, en el FORMULARIO DE INSCRIPCION, si su contribuci\u00f3n es propuesta para presentaci\u00f3n oral o p\u00f3ster. <strong>El Comit\u00e9 Cient\u00edfico de la ILC se reserva el derecho de seleccionar las contribuciones para la presentaci\u00f3n oral <\/strong>entre los res\u00famenes y de acuerdo con los espacios disponibles en la Agenda de la Conferencia.<\/p>\n<p>Se solicitar\u00e1 a los autores de las presentaciones orales aceptadas que presenten un manuscrito de 4 p\u00e1ginas que se publicar\u00e1 en el sitio web de la XV Conferencia de Lupino. Los manuscritos tendr\u00e1n la forma de un art\u00edculo. Se proporcionar\u00e1n directrices espec\u00edficas para los autores seleccionados.<\/p>\n<p><strong>Todos los Res\u00famenes deben cumplir con el siguiente formato:<\/strong><\/p>\n<ul>\n<li>M\u00e1ximo una p\u00e1gina (Formato de carta)<\/li>\n<li>T\u00edtulo: letras may\u00fasculas en negrilla, centrado, Fuente: Calibri 14 pt<\/li>\n<li>Autores con afiliaciones (el nombre del Autor correspondiente deber\u00e1 estar subrayado); Fuente: Calibri 10 pt.<\/li>\n<\/ul>\n<table style=\"width: 670px;\" border=\"2\" width=\"670\">\n<tbody>\n<tr>\n<td width=\"589\">\n<p style=\"text-align: right;\">Ejemplo: Juan P\u00e9rez<sup>1<\/sup>, Diego Villamontes<sup>2<\/sup>, Marc Elbers<sup>1<\/sup><\/p>\n<p style=\"text-align: right;\"><sup>1\u00a0<\/sup>Instituci\u00f3n de origen, Pa\u00eds, Email<\/p>\n<p style=\"text-align: right;\"><sup>2<\/sup>\u00a0Instituci\u00f3n de origen, Pa\u00eds, Email<\/p>\n<\/td>\n<\/tr>\n<\/tbody>\n<\/table>\n<ul>\n<li>Texto del resumen justificado; Fuente 11 pt; a un espacio simple;<\/li>\n<li>En el texto se deben abordar los siguientes temas: introducci\u00f3n, objetivos, metodolog\u00eda, resultados y discusi\u00f3n y conclusiones. Los reconocimientos (opcional) deben mencionarse al final del resumen.<\/li>\n<li>No incluir tablas, figuras ni referencias bibliogr\u00e1ficas en el resumen.<\/li>\n<li>M\u00e1rgenes: izquierdo (2.54 cm) \u2013 derecho (2.54 cm) \u2013 superior (2.54 cm) \u2013 inferior (2.54 cm)<\/li>\n<\/ul>\n<p>&nbsp;<\/p>\n<p><strong>Observaciones<\/strong><\/p>\n<ol>\n<li>Los res\u00famenes que no se ajusten a las directrices, no ser\u00e1n considerados.<\/li>\n<li>Se recomienda a los autores, cuyo idioma principal no es el ingl\u00e9s, de tener sus res\u00famenes revisados y corregidos al ingl\u00e9s. El Comit\u00e9 Cient\u00edfico se reserve el derecho de editar trabajos de ortograf\u00eda, gram\u00e1tica, puntuaci\u00f3n y claridad.<\/li>\n<\/ol>\n<p><strong>Instrucciones<\/strong><\/p>\n<p>Se les recomienda guardar los archivos de los res\u00famenes como: surname.docx o surname.doc y enviarlos como archivo adjunto a <a href=\"mailto:ilc2019@proinpa.org\">ilc2019@proinpa.org<\/a> (Asunto: Presentaci\u00f3n de resumen), especificando en el cuerpo del e-mail si Ud. propone que este resumen sea Oral o Poster e indicando el Tema de la Conferencia al cual Ud. est\u00e1 contribuyendo<\/p>\n<p>&nbsp;<\/p>\n","protected":false},"excerpt":{"rendered":"<p>Formato de Resumen e instrucciones (Directrices) Nueva fecha l\u00edmite: 10 de Enero 2019\u00a0 Los participantes que deseen contribuir al programa cient\u00edfico ILC-2019, deben enviar un resumen de su presentaci\u00f3n al Comit\u00e9 Organizador Local, enviando sus archivos como se describe al final de esta p\u00e1gina. Siempre que haya al menos un autor registrado en la Conferencia, [&hellip;]<\/p>\n","protected":false},"author":1,"featured_media":0,"parent":0,"menu_order":0,"comment_status":"closed","ping_status":"closed","template":"","meta":{"ngg_post_thumbnail":0,"footnotes":""},"class_list":["post-321","page","type-page","status-publish","hentry"],"_links":{"self":[{"href":"https:\/\/www.proinpa.org\/ILC_2019\/wp-json\/wp\/v2\/pages\/321","targetHints":{"allow":["GET"]}}],"collection":[{"href":"https:\/\/www.proinpa.org\/ILC_2019\/wp-json\/wp\/v2\/pages"}],"about":[{"href":"https:\/\/www.proinpa.org\/ILC_2019\/wp-json\/wp\/v2\/types\/page"}],"author":[{"embeddable":true,"href":"https:\/\/www.proinpa.org\/ILC_2019\/wp-json\/wp\/v2\/users\/1"}],"replies":[{"embeddable":true,"href":"https:\/\/www.proinpa.org\/ILC_2019\/wp-json\/wp\/v2\/comments?post=321"}],"version-history":[{"count":7,"href":"https:\/\/www.proinpa.org\/ILC_2019\/wp-json\/wp\/v2\/pages\/321\/revisions"}],"predecessor-version":[{"id":540,"href":"https:\/\/www.proinpa.org\/ILC_2019\/wp-json\/wp\/v2\/pages\/321\/revisions\/540"}],"wp:attachment":[{"href":"https:\/\/www.proinpa.org\/ILC_2019\/wp-json\/wp\/v2\/media?parent=321"}],"curies":[{"name":"wp","href":"https:\/\/api.w.org\/{rel}","templated":true}]}}