{"id":326,"date":"2018-10-15T09:48:58","date_gmt":"2018-10-15T13:48:58","guid":{"rendered":"http:\/\/www.proinpa.org\/ILC_2019\/?page_id=326"},"modified":"2018-10-15T09:56:30","modified_gmt":"2018-10-15T13:56:30","slug":"ciudad-de-cochabamba","status":"publish","type":"page","link":"https:\/\/www.proinpa.org\/ILC_2019\/es\/ciudad-de-cochabamba\/","title":{"rendered":"Ciudad de Cochabamba"},"content":{"rendered":"<p><iframe loading=\"lazy\" width=\"800\" height=\"450\" src=\"https:\/\/www.youtube.com\/embed\/ZjFbwrQuMck?feature=oembed\" frameborder=\"0\" allow=\"autoplay; encrypted-media\" allowfullscreen><\/iframe><\/p>\n<p>Cochabamba es el tercer departamento m\u00e1s importante de Bolivia. Es un valle ubicado en el centro del pa\u00eds. Gran parte de su territorio es monta\u00f1oso y se encuentra a 2570 metros sobre el nivel del mar.<br \/>\nUna de las grandes virtudes de Cochabamba es, sin duda, su excelente clima, que ha encantado a muchos viajeros. Es soleado la mayor parte del a\u00f1o, sin temperaturas extremas. Con una media de 15\u00b0C, y una m\u00e1xima de 26\u00b0C en verano, y una m\u00ednima de 6\u00b0C en invierno; por lo tanto, la sensaci\u00f3n t\u00e9rmica es agradable.<\/p>\n<p><strong>Vestimenta:<\/strong> Recomendamos traer ropa ligera para usar durante el d\u00eda, y un abrigo y\/o su\u00e9ter para la tarde y la noche. Tambi\u00e9n recomendamos traer paraguas, en caso de lluvia.<br \/>\n<strong>Idioma:<\/strong> El idioma oficial es el Espa\u00f1ol.<\/p>\n<p><strong>Tipo de Cambio:<\/strong> 1US$ es equivalente a Bs.6.96 (moneda Boliviana). 1 EURO equivale a Bs.8.50 (moneda Boliviana).<\/p>\n<p><strong>VISA:<\/strong> Los pa\u00edses de la Uni\u00f3n Europea y Am\u00e9rica Latina NO requieren de VISA. Es suficiente con una carta de invitaci\u00f3n de los organizadores del evento. Sin embargo, algunos de los siguientes pa\u00edses SI requieren de VISA para ingresar a Bolivia: Estados Unidos, Puerto Rico, Cuba, \u00c1frica y China.<br \/>\nDe todas maneras, se les recomienda consultar con el Consulado de Bolivia en su pa\u00eds.<\/p>\n","protected":false},"excerpt":{"rendered":"<p>Cochabamba es el tercer departamento m\u00e1s importante de Bolivia. Es un valle ubicado en el centro del pa\u00eds. Gran parte de su territorio es monta\u00f1oso y se encuentra a 2570 metros sobre el nivel del mar. Una de las grandes virtudes de Cochabamba es, sin duda, su excelente clima, que ha encantado a muchos viajeros. [&hellip;]<\/p>\n","protected":false},"author":1,"featured_media":0,"parent":0,"menu_order":0,"comment_status":"closed","ping_status":"closed","template":"","meta":{"ngg_post_thumbnail":0,"footnotes":""},"class_list":["post-326","page","type-page","status-publish","hentry"],"_links":{"self":[{"href":"https:\/\/www.proinpa.org\/ILC_2019\/wp-json\/wp\/v2\/pages\/326","targetHints":{"allow":["GET"]}}],"collection":[{"href":"https:\/\/www.proinpa.org\/ILC_2019\/wp-json\/wp\/v2\/pages"}],"about":[{"href":"https:\/\/www.proinpa.org\/ILC_2019\/wp-json\/wp\/v2\/types\/page"}],"author":[{"embeddable":true,"href":"https:\/\/www.proinpa.org\/ILC_2019\/wp-json\/wp\/v2\/users\/1"}],"replies":[{"embeddable":true,"href":"https:\/\/www.proinpa.org\/ILC_2019\/wp-json\/wp\/v2\/comments?post=326"}],"version-history":[{"count":6,"href":"https:\/\/www.proinpa.org\/ILC_2019\/wp-json\/wp\/v2\/pages\/326\/revisions"}],"predecessor-version":[{"id":333,"href":"https:\/\/www.proinpa.org\/ILC_2019\/wp-json\/wp\/v2\/pages\/326\/revisions\/333"}],"wp:attachment":[{"href":"https:\/\/www.proinpa.org\/ILC_2019\/wp-json\/wp\/v2\/media?parent=326"}],"curies":[{"name":"wp","href":"https:\/\/api.w.org\/{rel}","templated":true}]}}