{"id":351,"date":"2018-10-15T10:49:28","date_gmt":"2018-10-15T14:49:28","guid":{"rendered":"http:\/\/www.proinpa.org\/ILC_2019\/?page_id=351"},"modified":"2018-10-15T10:49:28","modified_gmt":"2018-10-15T14:49:28","slug":"comites","status":"publish","type":"page","link":"https:\/\/www.proinpa.org\/ILC_2019\/es\/comites\/","title":{"rendered":"Comit\u00e9s"},"content":{"rendered":"<p><strong>Comit\u00e9 Organizador Local<\/strong><\/p>\n<p>Fundaci\u00f3n PROINPA<\/p>\n<p>Centro de Investigaciones Fitoecogen\u00e9ticas de Pairumani \u2013 Fundaci\u00f3n Pati\u00f1o<\/p>\n<p><strong>Comit\u00e9 Cient\u00edfico<\/strong><\/p>\n<p>Paolo Annicchiarico (Council for Agricultural Research and Economics CREA, Italy)<\/p>\n<p>Anna Arnoldi (University of Milan, Italy)<\/p>\n<p>Teresa Avila (Centro de Investigaciones Fitoecogen\u00e9ticas Parirumani, Bolivia)<\/p>\n<p>Ximena Cadima (Fundaci\u00f3n PROINPA, Bolivia)<\/p>\n<p>Marcello Duranti (Universit\u00e0 degli Studi di Milano, Italy)<\/p>\n<p>Antonio Gandarillas (Fundaci\u00f3n PROINPA, Bolivia)<\/p>\n<p>Pedro Macedonio Garc\u00eda L\u00f3pez (Universidad de Guadalajara, M\u00e9xico)<\/p>\n<p>Nelson Maz\u00f3n (Instituto Nacional de Investigaciones Agropecuarias, Ecuador)<\/p>\n<p>David McNaughton (Soya UK Ltd, UK)<\/p>\n<p>Mario Mera (Instituto de Investigaciones Agropecuarias, Chile)<\/p>\n<p>Matthew Nelson (Department of Agriculture and Food, Western Australia)<\/p>\n<p>Joao Neves Martins (University of Lisbon, Portugal)<\/p>\n<p>Jairo A Palta (CSIRO Agriculture &amp; Food, Australia)<\/p>\n<p>Ana Planchuelo (CREAN, Universidad Nacional de C\u00f3rdoba, Argentina)<\/p>\n<p>Andr\u00e9s Ravelo (CREAN, Universidad Nacional de C\u00f3rdoba, Argentina)<\/p>\n<p>Luis Rey Navarro (Universidad Polit\u00e9cnica de Madrid Espa\u00f1a)<\/p>\n<p>Wojciech \u015awi\u0119cicki (Polish Academy of Sciences, Poland)<\/p>\n<p>Mario Tapia (Asociaci\u00f3n Nacional de Productores Ecol\u00f3gicos, Per\u00fa)<\/p>\n<p>Elena Villacr\u00e9s (Instituto Nacional de Investigaciones Agropecuarias, Ecuador)<\/p>\n<p>Erik von Baer (Semillas Baer, Chile)<\/p>\n<p>Michael Wink (Heidelberg University, Germany)<\/p>\n<p>Bogdan Wolko (Polish Academy of Sciences, Poland<\/p>\n<p><strong>Organizador de la Conferencia y Secretar\u00eda<\/strong><\/p>\n<p>Fundaci\u00f3n PROINPA<\/p>\n<p>Av. Meneces s\/n, km 4, zona El Paso, Quillacollo<\/p>\n<p>Tel:\u00a0<a href=\"tel:4%204319595\">591 4 4319595<\/a><\/p>\n<p>Fax:\u00a0<a href=\"tel:4%204319600\">591 4 4319600<\/a><\/p>\n<p>Cochabamba \u2013 Bolivia<\/p>\n<p><a href=\"http:\/\/www.proinpa.org\/\">www.proinpa.org<\/a><\/p>\n<p>Persona de contacto: Ana Mar\u00eda Cortez<\/p>\n<p>Email: <a href=\"mailto:a.cortez@proinpa.org\">a.cortez@proinpa.org<\/a><\/p>\n<p>Mobile:<a href=\"tel:60383357\">591 65508247<\/a><\/p>\n","protected":false},"excerpt":{"rendered":"<p>Comit\u00e9 Organizador Local Fundaci\u00f3n PROINPA Centro de Investigaciones Fitoecogen\u00e9ticas de Pairumani \u2013 Fundaci\u00f3n Pati\u00f1o Comit\u00e9 Cient\u00edfico Paolo Annicchiarico (Council for Agricultural Research and Economics CREA, Italy) Anna Arnoldi (University of Milan, Italy) Teresa Avila (Centro de Investigaciones Fitoecogen\u00e9ticas Parirumani, Bolivia) Ximena Cadima (Fundaci\u00f3n PROINPA, Bolivia) Marcello Duranti (Universit\u00e0 degli Studi di Milano, Italy) Antonio Gandarillas [&hellip;]<\/p>\n","protected":false},"author":1,"featured_media":0,"parent":0,"menu_order":0,"comment_status":"closed","ping_status":"closed","template":"","meta":{"ngg_post_thumbnail":0,"footnotes":""},"class_list":["post-351","page","type-page","status-publish","hentry"],"_links":{"self":[{"href":"https:\/\/www.proinpa.org\/ILC_2019\/wp-json\/wp\/v2\/pages\/351","targetHints":{"allow":["GET"]}}],"collection":[{"href":"https:\/\/www.proinpa.org\/ILC_2019\/wp-json\/wp\/v2\/pages"}],"about":[{"href":"https:\/\/www.proinpa.org\/ILC_2019\/wp-json\/wp\/v2\/types\/page"}],"author":[{"embeddable":true,"href":"https:\/\/www.proinpa.org\/ILC_2019\/wp-json\/wp\/v2\/users\/1"}],"replies":[{"embeddable":true,"href":"https:\/\/www.proinpa.org\/ILC_2019\/wp-json\/wp\/v2\/comments?post=351"}],"version-history":[{"count":1,"href":"https:\/\/www.proinpa.org\/ILC_2019\/wp-json\/wp\/v2\/pages\/351\/revisions"}],"predecessor-version":[{"id":352,"href":"https:\/\/www.proinpa.org\/ILC_2019\/wp-json\/wp\/v2\/pages\/351\/revisions\/352"}],"wp:attachment":[{"href":"https:\/\/www.proinpa.org\/ILC_2019\/wp-json\/wp\/v2\/media?parent=351"}],"curies":[{"name":"wp","href":"https:\/\/api.w.org\/{rel}","templated":true}]}}