{"id":353,"date":"2018-10-15T10:57:33","date_gmt":"2018-10-15T14:57:33","guid":{"rendered":"http:\/\/www.proinpa.org\/ILC_2019\/?page_id=353"},"modified":"2018-10-15T10:57:33","modified_gmt":"2018-10-15T14:57:33","slug":"conferencia","status":"publish","type":"page","link":"https:\/\/www.proinpa.org\/ILC_2019\/es\/conferencia\/","title":{"rendered":"Conferencia"},"content":{"rendered":"<h2><strong>Desarrollo del cultivo de lupino, una fuente moderna y sostenible para la alimentaci\u00f3n.<\/strong><\/h2>\n<p><strong>\u00a0<\/strong>Temas de la Conferencia:<\/p>\n<ul>\n<li>Gen\u00e9tica, Gen\u00f3mica y Reproducci\u00f3n Molecular<\/li>\n<li>Agronom\u00eda, Agricultura, Taxonom\u00eda, Biodiversidad y Agro-ecolog\u00eda<\/li>\n<li>Bioqu\u00edmica y Biotecnolog\u00eda, Prote\u00f3mica y Metabol\u00f3mica<\/li>\n<li>Fisiolog\u00eda y Protecci\u00f3n<\/li>\n<li>Usos alimenticios y no-alimenticios<\/li>\n<li>Beneficios de la salud<\/li>\n<\/ul>\n<p><strong>Objetivos de la Conferencia<\/strong><\/p>\n<ul>\n<li>Mejorar nuestro entendimiento basada en la ciencia del mundo del lupino<\/li>\n<li>Difundir la innovaci\u00f3n en el crecimiento, protecci\u00f3n y uso del lupino, afirmando la sostenibilidad del cultivo de lupino<\/li>\n<li>Actualizar nuestro conocimiento sobre el dise\u00f1o, formulaci\u00f3n, preparaci\u00f3n y valor del alimento, bebida y alimentaci\u00f3n en base al lupino<\/li>\n<li>Revisar y explorar las oportunidades de las semillas del lupino y sus derivados en la nutrici\u00f3n y bienestar humano<\/li>\n<li>Ayudar a crear enlaces y sinergias entre los Actores de la Cadena de Lupino.<\/li>\n<\/ul>\n","protected":false},"excerpt":{"rendered":"<p>Desarrollo del cultivo de lupino, una fuente moderna y sostenible para la alimentaci\u00f3n. \u00a0Temas de la Conferencia: Gen\u00e9tica, Gen\u00f3mica y Reproducci\u00f3n Molecular Agronom\u00eda, Agricultura, Taxonom\u00eda, Biodiversidad y Agro-ecolog\u00eda Bioqu\u00edmica y Biotecnolog\u00eda, Prote\u00f3mica y Metabol\u00f3mica Fisiolog\u00eda y Protecci\u00f3n Usos alimenticios y no-alimenticios Beneficios de la salud Objetivos de la Conferencia Mejorar nuestro entendimiento basada en la [&hellip;]<\/p>\n","protected":false},"author":1,"featured_media":0,"parent":0,"menu_order":0,"comment_status":"closed","ping_status":"closed","template":"","meta":{"ngg_post_thumbnail":0,"footnotes":""},"class_list":["post-353","page","type-page","status-publish","hentry"],"_links":{"self":[{"href":"https:\/\/www.proinpa.org\/ILC_2019\/wp-json\/wp\/v2\/pages\/353","targetHints":{"allow":["GET"]}}],"collection":[{"href":"https:\/\/www.proinpa.org\/ILC_2019\/wp-json\/wp\/v2\/pages"}],"about":[{"href":"https:\/\/www.proinpa.org\/ILC_2019\/wp-json\/wp\/v2\/types\/page"}],"author":[{"embeddable":true,"href":"https:\/\/www.proinpa.org\/ILC_2019\/wp-json\/wp\/v2\/users\/1"}],"replies":[{"embeddable":true,"href":"https:\/\/www.proinpa.org\/ILC_2019\/wp-json\/wp\/v2\/comments?post=353"}],"version-history":[{"count":1,"href":"https:\/\/www.proinpa.org\/ILC_2019\/wp-json\/wp\/v2\/pages\/353\/revisions"}],"predecessor-version":[{"id":354,"href":"https:\/\/www.proinpa.org\/ILC_2019\/wp-json\/wp\/v2\/pages\/353\/revisions\/354"}],"wp:attachment":[{"href":"https:\/\/www.proinpa.org\/ILC_2019\/wp-json\/wp\/v2\/media?parent=353"}],"curies":[{"name":"wp","href":"https:\/\/api.w.org\/{rel}","templated":true}]}}