{"id":365,"date":"2018-10-15T11:21:07","date_gmt":"2018-10-15T15:21:07","guid":{"rendered":"http:\/\/www.proinpa.org\/ILC_2019\/?page_id=365"},"modified":"2018-10-15T11:22:54","modified_gmt":"2018-10-15T15:22:54","slug":"informacion-general","status":"publish","type":"page","link":"https:\/\/www.proinpa.org\/ILC_2019\/es\/informacion-general\/","title":{"rendered":"Informaci\u00f3n General"},"content":{"rendered":"<p><strong>T\u00edtulo de la Conferencia:<\/strong><\/p>\n<p><strong>Desarrollo \u00a0del cultivo de lupino, una fuente moderna y sostenible para la alimentaci\u00f3n<\/strong><\/p>\n<hr \/>\n<p><strong>\u00a0<\/strong><strong>Cuota de Inscripci\u00f3n<\/strong><strong><br \/>\n<\/strong>Haga <a href=\"http:\/\/www.proinpa.org\/ILC_2019\/es\/fees-2\/\">click<\/a> para acceder al plan de pago<\/p>\n<hr \/>\n<p><strong>Idioma oficial<\/strong><br \/>\nEl idioma oficial del Congreso es el Ingl\u00e9s. Sin embargo, traducci\u00f3n simult\u00e1nea estar\u00e1 disponible para los participantes que lo requieran.<\/p>\n<hr \/>\n<p><strong>Credenciales de la Conferencia<\/strong><br \/>\nTodos los participantes, acompa\u00f1antes y expositores deben usar la credencial de identificaci\u00f3n de la Conferencia.\u00a0 El ingreso a las salas de reuniones, exhibiciones y afiches y\/o carteles, no ser\u00e1 permitido a la persona que no tenga la credencial respectiva.<\/p>\n<hr \/>\n<p><strong>Certificado de asistencia<\/strong><br \/>\nSe proporcionar\u00e1 Certificados de Asistencia a todos los participantes.<\/p>\n<hr \/>\n<p><strong>Carta de Invitaci\u00f3n<\/strong><\/p>\n<p>En caso de requerir de Carta de Invitaci\u00f3n, la Secretar\u00eda del Congreso le enviar\u00eda una, previa solicitud con los datos respectivos (nombre completo y direcci\u00f3n postal). El Comit\u00e9 Organizador Local desea aclarar que esta carta es <strong>SOLO<\/strong> para ayudar al participante a obtener Visa de entrada a Bolivia, o para solicitar fondos para su viaje, no existiendo obligaciones financieras adicionales de la Conferencia hacia el participante.<\/p>\n<hr \/>\n<p><strong>Requerimientos especiales<\/strong><br \/>\nEn el Formato de Contacto, favor proporcionar detalles de cualquier dieta especial o de asistencia por discapacidad que requieran.<\/p>\n<hr \/>\n<p><strong>Eventos sociales<\/strong><\/p>\n<p>El participante debe confirmar su participaci\u00f3n a la cena social de clausura (banquete con lupino y folklore Boliviano).<\/p>\n<hr \/>\n<p><strong>Turismo<\/strong><\/p>\n<p>La agencia de viajes BCD TRAVEL\u00a0\u00a0\u00a0 est\u00e1 a su disposici\u00f3n para organizarles visitas y\/o viajes de turismo dentro de Bolivia.<\/p>\n<p><a href=\"https:\/\/www.bcdtravel.com\/bolivia\/\">BCD Travel<\/a><\/p>\n","protected":false},"excerpt":{"rendered":"<p>T\u00edtulo de la Conferencia: Desarrollo \u00a0del cultivo de lupino, una fuente moderna y sostenible para la alimentaci\u00f3n \u00a0Cuota de Inscripci\u00f3n Haga click para acceder al plan de pago Idioma oficial El idioma oficial del Congreso es el Ingl\u00e9s. Sin embargo, traducci\u00f3n simult\u00e1nea estar\u00e1 disponible para los participantes que lo requieran. Credenciales de la Conferencia Todos [&hellip;]<\/p>\n","protected":false},"author":1,"featured_media":0,"parent":0,"menu_order":0,"comment_status":"closed","ping_status":"closed","template":"","meta":{"ngg_post_thumbnail":0,"footnotes":""},"class_list":["post-365","page","type-page","status-publish","hentry"],"_links":{"self":[{"href":"https:\/\/www.proinpa.org\/ILC_2019\/wp-json\/wp\/v2\/pages\/365","targetHints":{"allow":["GET"]}}],"collection":[{"href":"https:\/\/www.proinpa.org\/ILC_2019\/wp-json\/wp\/v2\/pages"}],"about":[{"href":"https:\/\/www.proinpa.org\/ILC_2019\/wp-json\/wp\/v2\/types\/page"}],"author":[{"embeddable":true,"href":"https:\/\/www.proinpa.org\/ILC_2019\/wp-json\/wp\/v2\/users\/1"}],"replies":[{"embeddable":true,"href":"https:\/\/www.proinpa.org\/ILC_2019\/wp-json\/wp\/v2\/comments?post=365"}],"version-history":[{"count":4,"href":"https:\/\/www.proinpa.org\/ILC_2019\/wp-json\/wp\/v2\/pages\/365\/revisions"}],"predecessor-version":[{"id":369,"href":"https:\/\/www.proinpa.org\/ILC_2019\/wp-json\/wp\/v2\/pages\/365\/revisions\/369"}],"wp:attachment":[{"href":"https:\/\/www.proinpa.org\/ILC_2019\/wp-json\/wp\/v2\/media?parent=365"}],"curies":[{"name":"wp","href":"https:\/\/api.w.org\/{rel}","templated":true}]}}