{"id":403,"date":"2018-10-17T09:34:44","date_gmt":"2018-10-17T13:34:44","guid":{"rendered":"http:\/\/www.proinpa.org\/ILC_2019\/?page_id=403"},"modified":"2018-10-17T09:38:37","modified_gmt":"2018-10-17T13:38:37","slug":"lugar","status":"publish","type":"page","link":"https:\/\/www.proinpa.org\/ILC_2019\/es\/lugar\/","title":{"rendered":"Lugar"},"content":{"rendered":"<p><img loading=\"lazy\" decoding=\"async\" class=\" wp-image-264 aligncenter\" src=\"http:\/\/www.proinpa.org\/ILC_2019\/wp-content\/uploads\/2018\/02\/logo465.jpg\" alt=\"\" width=\"151\" height=\"151\" srcset=\"https:\/\/www.proinpa.org\/ILC_2019\/wp-content\/uploads\/2018\/02\/logo465.jpg 300w, https:\/\/www.proinpa.org\/ILC_2019\/wp-content\/uploads\/2018\/02\/logo465-150x150.jpg 150w\" sizes=\"auto, (max-width: 151px) 100vw, 151px\" \/><\/p>\n<p><img loading=\"lazy\" decoding=\"async\" class=\"size-medium wp-image-263 aligncenter\" src=\"http:\/\/www.proinpa.org\/ILC_2019\/wp-content\/uploads\/2018\/02\/0-1200x900-300x240.jpg\" alt=\"\" width=\"300\" height=\"240\" srcset=\"https:\/\/www.proinpa.org\/ILC_2019\/wp-content\/uploads\/2018\/02\/0-1200x900-300x240.jpg 300w, https:\/\/www.proinpa.org\/ILC_2019\/wp-content\/uploads\/2018\/02\/0-1200x900.jpg 420w\" sizes=\"auto, (max-width: 300px) 100vw, 300px\" \/><\/p>\n<p style=\"text-align: center;\"><strong><a href=\"http:\/\/granhotelcochabamba.com.bo\/\">www.granhotelcochabamba.com.bo<\/a><\/strong><\/p>\n<p><img loading=\"lazy\" decoding=\"async\" class=\"size-medium wp-image-120 aligncenter\" src=\"http:\/\/www.proinpa.org\/ILC_2019\/wp-content\/uploads\/2018\/01\/llallaguani-1-1-700x330-300x141.jpg\" alt=\"\" width=\"300\" height=\"141\" srcset=\"https:\/\/www.proinpa.org\/ILC_2019\/wp-content\/uploads\/2018\/01\/llallaguani-1-1-700x330-300x141.jpg 300w, https:\/\/www.proinpa.org\/ILC_2019\/wp-content\/uploads\/2018\/01\/llallaguani-1-1-700x330.jpg 700w\" sizes=\"auto, (max-width: 300px) 100vw, 300px\" \/><\/p>\n<p style=\"text-align: center;\">Sal\u00f3n de conferencias LLALLAGUANI<\/p>\n<p><img loading=\"lazy\" decoding=\"async\" class=\"size-medium wp-image-255 aligncenter\" src=\"http:\/\/www.proinpa.org\/ILC_2019\/wp-content\/uploads\/2018\/02\/liriuni-1-1-300x132.jpg\" alt=\"\" width=\"300\" height=\"132\" srcset=\"https:\/\/www.proinpa.org\/ILC_2019\/wp-content\/uploads\/2018\/02\/liriuni-1-1-300x132.jpg 300w, https:\/\/www.proinpa.org\/ILC_2019\/wp-content\/uploads\/2018\/02\/liriuni-1-1.jpg 314w\" sizes=\"auto, (max-width: 300px) 100vw, 300px\" \/><\/p>\n<p style=\"text-align: center;\">Sal\u00f3n de conferencias LIRIUNI<\/p>\n<p><img loading=\"lazy\" decoding=\"async\" class=\"size-medium wp-image-121 aligncenter\" src=\"http:\/\/www.proinpa.org\/ILC_2019\/wp-content\/uploads\/2018\/01\/01tunari-1-1-700x330-300x141.jpg\" alt=\"\" width=\"300\" height=\"141\" srcset=\"https:\/\/www.proinpa.org\/ILC_2019\/wp-content\/uploads\/2018\/01\/01tunari-1-1-700x330-300x141.jpg 300w, https:\/\/www.proinpa.org\/ILC_2019\/wp-content\/uploads\/2018\/01\/01tunari-1-1-700x330.jpg 700w\" sizes=\"auto, (max-width: 300px) 100vw, 300px\" \/><\/p>\n<p style=\"text-align: center;\">Sal\u00f3n de conferencias TUNARI<\/p>\n<p>&nbsp;<\/p>\n<p><img loading=\"lazy\" decoding=\"async\" class=\" wp-image-267 aligncenter\" src=\"http:\/\/www.proinpa.org\/ILC_2019\/wp-content\/uploads\/2018\/02\/desayuno-300x200.jpg\" alt=\"\" width=\"309\" height=\"206\" srcset=\"https:\/\/www.proinpa.org\/ILC_2019\/wp-content\/uploads\/2018\/02\/desayuno-300x200.jpg 300w, https:\/\/www.proinpa.org\/ILC_2019\/wp-content\/uploads\/2018\/02\/desayuno.jpg 550w\" sizes=\"auto, (max-width: 309px) 100vw, 309px\" \/><\/p>\n","protected":false},"excerpt":{"rendered":"<p>www.granhotelcochabamba.com.bo Sal\u00f3n de conferencias LLALLAGUANI Sal\u00f3n de conferencias LIRIUNI Sal\u00f3n de conferencias TUNARI &nbsp;<\/p>\n","protected":false},"author":1,"featured_media":0,"parent":0,"menu_order":0,"comment_status":"closed","ping_status":"closed","template":"","meta":{"ngg_post_thumbnail":0,"footnotes":""},"class_list":["post-403","page","type-page","status-publish","hentry"],"_links":{"self":[{"href":"https:\/\/www.proinpa.org\/ILC_2019\/wp-json\/wp\/v2\/pages\/403","targetHints":{"allow":["GET"]}}],"collection":[{"href":"https:\/\/www.proinpa.org\/ILC_2019\/wp-json\/wp\/v2\/pages"}],"about":[{"href":"https:\/\/www.proinpa.org\/ILC_2019\/wp-json\/wp\/v2\/types\/page"}],"author":[{"embeddable":true,"href":"https:\/\/www.proinpa.org\/ILC_2019\/wp-json\/wp\/v2\/users\/1"}],"replies":[{"embeddable":true,"href":"https:\/\/www.proinpa.org\/ILC_2019\/wp-json\/wp\/v2\/comments?post=403"}],"version-history":[{"count":3,"href":"https:\/\/www.proinpa.org\/ILC_2019\/wp-json\/wp\/v2\/pages\/403\/revisions"}],"predecessor-version":[{"id":406,"href":"https:\/\/www.proinpa.org\/ILC_2019\/wp-json\/wp\/v2\/pages\/403\/revisions\/406"}],"wp:attachment":[{"href":"https:\/\/www.proinpa.org\/ILC_2019\/wp-json\/wp\/v2\/media?parent=403"}],"curies":[{"name":"wp","href":"https:\/\/api.w.org\/{rel}","templated":true}]}}