{"id":411,"date":"2018-10-17T09:44:38","date_gmt":"2018-10-17T13:44:38","guid":{"rendered":"http:\/\/www.proinpa.org\/ILC_2019\/?page_id=411"},"modified":"2018-11-30T08:56:41","modified_gmt":"2018-11-30T12:56:41","slug":"fechas-importantes","status":"publish","type":"page","link":"https:\/\/www.proinpa.org\/ILC_2019\/es\/fechas-importantes\/","title":{"rendered":"Fechas Importantes"},"content":{"rendered":"<p><strong>Pago de Inscripci\u00f3n<\/strong>:<\/p>\n<p>Por adelantado (1 de julio al 30 de septiembre 2018): <strong>400 USD<\/strong><\/p>\n<p>Normal (1 de octubre 2018 al 17 de marzo 2019): <strong>425 USD<\/strong><\/p>\n<p>Durante el evento (18 de marzo 2019): <strong>450 USD<\/strong><\/p>\n<p><strong>Env\u00edo de res\u00famenes<\/strong>:<\/p>\n<p>Hasta enero 10, 2019<\/p>\n<p><strong>Aceptaci\u00f3n de res\u00famenes y selecci\u00f3n de presentaciones orales:<\/strong><\/p>\n<p>Hasta enero 31, 2019<\/p>\n<p><strong>Presentaci\u00f3n de art\u00edculos para memorias del evento:<\/strong><\/p>\n<p>Hasta febrero 22, 2019<\/p>\n<p>&nbsp;<\/p>\n<p><strong>Favor tomar en cuenta que<\/strong>:<\/p>\n<p>Debido a razones organizacionales, las fechas pueden variar ligeramente.\u00a0 Cualquier cambio se les comunicar\u00e1 inmediatamente.<\/p>\n","protected":false},"excerpt":{"rendered":"<p>Pago de Inscripci\u00f3n: Por adelantado (1 de julio al 30 de septiembre 2018): 400 USD Normal (1 de octubre 2018 al 17 de marzo 2019): 425 USD Durante el evento (18 de marzo 2019): 450 USD Env\u00edo de res\u00famenes: Hasta enero 10, 2019 Aceptaci\u00f3n de res\u00famenes y selecci\u00f3n de presentaciones orales: Hasta enero 31, 2019 [&hellip;]<\/p>\n","protected":false},"author":1,"featured_media":0,"parent":0,"menu_order":0,"comment_status":"closed","ping_status":"closed","template":"","meta":{"ngg_post_thumbnail":0,"footnotes":""},"class_list":["post-411","page","type-page","status-publish","hentry"],"_links":{"self":[{"href":"https:\/\/www.proinpa.org\/ILC_2019\/wp-json\/wp\/v2\/pages\/411","targetHints":{"allow":["GET"]}}],"collection":[{"href":"https:\/\/www.proinpa.org\/ILC_2019\/wp-json\/wp\/v2\/pages"}],"about":[{"href":"https:\/\/www.proinpa.org\/ILC_2019\/wp-json\/wp\/v2\/types\/page"}],"author":[{"embeddable":true,"href":"https:\/\/www.proinpa.org\/ILC_2019\/wp-json\/wp\/v2\/users\/1"}],"replies":[{"embeddable":true,"href":"https:\/\/www.proinpa.org\/ILC_2019\/wp-json\/wp\/v2\/comments?post=411"}],"version-history":[{"count":4,"href":"https:\/\/www.proinpa.org\/ILC_2019\/wp-json\/wp\/v2\/pages\/411\/revisions"}],"predecessor-version":[{"id":544,"href":"https:\/\/www.proinpa.org\/ILC_2019\/wp-json\/wp\/v2\/pages\/411\/revisions\/544"}],"wp:attachment":[{"href":"https:\/\/www.proinpa.org\/ILC_2019\/wp-json\/wp\/v2\/media?parent=411"}],"curies":[{"name":"wp","href":"https:\/\/api.w.org\/{rel}","templated":true}]}}