{"id":580,"date":"2019-01-28T10:06:27","date_gmt":"2019-01-28T14:06:27","guid":{"rendered":"http:\/\/www.proinpa.org\/ILC_2019\/?page_id=580"},"modified":"2019-01-28T11:17:33","modified_gmt":"2019-01-28T15:17:33","slug":"plantilla-para-preparacion-de-posters","status":"publish","type":"page","link":"https:\/\/www.proinpa.org\/ILC_2019\/es\/plantilla-para-preparacion-de-posters\/","title":{"rendered":"Plantilla para preparaci\u00f3n de posters"},"content":{"rendered":"<div><span style=\"font-family: arial, helvetica, sans-serif;\">Se les recomienda enviar el archivo del poster a\u00a0<a href=\"mailto:ilc2019@proinpa.org\" target=\"_blank\" rel=\"noopener\">ilc2019@proinpa.org<\/a>, especificando en el cuerpo del e-mail el tema de la Conferencia al cual Ud. est\u00e1 contribuyendo. El poster ser\u00e1 incluido posteriormente en los Proccedings de la Conferencia.<\/span><\/div>\n<div><\/div>\n<div><\/div>\n<div><\/div>\n<div><a href=\"http:\/\/www.proinpa.org\/ILC_2019\/archivos\/Plantilla_Poster_XV_ILC_espa%c3%b1ol.ppt\" target=\"_blank\" rel=\"noopener\"><b>Descarga de Plantilla para preparaci\u00f3n de posters<\/b><\/a><\/div>\n<div><\/div>\n<div>(Dimensiones: 80 cm x 110 cm)<\/div>\n","protected":false},"excerpt":{"rendered":"<p>Se les recomienda enviar el archivo del poster a\u00a0ilc2019@proinpa.org, especificando en el cuerpo del e-mail el tema de la Conferencia al cual Ud. est\u00e1 contribuyendo. El poster ser\u00e1 incluido posteriormente en los Proccedings de la Conferencia. Descarga de Plantilla para preparaci\u00f3n de posters (Dimensiones: 80 cm x 110 cm)<\/p>\n","protected":false},"author":1,"featured_media":0,"parent":0,"menu_order":0,"comment_status":"closed","ping_status":"closed","template":"","meta":{"ngg_post_thumbnail":0,"footnotes":""},"class_list":["post-580","page","type-page","status-publish","hentry"],"_links":{"self":[{"href":"https:\/\/www.proinpa.org\/ILC_2019\/wp-json\/wp\/v2\/pages\/580","targetHints":{"allow":["GET"]}}],"collection":[{"href":"https:\/\/www.proinpa.org\/ILC_2019\/wp-json\/wp\/v2\/pages"}],"about":[{"href":"https:\/\/www.proinpa.org\/ILC_2019\/wp-json\/wp\/v2\/types\/page"}],"author":[{"embeddable":true,"href":"https:\/\/www.proinpa.org\/ILC_2019\/wp-json\/wp\/v2\/users\/1"}],"replies":[{"embeddable":true,"href":"https:\/\/www.proinpa.org\/ILC_2019\/wp-json\/wp\/v2\/comments?post=580"}],"version-history":[{"count":5,"href":"https:\/\/www.proinpa.org\/ILC_2019\/wp-json\/wp\/v2\/pages\/580\/revisions"}],"predecessor-version":[{"id":588,"href":"https:\/\/www.proinpa.org\/ILC_2019\/wp-json\/wp\/v2\/pages\/580\/revisions\/588"}],"wp:attachment":[{"href":"https:\/\/www.proinpa.org\/ILC_2019\/wp-json\/wp\/v2\/media?parent=580"}],"curies":[{"name":"wp","href":"https:\/\/api.w.org\/{rel}","templated":true}]}}