{"id":1893,"date":"2020-08-03T17:15:08","date_gmt":"2020-08-03T21:15:08","guid":{"rendered":"http:\/\/www.proinpa.org\/web\/?page_id=1893"},"modified":"2021-04-28T11:37:11","modified_gmt":"2021-04-28T15:37:11","slug":"palta","status":"publish","type":"page","link":"https:\/\/www.proinpa.org\/web\/en\/biblioteca-virtual\/frutales\/palta\/","title":{"rendered":"Avocado"},"content":{"rendered":"<div data-elementor-type=\"wp-page\" data-elementor-id=\"1893\" class=\"elementor elementor-1893\">\n\t\t\t\t\t\t<section class=\"elementor-section elementor-top-section elementor-element elementor-element-b76422b elementor-section-boxed elementor-section-height-default elementor-section-height-default\" data-id=\"b76422b\" data-element_type=\"section\" data-e-type=\"section\">\n\t\t\t\t\t\t<div class=\"elementor-container elementor-column-gap-default\">\n\t\t\t\t\t<div class=\"elementor-column elementor-col-50 elementor-top-column elementor-element elementor-element-6aa96b7\" data-id=\"6aa96b7\" data-element_type=\"column\" data-e-type=\"column\">\n\t\t\t<div class=\"elementor-widget-wrap elementor-element-populated\">\n\t\t\t\t\t\t<div class=\"elementor-element elementor-element-2c283be elementor-widget elementor-widget-image\" data-id=\"2c283be\" data-element_type=\"widget\" data-e-type=\"widget\" data-widget_type=\"image.default\">\n\t\t\t\t<div class=\"elementor-widget-container\">\n\t\t\t\t\t\t\t\t\t\t\t\t\t\t\t<img fetchpriority=\"high\" decoding=\"async\" width=\"354\" height=\"295\" src=\"https:\/\/www.proinpa.org\/web\/wp-content\/uploads\/2021\/04\/Injertado-de-plantines-de-palta.jpg\" class=\"attachment-large size-large wp-image-2150\" alt=\"\" srcset=\"https:\/\/www.proinpa.org\/web\/wp-content\/uploads\/2021\/04\/Injertado-de-plantines-de-palta.jpg 354w, https:\/\/www.proinpa.org\/web\/wp-content\/uploads\/2021\/04\/Injertado-de-plantines-de-palta-300x250.jpg 300w\" sizes=\"(max-width: 354px) 100vw, 354px\" \/>\t\t\t\t\t\t\t\t\t\t\t\t\t\t\t<\/div>\n\t\t\t\t<\/div>\n\t\t\t\t<div class=\"elementor-element elementor-element-a9b759d elementor-widget elementor-widget-text-editor\" data-id=\"a9b759d\" data-element_type=\"widget\" data-e-type=\"widget\" data-widget_type=\"text-editor.default\">\n\t\t\t\t<div class=\"elementor-widget-container\">\n\t\t\t\t\t\t\t\t\t<p><strong>Grafted avocado seedlings.<\/strong><\/p>\t\t\t\t\t\t\t\t<\/div>\n\t\t\t\t<\/div>\n\t\t\t\t<div class=\"elementor-element elementor-element-13374b2 elementor-button-success elementor-align-right elementor-widget elementor-widget-button\" data-id=\"13374b2\" data-element_type=\"widget\" data-e-type=\"widget\" data-widget_type=\"button.default\">\n\t\t\t\t<div class=\"elementor-widget-container\">\n\t\t\t\t\t\t\t\t\t<div class=\"elementor-button-wrapper\">\n\t\t\t\t\t<a class=\"elementor-button elementor-button-link elementor-size-sm\" href=\"https:\/\/www.proinpa.org\/web\/en\/pdf\/Frutales\/Palta\/Injertado%20de%20plantines%20de%20palta.pdf\/\" target=\"_blank\">\n\t\t\t\t\t\t<span class=\"elementor-button-content-wrapper\">\n\t\t\t\t\t\t<span class=\"elementor-button-icon\">\n\t\t\t\t<i aria-hidden=\"true\" class=\"far fa-file-pdf\"><\/i>\t\t\t<\/span>\n\t\t\t\t\t\t\t\t\t<span class=\"elementor-button-text\">Download<\/span>\n\t\t\t\t\t<\/span>\n\t\t\t\t\t<\/a>\n\t\t\t\t<\/div>\n\t\t\t\t\t\t\t\t<\/div>\n\t\t\t\t<\/div>\n\t\t\t\t\t<\/div>\n\t\t<\/div>\n\t\t\t\t<div class=\"elementor-column elementor-col-50 elementor-top-column elementor-element elementor-element-d6a48ad\" data-id=\"d6a48ad\" data-element_type=\"column\" data-e-type=\"column\">\n\t\t\t<div class=\"elementor-widget-wrap elementor-element-populated\">\n\t\t\t\t\t\t<div class=\"elementor-element elementor-element-8dd29e9 elementor-widget elementor-widget-image\" data-id=\"8dd29e9\" data-element_type=\"widget\" data-e-type=\"widget\" data-widget_type=\"image.default\">\n\t\t\t\t<div class=\"elementor-widget-container\">\n\t\t\t\t\t\t\t\t\t\t\t\t\t\t\t<img decoding=\"async\" width=\"354\" height=\"295\" src=\"https:\/\/www.proinpa.org\/web\/wp-content\/uploads\/2021\/04\/Multiplicacion-de-plantines-de-Palta.jpg\" class=\"attachment-large size-large wp-image-2157\" alt=\"\" srcset=\"https:\/\/www.proinpa.org\/web\/wp-content\/uploads\/2021\/04\/Multiplicacion-de-plantines-de-Palta.jpg 354w, https:\/\/www.proinpa.org\/web\/wp-content\/uploads\/2021\/04\/Multiplicacion-de-plantines-de-Palta-300x250.jpg 300w\" sizes=\"(max-width: 354px) 100vw, 354px\" \/>\t\t\t\t\t\t\t\t\t\t\t\t\t\t\t<\/div>\n\t\t\t\t<\/div>\n\t\t\t\t<div class=\"elementor-element elementor-element-356666d elementor-widget elementor-widget-text-editor\" data-id=\"356666d\" data-element_type=\"widget\" data-e-type=\"widget\" data-widget_type=\"text-editor.default\">\n\t\t\t\t<div class=\"elementor-widget-container\">\n\t\t\t\t\t\t\t\t\t<p><b>\u00a0Multiplication of avocado seedlings.<\/b><\/p>\t\t\t\t\t\t\t\t<\/div>\n\t\t\t\t<\/div>\n\t\t\t\t<div class=\"elementor-element elementor-element-e7384cb elementor-button-success elementor-align-right elementor-widget elementor-widget-button\" data-id=\"e7384cb\" data-element_type=\"widget\" data-e-type=\"widget\" data-widget_type=\"button.default\">\n\t\t\t\t<div class=\"elementor-widget-container\">\n\t\t\t\t\t\t\t\t\t<div class=\"elementor-button-wrapper\">\n\t\t\t\t\t<a class=\"elementor-button elementor-button-link elementor-size-sm\" href=\"https:\/\/www.proinpa.org\/web\/en\/pdf\/Frutales\/Palta\/Multiplicacion%20de%20plantines%20de%20Palta.pdf\/\" target=\"_blank\">\n\t\t\t\t\t\t<span class=\"elementor-button-content-wrapper\">\n\t\t\t\t\t\t<span class=\"elementor-button-icon\">\n\t\t\t\t<i aria-hidden=\"true\" class=\"far fa-file-pdf\"><\/i>\t\t\t<\/span>\n\t\t\t\t\t\t\t\t\t<span class=\"elementor-button-text\">Download<\/span>\n\t\t\t\t\t<\/span>\n\t\t\t\t\t<\/a>\n\t\t\t\t<\/div>\n\t\t\t\t\t\t\t\t<\/div>\n\t\t\t\t<\/div>\n\t\t\t\t\t<\/div>\n\t\t<\/div>\n\t\t\t\t\t<\/div>\n\t\t<\/section>\n\t\t\t\t<section class=\"elementor-section elementor-top-section elementor-element elementor-element-eb65e46 elementor-section-boxed elementor-section-height-default elementor-section-height-default\" data-id=\"eb65e46\" data-element_type=\"section\" data-e-type=\"section\">\n\t\t\t\t\t\t<div class=\"elementor-container elementor-column-gap-default\">\n\t\t\t\t\t<div class=\"elementor-column elementor-col-100 elementor-top-column elementor-element elementor-element-02a9506\" data-id=\"02a9506\" data-element_type=\"column\" data-e-type=\"column\">\n\t\t\t<div class=\"elementor-widget-wrap elementor-element-populated\">\n\t\t\t\t\t\t<div class=\"elementor-element elementor-element-895f4ca elementor-button-warning elementor-widget elementor-widget-button\" data-id=\"895f4ca\" data-element_type=\"widget\" data-e-type=\"widget\" data-widget_type=\"button.default\">\n\t\t\t\t<div class=\"elementor-widget-container\">\n\t\t\t\t\t\t\t\t\t<div class=\"elementor-button-wrapper\">\n\t\t\t\t\t<a class=\"elementor-button elementor-button-link elementor-size-sm\" href=\"http:\/\/www.proinpa.org\/web\/en\/biblioteca-virtual\/frutales\/\">\n\t\t\t\t\t\t<span class=\"elementor-button-content-wrapper\">\n\t\t\t\t\t\t\t\t\t<span class=\"elementor-button-text\">&lt; Return to Fruit Trees<\/span>\n\t\t\t\t\t<\/span>\n\t\t\t\t\t<\/a>\n\t\t\t\t<\/div>\n\t\t\t\t\t\t\t\t<\/div>\n\t\t\t\t<\/div>\n\t\t\t\t\t<\/div>\n\t\t<\/div>\n\t\t\t\t\t<\/div>\n\t\t<\/section>\n\t\t\t\t<\/div>","protected":false},"excerpt":{"rendered":"<p>Grafting avocado seedlings. Download Multiplication of Avocado seedlings. Discharge &lt; Return Fruit trees\n<\/p>","protected":false},"author":4,"featured_media":0,"parent":1853,"menu_order":0,"comment_status":"closed","ping_status":"closed","template":"page-templates\/template_fullwidth.php","meta":{"neve_meta_sidebar":"","neve_meta_container":"","neve_meta_enable_content_width":"","neve_meta_content_width":0,"neve_meta_title_alignment":"","neve_meta_author_avatar":"","neve_post_elements_order":"","neve_meta_disable_header":"","neve_meta_disable_footer":"","neve_meta_disable_title":"","footnotes":""},"class_list":["post-1893","page","type-page","status-publish","hentry"],"yoast_head":"<!-- This site is optimized with the Yoast SEO plugin v27.3 - https:\/\/yoast.com\/product\/yoast-seo-wordpress\/ -->\n<title>Palta - Fundaci\u00f3n PROINPA<\/title>\n<meta name=\"robots\" content=\"index, follow, max-snippet:-1, max-image-preview:large, max-video-preview:-1\" \/>\n<link rel=\"canonical\" href=\"https:\/\/www.proinpa.org\/web\/en\/biblioteca-virtual\/frutales\/palta\/\" \/>\n<meta property=\"og:locale\" content=\"en_US\" \/>\n<meta property=\"og:type\" content=\"article\" \/>\n<meta property=\"og:title\" content=\"Palta - Fundaci\u00f3n PROINPA\" \/>\n<meta property=\"og:description\" content=\"Injertado de plantines de palta. Descargar \u00a0Multiplicaci\u00f3n de plantines de Palta. Descargar &lt; Retornar Frutales\" \/>\n<meta property=\"og:url\" content=\"https:\/\/www.proinpa.org\/web\/en\/biblioteca-virtual\/frutales\/palta\/\" \/>\n<meta property=\"og:site_name\" content=\"Fundaci\u00f3n PROINPA\" \/>\n<meta property=\"article:publisher\" content=\"https:\/\/www.facebook.com\/PROINPA\/\" \/>\n<meta property=\"article:modified_time\" content=\"2021-04-28T15:37:11+00:00\" \/>\n<meta property=\"og:image\" content=\"http:\/\/www.proinpa.org\/web\/wp-content\/uploads\/2021\/04\/Injertado-de-plantines-de-palta.jpg\" \/>\n<meta name=\"twitter:card\" content=\"summary_large_image\" \/>\n<meta name=\"twitter:label1\" content=\"Est. reading time\" \/>\n\t<meta name=\"twitter:data1\" content=\"1 minute\" \/>\n<script type=\"application\/ld+json\" class=\"yoast-schema-graph\">{\"@context\":\"https:\\\/\\\/schema.org\",\"@graph\":[{\"@type\":\"WebPage\",\"@id\":\"https:\\\/\\\/www.proinpa.org\\\/web\\\/biblioteca-virtual\\\/frutales\\\/palta\\\/\",\"url\":\"https:\\\/\\\/www.proinpa.org\\\/web\\\/biblioteca-virtual\\\/frutales\\\/palta\\\/\",\"name\":\"Palta - Fundaci\u00f3n PROINPA\",\"isPartOf\":{\"@id\":\"https:\\\/\\\/www.proinpa.org\\\/web\\\/#website\"},\"primaryImageOfPage\":{\"@id\":\"https:\\\/\\\/www.proinpa.org\\\/web\\\/biblioteca-virtual\\\/frutales\\\/palta\\\/#primaryimage\"},\"image\":{\"@id\":\"https:\\\/\\\/www.proinpa.org\\\/web\\\/biblioteca-virtual\\\/frutales\\\/palta\\\/#primaryimage\"},\"thumbnailUrl\":\"http:\\\/\\\/www.proinpa.org\\\/web\\\/wp-content\\\/uploads\\\/2021\\\/04\\\/Injertado-de-plantines-de-palta.jpg\",\"datePublished\":\"2020-08-03T21:15:08+00:00\",\"dateModified\":\"2021-04-28T15:37:11+00:00\",\"breadcrumb\":{\"@id\":\"https:\\\/\\\/www.proinpa.org\\\/web\\\/biblioteca-virtual\\\/frutales\\\/palta\\\/#breadcrumb\"},\"inLanguage\":\"en-US\",\"potentialAction\":[{\"@type\":\"ReadAction\",\"target\":[\"https:\\\/\\\/www.proinpa.org\\\/web\\\/biblioteca-virtual\\\/frutales\\\/palta\\\/\"]}]},{\"@type\":\"ImageObject\",\"inLanguage\":\"en-US\",\"@id\":\"https:\\\/\\\/www.proinpa.org\\\/web\\\/biblioteca-virtual\\\/frutales\\\/palta\\\/#primaryimage\",\"url\":\"http:\\\/\\\/www.proinpa.org\\\/web\\\/wp-content\\\/uploads\\\/2021\\\/04\\\/Injertado-de-plantines-de-palta.jpg\",\"contentUrl\":\"http:\\\/\\\/www.proinpa.org\\\/web\\\/wp-content\\\/uploads\\\/2021\\\/04\\\/Injertado-de-plantines-de-palta.jpg\"},{\"@type\":\"BreadcrumbList\",\"@id\":\"https:\\\/\\\/www.proinpa.org\\\/web\\\/biblioteca-virtual\\\/frutales\\\/palta\\\/#breadcrumb\",\"itemListElement\":[{\"@type\":\"ListItem\",\"position\":1,\"name\":\"Portada\",\"item\":\"https:\\\/\\\/www.proinpa.org\\\/web\\\/\"},{\"@type\":\"ListItem\",\"position\":2,\"name\":\"Biblioteca virtual\",\"item\":\"https:\\\/\\\/www.proinpa.org\\\/web\\\/biblioteca-virtual\\\/\"},{\"@type\":\"ListItem\",\"position\":3,\"name\":\"Frutales\",\"item\":\"https:\\\/\\\/www.proinpa.org\\\/web\\\/biblioteca-virtual\\\/frutales\\\/\"},{\"@type\":\"ListItem\",\"position\":4,\"name\":\"Palta\"}]},{\"@type\":\"WebSite\",\"@id\":\"https:\\\/\\\/www.proinpa.org\\\/web\\\/#website\",\"url\":\"https:\\\/\\\/www.proinpa.org\\\/web\\\/\",\"name\":\"Fundaci\u00f3n PROINPA\",\"description\":\"Fundaci\u00f3n para la Promoci\u00f3n e Investigaci\u00f3n de Productos Andinos\",\"publisher\":{\"@id\":\"https:\\\/\\\/www.proinpa.org\\\/web\\\/#organization\"},\"potentialAction\":[{\"@type\":\"SearchAction\",\"target\":{\"@type\":\"EntryPoint\",\"urlTemplate\":\"https:\\\/\\\/www.proinpa.org\\\/web\\\/?s={search_term_string}\"},\"query-input\":{\"@type\":\"PropertyValueSpecification\",\"valueRequired\":true,\"valueName\":\"search_term_string\"}}],\"inLanguage\":\"en-US\"},{\"@type\":\"Organization\",\"@id\":\"https:\\\/\\\/www.proinpa.org\\\/web\\\/#organization\",\"name\":\"Fundaci\u00f3n Proinpa\",\"url\":\"https:\\\/\\\/www.proinpa.org\\\/web\\\/\",\"logo\":{\"@type\":\"ImageObject\",\"inLanguage\":\"en-US\",\"@id\":\"https:\\\/\\\/www.proinpa.org\\\/web\\\/#\\\/schema\\\/logo\\\/image\\\/\",\"url\":\"https:\\\/\\\/www.proinpa.org\\\/web\\\/wp-content\\\/uploads\\\/2019\\\/09\\\/logo_proinpa2.png\",\"contentUrl\":\"https:\\\/\\\/www.proinpa.org\\\/web\\\/wp-content\\\/uploads\\\/2019\\\/09\\\/logo_proinpa2.png\",\"width\":110,\"height\":85,\"caption\":\"Fundaci\u00f3n Proinpa\"},\"image\":{\"@id\":\"https:\\\/\\\/www.proinpa.org\\\/web\\\/#\\\/schema\\\/logo\\\/image\\\/\"},\"sameAs\":[\"https:\\\/\\\/www.facebook.com\\\/PROINPA\\\/\",\"https:\\\/\\\/www.youtube.com\\\/user\\\/FundacionPROINPA\"]}]}<\/script>\n<!-- \/ Yoast SEO plugin. -->","yoast_head_json":{"title":"Avocado - PROINPA Foundation","robots":{"index":"index","follow":"follow","max-snippet":"max-snippet:-1","max-image-preview":"max-image-preview:large","max-video-preview":"max-video-preview:-1"},"canonical":"https:\/\/www.proinpa.org\/web\/en\/biblioteca-virtual\/frutales\/palta\/","og_locale":"en_US","og_type":"article","og_title":"Palta - Fundaci\u00f3n PROINPA","og_description":"Injertado de plantines de palta. Descargar \u00a0Multiplicaci\u00f3n de plantines de Palta. Descargar < Retornar Frutales","og_url":"https:\/\/www.proinpa.org\/web\/en\/biblioteca-virtual\/frutales\/palta\/","og_site_name":"Fundaci\u00f3n PROINPA","article_publisher":"https:\/\/www.facebook.com\/PROINPA\/","article_modified_time":"2021-04-28T15:37:11+00:00","og_image":[{"url":"http:\/\/www.proinpa.org\/web\/wp-content\/uploads\/2021\/04\/Injertado-de-plantines-de-palta.jpg","type":"","width":"","height":""}],"twitter_card":"summary_large_image","twitter_misc":{"Est. reading time":"1 minute"},"schema":{"@context":"https:\/\/schema.org","@graph":[{"@type":"WebPage","@id":"https:\/\/www.proinpa.org\/web\/biblioteca-virtual\/frutales\/palta\/","url":"https:\/\/www.proinpa.org\/web\/biblioteca-virtual\/frutales\/palta\/","name":"Avocado - PROINPA Foundation","isPartOf":{"@id":"https:\/\/www.proinpa.org\/web\/#website"},"primaryImageOfPage":{"@id":"https:\/\/www.proinpa.org\/web\/biblioteca-virtual\/frutales\/palta\/#primaryimage"},"image":{"@id":"https:\/\/www.proinpa.org\/web\/biblioteca-virtual\/frutales\/palta\/#primaryimage"},"thumbnailUrl":"http:\/\/www.proinpa.org\/web\/wp-content\/uploads\/2021\/04\/Injertado-de-plantines-de-palta.jpg","datePublished":"2020-08-03T21:15:08+00:00","dateModified":"2021-04-28T15:37:11+00:00","breadcrumb":{"@id":"https:\/\/www.proinpa.org\/web\/biblioteca-virtual\/frutales\/palta\/#breadcrumb"},"inLanguage":"en-US","potentialAction":[{"@type":"ReadAction","target":["https:\/\/www.proinpa.org\/web\/biblioteca-virtual\/frutales\/palta\/"]}]},{"@type":"ImageObject","inLanguage":"en-US","@id":"https:\/\/www.proinpa.org\/web\/biblioteca-virtual\/frutales\/palta\/#primaryimage","url":"http:\/\/www.proinpa.org\/web\/wp-content\/uploads\/2021\/04\/Injertado-de-plantines-de-palta.jpg","contentUrl":"http:\/\/www.proinpa.org\/web\/wp-content\/uploads\/2021\/04\/Injertado-de-plantines-de-palta.jpg"},{"@type":"BreadcrumbList","@id":"https:\/\/www.proinpa.org\/web\/biblioteca-virtual\/frutales\/palta\/#breadcrumb","itemListElement":[{"@type":"ListItem","position":1,"name":"Portada","item":"https:\/\/www.proinpa.org\/web\/"},{"@type":"ListItem","position":2,"name":"Biblioteca virtual","item":"https:\/\/www.proinpa.org\/web\/biblioteca-virtual\/"},{"@type":"ListItem","position":3,"name":"Frutales","item":"https:\/\/www.proinpa.org\/web\/biblioteca-virtual\/frutales\/"},{"@type":"ListItem","position":4,"name":"Palta"}]},{"@type":"WebSite","@id":"https:\/\/www.proinpa.org\/web\/#website","url":"https:\/\/www.proinpa.org\/web\/","name":"PROINPA Foundation","description":"Foundation for the Promotion and Research of Andean Products","publisher":{"@id":"https:\/\/www.proinpa.org\/web\/#organization"},"potentialAction":[{"@type":"SearchAction","target":{"@type":"EntryPoint","urlTemplate":"https:\/\/www.proinpa.org\/web\/?s={search_term_string}"},"query-input":{"@type":"PropertyValueSpecification","valueRequired":true,"valueName":"search_term_string"}}],"inLanguage":"en-US"},{"@type":"Organization","@id":"https:\/\/www.proinpa.org\/web\/#organization","name":"Proinpa Foundation","url":"https:\/\/www.proinpa.org\/web\/","logo":{"@type":"ImageObject","inLanguage":"en-US","@id":"https:\/\/www.proinpa.org\/web\/#\/schema\/logo\/image\/","url":"https:\/\/www.proinpa.org\/web\/wp-content\/uploads\/2019\/09\/logo_proinpa2.png","contentUrl":"https:\/\/www.proinpa.org\/web\/wp-content\/uploads\/2019\/09\/logo_proinpa2.png","width":110,"height":85,"caption":"Fundaci\u00f3n Proinpa"},"image":{"@id":"https:\/\/www.proinpa.org\/web\/#\/schema\/logo\/image\/"},"sameAs":["https:\/\/www.facebook.com\/PROINPA\/","https:\/\/www.youtube.com\/user\/FundacionPROINPA"]}]}},"_links":{"self":[{"href":"https:\/\/www.proinpa.org\/web\/en\/wp-json\/wp\/v2\/pages\/1893","targetHints":{"allow":["GET"]}}],"collection":[{"href":"https:\/\/www.proinpa.org\/web\/en\/wp-json\/wp\/v2\/pages"}],"about":[{"href":"https:\/\/www.proinpa.org\/web\/en\/wp-json\/wp\/v2\/types\/page"}],"author":[{"embeddable":true,"href":"https:\/\/www.proinpa.org\/web\/en\/wp-json\/wp\/v2\/users\/4"}],"replies":[{"embeddable":true,"href":"https:\/\/www.proinpa.org\/web\/en\/wp-json\/wp\/v2\/comments?post=1893"}],"version-history":[{"count":10,"href":"https:\/\/www.proinpa.org\/web\/en\/wp-json\/wp\/v2\/pages\/1893\/revisions"}],"predecessor-version":[{"id":2160,"href":"https:\/\/www.proinpa.org\/web\/en\/wp-json\/wp\/v2\/pages\/1893\/revisions\/2160"}],"up":[{"embeddable":true,"href":"https:\/\/www.proinpa.org\/web\/en\/wp-json\/wp\/v2\/pages\/1853"}],"wp:attachment":[{"href":"https:\/\/www.proinpa.org\/web\/en\/wp-json\/wp\/v2\/media?parent=1893"}],"curies":[{"name":"wp","href":"https:\/\/api.w.org\/{rel}","templated":true}]}}