{"id":3220,"date":"2022-11-10T12:09:14","date_gmt":"2022-11-10T16:09:14","guid":{"rendered":"https:\/\/www.proinpa.org\/web\/?page_id=3220"},"modified":"2023-04-27T12:10:13","modified_gmt":"2023-04-27T16:10:13","slug":"plagas-de-la-papa","status":"publish","type":"page","link":"https:\/\/www.proinpa.org\/web\/en\/biblioteca-virtual\/papa\/plagas-de-la-papa\/","title":{"rendered":"Potato Diseases and Pests"},"content":{"rendered":"<div data-elementor-type=\"wp-page\" data-elementor-id=\"3220\" class=\"elementor elementor-3220\">\n\t\t\t\t\t\t<section class=\"elementor-section elementor-top-section elementor-element elementor-element-08823c9 elementor-section-boxed elementor-section-height-default elementor-section-height-default\" data-id=\"08823c9\" data-element_type=\"section\" data-e-type=\"section\">\n\t\t\t\t\t\t<div class=\"elementor-container elementor-column-gap-default\">\n\t\t\t\t\t<div class=\"elementor-column elementor-col-25 elementor-top-column elementor-element elementor-element-b3c2148\" data-id=\"b3c2148\" data-element_type=\"column\" data-e-type=\"column\">\n\t\t\t<div class=\"elementor-widget-wrap elementor-element-populated\">\n\t\t\t\t\t\t<div class=\"elementor-element elementor-element-6f7c94d elementor-widget elementor-widget-image\" data-id=\"6f7c94d\" data-element_type=\"widget\" data-e-type=\"widget\" data-widget_type=\"image.default\">\n\t\t\t\t<div class=\"elementor-widget-container\">\n\t\t\t\t\t<style>.elementor-element-6f7c94d{display:none !important}<\/style>\t\t\t\t<\/div>\n\t\t\t\t<\/div>\n\t\t\t\t<div class=\"elementor-element elementor-element-db0eb58 elementor-widget elementor-widget-image\" data-id=\"db0eb58\" data-element_type=\"widget\" data-e-type=\"widget\" data-widget_type=\"image.default\">\n\t\t\t\t<div class=\"elementor-widget-container\">\n\t\t\t\t\t\t\t\t\t\t\t\t\t\t\t\t<a href=\"https:\/\/www.proinpa.org\/web\/en\/biblioteca-virtual\/papa\/plagas-de-la-papa\/gorgojo-de-los-andes\/\">\n\t\t\t\t\t\t\t<img fetchpriority=\"high\" decoding=\"async\" width=\"400\" height=\"333\" src=\"https:\/\/www.proinpa.org\/web\/wp-content\/uploads\/2023\/04\/Boton-Andean-weevil.jpg\" class=\"attachment-large size-large wp-image-4329\" alt=\"\" srcset=\"https:\/\/www.proinpa.org\/web\/wp-content\/uploads\/2023\/04\/Boton-Andean-weevil.jpg 400w, https:\/\/www.proinpa.org\/web\/wp-content\/uploads\/2023\/04\/Boton-Andean-weevil-300x250.jpg 300w, https:\/\/www.proinpa.org\/web\/wp-content\/uploads\/2023\/04\/Boton-Andean-weevil-14x12.jpg 14w\" sizes=\"(max-width: 400px) 100vw, 400px\" \/>\t\t\t\t\t\t\t\t<\/a>\n\t\t\t\t\t\t\t\t\t\t\t\t\t\t\t<\/div>\n\t\t\t\t<\/div>\n\t\t\t\t\t<\/div>\n\t\t<\/div>\n\t\t\t\t<div class=\"elementor-column elementor-col-25 elementor-top-column elementor-element elementor-element-2831f92\" data-id=\"2831f92\" data-element_type=\"column\" data-e-type=\"column\">\n\t\t\t<div class=\"elementor-widget-wrap elementor-element-populated\">\n\t\t\t\t\t\t<div class=\"elementor-element elementor-element-969e528 elementor-widget elementor-widget-image\" data-id=\"969e528\" data-element_type=\"widget\" data-e-type=\"widget\" data-widget_type=\"image.default\">\n\t\t\t\t<div class=\"elementor-widget-container\">\n\t\t\t\t\t<style>.elementor-element-969e528{display:none !important}<\/style>\t\t\t\t<\/div>\n\t\t\t\t<\/div>\n\t\t\t\t<div class=\"elementor-element elementor-element-1796e0c elementor-widget elementor-widget-image\" data-id=\"1796e0c\" data-element_type=\"widget\" data-e-type=\"widget\" data-widget_type=\"image.default\">\n\t\t\t\t<div class=\"elementor-widget-container\">\n\t\t\t\t\t\t\t\t\t\t\t\t\t\t\t\t<a href=\"https:\/\/www.proinpa.org\/web\/en\/biblioteca-virtual\/papa\/plagas-de-la-papa\/otras-enfermedades-de-la-papa\/\">\n\t\t\t\t\t\t\t<img decoding=\"async\" width=\"400\" height=\"333\" src=\"https:\/\/www.proinpa.org\/web\/wp-content\/uploads\/2023\/04\/Boton-Potato-diseases.jpg\" class=\"attachment-large size-large wp-image-4330\" alt=\"\" srcset=\"https:\/\/www.proinpa.org\/web\/wp-content\/uploads\/2023\/04\/Boton-Potato-diseases.jpg 400w, https:\/\/www.proinpa.org\/web\/wp-content\/uploads\/2023\/04\/Boton-Potato-diseases-300x250.jpg 300w, https:\/\/www.proinpa.org\/web\/wp-content\/uploads\/2023\/04\/Boton-Potato-diseases-14x12.jpg 14w\" sizes=\"(max-width: 400px) 100vw, 400px\" \/>\t\t\t\t\t\t\t\t<\/a>\n\t\t\t\t\t\t\t\t\t\t\t\t\t\t\t<\/div>\n\t\t\t\t<\/div>\n\t\t\t\t\t<\/div>\n\t\t<\/div>\n\t\t\t\t<div class=\"elementor-column elementor-col-25 elementor-top-column elementor-element elementor-element-f8a486c\" data-id=\"f8a486c\" data-element_type=\"column\" data-e-type=\"column\">\n\t\t\t<div class=\"elementor-widget-wrap elementor-element-populated\">\n\t\t\t\t\t\t<div class=\"elementor-element elementor-element-75a9185 elementor-widget elementor-widget-image\" data-id=\"75a9185\" data-element_type=\"widget\" data-e-type=\"widget\" data-widget_type=\"image.default\">\n\t\t\t\t<div class=\"elementor-widget-container\">\n\t\t\t\t\t<style>.elementor-element-75a9185{display:none !important}<\/style>\t\t\t\t<\/div>\n\t\t\t\t<\/div>\n\t\t\t\t<div class=\"elementor-element elementor-element-2bde025 elementor-widget elementor-widget-image\" data-id=\"2bde025\" data-element_type=\"widget\" data-e-type=\"widget\" data-widget_type=\"image.default\">\n\t\t\t\t<div class=\"elementor-widget-container\">\n\t\t\t\t\t\t\t\t\t\t\t\t\t\t\t\t<a href=\"https:\/\/www.proinpa.org\/web\/en\/biblioteca-virtual\/papa\/plagas-de-la-papa\/polilla-de-la-papa\/\">\n\t\t\t\t\t\t\t<img decoding=\"async\" width=\"400\" height=\"333\" src=\"https:\/\/www.proinpa.org\/web\/wp-content\/uploads\/2023\/04\/Boton-Potato-Moth.jpg\" class=\"attachment-large size-large wp-image-4331\" alt=\"\" srcset=\"https:\/\/www.proinpa.org\/web\/wp-content\/uploads\/2023\/04\/Boton-Potato-Moth.jpg 400w, https:\/\/www.proinpa.org\/web\/wp-content\/uploads\/2023\/04\/Boton-Potato-Moth-300x250.jpg 300w, https:\/\/www.proinpa.org\/web\/wp-content\/uploads\/2023\/04\/Boton-Potato-Moth-14x12.jpg 14w\" sizes=\"(max-width: 400px) 100vw, 400px\" \/>\t\t\t\t\t\t\t\t<\/a>\n\t\t\t\t\t\t\t\t\t\t\t\t\t\t\t<\/div>\n\t\t\t\t<\/div>\n\t\t\t\t\t<\/div>\n\t\t<\/div>\n\t\t\t\t<div class=\"elementor-column elementor-col-25 elementor-top-column elementor-element elementor-element-6e4b8bd\" data-id=\"6e4b8bd\" data-element_type=\"column\" data-e-type=\"column\">\n\t\t\t<div class=\"elementor-widget-wrap elementor-element-populated\">\n\t\t\t\t\t\t<div class=\"elementor-element elementor-element-84f66e2 elementor-widget elementor-widget-image\" data-id=\"84f66e2\" data-element_type=\"widget\" data-e-type=\"widget\" data-widget_type=\"image.default\">\n\t\t\t\t<div class=\"elementor-widget-container\">\n\t\t\t\t\t<style>.elementor-element-84f66e2{display:none !important}<\/style>\t\t\t\t<\/div>\n\t\t\t\t<\/div>\n\t\t\t\t<div class=\"elementor-element elementor-element-874ea4d elementor-widget elementor-widget-image\" data-id=\"874ea4d\" data-element_type=\"widget\" data-e-type=\"widget\" data-widget_type=\"image.default\">\n\t\t\t\t<div class=\"elementor-widget-container\">\n\t\t\t\t\t\t\t\t\t\t\t\t\t\t\t\t<a href=\"https:\/\/www.proinpa.org\/web\/en\/biblioteca-virtual\/papa\/plagas-de-la-papa\/tizon-tardio\/\">\n\t\t\t\t\t\t\t<img loading=\"lazy\" decoding=\"async\" width=\"400\" height=\"333\" src=\"https:\/\/www.proinpa.org\/web\/wp-content\/uploads\/2023\/04\/Boton-Late-blight.jpg\" class=\"attachment-large size-large wp-image-4332\" alt=\"\" srcset=\"https:\/\/www.proinpa.org\/web\/wp-content\/uploads\/2023\/04\/Boton-Late-blight.jpg 400w, https:\/\/www.proinpa.org\/web\/wp-content\/uploads\/2023\/04\/Boton-Late-blight-300x250.jpg 300w, https:\/\/www.proinpa.org\/web\/wp-content\/uploads\/2023\/04\/Boton-Late-blight-14x12.jpg 14w\" sizes=\"(max-width: 400px) 100vw, 400px\" \/>\t\t\t\t\t\t\t\t<\/a>\n\t\t\t\t\t\t\t\t\t\t\t\t\t\t\t<\/div>\n\t\t\t\t<\/div>\n\t\t\t\t\t<\/div>\n\t\t<\/div>\n\t\t\t\t\t<\/div>\n\t\t<\/section>\n\t\t\t\t<section class=\"elementor-section elementor-top-section elementor-element elementor-element-6b3375f elementor-section-boxed elementor-section-height-default elementor-section-height-default\" data-id=\"6b3375f\" data-element_type=\"section\" data-e-type=\"section\">\n\t\t\t\t\t\t<div class=\"elementor-container elementor-column-gap-default\">\n\t\t\t\t\t<div class=\"elementor-column elementor-col-100 elementor-top-column elementor-element elementor-element-5561a89\" data-id=\"5561a89\" data-element_type=\"column\" data-e-type=\"column\">\n\t\t\t<div class=\"elementor-widget-wrap elementor-element-populated\">\n\t\t\t\t\t\t<div class=\"elementor-element elementor-element-5b6c60c elementor-button-warning elementor-widget elementor-widget-button\" data-id=\"5b6c60c\" data-element_type=\"widget\" data-e-type=\"widget\" data-widget_type=\"button.default\">\n\t\t\t\t<div class=\"elementor-widget-container\">\n\t\t\t\t\t\t\t\t\t<div class=\"elementor-button-wrapper\">\n\t\t\t\t\t<a class=\"elementor-button elementor-button-link elementor-size-sm\" href=\"https:\/\/www.proinpa.org\/web\/en\/biblioteca-virtual\/papa\/\">\n\t\t\t\t\t\t<span class=\"elementor-button-content-wrapper\">\n\t\t\t\t\t\t\t\t\t<span class=\"elementor-button-text\">&lt; Return Pope <\/span>\n\t\t\t\t\t<\/span>\n\t\t\t\t\t<\/a>\n\t\t\t\t<\/div>\n\t\t\t\t\t\t\t\t<\/div>\n\t\t\t\t<\/div>\n\t\t\t\t\t<\/div>\n\t\t<\/div>\n\t\t\t\t\t<\/div>\n\t\t<\/section>\n\t\t\t\t<\/div>","protected":false},"excerpt":{"rendered":"<p>&lt; Return Potato\n<\/p>","protected":false},"author":4,"featured_media":0,"parent":3200,"menu_order":0,"comment_status":"closed","ping_status":"closed","template":"page-templates\/template_fullwidth.php","meta":{"neve_meta_sidebar":"","neve_meta_container":"","neve_meta_enable_content_width":"","neve_meta_content_width":0,"neve_meta_title_alignment":"","neve_meta_author_avatar":"","neve_post_elements_order":"","neve_meta_disable_header":"","neve_meta_disable_footer":"","neve_meta_disable_title":"","footnotes":""},"class_list":["post-3220","page","type-page","status-publish","hentry"],"yoast_head":"<!-- This site is optimized with the Yoast SEO plugin v27.3 - https:\/\/yoast.com\/product\/yoast-seo-wordpress\/ -->\n<title>Enfermedades y Plagas de la Papa - Fundaci\u00f3n PROINPA<\/title>\n<meta name=\"robots\" content=\"index, follow, max-snippet:-1, max-image-preview:large, max-video-preview:-1\" \/>\n<link rel=\"canonical\" href=\"https:\/\/www.proinpa.org\/web\/en\/biblioteca-virtual\/papa\/plagas-de-la-papa\/\" \/>\n<meta property=\"og:locale\" content=\"en_US\" \/>\n<meta property=\"og:type\" content=\"article\" \/>\n<meta property=\"og:title\" content=\"Enfermedades y Plagas de la Papa - Fundaci\u00f3n PROINPA\" \/>\n<meta property=\"og:description\" content=\"&lt; Retornar Papa\" \/>\n<meta property=\"og:url\" content=\"https:\/\/www.proinpa.org\/web\/en\/biblioteca-virtual\/papa\/plagas-de-la-papa\/\" \/>\n<meta property=\"og:site_name\" content=\"Fundaci\u00f3n PROINPA\" \/>\n<meta property=\"article:publisher\" content=\"https:\/\/www.facebook.com\/PROINPA\/\" \/>\n<meta property=\"article:modified_time\" content=\"2023-04-27T16:10:13+00:00\" \/>\n<meta property=\"og:image\" content=\"https:\/\/www.proinpa.org\/web\/wp-content\/uploads\/2023\/04\/Boton-Gorgojo-de-los-andes.jpg\" \/>\n<meta name=\"twitter:card\" content=\"summary_large_image\" \/>\n<meta name=\"twitter:label1\" content=\"Est. reading time\" \/>\n\t<meta name=\"twitter:data1\" content=\"1 minute\" \/>\n<script type=\"application\/ld+json\" class=\"yoast-schema-graph\">{\"@context\":\"https:\\\/\\\/schema.org\",\"@graph\":[{\"@type\":\"WebPage\",\"@id\":\"https:\\\/\\\/www.proinpa.org\\\/web\\\/biblioteca-virtual\\\/papa\\\/plagas-de-la-papa\\\/\",\"url\":\"https:\\\/\\\/www.proinpa.org\\\/web\\\/biblioteca-virtual\\\/papa\\\/plagas-de-la-papa\\\/\",\"name\":\"Enfermedades y Plagas de la Papa - Fundaci\u00f3n PROINPA\",\"isPartOf\":{\"@id\":\"https:\\\/\\\/www.proinpa.org\\\/web\\\/#website\"},\"primaryImageOfPage\":{\"@id\":\"https:\\\/\\\/www.proinpa.org\\\/web\\\/biblioteca-virtual\\\/papa\\\/plagas-de-la-papa\\\/#primaryimage\"},\"image\":{\"@id\":\"https:\\\/\\\/www.proinpa.org\\\/web\\\/biblioteca-virtual\\\/papa\\\/plagas-de-la-papa\\\/#primaryimage\"},\"thumbnailUrl\":\"https:\\\/\\\/www.proinpa.org\\\/web\\\/wp-content\\\/uploads\\\/2023\\\/04\\\/Boton-Gorgojo-de-los-andes.jpg\",\"datePublished\":\"2022-11-10T16:09:14+00:00\",\"dateModified\":\"2023-04-27T16:10:13+00:00\",\"breadcrumb\":{\"@id\":\"https:\\\/\\\/www.proinpa.org\\\/web\\\/biblioteca-virtual\\\/papa\\\/plagas-de-la-papa\\\/#breadcrumb\"},\"inLanguage\":\"en-US\",\"potentialAction\":[{\"@type\":\"ReadAction\",\"target\":[\"https:\\\/\\\/www.proinpa.org\\\/web\\\/biblioteca-virtual\\\/papa\\\/plagas-de-la-papa\\\/\"]}]},{\"@type\":\"ImageObject\",\"inLanguage\":\"en-US\",\"@id\":\"https:\\\/\\\/www.proinpa.org\\\/web\\\/biblioteca-virtual\\\/papa\\\/plagas-de-la-papa\\\/#primaryimage\",\"url\":\"https:\\\/\\\/www.proinpa.org\\\/web\\\/wp-content\\\/uploads\\\/2023\\\/04\\\/Boton-Gorgojo-de-los-andes.jpg\",\"contentUrl\":\"https:\\\/\\\/www.proinpa.org\\\/web\\\/wp-content\\\/uploads\\\/2023\\\/04\\\/Boton-Gorgojo-de-los-andes.jpg\"},{\"@type\":\"BreadcrumbList\",\"@id\":\"https:\\\/\\\/www.proinpa.org\\\/web\\\/biblioteca-virtual\\\/papa\\\/plagas-de-la-papa\\\/#breadcrumb\",\"itemListElement\":[{\"@type\":\"ListItem\",\"position\":1,\"name\":\"Portada\",\"item\":\"https:\\\/\\\/www.proinpa.org\\\/web\\\/\"},{\"@type\":\"ListItem\",\"position\":2,\"name\":\"Biblioteca virtual\",\"item\":\"https:\\\/\\\/www.proinpa.org\\\/web\\\/biblioteca-virtual\\\/\"},{\"@type\":\"ListItem\",\"position\":3,\"name\":\"Papa\",\"item\":\"https:\\\/\\\/www.proinpa.org\\\/web\\\/biblioteca-virtual\\\/papa\\\/\"},{\"@type\":\"ListItem\",\"position\":4,\"name\":\"Enfermedades y Plagas de la Papa\"}]},{\"@type\":\"WebSite\",\"@id\":\"https:\\\/\\\/www.proinpa.org\\\/web\\\/#website\",\"url\":\"https:\\\/\\\/www.proinpa.org\\\/web\\\/\",\"name\":\"Fundaci\u00f3n PROINPA\",\"description\":\"Fundaci\u00f3n para la Promoci\u00f3n e Investigaci\u00f3n de Productos Andinos\",\"publisher\":{\"@id\":\"https:\\\/\\\/www.proinpa.org\\\/web\\\/#organization\"},\"potentialAction\":[{\"@type\":\"SearchAction\",\"target\":{\"@type\":\"EntryPoint\",\"urlTemplate\":\"https:\\\/\\\/www.proinpa.org\\\/web\\\/?s={search_term_string}\"},\"query-input\":{\"@type\":\"PropertyValueSpecification\",\"valueRequired\":true,\"valueName\":\"search_term_string\"}}],\"inLanguage\":\"en-US\"},{\"@type\":\"Organization\",\"@id\":\"https:\\\/\\\/www.proinpa.org\\\/web\\\/#organization\",\"name\":\"Fundaci\u00f3n Proinpa\",\"url\":\"https:\\\/\\\/www.proinpa.org\\\/web\\\/\",\"logo\":{\"@type\":\"ImageObject\",\"inLanguage\":\"en-US\",\"@id\":\"https:\\\/\\\/www.proinpa.org\\\/web\\\/#\\\/schema\\\/logo\\\/image\\\/\",\"url\":\"https:\\\/\\\/www.proinpa.org\\\/web\\\/wp-content\\\/uploads\\\/2019\\\/09\\\/logo_proinpa2.png\",\"contentUrl\":\"https:\\\/\\\/www.proinpa.org\\\/web\\\/wp-content\\\/uploads\\\/2019\\\/09\\\/logo_proinpa2.png\",\"width\":110,\"height\":85,\"caption\":\"Fundaci\u00f3n Proinpa\"},\"image\":{\"@id\":\"https:\\\/\\\/www.proinpa.org\\\/web\\\/#\\\/schema\\\/logo\\\/image\\\/\"},\"sameAs\":[\"https:\\\/\\\/www.facebook.com\\\/PROINPA\\\/\",\"https:\\\/\\\/www.youtube.com\\\/user\\\/FundacionPROINPA\"]}]}<\/script>\n<!-- \/ Yoast SEO plugin. -->","yoast_head_json":{"title":"Enfermedades y Plagas de la Papa - Fundaci\u00f3n PROINPA","robots":{"index":"index","follow":"follow","max-snippet":"max-snippet:-1","max-image-preview":"max-image-preview:large","max-video-preview":"max-video-preview:-1"},"canonical":"https:\/\/www.proinpa.org\/web\/en\/biblioteca-virtual\/papa\/plagas-de-la-papa\/","og_locale":"en_US","og_type":"article","og_title":"Enfermedades y Plagas de la Papa - Fundaci\u00f3n PROINPA","og_description":"< Retornar Papa","og_url":"https:\/\/www.proinpa.org\/web\/en\/biblioteca-virtual\/papa\/plagas-de-la-papa\/","og_site_name":"Fundaci\u00f3n PROINPA","article_publisher":"https:\/\/www.facebook.com\/PROINPA\/","article_modified_time":"2023-04-27T16:10:13+00:00","og_image":[{"url":"https:\/\/www.proinpa.org\/web\/wp-content\/uploads\/2023\/04\/Boton-Gorgojo-de-los-andes.jpg","type":"","width":"","height":""}],"twitter_card":"summary_large_image","twitter_misc":{"Est. reading time":"1 minute"},"schema":{"@context":"https:\/\/schema.org","@graph":[{"@type":"WebPage","@id":"https:\/\/www.proinpa.org\/web\/biblioteca-virtual\/papa\/plagas-de-la-papa\/","url":"https:\/\/www.proinpa.org\/web\/biblioteca-virtual\/papa\/plagas-de-la-papa\/","name":"Enfermedades y Plagas de la Papa - Fundaci\u00f3n PROINPA","isPartOf":{"@id":"https:\/\/www.proinpa.org\/web\/#website"},"primaryImageOfPage":{"@id":"https:\/\/www.proinpa.org\/web\/biblioteca-virtual\/papa\/plagas-de-la-papa\/#primaryimage"},"image":{"@id":"https:\/\/www.proinpa.org\/web\/biblioteca-virtual\/papa\/plagas-de-la-papa\/#primaryimage"},"thumbnailUrl":"https:\/\/www.proinpa.org\/web\/wp-content\/uploads\/2023\/04\/Boton-Gorgojo-de-los-andes.jpg","datePublished":"2022-11-10T16:09:14+00:00","dateModified":"2023-04-27T16:10:13+00:00","breadcrumb":{"@id":"https:\/\/www.proinpa.org\/web\/biblioteca-virtual\/papa\/plagas-de-la-papa\/#breadcrumb"},"inLanguage":"en-US","potentialAction":[{"@type":"ReadAction","target":["https:\/\/www.proinpa.org\/web\/biblioteca-virtual\/papa\/plagas-de-la-papa\/"]}]},{"@type":"ImageObject","inLanguage":"en-US","@id":"https:\/\/www.proinpa.org\/web\/biblioteca-virtual\/papa\/plagas-de-la-papa\/#primaryimage","url":"https:\/\/www.proinpa.org\/web\/wp-content\/uploads\/2023\/04\/Boton-Gorgojo-de-los-andes.jpg","contentUrl":"https:\/\/www.proinpa.org\/web\/wp-content\/uploads\/2023\/04\/Boton-Gorgojo-de-los-andes.jpg"},{"@type":"BreadcrumbList","@id":"https:\/\/www.proinpa.org\/web\/biblioteca-virtual\/papa\/plagas-de-la-papa\/#breadcrumb","itemListElement":[{"@type":"ListItem","position":1,"name":"Portada","item":"https:\/\/www.proinpa.org\/web\/"},{"@type":"ListItem","position":2,"name":"Biblioteca virtual","item":"https:\/\/www.proinpa.org\/web\/biblioteca-virtual\/"},{"@type":"ListItem","position":3,"name":"Papa","item":"https:\/\/www.proinpa.org\/web\/biblioteca-virtual\/papa\/"},{"@type":"ListItem","position":4,"name":"Enfermedades y Plagas de la Papa"}]},{"@type":"WebSite","@id":"https:\/\/www.proinpa.org\/web\/#website","url":"https:\/\/www.proinpa.org\/web\/","name":"PROINPA Foundation","description":"Foundation for the Promotion and Research of Andean Products","publisher":{"@id":"https:\/\/www.proinpa.org\/web\/#organization"},"potentialAction":[{"@type":"SearchAction","target":{"@type":"EntryPoint","urlTemplate":"https:\/\/www.proinpa.org\/web\/?s={search_term_string}"},"query-input":{"@type":"PropertyValueSpecification","valueRequired":true,"valueName":"search_term_string"}}],"inLanguage":"en-US"},{"@type":"Organization","@id":"https:\/\/www.proinpa.org\/web\/#organization","name":"Proinpa Foundation","url":"https:\/\/www.proinpa.org\/web\/","logo":{"@type":"ImageObject","inLanguage":"en-US","@id":"https:\/\/www.proinpa.org\/web\/#\/schema\/logo\/image\/","url":"https:\/\/www.proinpa.org\/web\/wp-content\/uploads\/2019\/09\/logo_proinpa2.png","contentUrl":"https:\/\/www.proinpa.org\/web\/wp-content\/uploads\/2019\/09\/logo_proinpa2.png","width":110,"height":85,"caption":"Fundaci\u00f3n Proinpa"},"image":{"@id":"https:\/\/www.proinpa.org\/web\/#\/schema\/logo\/image\/"},"sameAs":["https:\/\/www.facebook.com\/PROINPA\/","https:\/\/www.youtube.com\/user\/FundacionPROINPA"]}]}},"_links":{"self":[{"href":"https:\/\/www.proinpa.org\/web\/en\/wp-json\/wp\/v2\/pages\/3220","targetHints":{"allow":["GET"]}}],"collection":[{"href":"https:\/\/www.proinpa.org\/web\/en\/wp-json\/wp\/v2\/pages"}],"about":[{"href":"https:\/\/www.proinpa.org\/web\/en\/wp-json\/wp\/v2\/types\/page"}],"author":[{"embeddable":true,"href":"https:\/\/www.proinpa.org\/web\/en\/wp-json\/wp\/v2\/users\/4"}],"replies":[{"embeddable":true,"href":"https:\/\/www.proinpa.org\/web\/en\/wp-json\/wp\/v2\/comments?post=3220"}],"version-history":[{"count":38,"href":"https:\/\/www.proinpa.org\/web\/en\/wp-json\/wp\/v2\/pages\/3220\/revisions"}],"predecessor-version":[{"id":4338,"href":"https:\/\/www.proinpa.org\/web\/en\/wp-json\/wp\/v2\/pages\/3220\/revisions\/4338"}],"up":[{"embeddable":true,"href":"https:\/\/www.proinpa.org\/web\/en\/wp-json\/wp\/v2\/pages\/3200"}],"wp:attachment":[{"href":"https:\/\/www.proinpa.org\/web\/en\/wp-json\/wp\/v2\/media?parent=3220"}],"curies":[{"name":"wp","href":"https:\/\/api.w.org\/{rel}","templated":true}]}}