{"id":3378,"date":"2022-12-06T10:01:14","date_gmt":"2022-12-06T14:01:14","guid":{"rendered":"https:\/\/www.proinpa.org\/web\/?page_id=3378"},"modified":"2022-12-06T10:40:38","modified_gmt":"2022-12-06T14:40:38","slug":"otras-enfermedades-de-la-papa","status":"publish","type":"page","link":"https:\/\/www.proinpa.org\/web\/en\/biblioteca-virtual\/papa\/plagas-de-la-papa\/otras-enfermedades-de-la-papa\/","title":{"rendered":"Other potato diseases"},"content":{"rendered":"<div data-elementor-type=\"wp-page\" data-elementor-id=\"3378\" class=\"elementor elementor-3378\">\n\t\t\t\t\t\t<section class=\"elementor-section elementor-top-section elementor-element elementor-element-b4039a9 elementor-section-boxed elementor-section-height-default elementor-section-height-default\" data-id=\"b4039a9\" data-element_type=\"section\" data-e-type=\"section\">\n\t\t\t\t\t\t<div class=\"elementor-container elementor-column-gap-default\">\n\t\t\t\t\t<div class=\"elementor-column elementor-col-50 elementor-top-column elementor-element elementor-element-63965f5\" data-id=\"63965f5\" data-element_type=\"column\" data-e-type=\"column\">\n\t\t\t<div class=\"elementor-widget-wrap elementor-element-populated\">\n\t\t\t\t\t\t<div class=\"elementor-element elementor-element-5f5ef5f elementor-widget elementor-widget-image\" data-id=\"5f5ef5f\" data-element_type=\"widget\" data-e-type=\"widget\" data-widget_type=\"image.default\">\n\t\t\t\t<div class=\"elementor-widget-container\">\n\t\t\t\t\t\t\t\t\t\t\t\t\t\t\t<img fetchpriority=\"high\" decoding=\"async\" width=\"507\" height=\"593\" src=\"https:\/\/www.proinpa.org\/web\/wp-content\/uploads\/2022\/12\/Compendio-de-Enfermedades-Insectos-Nematodos-y-Factores-Abioticos-que-afectan-el-Cultivo-de-Papa-en-Bolivia.jpg\" class=\"attachment-large size-large wp-image-3381\" alt=\"\" srcset=\"https:\/\/www.proinpa.org\/web\/wp-content\/uploads\/2022\/12\/Compendio-de-Enfermedades-Insectos-Nematodos-y-Factores-Abioticos-que-afectan-el-Cultivo-de-Papa-en-Bolivia.jpg 507w, https:\/\/www.proinpa.org\/web\/wp-content\/uploads\/2022\/12\/Compendio-de-Enfermedades-Insectos-Nematodos-y-Factores-Abioticos-que-afectan-el-Cultivo-de-Papa-en-Bolivia-256x300.jpg 256w\" sizes=\"(max-width: 507px) 100vw, 507px\" \/>\t\t\t\t\t\t\t\t\t\t\t\t\t\t\t<\/div>\n\t\t\t\t<\/div>\n\t\t\t\t<div class=\"elementor-element elementor-element-1608665 elementor-widget elementor-widget-text-editor\" data-id=\"1608665\" data-element_type=\"widget\" data-e-type=\"widget\" data-widget_type=\"text-editor.default\">\n\t\t\t\t<div class=\"elementor-widget-container\">\n\t\t\t\t\t\t\t\t\t<p><strong>Compendium of Diseases, Insects, Nematodes and Abiotic Factors that affect Potato Crops in Bolivia.<\/strong><\/p>\t\t\t\t\t\t\t\t<\/div>\n\t\t\t\t<\/div>\n\t\t\t\t<div class=\"elementor-element elementor-element-95ee9fb elementor-button-success elementor-align-right elementor-widget elementor-widget-button\" data-id=\"95ee9fb\" data-element_type=\"widget\" data-e-type=\"widget\" data-widget_type=\"button.default\">\n\t\t\t\t<div class=\"elementor-widget-container\">\n\t\t\t\t\t\t\t\t\t<div class=\"elementor-button-wrapper\">\n\t\t\t\t\t<a class=\"elementor-button elementor-button-link elementor-size-sm\" href=\"https:\/\/www.proinpa.org\/web\/en\/pdf\/Papa\/Plagas%20de%20la%20papa\/Otras%20plagas\/Compendio%20de%20Enfermedades,%20Insectos,%20Nematodos%20y%20Factores%20Abi%f3ticos%20que%20afectan%20el%20Cultivo%20de%20Papa%20en%20Bolivia.pdf\/\" target=\"_blank\">\n\t\t\t\t\t\t<span class=\"elementor-button-content-wrapper\">\n\t\t\t\t\t\t<span class=\"elementor-button-icon\">\n\t\t\t\t<i aria-hidden=\"true\" class=\"far fa-file-pdf\"><\/i>\t\t\t<\/span>\n\t\t\t\t\t\t\t\t\t<span class=\"elementor-button-text\">Download<\/span>\n\t\t\t\t\t<\/span>\n\t\t\t\t\t<\/a>\n\t\t\t\t<\/div>\n\t\t\t\t\t\t\t\t<\/div>\n\t\t\t\t<\/div>\n\t\t\t\t\t<\/div>\n\t\t<\/div>\n\t\t\t\t<div class=\"elementor-column elementor-col-50 elementor-top-column elementor-element elementor-element-d2a8483\" data-id=\"d2a8483\" data-element_type=\"column\" data-e-type=\"column\">\n\t\t\t<div class=\"elementor-widget-wrap elementor-element-populated\">\n\t\t\t\t\t\t<div class=\"elementor-element elementor-element-964e322 elementor-widget elementor-widget-image\" data-id=\"964e322\" data-element_type=\"widget\" data-e-type=\"widget\" data-widget_type=\"image.default\">\n\t\t\t\t<div class=\"elementor-widget-container\">\n\t\t\t\t\t\t\t\t\t\t\t\t\t\t\t<img decoding=\"async\" width=\"464\" height=\"594\" src=\"https:\/\/www.proinpa.org\/web\/wp-content\/uploads\/2022\/12\/Principales-plagas-del-cultivo-de-papa-en-Bolivia.jpg\" class=\"attachment-large size-large wp-image-3388\" alt=\"\" srcset=\"https:\/\/www.proinpa.org\/web\/wp-content\/uploads\/2022\/12\/Principales-plagas-del-cultivo-de-papa-en-Bolivia.jpg 464w, https:\/\/www.proinpa.org\/web\/wp-content\/uploads\/2022\/12\/Principales-plagas-del-cultivo-de-papa-en-Bolivia-234x300.jpg 234w\" sizes=\"(max-width: 464px) 100vw, 464px\" \/>\t\t\t\t\t\t\t\t\t\t\t\t\t\t\t<\/div>\n\t\t\t\t<\/div>\n\t\t\t\t<div class=\"elementor-element elementor-element-f2fc456 elementor-widget elementor-widget-text-editor\" data-id=\"f2fc456\" data-element_type=\"widget\" data-e-type=\"widget\" data-widget_type=\"text-editor.default\">\n\t\t\t\t<div class=\"elementor-widget-container\">\n\t\t\t\t\t\t\t\t\t<p><strong>Main pests of potato cultivation in Bolivia.<\/strong><\/p>\t\t\t\t\t\t\t\t<\/div>\n\t\t\t\t<\/div>\n\t\t\t\t<div class=\"elementor-element elementor-element-b79e5ba elementor-button-success elementor-align-right elementor-widget elementor-widget-button\" data-id=\"b79e5ba\" data-element_type=\"widget\" data-e-type=\"widget\" data-widget_type=\"button.default\">\n\t\t\t\t<div class=\"elementor-widget-container\">\n\t\t\t\t\t\t\t\t\t<div class=\"elementor-button-wrapper\">\n\t\t\t\t\t<a class=\"elementor-button elementor-button-link elementor-size-sm\" href=\"https:\/\/www.proinpa.org\/web\/en\/pdf\/Papa\/Plagas%20de%20la%20papa\/Otras%20plagas\/Principales%20plagas%20del%20cultivo%20de%20papa%20en%20Bolivia.pdf\/\" target=\"_blank\">\n\t\t\t\t\t\t<span class=\"elementor-button-content-wrapper\">\n\t\t\t\t\t\t<span class=\"elementor-button-icon\">\n\t\t\t\t<i aria-hidden=\"true\" class=\"far fa-file-pdf\"><\/i>\t\t\t<\/span>\n\t\t\t\t\t\t\t\t\t<span class=\"elementor-button-text\">Download<\/span>\n\t\t\t\t\t<\/span>\n\t\t\t\t\t<\/a>\n\t\t\t\t<\/div>\n\t\t\t\t\t\t\t\t<\/div>\n\t\t\t\t<\/div>\n\t\t\t\t\t<\/div>\n\t\t<\/div>\n\t\t\t\t\t<\/div>\n\t\t<\/section>\n\t\t\t\t<section class=\"elementor-section elementor-top-section elementor-element elementor-element-db36394 elementor-section-boxed elementor-section-height-default elementor-section-height-default\" data-id=\"db36394\" data-element_type=\"section\" data-e-type=\"section\">\n\t\t\t\t\t\t<div class=\"elementor-container elementor-column-gap-default\">\n\t\t\t\t\t<div class=\"elementor-column elementor-col-50 elementor-top-column elementor-element elementor-element-8669970\" data-id=\"8669970\" data-element_type=\"column\" data-e-type=\"column\">\n\t\t\t<div class=\"elementor-widget-wrap elementor-element-populated\">\n\t\t\t\t\t\t<div class=\"elementor-element elementor-element-9d451f8 elementor-widget elementor-widget-image\" data-id=\"9d451f8\" data-element_type=\"widget\" data-e-type=\"widget\" data-widget_type=\"image.default\">\n\t\t\t\t<div class=\"elementor-widget-container\">\n\t\t\t\t\t\t\t\t\t\t\t\t\t\t\t<img decoding=\"async\" width=\"452\" height=\"580\" src=\"https:\/\/www.proinpa.org\/web\/wp-content\/uploads\/2022\/12\/Como-combatir-al-rosario-de-la-papa-.jpg\" class=\"attachment-large size-large wp-image-3392\" alt=\"\" srcset=\"https:\/\/www.proinpa.org\/web\/wp-content\/uploads\/2022\/12\/Como-combatir-al-rosario-de-la-papa-.jpg 452w, https:\/\/www.proinpa.org\/web\/wp-content\/uploads\/2022\/12\/Como-combatir-al-rosario-de-la-papa--234x300.jpg 234w\" sizes=\"(max-width: 452px) 100vw, 452px\" \/>\t\t\t\t\t\t\t\t\t\t\t\t\t\t\t<\/div>\n\t\t\t\t<\/div>\n\t\t\t\t<div class=\"elementor-element elementor-element-9e89b90 elementor-widget elementor-widget-text-editor\" data-id=\"9e89b90\" data-element_type=\"widget\" data-e-type=\"widget\" data-widget_type=\"text-editor.default\">\n\t\t\t\t<div class=\"elementor-widget-container\">\n\t\t\t\t\t\t\t\t\t<p><strong>How to fight the potato rosary.<\/strong><\/p>\t\t\t\t\t\t\t\t<\/div>\n\t\t\t\t<\/div>\n\t\t\t\t<div class=\"elementor-element elementor-element-dbda21b elementor-button-success elementor-align-right elementor-widget elementor-widget-button\" data-id=\"dbda21b\" data-element_type=\"widget\" data-e-type=\"widget\" data-widget_type=\"button.default\">\n\t\t\t\t<div class=\"elementor-widget-container\">\n\t\t\t\t\t\t\t\t\t<div class=\"elementor-button-wrapper\">\n\t\t\t\t\t<a class=\"elementor-button elementor-button-link elementor-size-sm\" href=\"https:\/\/www.proinpa.org\/web\/en\/pdf\/Papa\/Plagas%20de%20la%20papa\/Otras%20plagas\/Como%20combatir%20al%20rosario%20de%20la%20papa%20.pdf\/\" target=\"_blank\">\n\t\t\t\t\t\t<span class=\"elementor-button-content-wrapper\">\n\t\t\t\t\t\t<span class=\"elementor-button-icon\">\n\t\t\t\t<i aria-hidden=\"true\" class=\"far fa-file-pdf\"><\/i>\t\t\t<\/span>\n\t\t\t\t\t\t\t\t\t<span class=\"elementor-button-text\">Download<\/span>\n\t\t\t\t\t<\/span>\n\t\t\t\t\t<\/a>\n\t\t\t\t<\/div>\n\t\t\t\t\t\t\t\t<\/div>\n\t\t\t\t<\/div>\n\t\t\t\t\t<\/div>\n\t\t<\/div>\n\t\t\t\t<div class=\"elementor-column elementor-col-50 elementor-top-column elementor-element elementor-element-a02c4dc\" data-id=\"a02c4dc\" data-element_type=\"column\" data-e-type=\"column\">\n\t\t\t<div class=\"elementor-widget-wrap elementor-element-populated\">\n\t\t\t\t\t\t<div class=\"elementor-element elementor-element-c78dc37 elementor-widget elementor-widget-image\" data-id=\"c78dc37\" data-element_type=\"widget\" data-e-type=\"widget\" data-widget_type=\"image.default\">\n\t\t\t\t<div class=\"elementor-widget-container\">\n\t\t\t\t\t\t\t\t\t\t\t\t\t\t\t<img loading=\"lazy\" decoding=\"async\" width=\"470\" height=\"415\" src=\"https:\/\/www.proinpa.org\/web\/wp-content\/uploads\/2022\/12\/Afiche_Campana-nacional-de-lucha-contra-las-plagas-de-papa.jpg\" class=\"attachment-large size-large wp-image-3396\" alt=\"\" srcset=\"https:\/\/www.proinpa.org\/web\/wp-content\/uploads\/2022\/12\/Afiche_Campana-nacional-de-lucha-contra-las-plagas-de-papa.jpg 470w, https:\/\/www.proinpa.org\/web\/wp-content\/uploads\/2022\/12\/Afiche_Campana-nacional-de-lucha-contra-las-plagas-de-papa-300x265.jpg 300w\" sizes=\"(max-width: 470px) 100vw, 470px\" \/>\t\t\t\t\t\t\t\t\t\t\t\t\t\t\t<\/div>\n\t\t\t\t<\/div>\n\t\t\t\t<div class=\"elementor-element elementor-element-00ccb4c elementor-widget elementor-widget-text-editor\" data-id=\"00ccb4c\" data-element_type=\"widget\" data-e-type=\"widget\" data-widget_type=\"text-editor.default\">\n\t\t\t\t<div class=\"elementor-widget-container\">\n\t\t\t\t\t\t\t\t\t<p><strong>Poster of the National Campaign against potato pests.<\/strong><\/p>\t\t\t\t\t\t\t\t<\/div>\n\t\t\t\t<\/div>\n\t\t\t\t<div class=\"elementor-element elementor-element-f4101c6 elementor-button-success elementor-align-right elementor-widget elementor-widget-button\" data-id=\"f4101c6\" data-element_type=\"widget\" data-e-type=\"widget\" data-widget_type=\"button.default\">\n\t\t\t\t<div class=\"elementor-widget-container\">\n\t\t\t\t\t\t\t\t\t<div class=\"elementor-button-wrapper\">\n\t\t\t\t\t<a class=\"elementor-button elementor-button-link elementor-size-sm\" href=\"https:\/\/www.proinpa.org\/web\/en\/pdf\/Papa\/Plagas%20de%20la%20papa\/Otras%20plagas\/Afiche_Campana%20nacional%20de%20lucha%20contra%20las%20plagas%20de%20papa.pdf\/\" target=\"_blank\">\n\t\t\t\t\t\t<span class=\"elementor-button-content-wrapper\">\n\t\t\t\t\t\t<span class=\"elementor-button-icon\">\n\t\t\t\t<i aria-hidden=\"true\" class=\"far fa-file-pdf\"><\/i>\t\t\t<\/span>\n\t\t\t\t\t\t\t\t\t<span class=\"elementor-button-text\">Download<\/span>\n\t\t\t\t\t<\/span>\n\t\t\t\t\t<\/a>\n\t\t\t\t<\/div>\n\t\t\t\t\t\t\t\t<\/div>\n\t\t\t\t<\/div>\n\t\t\t\t\t<\/div>\n\t\t<\/div>\n\t\t\t\t\t<\/div>\n\t\t<\/section>\n\t\t\t\t<section class=\"elementor-section elementor-top-section elementor-element elementor-element-256c83b elementor-section-boxed elementor-section-height-default elementor-section-height-default\" data-id=\"256c83b\" data-element_type=\"section\" data-e-type=\"section\">\n\t\t\t\t\t\t<div class=\"elementor-container elementor-column-gap-default\">\n\t\t\t\t\t<div class=\"elementor-column elementor-col-100 elementor-top-column elementor-element elementor-element-dc9b8d8\" data-id=\"dc9b8d8\" data-element_type=\"column\" data-e-type=\"column\">\n\t\t\t<div class=\"elementor-widget-wrap elementor-element-populated\">\n\t\t\t\t\t\t<div class=\"elementor-element elementor-element-ce2f1a6 elementor-button-warning elementor-widget elementor-widget-button\" data-id=\"ce2f1a6\" data-element_type=\"widget\" data-e-type=\"widget\" data-widget_type=\"button.default\">\n\t\t\t\t<div class=\"elementor-widget-container\">\n\t\t\t\t\t\t\t\t\t<div class=\"elementor-button-wrapper\">\n\t\t\t\t\t<a class=\"elementor-button elementor-button-link elementor-size-sm\" href=\"https:\/\/www.proinpa.org\/web\/en\/biblioteca-virtual\/papa\/plagas-de-la-papa\/\">\n\t\t\t\t\t\t<span class=\"elementor-button-content-wrapper\">\n\t\t\t\t\t\t\t\t\t<span class=\"elementor-button-text\">&lt; Return Potato Diseases and Pests<\/span>\n\t\t\t\t\t<\/span>\n\t\t\t\t\t<\/a>\n\t\t\t\t<\/div>\n\t\t\t\t\t\t\t\t<\/div>\n\t\t\t\t<\/div>\n\t\t\t\t\t<\/div>\n\t\t<\/div>\n\t\t\t\t\t<\/div>\n\t\t<\/section>\n\t\t\t\t<\/div>","protected":false},"excerpt":{"rendered":"<p>Compendium of Diseases, Insects, Nematodes, and Abiotic Factors Affecting Potato Crops in Bolivia. Download: Main Pests of Potato Crops in Bolivia. Download: How to Combat Potato Pest Control. Download: Poster for the National Campaign to Combat Potato Pests. Download &lt; Return Potato Diseases and Pests\n<\/p>","protected":false},"author":4,"featured_media":0,"parent":3220,"menu_order":0,"comment_status":"closed","ping_status":"closed","template":"page-templates\/template_fullwidth.php","meta":{"neve_meta_sidebar":"","neve_meta_container":"","neve_meta_enable_content_width":"","neve_meta_content_width":0,"neve_meta_title_alignment":"","neve_meta_author_avatar":"","neve_post_elements_order":"","neve_meta_disable_header":"","neve_meta_disable_footer":"","neve_meta_disable_title":"","footnotes":""},"class_list":["post-3378","page","type-page","status-publish","hentry"],"yoast_head":"<!-- This site is optimized with the Yoast SEO plugin v27.3 - https:\/\/yoast.com\/product\/yoast-seo-wordpress\/ -->\n<title>Otras enfermedades de la papa - Fundaci\u00f3n PROINPA<\/title>\n<meta name=\"robots\" content=\"index, follow, max-snippet:-1, max-image-preview:large, max-video-preview:-1\" \/>\n<link rel=\"canonical\" href=\"https:\/\/www.proinpa.org\/web\/en\/biblioteca-virtual\/papa\/plagas-de-la-papa\/otras-enfermedades-de-la-papa\/\" \/>\n<meta property=\"og:locale\" content=\"en_US\" \/>\n<meta property=\"og:type\" content=\"article\" \/>\n<meta property=\"og:title\" content=\"Otras enfermedades de la papa - Fundaci\u00f3n PROINPA\" \/>\n<meta property=\"og:description\" content=\"Compendio de Enfermedades, Insectos, Nematodos y Factores Abi\u00f3ticos que afectan el Cultivo de Papa en Bolivia. Descargar Principales plagas del cultivo de papa en Bolivia. Descargar Como combatir al rosario de la papa. Descargar Afiche Campa\u00f1a Nacional de lucha contra las plagas de papa. Descargar &lt; Retornar Enfermedades y Plagas de la Papa\" \/>\n<meta property=\"og:url\" content=\"https:\/\/www.proinpa.org\/web\/en\/biblioteca-virtual\/papa\/plagas-de-la-papa\/otras-enfermedades-de-la-papa\/\" \/>\n<meta property=\"og:site_name\" content=\"Fundaci\u00f3n PROINPA\" \/>\n<meta property=\"article:publisher\" content=\"https:\/\/www.facebook.com\/PROINPA\/\" \/>\n<meta property=\"article:modified_time\" content=\"2022-12-06T14:40:38+00:00\" \/>\n<meta property=\"og:image\" content=\"https:\/\/www.proinpa.org\/web\/wp-content\/uploads\/2022\/12\/Compendio-de-Enfermedades-Insectos-Nematodos-y-Factores-Abioticos-que-afectan-el-Cultivo-de-Papa-en-Bolivia.jpg\" \/>\n<meta name=\"twitter:card\" content=\"summary_large_image\" \/>\n<meta name=\"twitter:label1\" content=\"Est. reading time\" \/>\n\t<meta name=\"twitter:data1\" content=\"2 minutes\" \/>\n<script type=\"application\/ld+json\" class=\"yoast-schema-graph\">{\"@context\":\"https:\\\/\\\/schema.org\",\"@graph\":[{\"@type\":\"WebPage\",\"@id\":\"https:\\\/\\\/www.proinpa.org\\\/web\\\/biblioteca-virtual\\\/papa\\\/plagas-de-la-papa\\\/otras-enfermedades-de-la-papa\\\/\",\"url\":\"https:\\\/\\\/www.proinpa.org\\\/web\\\/biblioteca-virtual\\\/papa\\\/plagas-de-la-papa\\\/otras-enfermedades-de-la-papa\\\/\",\"name\":\"Otras enfermedades de la papa - Fundaci\u00f3n PROINPA\",\"isPartOf\":{\"@id\":\"https:\\\/\\\/www.proinpa.org\\\/web\\\/#website\"},\"primaryImageOfPage\":{\"@id\":\"https:\\\/\\\/www.proinpa.org\\\/web\\\/biblioteca-virtual\\\/papa\\\/plagas-de-la-papa\\\/otras-enfermedades-de-la-papa\\\/#primaryimage\"},\"image\":{\"@id\":\"https:\\\/\\\/www.proinpa.org\\\/web\\\/biblioteca-virtual\\\/papa\\\/plagas-de-la-papa\\\/otras-enfermedades-de-la-papa\\\/#primaryimage\"},\"thumbnailUrl\":\"https:\\\/\\\/www.proinpa.org\\\/web\\\/wp-content\\\/uploads\\\/2022\\\/12\\\/Compendio-de-Enfermedades-Insectos-Nematodos-y-Factores-Abioticos-que-afectan-el-Cultivo-de-Papa-en-Bolivia.jpg\",\"datePublished\":\"2022-12-06T14:01:14+00:00\",\"dateModified\":\"2022-12-06T14:40:38+00:00\",\"breadcrumb\":{\"@id\":\"https:\\\/\\\/www.proinpa.org\\\/web\\\/biblioteca-virtual\\\/papa\\\/plagas-de-la-papa\\\/otras-enfermedades-de-la-papa\\\/#breadcrumb\"},\"inLanguage\":\"en-US\",\"potentialAction\":[{\"@type\":\"ReadAction\",\"target\":[\"https:\\\/\\\/www.proinpa.org\\\/web\\\/biblioteca-virtual\\\/papa\\\/plagas-de-la-papa\\\/otras-enfermedades-de-la-papa\\\/\"]}]},{\"@type\":\"ImageObject\",\"inLanguage\":\"en-US\",\"@id\":\"https:\\\/\\\/www.proinpa.org\\\/web\\\/biblioteca-virtual\\\/papa\\\/plagas-de-la-papa\\\/otras-enfermedades-de-la-papa\\\/#primaryimage\",\"url\":\"https:\\\/\\\/www.proinpa.org\\\/web\\\/wp-content\\\/uploads\\\/2022\\\/12\\\/Compendio-de-Enfermedades-Insectos-Nematodos-y-Factores-Abioticos-que-afectan-el-Cultivo-de-Papa-en-Bolivia.jpg\",\"contentUrl\":\"https:\\\/\\\/www.proinpa.org\\\/web\\\/wp-content\\\/uploads\\\/2022\\\/12\\\/Compendio-de-Enfermedades-Insectos-Nematodos-y-Factores-Abioticos-que-afectan-el-Cultivo-de-Papa-en-Bolivia.jpg\"},{\"@type\":\"BreadcrumbList\",\"@id\":\"https:\\\/\\\/www.proinpa.org\\\/web\\\/biblioteca-virtual\\\/papa\\\/plagas-de-la-papa\\\/otras-enfermedades-de-la-papa\\\/#breadcrumb\",\"itemListElement\":[{\"@type\":\"ListItem\",\"position\":1,\"name\":\"Portada\",\"item\":\"https:\\\/\\\/www.proinpa.org\\\/web\\\/\"},{\"@type\":\"ListItem\",\"position\":2,\"name\":\"Biblioteca virtual\",\"item\":\"https:\\\/\\\/www.proinpa.org\\\/web\\\/biblioteca-virtual\\\/\"},{\"@type\":\"ListItem\",\"position\":3,\"name\":\"Papa\",\"item\":\"https:\\\/\\\/www.proinpa.org\\\/web\\\/biblioteca-virtual\\\/papa\\\/\"},{\"@type\":\"ListItem\",\"position\":4,\"name\":\"Enfermedades y Plagas de la Papa\",\"item\":\"https:\\\/\\\/www.proinpa.org\\\/web\\\/biblioteca-virtual\\\/papa\\\/plagas-de-la-papa\\\/\"},{\"@type\":\"ListItem\",\"position\":5,\"name\":\"Otras enfermedades de la papa\"}]},{\"@type\":\"WebSite\",\"@id\":\"https:\\\/\\\/www.proinpa.org\\\/web\\\/#website\",\"url\":\"https:\\\/\\\/www.proinpa.org\\\/web\\\/\",\"name\":\"Fundaci\u00f3n PROINPA\",\"description\":\"Fundaci\u00f3n para la Promoci\u00f3n e Investigaci\u00f3n de Productos Andinos\",\"publisher\":{\"@id\":\"https:\\\/\\\/www.proinpa.org\\\/web\\\/#organization\"},\"potentialAction\":[{\"@type\":\"SearchAction\",\"target\":{\"@type\":\"EntryPoint\",\"urlTemplate\":\"https:\\\/\\\/www.proinpa.org\\\/web\\\/?s={search_term_string}\"},\"query-input\":{\"@type\":\"PropertyValueSpecification\",\"valueRequired\":true,\"valueName\":\"search_term_string\"}}],\"inLanguage\":\"en-US\"},{\"@type\":\"Organization\",\"@id\":\"https:\\\/\\\/www.proinpa.org\\\/web\\\/#organization\",\"name\":\"Fundaci\u00f3n Proinpa\",\"url\":\"https:\\\/\\\/www.proinpa.org\\\/web\\\/\",\"logo\":{\"@type\":\"ImageObject\",\"inLanguage\":\"en-US\",\"@id\":\"https:\\\/\\\/www.proinpa.org\\\/web\\\/#\\\/schema\\\/logo\\\/image\\\/\",\"url\":\"https:\\\/\\\/www.proinpa.org\\\/web\\\/wp-content\\\/uploads\\\/2019\\\/09\\\/logo_proinpa2.png\",\"contentUrl\":\"https:\\\/\\\/www.proinpa.org\\\/web\\\/wp-content\\\/uploads\\\/2019\\\/09\\\/logo_proinpa2.png\",\"width\":110,\"height\":85,\"caption\":\"Fundaci\u00f3n Proinpa\"},\"image\":{\"@id\":\"https:\\\/\\\/www.proinpa.org\\\/web\\\/#\\\/schema\\\/logo\\\/image\\\/\"},\"sameAs\":[\"https:\\\/\\\/www.facebook.com\\\/PROINPA\\\/\",\"https:\\\/\\\/www.youtube.com\\\/user\\\/FundacionPROINPA\"]}]}<\/script>\n<!-- \/ Yoast SEO plugin. -->","yoast_head_json":{"title":"Other potato diseases - PROINPA Foundation","robots":{"index":"index","follow":"follow","max-snippet":"max-snippet:-1","max-image-preview":"max-image-preview:large","max-video-preview":"max-video-preview:-1"},"canonical":"https:\/\/www.proinpa.org\/web\/en\/biblioteca-virtual\/papa\/plagas-de-la-papa\/otras-enfermedades-de-la-papa\/","og_locale":"en_US","og_type":"article","og_title":"Otras enfermedades de la papa - Fundaci\u00f3n PROINPA","og_description":"Compendio de Enfermedades, Insectos, Nematodos y Factores Abi\u00f3ticos que afectan el Cultivo de Papa en Bolivia. Descargar Principales plagas del cultivo de papa en Bolivia. Descargar Como combatir al rosario de la papa. Descargar Afiche Campa\u00f1a Nacional de lucha contra las plagas de papa. Descargar < Retornar Enfermedades y Plagas de la Papa","og_url":"https:\/\/www.proinpa.org\/web\/en\/biblioteca-virtual\/papa\/plagas-de-la-papa\/otras-enfermedades-de-la-papa\/","og_site_name":"Fundaci\u00f3n PROINPA","article_publisher":"https:\/\/www.facebook.com\/PROINPA\/","article_modified_time":"2022-12-06T14:40:38+00:00","og_image":[{"url":"https:\/\/www.proinpa.org\/web\/wp-content\/uploads\/2022\/12\/Compendio-de-Enfermedades-Insectos-Nematodos-y-Factores-Abioticos-que-afectan-el-Cultivo-de-Papa-en-Bolivia.jpg","type":"","width":"","height":""}],"twitter_card":"summary_large_image","twitter_misc":{"Est. reading time":"2 minutes"},"schema":{"@context":"https:\/\/schema.org","@graph":[{"@type":"WebPage","@id":"https:\/\/www.proinpa.org\/web\/biblioteca-virtual\/papa\/plagas-de-la-papa\/otras-enfermedades-de-la-papa\/","url":"https:\/\/www.proinpa.org\/web\/biblioteca-virtual\/papa\/plagas-de-la-papa\/otras-enfermedades-de-la-papa\/","name":"Other potato diseases - PROINPA Foundation","isPartOf":{"@id":"https:\/\/www.proinpa.org\/web\/#website"},"primaryImageOfPage":{"@id":"https:\/\/www.proinpa.org\/web\/biblioteca-virtual\/papa\/plagas-de-la-papa\/otras-enfermedades-de-la-papa\/#primaryimage"},"image":{"@id":"https:\/\/www.proinpa.org\/web\/biblioteca-virtual\/papa\/plagas-de-la-papa\/otras-enfermedades-de-la-papa\/#primaryimage"},"thumbnailUrl":"https:\/\/www.proinpa.org\/web\/wp-content\/uploads\/2022\/12\/Compendio-de-Enfermedades-Insectos-Nematodos-y-Factores-Abioticos-que-afectan-el-Cultivo-de-Papa-en-Bolivia.jpg","datePublished":"2022-12-06T14:01:14+00:00","dateModified":"2022-12-06T14:40:38+00:00","breadcrumb":{"@id":"https:\/\/www.proinpa.org\/web\/biblioteca-virtual\/papa\/plagas-de-la-papa\/otras-enfermedades-de-la-papa\/#breadcrumb"},"inLanguage":"en-US","potentialAction":[{"@type":"ReadAction","target":["https:\/\/www.proinpa.org\/web\/biblioteca-virtual\/papa\/plagas-de-la-papa\/otras-enfermedades-de-la-papa\/"]}]},{"@type":"ImageObject","inLanguage":"en-US","@id":"https:\/\/www.proinpa.org\/web\/biblioteca-virtual\/papa\/plagas-de-la-papa\/otras-enfermedades-de-la-papa\/#primaryimage","url":"https:\/\/www.proinpa.org\/web\/wp-content\/uploads\/2022\/12\/Compendio-de-Enfermedades-Insectos-Nematodos-y-Factores-Abioticos-que-afectan-el-Cultivo-de-Papa-en-Bolivia.jpg","contentUrl":"https:\/\/www.proinpa.org\/web\/wp-content\/uploads\/2022\/12\/Compendio-de-Enfermedades-Insectos-Nematodos-y-Factores-Abioticos-que-afectan-el-Cultivo-de-Papa-en-Bolivia.jpg"},{"@type":"BreadcrumbList","@id":"https:\/\/www.proinpa.org\/web\/biblioteca-virtual\/papa\/plagas-de-la-papa\/otras-enfermedades-de-la-papa\/#breadcrumb","itemListElement":[{"@type":"ListItem","position":1,"name":"Portada","item":"https:\/\/www.proinpa.org\/web\/"},{"@type":"ListItem","position":2,"name":"Biblioteca virtual","item":"https:\/\/www.proinpa.org\/web\/biblioteca-virtual\/"},{"@type":"ListItem","position":3,"name":"Papa","item":"https:\/\/www.proinpa.org\/web\/biblioteca-virtual\/papa\/"},{"@type":"ListItem","position":4,"name":"Enfermedades y Plagas de la Papa","item":"https:\/\/www.proinpa.org\/web\/biblioteca-virtual\/papa\/plagas-de-la-papa\/"},{"@type":"ListItem","position":5,"name":"Otras enfermedades de la papa"}]},{"@type":"WebSite","@id":"https:\/\/www.proinpa.org\/web\/#website","url":"https:\/\/www.proinpa.org\/web\/","name":"PROINPA Foundation","description":"Foundation for the Promotion and Research of Andean Products","publisher":{"@id":"https:\/\/www.proinpa.org\/web\/#organization"},"potentialAction":[{"@type":"SearchAction","target":{"@type":"EntryPoint","urlTemplate":"https:\/\/www.proinpa.org\/web\/?s={search_term_string}"},"query-input":{"@type":"PropertyValueSpecification","valueRequired":true,"valueName":"search_term_string"}}],"inLanguage":"en-US"},{"@type":"Organization","@id":"https:\/\/www.proinpa.org\/web\/#organization","name":"Proinpa Foundation","url":"https:\/\/www.proinpa.org\/web\/","logo":{"@type":"ImageObject","inLanguage":"en-US","@id":"https:\/\/www.proinpa.org\/web\/#\/schema\/logo\/image\/","url":"https:\/\/www.proinpa.org\/web\/wp-content\/uploads\/2019\/09\/logo_proinpa2.png","contentUrl":"https:\/\/www.proinpa.org\/web\/wp-content\/uploads\/2019\/09\/logo_proinpa2.png","width":110,"height":85,"caption":"Fundaci\u00f3n Proinpa"},"image":{"@id":"https:\/\/www.proinpa.org\/web\/#\/schema\/logo\/image\/"},"sameAs":["https:\/\/www.facebook.com\/PROINPA\/","https:\/\/www.youtube.com\/user\/FundacionPROINPA"]}]}},"_links":{"self":[{"href":"https:\/\/www.proinpa.org\/web\/en\/wp-json\/wp\/v2\/pages\/3378","targetHints":{"allow":["GET"]}}],"collection":[{"href":"https:\/\/www.proinpa.org\/web\/en\/wp-json\/wp\/v2\/pages"}],"about":[{"href":"https:\/\/www.proinpa.org\/web\/en\/wp-json\/wp\/v2\/types\/page"}],"author":[{"embeddable":true,"href":"https:\/\/www.proinpa.org\/web\/en\/wp-json\/wp\/v2\/users\/4"}],"replies":[{"embeddable":true,"href":"https:\/\/www.proinpa.org\/web\/en\/wp-json\/wp\/v2\/comments?post=3378"}],"version-history":[{"count":22,"href":"https:\/\/www.proinpa.org\/web\/en\/wp-json\/wp\/v2\/pages\/3378\/revisions"}],"predecessor-version":[{"id":3408,"href":"https:\/\/www.proinpa.org\/web\/en\/wp-json\/wp\/v2\/pages\/3378\/revisions\/3408"}],"up":[{"embeddable":true,"href":"https:\/\/www.proinpa.org\/web\/en\/wp-json\/wp\/v2\/pages\/3220"}],"wp:attachment":[{"href":"https:\/\/www.proinpa.org\/web\/en\/wp-json\/wp\/v2\/media?parent=3378"}],"curies":[{"name":"wp","href":"https:\/\/api.w.org\/{rel}","templated":true}]}}