{"id":3778,"date":"2023-03-01T11:10:36","date_gmt":"2023-03-01T15:10:36","guid":{"rendered":"https:\/\/www.proinpa.org\/web\/?page_id=3778"},"modified":"2025-03-14T12:30:15","modified_gmt":"2025-03-14T16:30:15","slug":"uso-y-conservacion-de-la-agrobiodiversidad","status":"publish","type":"page","link":"https:\/\/www.proinpa.org\/web\/en\/lineas-estrategicas\/uso-y-conservacion-de-la-agrobiodiversidad\/","title":{"rendered":"Agrobiodiversity and Climate Change"},"content":{"rendered":"<div data-elementor-type=\"wp-page\" data-elementor-id=\"3778\" class=\"elementor elementor-3778\">\n\t\t\t\t\t\t<section class=\"elementor-section elementor-top-section elementor-element elementor-element-fb79e4b elementor-section-boxed elementor-section-height-default elementor-section-height-default\" data-id=\"fb79e4b\" data-element_type=\"section\" data-e-type=\"section\">\n\t\t\t\t\t\t<div class=\"elementor-container elementor-column-gap-default\">\n\t\t\t\t\t<div class=\"elementor-column elementor-col-100 elementor-top-column elementor-element elementor-element-1914f1d\" data-id=\"1914f1d\" data-element_type=\"column\" data-e-type=\"column\">\n\t\t\t<div class=\"elementor-widget-wrap elementor-element-populated\">\n\t\t\t\t\t\t<div class=\"elementor-element elementor-element-08598eb elementor-widget elementor-widget-image\" data-id=\"08598eb\" data-element_type=\"widget\" data-e-type=\"widget\" data-widget_type=\"image.default\">\n\t\t\t\t<div class=\"elementor-widget-container\">\n\t\t\t\t\t<style>.elementor-element-08598eb{display:none !important}<\/style>\t\t\t\t<\/div>\n\t\t\t\t<\/div>\n\t\t\t\t<div class=\"elementor-element elementor-element-6ea5e38 elementor-widget elementor-widget-image\" data-id=\"6ea5e38\" data-element_type=\"widget\" data-e-type=\"widget\" data-widget_type=\"image.default\">\n\t\t\t\t<div class=\"elementor-widget-container\">\n\t\t\t\t\t\t\t\t\t\t\t\t\t\t\t<img fetchpriority=\"high\" decoding=\"async\" width=\"1024\" height=\"229\" src=\"https:\/\/www.proinpa.org\/web\/wp-content\/uploads\/2025\/03\/Linea-Agrobiodiversidad-2025-ENG-1024x229.jpg\" class=\"attachment-large size-large wp-image-5102\" alt=\"\" srcset=\"https:\/\/www.proinpa.org\/web\/wp-content\/uploads\/2025\/03\/Linea-Agrobiodiversidad-2025-ENG-1024x229.jpg 1024w, https:\/\/www.proinpa.org\/web\/wp-content\/uploads\/2025\/03\/Linea-Agrobiodiversidad-2025-ENG-300x67.jpg 300w, https:\/\/www.proinpa.org\/web\/wp-content\/uploads\/2025\/03\/Linea-Agrobiodiversidad-2025-ENG-768x172.jpg 768w, https:\/\/www.proinpa.org\/web\/wp-content\/uploads\/2025\/03\/Linea-Agrobiodiversidad-2025-ENG-18x4.jpg 18w, https:\/\/www.proinpa.org\/web\/wp-content\/uploads\/2025\/03\/Linea-Agrobiodiversidad-2025-ENG-720x161.jpg 720w, https:\/\/www.proinpa.org\/web\/wp-content\/uploads\/2025\/03\/Linea-Agrobiodiversidad-2025-ENG.jpg 1287w\" sizes=\"(max-width: 1024px) 100vw, 1024px\" \/>\t\t\t\t\t\t\t\t\t\t\t\t\t\t\t<\/div>\n\t\t\t\t<\/div>\n\t\t\t\t\t<\/div>\n\t\t<\/div>\n\t\t\t\t\t<\/div>\n\t\t<\/section>\n\t\t\t\t<section class=\"elementor-section elementor-top-section elementor-element elementor-element-45a8a97 elementor-section-boxed elementor-section-height-default elementor-section-height-default\" data-id=\"45a8a97\" data-element_type=\"section\" data-e-type=\"section\">\n\t\t\t\t\t\t<div class=\"elementor-container elementor-column-gap-default\">\n\t\t\t\t\t<div class=\"elementor-column elementor-col-100 elementor-top-column elementor-element elementor-element-e15db48\" data-id=\"e15db48\" data-element_type=\"column\" data-e-type=\"column\">\n\t\t\t<div class=\"elementor-widget-wrap elementor-element-populated\">\n\t\t\t\t\t\t<div class=\"elementor-element elementor-element-9d169c7 elementor-widget elementor-widget-text-editor\" data-id=\"9d169c7\" data-element_type=\"widget\" data-e-type=\"widget\" data-widget_type=\"text-editor.default\">\n\t\t\t\t<div class=\"elementor-widget-container\">\n\t\t\t\t\t\t\t\t\t<p>As Bolivia is the center of origin of various plants and animals, the potential it has to feed its population and that of other regions is great.<\/p><p>To the extent that the population is fed with products of agrobiodiversity, the quality of their diets will improve significantly and food systems will be strengthened, making them more resilient to the effects of climate change and therefore sustainable.<\/p><p>The identification of agrobiodiversity species, their agronomic characterization and the study of their potential contribution to improving the quality of people&#039;s nutrition are some of the key actions of this strategic line that are developed through the agrobiodiversity program.<\/p>\t\t\t\t\t\t\t\t<\/div>\n\t\t\t\t<\/div>\n\t\t\t\t\t<\/div>\n\t\t<\/div>\n\t\t\t\t\t<\/div>\n\t\t<\/section>\n\t\t\t\t<section class=\"elementor-section elementor-top-section elementor-element elementor-element-5acc230 elementor-section-boxed elementor-section-height-default elementor-section-height-default\" data-id=\"5acc230\" data-element_type=\"section\" data-e-type=\"section\">\n\t\t\t\t\t\t<div class=\"elementor-container elementor-column-gap-default\">\n\t\t\t\t\t<div class=\"elementor-column elementor-col-100 elementor-top-column elementor-element elementor-element-13085db\" data-id=\"13085db\" data-element_type=\"column\" data-e-type=\"column\">\n\t\t\t<div class=\"elementor-widget-wrap elementor-element-populated\">\n\t\t\t\t\t\t<div class=\"elementor-element elementor-element-6e00fa4 elementor-widget-divider--view-line elementor-widget elementor-widget-divider\" data-id=\"6e00fa4\" data-element_type=\"widget\" data-e-type=\"widget\" data-widget_type=\"divider.default\">\n\t\t\t\t<div class=\"elementor-widget-container\">\n\t\t\t\t\t\t\t<div class=\"elementor-divider\">\n\t\t\t<span class=\"elementor-divider-separator\">\n\t\t\t\t\t\t<\/span>\n\t\t<\/div>\n\t\t\t\t\t\t<\/div>\n\t\t\t\t<\/div>\n\t\t\t\t\t<\/div>\n\t\t<\/div>\n\t\t\t\t\t<\/div>\n\t\t<\/section>\n\t\t\t\t<section class=\"elementor-section elementor-top-section elementor-element elementor-element-3115de1 elementor-section-boxed elementor-section-height-default elementor-section-height-default\" data-id=\"3115de1\" data-element_type=\"section\" data-e-type=\"section\">\n\t\t\t\t\t\t<div class=\"elementor-container elementor-column-gap-default\">\n\t\t\t\t\t<div class=\"elementor-column elementor-col-100 elementor-top-column elementor-element elementor-element-c5b5414\" data-id=\"c5b5414\" data-element_type=\"column\" data-e-type=\"column\">\n\t\t\t<div class=\"elementor-widget-wrap elementor-element-populated\">\n\t\t\t\t\t\t<div class=\"elementor-element elementor-element-ff80941 elementor-widget elementor-widget-heading\" data-id=\"ff80941\" data-element_type=\"widget\" data-e-type=\"widget\" data-widget_type=\"heading.default\">\n\t\t\t\t<div class=\"elementor-widget-container\">\n\t\t\t\t\t<h2 class=\"elementor-heading-title elementor-size-default\">Our Programs:<\/h2>\t\t\t\t<\/div>\n\t\t\t\t<\/div>\n\t\t\t\t\t<\/div>\n\t\t<\/div>\n\t\t\t\t\t<\/div>\n\t\t<\/section>\n\t\t\t\t<section class=\"elementor-section elementor-top-section elementor-element elementor-element-1865ac8 elementor-section-boxed elementor-section-height-default elementor-section-height-default\" data-id=\"1865ac8\" data-element_type=\"section\" data-e-type=\"section\">\n\t\t\t\t\t\t<div class=\"elementor-container elementor-column-gap-default\">\n\t\t\t\t\t<div class=\"elementor-column elementor-col-25 elementor-top-column elementor-element elementor-element-26bf237\" data-id=\"26bf237\" data-element_type=\"column\" data-e-type=\"column\">\n\t\t\t<div class=\"elementor-widget-wrap elementor-element-populated\">\n\t\t\t\t\t\t<div class=\"elementor-element elementor-element-f38e6f9 elementor-widget elementor-widget-image\" data-id=\"f38e6f9\" data-element_type=\"widget\" data-e-type=\"widget\" data-widget_type=\"image.default\">\n\t\t\t\t<div class=\"elementor-widget-container\">\n\t\t\t\t\t<style>.elementor-element-f38e6f9{display:none !important}<\/style>\t\t\t\t<\/div>\n\t\t\t\t<\/div>\n\t\t\t\t<div class=\"elementor-element elementor-element-1998a59 elementor-widget elementor-widget-image\" data-id=\"1998a59\" data-element_type=\"widget\" data-e-type=\"widget\" data-widget_type=\"image.default\">\n\t\t\t\t<div class=\"elementor-widget-container\">\n\t\t\t\t\t\t\t\t\t\t\t\t<figure class=\"wp-caption\">\n\t\t\t\t\t\t\t\t\t\t\t<a href=\"https:\/\/www.proinpa.org\/web\/en\/programas\/manejo-integrado-de-cultivos\/\">\n\t\t\t\t\t\t\t<img decoding=\"async\" width=\"236\" height=\"236\" src=\"https:\/\/www.proinpa.org\/web\/wp-content\/uploads\/2024\/01\/BOTON-Manejo-INGLES_2.png\" class=\"attachment-large size-large wp-image-4763\" alt=\"\" srcset=\"https:\/\/www.proinpa.org\/web\/wp-content\/uploads\/2024\/01\/BOTON-Manejo-INGLES_2.png 236w, https:\/\/www.proinpa.org\/web\/wp-content\/uploads\/2024\/01\/BOTON-Manejo-INGLES_2-150x150.png 150w, https:\/\/www.proinpa.org\/web\/wp-content\/uploads\/2024\/01\/BOTON-Manejo-INGLES_2-12x12.png 12w\" sizes=\"(max-width: 236px) 100vw, 236px\" \/>\t\t\t\t\t\t\t\t<\/a>\n\t\t\t\t\t\t\t\t\t\t\t<figcaption class=\"widget-image-caption wp-caption-text\"><\/figcaption>\n\t\t\t\t\t\t\t\t\t\t<\/figure>\n\t\t\t\t\t\t\t\t\t<\/div>\n\t\t\t\t<\/div>\n\t\t\t\t\t<\/div>\n\t\t<\/div>\n\t\t\t\t<div class=\"elementor-column elementor-col-25 elementor-top-column elementor-element elementor-element-843314d\" data-id=\"843314d\" data-element_type=\"column\" data-e-type=\"column\">\n\t\t\t<div class=\"elementor-widget-wrap elementor-element-populated\">\n\t\t\t\t\t\t<div class=\"elementor-element elementor-element-32c4d95 elementor-widget elementor-widget-image\" data-id=\"32c4d95\" data-element_type=\"widget\" data-e-type=\"widget\" data-widget_type=\"image.default\">\n\t\t\t\t<div class=\"elementor-widget-container\">\n\t\t\t\t\t<style>.elementor-element-32c4d95{display:none !important}<\/style>\t\t\t\t<\/div>\n\t\t\t\t<\/div>\n\t\t\t\t<div class=\"elementor-element elementor-element-7ad9bd9 elementor-widget elementor-widget-image\" data-id=\"7ad9bd9\" data-element_type=\"widget\" data-e-type=\"widget\" data-widget_type=\"image.default\">\n\t\t\t\t<div class=\"elementor-widget-container\">\n\t\t\t\t\t\t\t\t\t\t\t\t\t\t\t\t<a href=\"https:\/\/www.proinpa.org\/web\/en\/programas\/agrobiodiversidad\/\">\n\t\t\t\t\t\t\t<img decoding=\"async\" width=\"300\" height=\"300\" src=\"https:\/\/www.proinpa.org\/web\/wp-content\/uploads\/2023\/04\/Boton-programa-agrobiodiversidad.jpg\" class=\"attachment-large size-large wp-image-4383\" alt=\"\" srcset=\"https:\/\/www.proinpa.org\/web\/wp-content\/uploads\/2023\/04\/Boton-programa-agrobiodiversidad.jpg 300w, https:\/\/www.proinpa.org\/web\/wp-content\/uploads\/2023\/04\/Boton-programa-agrobiodiversidad-150x150.jpg 150w, https:\/\/www.proinpa.org\/web\/wp-content\/uploads\/2023\/04\/Boton-programa-agrobiodiversidad-12x12.jpg 12w\" sizes=\"(max-width: 300px) 100vw, 300px\" \/>\t\t\t\t\t\t\t\t<\/a>\n\t\t\t\t\t\t\t\t\t\t\t\t\t\t\t<\/div>\n\t\t\t\t<\/div>\n\t\t\t\t\t<\/div>\n\t\t<\/div>\n\t\t\t\t<div class=\"elementor-column elementor-col-25 elementor-top-column elementor-element elementor-element-e9124f4\" data-id=\"e9124f4\" data-element_type=\"column\" data-e-type=\"column\">\n\t\t\t<div class=\"elementor-widget-wrap elementor-element-populated\">\n\t\t\t\t\t\t<div class=\"elementor-element elementor-element-22f0576 elementor-widget elementor-widget-image\" data-id=\"22f0576\" data-element_type=\"widget\" data-e-type=\"widget\" data-widget_type=\"image.default\">\n\t\t\t\t<div class=\"elementor-widget-container\">\n\t\t\t\t\t<style>.elementor-element-22f0576{display:none !important}<\/style>\t\t\t\t<\/div>\n\t\t\t\t<\/div>\n\t\t\t\t<div class=\"elementor-element elementor-element-95c422b elementor-widget elementor-widget-image\" data-id=\"95c422b\" data-element_type=\"widget\" data-e-type=\"widget\" data-widget_type=\"image.default\">\n\t\t\t\t<div class=\"elementor-widget-container\">\n\t\t\t\t\t\t\t\t\t\t\t\t\t\t\t\t<a href=\"https:\/\/www.proinpa.org\/web\/en\/programas\/negocios-inclusivos\/\">\n\t\t\t\t\t\t\t<img loading=\"lazy\" decoding=\"async\" width=\"300\" height=\"300\" src=\"https:\/\/www.proinpa.org\/web\/wp-content\/uploads\/2023\/04\/Boton-programa-negocios-inclusivos.jpg\" class=\"attachment-large size-large wp-image-4384\" alt=\"\" srcset=\"https:\/\/www.proinpa.org\/web\/wp-content\/uploads\/2023\/04\/Boton-programa-negocios-inclusivos.jpg 300w, https:\/\/www.proinpa.org\/web\/wp-content\/uploads\/2023\/04\/Boton-programa-negocios-inclusivos-150x150.jpg 150w, https:\/\/www.proinpa.org\/web\/wp-content\/uploads\/2023\/04\/Boton-programa-negocios-inclusivos-12x12.jpg 12w\" sizes=\"(max-width: 300px) 100vw, 300px\" \/>\t\t\t\t\t\t\t\t<\/a>\n\t\t\t\t\t\t\t\t\t\t\t\t\t\t\t<\/div>\n\t\t\t\t<\/div>\n\t\t\t\t\t<\/div>\n\t\t<\/div>\n\t\t\t\t<div class=\"elementor-column elementor-col-25 elementor-top-column elementor-element elementor-element-06f0016\" data-id=\"06f0016\" data-element_type=\"column\" data-e-type=\"column\">\n\t\t\t<div class=\"elementor-widget-wrap elementor-element-populated\">\n\t\t\t\t\t\t<div class=\"elementor-element elementor-element-1d2b0b1 elementor-widget elementor-widget-image\" data-id=\"1d2b0b1\" data-element_type=\"widget\" data-e-type=\"widget\" data-widget_type=\"image.default\">\n\t\t\t\t<div class=\"elementor-widget-container\">\n\t\t\t\t\t<style>.elementor-element-1d2b0b1{display:none !important}<\/style>\t\t\t\t<\/div>\n\t\t\t\t<\/div>\n\t\t\t\t<div class=\"elementor-element elementor-element-e2068df elementor-widget elementor-widget-image\" data-id=\"e2068df\" data-element_type=\"widget\" data-e-type=\"widget\" data-widget_type=\"image.default\">\n\t\t\t\t<div class=\"elementor-widget-container\">\n\t\t\t\t\t\t\t\t\t\t\t\t\t\t\t\t<a href=\"https:\/\/www.proinpa.org\/web\/en\/programas\/granos-andinos\/\">\n\t\t\t\t\t\t\t<img loading=\"lazy\" decoding=\"async\" width=\"300\" height=\"300\" src=\"https:\/\/www.proinpa.org\/web\/wp-content\/uploads\/2023\/04\/Boton-programa-granos-andinos.jpg\" class=\"attachment-large size-large wp-image-4385\" alt=\"\" srcset=\"https:\/\/www.proinpa.org\/web\/wp-content\/uploads\/2023\/04\/Boton-programa-granos-andinos.jpg 300w, https:\/\/www.proinpa.org\/web\/wp-content\/uploads\/2023\/04\/Boton-programa-granos-andinos-150x150.jpg 150w, https:\/\/www.proinpa.org\/web\/wp-content\/uploads\/2023\/04\/Boton-programa-granos-andinos-12x12.jpg 12w\" sizes=\"(max-width: 300px) 100vw, 300px\" \/>\t\t\t\t\t\t\t\t<\/a>\n\t\t\t\t\t\t\t\t\t\t\t\t\t\t\t<\/div>\n\t\t\t\t<\/div>\n\t\t\t\t\t<\/div>\n\t\t<\/div>\n\t\t\t\t\t<\/div>\n\t\t<\/section>\n\t\t\t\t<\/div>","protected":false},"excerpt":{"rendered":"<p>As Bolivia is the center of origin of various plants and animals, it has enormous potential to feed its population and that of other regions. To the extent that the population is fed with products from agrobiodiversity, the quality of their diets will improve significantly and food systems will be strengthened\u2026&nbsp;<a href=\"https:\/\/www.proinpa.org\/web\/en\/lineas-estrategicas\/uso-y-conservacion-de-la-agrobiodiversidad\/\" rel=\"bookmark\">Read More \u00bb<span class=\"screen-reader-text\">Agrobiodiversity and Climate Change<\/span><\/a><\/p>","protected":false},"author":4,"featured_media":0,"parent":3794,"menu_order":0,"comment_status":"closed","ping_status":"closed","template":"page-templates\/template_fullwidth.php","meta":{"neve_meta_sidebar":"","neve_meta_container":"","neve_meta_enable_content_width":"","neve_meta_content_width":0,"neve_meta_title_alignment":"","neve_meta_author_avatar":"","neve_post_elements_order":"","neve_meta_disable_header":"","neve_meta_disable_footer":"","neve_meta_disable_title":"","footnotes":""},"class_list":["post-3778","page","type-page","status-publish","hentry"],"yoast_head":"<!-- This site is optimized with the Yoast SEO plugin v27.4 - https:\/\/yoast.com\/product\/yoast-seo-wordpress\/ -->\n<title>Agrobiodiversidad y Cambio Clim\u00e1tico - Fundaci\u00f3n PROINPA<\/title>\n<meta name=\"robots\" content=\"index, follow, max-snippet:-1, max-image-preview:large, max-video-preview:-1\" \/>\n<link rel=\"canonical\" href=\"https:\/\/www.proinpa.org\/web\/en\/lineas-estrategicas\/uso-y-conservacion-de-la-agrobiodiversidad\/\" \/>\n<meta property=\"og:locale\" content=\"en_US\" \/>\n<meta property=\"og:type\" content=\"article\" \/>\n<meta property=\"og:title\" content=\"Agrobiodiversidad y Cambio Clim\u00e1tico - Fundaci\u00f3n PROINPA\" \/>\n<meta property=\"og:description\" content=\"Al ser Bolivia centro de origen de diversos vegetales y animales, el potencial que tiene para alimentar a su poblaci\u00f3n y la de otras regiones, es muy grande. En la medida en la que la poblaci\u00f3n se alimente con productos de la agrobiodiversidad, la calidad de sus dietas mejorar\u00e1 significativamente y se fortalecer\u00e1n los sistemas&hellip;&nbsp;Read More &raquo;Agrobiodiversidad y Cambio Clim\u00e1tico\" \/>\n<meta property=\"og:url\" content=\"https:\/\/www.proinpa.org\/web\/en\/lineas-estrategicas\/uso-y-conservacion-de-la-agrobiodiversidad\/\" \/>\n<meta property=\"og:site_name\" content=\"Fundaci\u00f3n PROINPA\" \/>\n<meta property=\"article:publisher\" content=\"https:\/\/www.facebook.com\/PROINPA\/\" \/>\n<meta property=\"article:modified_time\" content=\"2025-03-14T16:30:15+00:00\" \/>\n<meta property=\"og:image\" content=\"https:\/\/www.proinpa.org\/web\/wp-content\/uploads\/2025\/03\/Linea-Agrobiodiversidad-2025.jpg\" \/>\n\t<meta property=\"og:image:width\" content=\"1205\" \/>\n\t<meta property=\"og:image:height\" content=\"269\" \/>\n\t<meta property=\"og:image:type\" content=\"image\/jpeg\" \/>\n<meta name=\"twitter:card\" content=\"summary_large_image\" \/>\n<meta name=\"twitter:label1\" content=\"Est. reading time\" \/>\n\t<meta name=\"twitter:data1\" content=\"1 minute\" \/>\n<script type=\"application\/ld+json\" class=\"yoast-schema-graph\">{\"@context\":\"https:\\\/\\\/schema.org\",\"@graph\":[{\"@type\":\"WebPage\",\"@id\":\"https:\\\/\\\/www.proinpa.org\\\/web\\\/lineas-estrategicas\\\/uso-y-conservacion-de-la-agrobiodiversidad\\\/\",\"url\":\"https:\\\/\\\/www.proinpa.org\\\/web\\\/lineas-estrategicas\\\/uso-y-conservacion-de-la-agrobiodiversidad\\\/\",\"name\":\"Agrobiodiversidad y Cambio Clim\u00e1tico - Fundaci\u00f3n PROINPA\",\"isPartOf\":{\"@id\":\"https:\\\/\\\/www.proinpa.org\\\/web\\\/#website\"},\"primaryImageOfPage\":{\"@id\":\"https:\\\/\\\/www.proinpa.org\\\/web\\\/lineas-estrategicas\\\/uso-y-conservacion-de-la-agrobiodiversidad\\\/#primaryimage\"},\"image\":{\"@id\":\"https:\\\/\\\/www.proinpa.org\\\/web\\\/lineas-estrategicas\\\/uso-y-conservacion-de-la-agrobiodiversidad\\\/#primaryimage\"},\"thumbnailUrl\":\"https:\\\/\\\/www.proinpa.org\\\/web\\\/wp-content\\\/uploads\\\/2025\\\/03\\\/Linea-Agrobiodiversidad-2025-1024x229.jpg\",\"datePublished\":\"2023-03-01T15:10:36+00:00\",\"dateModified\":\"2025-03-14T16:30:15+00:00\",\"breadcrumb\":{\"@id\":\"https:\\\/\\\/www.proinpa.org\\\/web\\\/lineas-estrategicas\\\/uso-y-conservacion-de-la-agrobiodiversidad\\\/#breadcrumb\"},\"inLanguage\":\"en-US\",\"potentialAction\":[{\"@type\":\"ReadAction\",\"target\":[\"https:\\\/\\\/www.proinpa.org\\\/web\\\/lineas-estrategicas\\\/uso-y-conservacion-de-la-agrobiodiversidad\\\/\"]}]},{\"@type\":\"ImageObject\",\"inLanguage\":\"en-US\",\"@id\":\"https:\\\/\\\/www.proinpa.org\\\/web\\\/lineas-estrategicas\\\/uso-y-conservacion-de-la-agrobiodiversidad\\\/#primaryimage\",\"url\":\"https:\\\/\\\/www.proinpa.org\\\/web\\\/wp-content\\\/uploads\\\/2025\\\/03\\\/Linea-Agrobiodiversidad-2025-1024x229.jpg\",\"contentUrl\":\"https:\\\/\\\/www.proinpa.org\\\/web\\\/wp-content\\\/uploads\\\/2025\\\/03\\\/Linea-Agrobiodiversidad-2025-1024x229.jpg\"},{\"@type\":\"BreadcrumbList\",\"@id\":\"https:\\\/\\\/www.proinpa.org\\\/web\\\/lineas-estrategicas\\\/uso-y-conservacion-de-la-agrobiodiversidad\\\/#breadcrumb\",\"itemListElement\":[{\"@type\":\"ListItem\",\"position\":1,\"name\":\"Portada\",\"item\":\"https:\\\/\\\/www.proinpa.org\\\/web\\\/\"},{\"@type\":\"ListItem\",\"position\":2,\"name\":\"L\u00edneas estrat\u00e9gicas\",\"item\":\"https:\\\/\\\/www.proinpa.org\\\/web\\\/lineas-estrategicas\\\/\"},{\"@type\":\"ListItem\",\"position\":3,\"name\":\"Agrobiodiversidad y Cambio Clim\u00e1tico\"}]},{\"@type\":\"WebSite\",\"@id\":\"https:\\\/\\\/www.proinpa.org\\\/web\\\/#website\",\"url\":\"https:\\\/\\\/www.proinpa.org\\\/web\\\/\",\"name\":\"Fundaci\u00f3n PROINPA\",\"description\":\"Fundaci\u00f3n para la Promoci\u00f3n e Investigaci\u00f3n de Productos Andinos\",\"publisher\":{\"@id\":\"https:\\\/\\\/www.proinpa.org\\\/web\\\/#organization\"},\"potentialAction\":[{\"@type\":\"SearchAction\",\"target\":{\"@type\":\"EntryPoint\",\"urlTemplate\":\"https:\\\/\\\/www.proinpa.org\\\/web\\\/?s={search_term_string}\"},\"query-input\":{\"@type\":\"PropertyValueSpecification\",\"valueRequired\":true,\"valueName\":\"search_term_string\"}}],\"inLanguage\":\"en-US\"},{\"@type\":\"Organization\",\"@id\":\"https:\\\/\\\/www.proinpa.org\\\/web\\\/#organization\",\"name\":\"Fundaci\u00f3n Proinpa\",\"url\":\"https:\\\/\\\/www.proinpa.org\\\/web\\\/\",\"logo\":{\"@type\":\"ImageObject\",\"inLanguage\":\"en-US\",\"@id\":\"https:\\\/\\\/www.proinpa.org\\\/web\\\/#\\\/schema\\\/logo\\\/image\\\/\",\"url\":\"https:\\\/\\\/www.proinpa.org\\\/web\\\/wp-content\\\/uploads\\\/2019\\\/09\\\/logo_proinpa2.png\",\"contentUrl\":\"https:\\\/\\\/www.proinpa.org\\\/web\\\/wp-content\\\/uploads\\\/2019\\\/09\\\/logo_proinpa2.png\",\"width\":110,\"height\":85,\"caption\":\"Fundaci\u00f3n Proinpa\"},\"image\":{\"@id\":\"https:\\\/\\\/www.proinpa.org\\\/web\\\/#\\\/schema\\\/logo\\\/image\\\/\"},\"sameAs\":[\"https:\\\/\\\/www.facebook.com\\\/PROINPA\\\/\",\"https:\\\/\\\/www.youtube.com\\\/user\\\/FundacionPROINPA\"]}]}<\/script>\n<!-- \/ Yoast SEO plugin. -->","yoast_head_json":{"title":"Agrobiodiversity and Climate Change - PROINPA Foundation","robots":{"index":"index","follow":"follow","max-snippet":"max-snippet:-1","max-image-preview":"max-image-preview:large","max-video-preview":"max-video-preview:-1"},"canonical":"https:\/\/www.proinpa.org\/web\/en\/lineas-estrategicas\/uso-y-conservacion-de-la-agrobiodiversidad\/","og_locale":"en_US","og_type":"article","og_title":"Agrobiodiversidad y Cambio Clim\u00e1tico - Fundaci\u00f3n PROINPA","og_description":"Al ser Bolivia centro de origen de diversos vegetales y animales, el potencial que tiene para alimentar a su poblaci\u00f3n y la de otras regiones, es muy grande. En la medida en la que la poblaci\u00f3n se alimente con productos de la agrobiodiversidad, la calidad de sus dietas mejorar\u00e1 significativamente y se fortalecer\u00e1n los sistemas&hellip;&nbsp;Read More &raquo;Agrobiodiversidad y Cambio Clim\u00e1tico","og_url":"https:\/\/www.proinpa.org\/web\/en\/lineas-estrategicas\/uso-y-conservacion-de-la-agrobiodiversidad\/","og_site_name":"Fundaci\u00f3n PROINPA","article_publisher":"https:\/\/www.facebook.com\/PROINPA\/","article_modified_time":"2025-03-14T16:30:15+00:00","og_image":[{"width":1205,"height":269,"url":"https:\/\/www.proinpa.org\/web\/wp-content\/uploads\/2025\/03\/Linea-Agrobiodiversidad-2025.jpg","type":"image\/jpeg"}],"twitter_card":"summary_large_image","twitter_misc":{"Est. reading time":"1 minute"},"schema":{"@context":"https:\/\/schema.org","@graph":[{"@type":"WebPage","@id":"https:\/\/www.proinpa.org\/web\/lineas-estrategicas\/uso-y-conservacion-de-la-agrobiodiversidad\/","url":"https:\/\/www.proinpa.org\/web\/lineas-estrategicas\/uso-y-conservacion-de-la-agrobiodiversidad\/","name":"Agrobiodiversity and Climate Change - PROINPA Foundation","isPartOf":{"@id":"https:\/\/www.proinpa.org\/web\/#website"},"primaryImageOfPage":{"@id":"https:\/\/www.proinpa.org\/web\/lineas-estrategicas\/uso-y-conservacion-de-la-agrobiodiversidad\/#primaryimage"},"image":{"@id":"https:\/\/www.proinpa.org\/web\/lineas-estrategicas\/uso-y-conservacion-de-la-agrobiodiversidad\/#primaryimage"},"thumbnailUrl":"https:\/\/www.proinpa.org\/web\/wp-content\/uploads\/2025\/03\/Linea-Agrobiodiversidad-2025-1024x229.jpg","datePublished":"2023-03-01T15:10:36+00:00","dateModified":"2025-03-14T16:30:15+00:00","breadcrumb":{"@id":"https:\/\/www.proinpa.org\/web\/lineas-estrategicas\/uso-y-conservacion-de-la-agrobiodiversidad\/#breadcrumb"},"inLanguage":"en-US","potentialAction":[{"@type":"ReadAction","target":["https:\/\/www.proinpa.org\/web\/lineas-estrategicas\/uso-y-conservacion-de-la-agrobiodiversidad\/"]}]},{"@type":"ImageObject","inLanguage":"en-US","@id":"https:\/\/www.proinpa.org\/web\/lineas-estrategicas\/uso-y-conservacion-de-la-agrobiodiversidad\/#primaryimage","url":"https:\/\/www.proinpa.org\/web\/wp-content\/uploads\/2025\/03\/Linea-Agrobiodiversidad-2025-1024x229.jpg","contentUrl":"https:\/\/www.proinpa.org\/web\/wp-content\/uploads\/2025\/03\/Linea-Agrobiodiversidad-2025-1024x229.jpg"},{"@type":"BreadcrumbList","@id":"https:\/\/www.proinpa.org\/web\/lineas-estrategicas\/uso-y-conservacion-de-la-agrobiodiversidad\/#breadcrumb","itemListElement":[{"@type":"ListItem","position":1,"name":"Portada","item":"https:\/\/www.proinpa.org\/web\/"},{"@type":"ListItem","position":2,"name":"L\u00edneas estrat\u00e9gicas","item":"https:\/\/www.proinpa.org\/web\/lineas-estrategicas\/"},{"@type":"ListItem","position":3,"name":"Agrobiodiversidad y Cambio Clim\u00e1tico"}]},{"@type":"WebSite","@id":"https:\/\/www.proinpa.org\/web\/#website","url":"https:\/\/www.proinpa.org\/web\/","name":"PROINPA Foundation","description":"Foundation for the Promotion and Research of Andean Products","publisher":{"@id":"https:\/\/www.proinpa.org\/web\/#organization"},"potentialAction":[{"@type":"SearchAction","target":{"@type":"EntryPoint","urlTemplate":"https:\/\/www.proinpa.org\/web\/?s={search_term_string}"},"query-input":{"@type":"PropertyValueSpecification","valueRequired":true,"valueName":"search_term_string"}}],"inLanguage":"en-US"},{"@type":"Organization","@id":"https:\/\/www.proinpa.org\/web\/#organization","name":"Proinpa Foundation","url":"https:\/\/www.proinpa.org\/web\/","logo":{"@type":"ImageObject","inLanguage":"en-US","@id":"https:\/\/www.proinpa.org\/web\/#\/schema\/logo\/image\/","url":"https:\/\/www.proinpa.org\/web\/wp-content\/uploads\/2019\/09\/logo_proinpa2.png","contentUrl":"https:\/\/www.proinpa.org\/web\/wp-content\/uploads\/2019\/09\/logo_proinpa2.png","width":110,"height":85,"caption":"Fundaci\u00f3n Proinpa"},"image":{"@id":"https:\/\/www.proinpa.org\/web\/#\/schema\/logo\/image\/"},"sameAs":["https:\/\/www.facebook.com\/PROINPA\/","https:\/\/www.youtube.com\/user\/FundacionPROINPA"]}]}},"_links":{"self":[{"href":"https:\/\/www.proinpa.org\/web\/en\/wp-json\/wp\/v2\/pages\/3778","targetHints":{"allow":["GET"]}}],"collection":[{"href":"https:\/\/www.proinpa.org\/web\/en\/wp-json\/wp\/v2\/pages"}],"about":[{"href":"https:\/\/www.proinpa.org\/web\/en\/wp-json\/wp\/v2\/types\/page"}],"author":[{"embeddable":true,"href":"https:\/\/www.proinpa.org\/web\/en\/wp-json\/wp\/v2\/users\/4"}],"replies":[{"embeddable":true,"href":"https:\/\/www.proinpa.org\/web\/en\/wp-json\/wp\/v2\/comments?post=3778"}],"version-history":[{"count":36,"href":"https:\/\/www.proinpa.org\/web\/en\/wp-json\/wp\/v2\/pages\/3778\/revisions"}],"predecessor-version":[{"id":5105,"href":"https:\/\/www.proinpa.org\/web\/en\/wp-json\/wp\/v2\/pages\/3778\/revisions\/5105"}],"up":[{"embeddable":true,"href":"https:\/\/www.proinpa.org\/web\/en\/wp-json\/wp\/v2\/pages\/3794"}],"wp:attachment":[{"href":"https:\/\/www.proinpa.org\/web\/en\/wp-json\/wp\/v2\/media?parent=3778"}],"curies":[{"name":"wp","href":"https:\/\/api.w.org\/{rel}","templated":true}]}}