{"id":4959,"date":"2024-03-13T11:23:49","date_gmt":"2024-03-13T15:23:49","guid":{"rendered":"https:\/\/www.proinpa.org\/web\/?page_id=4959"},"modified":"2024-03-13T11:31:14","modified_gmt":"2024-03-13T15:31:14","slug":"centro-de-innovacion-agricola-mario-antonio-gandarillas-antezana","status":"publish","type":"page","link":"https:\/\/www.proinpa.org\/web\/en\/centro-de-innovacion-agricola-mario-antonio-gandarillas-antezana\/","title":{"rendered":"\u201cMario Antonio Gandarillas Antezana\u201d Agricultural Innovation Center"},"content":{"rendered":"<div data-elementor-type=\"wp-page\" data-elementor-id=\"4959\" class=\"elementor elementor-4959\">\n\t\t\t\t\t\t<section class=\"elementor-section elementor-top-section elementor-element elementor-element-1198d7b elementor-section-boxed elementor-section-height-default elementor-section-height-default\" data-id=\"1198d7b\" data-element_type=\"section\" data-e-type=\"section\">\n\t\t\t\t\t\t<div class=\"elementor-container elementor-column-gap-default\">\n\t\t\t\t\t<div class=\"elementor-column elementor-col-33 elementor-top-column elementor-element elementor-element-f39453c\" data-id=\"f39453c\" data-element_type=\"column\" data-e-type=\"column\">\n\t\t\t<div class=\"elementor-widget-wrap elementor-element-populated\">\n\t\t\t\t\t\t<div class=\"elementor-element elementor-element-645f34d elementor-widget elementor-widget-image\" data-id=\"645f34d\" data-element_type=\"widget\" data-e-type=\"widget\" data-widget_type=\"image.default\">\n\t\t\t\t<div class=\"elementor-widget-container\">\n\t\t\t\t\t\t\t\t\t\t\t\t\t\t\t<img fetchpriority=\"high\" decoding=\"async\" width=\"1024\" height=\"581\" src=\"https:\/\/www.proinpa.org\/web\/wp-content\/uploads\/2024\/03\/Centro-GANDARILLAS-1.jpg\" class=\"attachment-large size-large wp-image-4961\" alt=\"\" srcset=\"https:\/\/www.proinpa.org\/web\/wp-content\/uploads\/2024\/03\/Centro-GANDARILLAS-1.jpg 1024w, https:\/\/www.proinpa.org\/web\/wp-content\/uploads\/2024\/03\/Centro-GANDARILLAS-1-300x170.jpg 300w, https:\/\/www.proinpa.org\/web\/wp-content\/uploads\/2024\/03\/Centro-GANDARILLAS-1-768x436.jpg 768w, https:\/\/www.proinpa.org\/web\/wp-content\/uploads\/2024\/03\/Centro-GANDARILLAS-1-18x10.jpg 18w, https:\/\/www.proinpa.org\/web\/wp-content\/uploads\/2024\/03\/Centro-GANDARILLAS-1-720x409.jpg 720w\" sizes=\"(max-width: 1024px) 100vw, 1024px\" \/>\t\t\t\t\t\t\t\t\t\t\t\t\t\t\t<\/div>\n\t\t\t\t<\/div>\n\t\t\t\t\t<\/div>\n\t\t<\/div>\n\t\t\t\t<div class=\"elementor-column elementor-col-33 elementor-top-column elementor-element elementor-element-05c47cb\" data-id=\"05c47cb\" data-element_type=\"column\" data-e-type=\"column\">\n\t\t\t<div class=\"elementor-widget-wrap elementor-element-populated\">\n\t\t\t\t\t\t<div class=\"elementor-element elementor-element-2b123a8 elementor-widget elementor-widget-image\" data-id=\"2b123a8\" data-element_type=\"widget\" data-e-type=\"widget\" data-widget_type=\"image.default\">\n\t\t\t\t<div class=\"elementor-widget-container\">\n\t\t\t\t\t\t\t\t\t\t\t\t\t\t\t<img decoding=\"async\" width=\"1024\" height=\"683\" src=\"https:\/\/www.proinpa.org\/web\/wp-content\/uploads\/2024\/03\/Centro-GANDARILLAS-2.jpg\" class=\"attachment-large size-large wp-image-4962\" alt=\"\" srcset=\"https:\/\/www.proinpa.org\/web\/wp-content\/uploads\/2024\/03\/Centro-GANDARILLAS-2.jpg 1024w, https:\/\/www.proinpa.org\/web\/wp-content\/uploads\/2024\/03\/Centro-GANDARILLAS-2-300x200.jpg 300w, https:\/\/www.proinpa.org\/web\/wp-content\/uploads\/2024\/03\/Centro-GANDARILLAS-2-768x512.jpg 768w, https:\/\/www.proinpa.org\/web\/wp-content\/uploads\/2024\/03\/Centro-GANDARILLAS-2-18x12.jpg 18w, https:\/\/www.proinpa.org\/web\/wp-content\/uploads\/2024\/03\/Centro-GANDARILLAS-2-720x480.jpg 720w\" sizes=\"(max-width: 1024px) 100vw, 1024px\" \/>\t\t\t\t\t\t\t\t\t\t\t\t\t\t\t<\/div>\n\t\t\t\t<\/div>\n\t\t\t\t\t<\/div>\n\t\t<\/div>\n\t\t\t\t<div class=\"elementor-column elementor-col-33 elementor-top-column elementor-element elementor-element-5c14acc\" data-id=\"5c14acc\" data-element_type=\"column\" data-e-type=\"column\">\n\t\t\t<div class=\"elementor-widget-wrap elementor-element-populated\">\n\t\t\t\t\t\t<div class=\"elementor-element elementor-element-1da7e54 elementor-widget elementor-widget-image\" data-id=\"1da7e54\" data-element_type=\"widget\" data-e-type=\"widget\" data-widget_type=\"image.default\">\n\t\t\t\t<div class=\"elementor-widget-container\">\n\t\t\t\t\t\t\t\t\t\t\t\t\t\t\t<img decoding=\"async\" width=\"1024\" height=\"683\" src=\"https:\/\/www.proinpa.org\/web\/wp-content\/uploads\/2024\/03\/Centro-GANDARILLAS-3.jpg\" class=\"attachment-large size-large wp-image-4966\" alt=\"\" srcset=\"https:\/\/www.proinpa.org\/web\/wp-content\/uploads\/2024\/03\/Centro-GANDARILLAS-3.jpg 1024w, https:\/\/www.proinpa.org\/web\/wp-content\/uploads\/2024\/03\/Centro-GANDARILLAS-3-300x200.jpg 300w, https:\/\/www.proinpa.org\/web\/wp-content\/uploads\/2024\/03\/Centro-GANDARILLAS-3-768x512.jpg 768w, https:\/\/www.proinpa.org\/web\/wp-content\/uploads\/2024\/03\/Centro-GANDARILLAS-3-18x12.jpg 18w, https:\/\/www.proinpa.org\/web\/wp-content\/uploads\/2024\/03\/Centro-GANDARILLAS-3-720x480.jpg 720w\" sizes=\"(max-width: 1024px) 100vw, 1024px\" \/>\t\t\t\t\t\t\t\t\t\t\t\t\t\t\t<\/div>\n\t\t\t\t<\/div>\n\t\t\t\t\t<\/div>\n\t\t<\/div>\n\t\t\t\t\t<\/div>\n\t\t<\/section>\n\t\t\t\t<section class=\"elementor-section elementor-top-section elementor-element elementor-element-f6fc60f elementor-section-boxed elementor-section-height-default elementor-section-height-default\" data-id=\"f6fc60f\" data-element_type=\"section\" data-e-type=\"section\">\n\t\t\t\t\t\t<div class=\"elementor-container elementor-column-gap-default\">\n\t\t\t\t\t<div class=\"elementor-column elementor-col-100 elementor-top-column elementor-element elementor-element-579cd3c\" data-id=\"579cd3c\" data-element_type=\"column\" data-e-type=\"column\">\n\t\t\t<div class=\"elementor-widget-wrap elementor-element-populated\">\n\t\t\t\t\t\t<div class=\"elementor-element elementor-element-f76317c elementor-widget elementor-widget-text-editor\" data-id=\"f76317c\" data-element_type=\"widget\" data-e-type=\"widget\" data-widget_type=\"text-editor.default\">\n\t\t\t\t<div class=\"elementor-widget-container\">\n\t\t\t\t\t\t\t\t\t<p>It is established as the office and main base of the PROINPA Foundation in the department of Cochabamba, where the General Management, Management and technical staff, Headquarters and administrative staff, AGROLAB, are located, with plant health and microbiology laboratories, and the bioinput production plant equipped with advanced technology for the production of agricultural inputs. Each work unit with qualified and outstanding personnel in their area. The name is a fair tribute to our first General Manager, <strong>Dr. Antonio Gandarillas A.<\/strong><\/p>\t\t\t\t\t\t\t\t<\/div>\n\t\t\t\t<\/div>\n\t\t\t\t\t<\/div>\n\t\t<\/div>\n\t\t\t\t\t<\/div>\n\t\t<\/section>\n\t\t\t\t<section class=\"elementor-section elementor-top-section elementor-element elementor-element-3a7bbeb elementor-section-boxed elementor-section-height-default elementor-section-height-default\" data-id=\"3a7bbeb\" data-element_type=\"section\" data-e-type=\"section\">\n\t\t\t\t\t\t<div class=\"elementor-container elementor-column-gap-default\">\n\t\t\t\t\t<div class=\"elementor-column elementor-col-50 elementor-top-column elementor-element elementor-element-5e2167c\" data-id=\"5e2167c\" data-element_type=\"column\" data-e-type=\"column\">\n\t\t\t<div class=\"elementor-widget-wrap elementor-element-populated\">\n\t\t\t\t\t\t<div class=\"elementor-element elementor-element-2cf527c elementor-widget elementor-widget-image\" data-id=\"2cf527c\" data-element_type=\"widget\" data-e-type=\"widget\" data-widget_type=\"image.default\">\n\t\t\t\t<div class=\"elementor-widget-container\">\n\t\t\t\t\t\t\t\t\t\t\t\t\t\t\t<img loading=\"lazy\" decoding=\"async\" width=\"1024\" height=\"683\" src=\"https:\/\/www.proinpa.org\/web\/wp-content\/uploads\/2024\/03\/DSC_0393.jpg\" class=\"attachment-large size-large wp-image-4967\" alt=\"\" srcset=\"https:\/\/www.proinpa.org\/web\/wp-content\/uploads\/2024\/03\/DSC_0393.jpg 1024w, https:\/\/www.proinpa.org\/web\/wp-content\/uploads\/2024\/03\/DSC_0393-300x200.jpg 300w, https:\/\/www.proinpa.org\/web\/wp-content\/uploads\/2024\/03\/DSC_0393-768x512.jpg 768w, https:\/\/www.proinpa.org\/web\/wp-content\/uploads\/2024\/03\/DSC_0393-18x12.jpg 18w, https:\/\/www.proinpa.org\/web\/wp-content\/uploads\/2024\/03\/DSC_0393-720x480.jpg 720w\" sizes=\"(max-width: 1024px) 100vw, 1024px\" \/>\t\t\t\t\t\t\t\t\t\t\t\t\t\t\t<\/div>\n\t\t\t\t<\/div>\n\t\t\t\t\t<\/div>\n\t\t<\/div>\n\t\t\t\t<div class=\"elementor-column elementor-col-50 elementor-top-column elementor-element elementor-element-7f0d0eb\" data-id=\"7f0d0eb\" data-element_type=\"column\" data-e-type=\"column\">\n\t\t\t<div class=\"elementor-widget-wrap elementor-element-populated\">\n\t\t\t\t\t\t<div class=\"elementor-element elementor-element-59a4cc6 elementor-widget elementor-widget-image\" data-id=\"59a4cc6\" data-element_type=\"widget\" data-e-type=\"widget\" data-widget_type=\"image.default\">\n\t\t\t\t<div class=\"elementor-widget-container\">\n\t\t\t\t\t\t\t\t\t\t\t\t\t\t\t<img loading=\"lazy\" decoding=\"async\" width=\"1024\" height=\"683\" src=\"https:\/\/www.proinpa.org\/web\/wp-content\/uploads\/2024\/03\/DSC_0397.jpg\" class=\"attachment-large size-large wp-image-4968\" alt=\"\" srcset=\"https:\/\/www.proinpa.org\/web\/wp-content\/uploads\/2024\/03\/DSC_0397.jpg 1024w, https:\/\/www.proinpa.org\/web\/wp-content\/uploads\/2024\/03\/DSC_0397-300x200.jpg 300w, https:\/\/www.proinpa.org\/web\/wp-content\/uploads\/2024\/03\/DSC_0397-768x512.jpg 768w, https:\/\/www.proinpa.org\/web\/wp-content\/uploads\/2024\/03\/DSC_0397-18x12.jpg 18w, https:\/\/www.proinpa.org\/web\/wp-content\/uploads\/2024\/03\/DSC_0397-720x480.jpg 720w\" sizes=\"(max-width: 1024px) 100vw, 1024px\" \/>\t\t\t\t\t\t\t\t\t\t\t\t\t\t\t<\/div>\n\t\t\t\t<\/div>\n\t\t\t\t\t<\/div>\n\t\t<\/div>\n\t\t\t\t\t<\/div>\n\t\t<\/section>\n\t\t\t\t<section class=\"elementor-section elementor-top-section elementor-element elementor-element-a324006 elementor-section-boxed elementor-section-height-default elementor-section-height-default\" data-id=\"a324006\" data-element_type=\"section\" data-e-type=\"section\">\n\t\t\t\t\t\t<div class=\"elementor-container elementor-column-gap-default\">\n\t\t\t\t\t<div class=\"elementor-column elementor-col-100 elementor-top-column elementor-element elementor-element-a7df16c\" data-id=\"a7df16c\" data-element_type=\"column\" data-e-type=\"column\">\n\t\t\t<div class=\"elementor-widget-wrap elementor-element-populated\">\n\t\t\t\t\t\t<div class=\"elementor-element elementor-element-d2d55f3 elementor-widget elementor-widget-image\" data-id=\"d2d55f3\" data-element_type=\"widget\" data-e-type=\"widget\" data-widget_type=\"image.default\">\n\t\t\t\t<div class=\"elementor-widget-container\">\n\t\t\t\t\t\t\t\t\t\t\t\t\t\t\t<img loading=\"lazy\" decoding=\"async\" width=\"683\" height=\"1024\" src=\"https:\/\/www.proinpa.org\/web\/wp-content\/uploads\/2024\/03\/DSC_0401-683x1024.jpg\" class=\"attachment-large size-large wp-image-4969\" alt=\"\" srcset=\"https:\/\/www.proinpa.org\/web\/wp-content\/uploads\/2024\/03\/DSC_0401-683x1024.jpg 683w, https:\/\/www.proinpa.org\/web\/wp-content\/uploads\/2024\/03\/DSC_0401-200x300.jpg 200w, https:\/\/www.proinpa.org\/web\/wp-content\/uploads\/2024\/03\/DSC_0401-768x1152.jpg 768w, https:\/\/www.proinpa.org\/web\/wp-content\/uploads\/2024\/03\/DSC_0401-8x12.jpg 8w, https:\/\/www.proinpa.org\/web\/wp-content\/uploads\/2024\/03\/DSC_0401-720x1080.jpg 720w, https:\/\/www.proinpa.org\/web\/wp-content\/uploads\/2024\/03\/DSC_0401-rotated.jpg 1024w\" sizes=\"(max-width: 683px) 100vw, 683px\" \/>\t\t\t\t\t\t\t\t\t\t\t\t\t\t\t<\/div>\n\t\t\t\t<\/div>\n\t\t\t\t\t<\/div>\n\t\t<\/div>\n\t\t\t\t\t<\/div>\n\t\t<\/section>\n\t\t\t\t<\/div>","protected":false},"excerpt":{"rendered":"<p>It is established at the PROINPA Foundation&#039;s main office and headquarters in the department of Cochabamba, where the General Management, Management and technical staff, and the Head Office and administrative staff are located. AGROLAB, with plant health and microbiology laboratories, is also installed. The bio-input production plant is equipped with advanced technology for...&nbsp;<a href=\"https:\/\/www.proinpa.org\/web\/en\/centro-de-innovacion-agricola-mario-antonio-gandarillas-antezana\/\" rel=\"bookmark\">Read More \u00bb<span class=\"screen-reader-text\">\u201cMario Antonio Gandarillas Antezana\u201d Agricultural Innovation Center<\/span><\/a><\/p>","protected":false},"author":4,"featured_media":0,"parent":0,"menu_order":0,"comment_status":"closed","ping_status":"closed","template":"page-templates\/template_fullwidth.php","meta":{"neve_meta_sidebar":"","neve_meta_container":"","neve_meta_enable_content_width":"","neve_meta_content_width":0,"neve_meta_title_alignment":"","neve_meta_author_avatar":"","neve_post_elements_order":"","neve_meta_disable_header":"","neve_meta_disable_footer":"","neve_meta_disable_title":"","footnotes":""},"class_list":["post-4959","page","type-page","status-publish","hentry"],"yoast_head":"<!-- This site is optimized with the Yoast SEO plugin v27.4 - https:\/\/yoast.com\/product\/yoast-seo-wordpress\/ -->\n<title>Centro de Innovaci\u00f3n Agr\u00edcola \u201cMario Antonio Gandarillas Antezana\u201d - Fundaci\u00f3n PROINPA<\/title>\n<meta name=\"robots\" content=\"index, follow, max-snippet:-1, max-image-preview:large, max-video-preview:-1\" \/>\n<link rel=\"canonical\" href=\"https:\/\/www.proinpa.org\/web\/en\/centro-de-innovacion-agricola-mario-antonio-gandarillas-antezana\/\" \/>\n<meta property=\"og:locale\" content=\"en_US\" \/>\n<meta property=\"og:type\" content=\"article\" \/>\n<meta property=\"og:title\" content=\"Centro de Innovaci\u00f3n Agr\u00edcola \u201cMario Antonio Gandarillas Antezana\u201d - Fundaci\u00f3n PROINPA\" \/>\n<meta property=\"og:description\" content=\"Se constituye en la oficina y base principal de Fundaci\u00f3n PROINPA en el departamento de Cochabamba, donde se encuentra la Gerencia General, Gerencia y personal t\u00e9cnico, Jefatura y personal administrativo, AGROLAB, con laboratorios de sanidad vegetal y de microbiolog\u00eda, tambi\u00e9n se encuentra instalada la planta de producci\u00f3n de bioinsumos equipada con avanzada tecnolog\u00eda para la&hellip;&nbsp;Read More &raquo;Centro de Innovaci\u00f3n Agr\u00edcola \u201cMario Antonio Gandarillas Antezana\u201d\" \/>\n<meta property=\"og:url\" content=\"https:\/\/www.proinpa.org\/web\/en\/centro-de-innovacion-agricola-mario-antonio-gandarillas-antezana\/\" \/>\n<meta property=\"og:site_name\" content=\"Fundaci\u00f3n PROINPA\" \/>\n<meta property=\"article:publisher\" content=\"https:\/\/www.facebook.com\/PROINPA\/\" \/>\n<meta property=\"article:modified_time\" content=\"2024-03-13T15:31:14+00:00\" \/>\n<meta property=\"og:image\" content=\"https:\/\/www.proinpa.org\/web\/wp-content\/uploads\/2024\/03\/Centro-GANDARILLAS-1.jpg\" \/>\n<meta name=\"twitter:card\" content=\"summary_large_image\" \/>\n<script type=\"application\/ld+json\" class=\"yoast-schema-graph\">{\"@context\":\"https:\\\/\\\/schema.org\",\"@graph\":[{\"@type\":\"WebPage\",\"@id\":\"https:\\\/\\\/www.proinpa.org\\\/web\\\/centro-de-innovacion-agricola-mario-antonio-gandarillas-antezana\\\/\",\"url\":\"https:\\\/\\\/www.proinpa.org\\\/web\\\/centro-de-innovacion-agricola-mario-antonio-gandarillas-antezana\\\/\",\"name\":\"Centro de Innovaci\u00f3n Agr\u00edcola \u201cMario Antonio Gandarillas Antezana\u201d - Fundaci\u00f3n PROINPA\",\"isPartOf\":{\"@id\":\"https:\\\/\\\/www.proinpa.org\\\/web\\\/#website\"},\"primaryImageOfPage\":{\"@id\":\"https:\\\/\\\/www.proinpa.org\\\/web\\\/centro-de-innovacion-agricola-mario-antonio-gandarillas-antezana\\\/#primaryimage\"},\"image\":{\"@id\":\"https:\\\/\\\/www.proinpa.org\\\/web\\\/centro-de-innovacion-agricola-mario-antonio-gandarillas-antezana\\\/#primaryimage\"},\"thumbnailUrl\":\"https:\\\/\\\/www.proinpa.org\\\/web\\\/wp-content\\\/uploads\\\/2024\\\/03\\\/Centro-GANDARILLAS-1.jpg\",\"datePublished\":\"2024-03-13T15:23:49+00:00\",\"dateModified\":\"2024-03-13T15:31:14+00:00\",\"breadcrumb\":{\"@id\":\"https:\\\/\\\/www.proinpa.org\\\/web\\\/centro-de-innovacion-agricola-mario-antonio-gandarillas-antezana\\\/#breadcrumb\"},\"inLanguage\":\"en-US\",\"potentialAction\":[{\"@type\":\"ReadAction\",\"target\":[\"https:\\\/\\\/www.proinpa.org\\\/web\\\/centro-de-innovacion-agricola-mario-antonio-gandarillas-antezana\\\/\"]}]},{\"@type\":\"ImageObject\",\"inLanguage\":\"en-US\",\"@id\":\"https:\\\/\\\/www.proinpa.org\\\/web\\\/centro-de-innovacion-agricola-mario-antonio-gandarillas-antezana\\\/#primaryimage\",\"url\":\"https:\\\/\\\/www.proinpa.org\\\/web\\\/wp-content\\\/uploads\\\/2024\\\/03\\\/Centro-GANDARILLAS-1.jpg\",\"contentUrl\":\"https:\\\/\\\/www.proinpa.org\\\/web\\\/wp-content\\\/uploads\\\/2024\\\/03\\\/Centro-GANDARILLAS-1.jpg\"},{\"@type\":\"BreadcrumbList\",\"@id\":\"https:\\\/\\\/www.proinpa.org\\\/web\\\/centro-de-innovacion-agricola-mario-antonio-gandarillas-antezana\\\/#breadcrumb\",\"itemListElement\":[{\"@type\":\"ListItem\",\"position\":1,\"name\":\"Portada\",\"item\":\"https:\\\/\\\/www.proinpa.org\\\/web\\\/\"},{\"@type\":\"ListItem\",\"position\":2,\"name\":\"Centro de Innovaci\u00f3n Agr\u00edcola \u201cMario Antonio Gandarillas Antezana\u201d\"}]},{\"@type\":\"WebSite\",\"@id\":\"https:\\\/\\\/www.proinpa.org\\\/web\\\/#website\",\"url\":\"https:\\\/\\\/www.proinpa.org\\\/web\\\/\",\"name\":\"Fundaci\u00f3n PROINPA\",\"description\":\"Fundaci\u00f3n para la Promoci\u00f3n e Investigaci\u00f3n de Productos Andinos\",\"publisher\":{\"@id\":\"https:\\\/\\\/www.proinpa.org\\\/web\\\/#organization\"},\"potentialAction\":[{\"@type\":\"SearchAction\",\"target\":{\"@type\":\"EntryPoint\",\"urlTemplate\":\"https:\\\/\\\/www.proinpa.org\\\/web\\\/?s={search_term_string}\"},\"query-input\":{\"@type\":\"PropertyValueSpecification\",\"valueRequired\":true,\"valueName\":\"search_term_string\"}}],\"inLanguage\":\"en-US\"},{\"@type\":\"Organization\",\"@id\":\"https:\\\/\\\/www.proinpa.org\\\/web\\\/#organization\",\"name\":\"Fundaci\u00f3n Proinpa\",\"url\":\"https:\\\/\\\/www.proinpa.org\\\/web\\\/\",\"logo\":{\"@type\":\"ImageObject\",\"inLanguage\":\"en-US\",\"@id\":\"https:\\\/\\\/www.proinpa.org\\\/web\\\/#\\\/schema\\\/logo\\\/image\\\/\",\"url\":\"https:\\\/\\\/www.proinpa.org\\\/web\\\/wp-content\\\/uploads\\\/2019\\\/09\\\/logo_proinpa2.png\",\"contentUrl\":\"https:\\\/\\\/www.proinpa.org\\\/web\\\/wp-content\\\/uploads\\\/2019\\\/09\\\/logo_proinpa2.png\",\"width\":110,\"height\":85,\"caption\":\"Fundaci\u00f3n Proinpa\"},\"image\":{\"@id\":\"https:\\\/\\\/www.proinpa.org\\\/web\\\/#\\\/schema\\\/logo\\\/image\\\/\"},\"sameAs\":[\"https:\\\/\\\/www.facebook.com\\\/PROINPA\\\/\",\"https:\\\/\\\/www.youtube.com\\\/user\\\/FundacionPROINPA\"]}]}<\/script>\n<!-- \/ Yoast SEO plugin. -->","yoast_head_json":{"title":"Mario Antonio Gandarillas Antezana Agricultural Innovation Center - PROINPA Foundation","robots":{"index":"index","follow":"follow","max-snippet":"max-snippet:-1","max-image-preview":"max-image-preview:large","max-video-preview":"max-video-preview:-1"},"canonical":"https:\/\/www.proinpa.org\/web\/en\/centro-de-innovacion-agricola-mario-antonio-gandarillas-antezana\/","og_locale":"en_US","og_type":"article","og_title":"Centro de Innovaci\u00f3n Agr\u00edcola \u201cMario Antonio Gandarillas Antezana\u201d - Fundaci\u00f3n PROINPA","og_description":"Se constituye en la oficina y base principal de Fundaci\u00f3n PROINPA en el departamento de Cochabamba, donde se encuentra la Gerencia General, Gerencia y personal t\u00e9cnico, Jefatura y personal administrativo, AGROLAB, con laboratorios de sanidad vegetal y de microbiolog\u00eda, tambi\u00e9n se encuentra instalada la planta de producci\u00f3n de bioinsumos equipada con avanzada tecnolog\u00eda para la&hellip;&nbsp;Read More &raquo;Centro de Innovaci\u00f3n Agr\u00edcola \u201cMario Antonio Gandarillas Antezana\u201d","og_url":"https:\/\/www.proinpa.org\/web\/en\/centro-de-innovacion-agricola-mario-antonio-gandarillas-antezana\/","og_site_name":"Fundaci\u00f3n PROINPA","article_publisher":"https:\/\/www.facebook.com\/PROINPA\/","article_modified_time":"2024-03-13T15:31:14+00:00","og_image":[{"url":"https:\/\/www.proinpa.org\/web\/wp-content\/uploads\/2024\/03\/Centro-GANDARILLAS-1.jpg","type":"","width":"","height":""}],"twitter_card":"summary_large_image","schema":{"@context":"https:\/\/schema.org","@graph":[{"@type":"WebPage","@id":"https:\/\/www.proinpa.org\/web\/centro-de-innovacion-agricola-mario-antonio-gandarillas-antezana\/","url":"https:\/\/www.proinpa.org\/web\/centro-de-innovacion-agricola-mario-antonio-gandarillas-antezana\/","name":"Mario Antonio Gandarillas Antezana Agricultural Innovation Center - PROINPA Foundation","isPartOf":{"@id":"https:\/\/www.proinpa.org\/web\/#website"},"primaryImageOfPage":{"@id":"https:\/\/www.proinpa.org\/web\/centro-de-innovacion-agricola-mario-antonio-gandarillas-antezana\/#primaryimage"},"image":{"@id":"https:\/\/www.proinpa.org\/web\/centro-de-innovacion-agricola-mario-antonio-gandarillas-antezana\/#primaryimage"},"thumbnailUrl":"https:\/\/www.proinpa.org\/web\/wp-content\/uploads\/2024\/03\/Centro-GANDARILLAS-1.jpg","datePublished":"2024-03-13T15:23:49+00:00","dateModified":"2024-03-13T15:31:14+00:00","breadcrumb":{"@id":"https:\/\/www.proinpa.org\/web\/centro-de-innovacion-agricola-mario-antonio-gandarillas-antezana\/#breadcrumb"},"inLanguage":"en-US","potentialAction":[{"@type":"ReadAction","target":["https:\/\/www.proinpa.org\/web\/centro-de-innovacion-agricola-mario-antonio-gandarillas-antezana\/"]}]},{"@type":"ImageObject","inLanguage":"en-US","@id":"https:\/\/www.proinpa.org\/web\/centro-de-innovacion-agricola-mario-antonio-gandarillas-antezana\/#primaryimage","url":"https:\/\/www.proinpa.org\/web\/wp-content\/uploads\/2024\/03\/Centro-GANDARILLAS-1.jpg","contentUrl":"https:\/\/www.proinpa.org\/web\/wp-content\/uploads\/2024\/03\/Centro-GANDARILLAS-1.jpg"},{"@type":"BreadcrumbList","@id":"https:\/\/www.proinpa.org\/web\/centro-de-innovacion-agricola-mario-antonio-gandarillas-antezana\/#breadcrumb","itemListElement":[{"@type":"ListItem","position":1,"name":"Portada","item":"https:\/\/www.proinpa.org\/web\/"},{"@type":"ListItem","position":2,"name":"Centro de Innovaci\u00f3n Agr\u00edcola \u201cMario Antonio Gandarillas Antezana\u201d"}]},{"@type":"WebSite","@id":"https:\/\/www.proinpa.org\/web\/#website","url":"https:\/\/www.proinpa.org\/web\/","name":"PROINPA Foundation","description":"Foundation for the Promotion and Research of Andean Products","publisher":{"@id":"https:\/\/www.proinpa.org\/web\/#organization"},"potentialAction":[{"@type":"SearchAction","target":{"@type":"EntryPoint","urlTemplate":"https:\/\/www.proinpa.org\/web\/?s={search_term_string}"},"query-input":{"@type":"PropertyValueSpecification","valueRequired":true,"valueName":"search_term_string"}}],"inLanguage":"en-US"},{"@type":"Organization","@id":"https:\/\/www.proinpa.org\/web\/#organization","name":"Proinpa Foundation","url":"https:\/\/www.proinpa.org\/web\/","logo":{"@type":"ImageObject","inLanguage":"en-US","@id":"https:\/\/www.proinpa.org\/web\/#\/schema\/logo\/image\/","url":"https:\/\/www.proinpa.org\/web\/wp-content\/uploads\/2019\/09\/logo_proinpa2.png","contentUrl":"https:\/\/www.proinpa.org\/web\/wp-content\/uploads\/2019\/09\/logo_proinpa2.png","width":110,"height":85,"caption":"Fundaci\u00f3n Proinpa"},"image":{"@id":"https:\/\/www.proinpa.org\/web\/#\/schema\/logo\/image\/"},"sameAs":["https:\/\/www.facebook.com\/PROINPA\/","https:\/\/www.youtube.com\/user\/FundacionPROINPA"]}]}},"_links":{"self":[{"href":"https:\/\/www.proinpa.org\/web\/en\/wp-json\/wp\/v2\/pages\/4959","targetHints":{"allow":["GET"]}}],"collection":[{"href":"https:\/\/www.proinpa.org\/web\/en\/wp-json\/wp\/v2\/pages"}],"about":[{"href":"https:\/\/www.proinpa.org\/web\/en\/wp-json\/wp\/v2\/types\/page"}],"author":[{"embeddable":true,"href":"https:\/\/www.proinpa.org\/web\/en\/wp-json\/wp\/v2\/users\/4"}],"replies":[{"embeddable":true,"href":"https:\/\/www.proinpa.org\/web\/en\/wp-json\/wp\/v2\/comments?post=4959"}],"version-history":[{"count":8,"href":"https:\/\/www.proinpa.org\/web\/en\/wp-json\/wp\/v2\/pages\/4959\/revisions"}],"predecessor-version":[{"id":4973,"href":"https:\/\/www.proinpa.org\/web\/en\/wp-json\/wp\/v2\/pages\/4959\/revisions\/4973"}],"wp:attachment":[{"href":"https:\/\/www.proinpa.org\/web\/en\/wp-json\/wp\/v2\/media?parent=4959"}],"curies":[{"name":"wp","href":"https:\/\/api.w.org\/{rel}","templated":true}]}}