{"id":600,"date":"2019-08-18T01:14:51","date_gmt":"2019-08-17T23:14:51","guid":{"rendered":"http:\/\/www.proinpa.org\/web\/?page_id=600"},"modified":"2024-02-15T09:06:55","modified_gmt":"2024-02-15T13:06:55","slug":"granos-andinos","status":"publish","type":"page","link":"https:\/\/www.proinpa.org\/web\/en\/programas\/granos-andinos\/","title":{"rendered":"Andean Grains"},"content":{"rendered":"<div data-elementor-type=\"wp-page\" data-elementor-id=\"600\" class=\"elementor elementor-600\">\n\t\t\t\t\t\t<section class=\"elementor-section elementor-top-section elementor-element elementor-element-a78a748 elementor-section-boxed elementor-section-height-default elementor-section-height-default\" data-id=\"a78a748\" data-element_type=\"section\" data-e-type=\"section\">\n\t\t\t\t\t\t<div class=\"elementor-container elementor-column-gap-default\">\n\t\t\t\t\t<div class=\"elementor-column elementor-col-100 elementor-top-column elementor-element elementor-element-7e7d786\" data-id=\"7e7d786\" data-element_type=\"column\" data-e-type=\"column\">\n\t\t\t<div class=\"elementor-widget-wrap elementor-element-populated\">\n\t\t\t\t\t\t<div class=\"elementor-element elementor-element-5ba38e4 elementor-widget elementor-widget-image\" data-id=\"5ba38e4\" data-element_type=\"widget\" data-e-type=\"widget\" data-widget_type=\"image.default\">\n\t\t\t\t<div class=\"elementor-widget-container\">\n\t\t\t\t\t<style>.elementor-element-5ba38e4{display:none !important}<\/style>\t\t\t\t<\/div>\n\t\t\t\t<\/div>\n\t\t\t\t<div class=\"elementor-element elementor-element-463fe5c elementor-widget elementor-widget-image\" data-id=\"463fe5c\" data-element_type=\"widget\" data-e-type=\"widget\" data-widget_type=\"image.default\">\n\t\t\t\t<div class=\"elementor-widget-container\">\n\t\t\t\t\t\t\t\t\t\t\t\t\t\t\t<img fetchpriority=\"high\" decoding=\"async\" width=\"1024\" height=\"229\" src=\"https:\/\/www.proinpa.org\/web\/wp-content\/uploads\/2023\/04\/cartel-programa-granos-andinos-ing.jpg\" class=\"attachment-large size-large wp-image-4418\" alt=\"\" srcset=\"https:\/\/www.proinpa.org\/web\/wp-content\/uploads\/2023\/04\/cartel-programa-granos-andinos-ing.jpg 1024w, https:\/\/www.proinpa.org\/web\/wp-content\/uploads\/2023\/04\/cartel-programa-granos-andinos-ing-300x67.jpg 300w, https:\/\/www.proinpa.org\/web\/wp-content\/uploads\/2023\/04\/cartel-programa-granos-andinos-ing-768x172.jpg 768w, https:\/\/www.proinpa.org\/web\/wp-content\/uploads\/2023\/04\/cartel-programa-granos-andinos-ing-18x4.jpg 18w, https:\/\/www.proinpa.org\/web\/wp-content\/uploads\/2023\/04\/cartel-programa-granos-andinos-ing-720x161.jpg 720w\" sizes=\"(max-width: 1024px) 100vw, 1024px\" \/>\t\t\t\t\t\t\t\t\t\t\t\t\t\t\t<\/div>\n\t\t\t\t<\/div>\n\t\t\t\t\t<\/div>\n\t\t<\/div>\n\t\t\t\t\t<\/div>\n\t\t<\/section>\n\t\t\t\t<section class=\"elementor-section elementor-top-section elementor-element elementor-element-6a0aa4c elementor-section-boxed elementor-section-height-default elementor-section-height-default\" data-id=\"6a0aa4c\" data-element_type=\"section\" data-e-type=\"section\">\n\t\t\t\t\t\t<div class=\"elementor-container elementor-column-gap-default\">\n\t\t\t\t\t<div class=\"elementor-column elementor-col-100 elementor-top-column elementor-element elementor-element-f3ee28f\" data-id=\"f3ee28f\" data-element_type=\"column\" data-e-type=\"column\">\n\t\t\t<div class=\"elementor-widget-wrap elementor-element-populated\">\n\t\t\t\t\t\t<div class=\"elementor-element elementor-element-fa864e2 elementor-widget elementor-widget-text-editor\" data-id=\"fa864e2\" data-element_type=\"widget\" data-e-type=\"widget\" data-widget_type=\"text-editor.default\">\n\t\t\t\t<div class=\"elementor-widget-container\">\n\t\t\t\t\t\t\t\t\t<p><span style=\"font-weight: 400;\">Quinoa, ca\u00f1ahua, tarwi, etc. They are crops that originate in the Andean zone and are of high importance in food security, income generation, in culinary use and in the local culture of its inhabitants. This program focuses on the development of technological alternatives for the sustainable production of these crops, in complex systems such as the Bolivian highlands (erosion, drought, low fertility, etc.), in its relationship with the soil, the native species of the environment , their interaction with the fauna of the highland (camelids, parasitoids, etc.) and in the promotion of innovations for the agro-industrial transformation of these grains.<\/span><\/p><p><span style=\"font-weight: 400;\">The objectives of the program are:<\/span><\/p><ul><li style=\"font-weight: 400;\"><span style=\"font-weight: 400;\">Improve the productivity and resilience of agri-food systems based on Andean grains<\/span><\/li><li style=\"font-weight: 400;\"><span style=\"font-weight: 400;\">Generate technological innovations for the sustainable management of Andean grains.<\/span><\/li><li style=\"font-weight: 400;\"><span style=\"font-weight: 400;\">Produce and commercialize quinoa and ca\u00f1ahua seeds and grains, satisfying the demand of the national and international markets.<\/span><\/li><li style=\"font-weight: 400;\"><span style=\"font-weight: 400;\">Provide services related to technological, institutional, commercial and organizational innovations in the productive complex of Andean grains.<\/span><\/li><\/ul><p style=\"text-align: right;\">Contact email: <a href=\"mailto:w.rojas@proinpa.org\" target=\"_blank\" rel=\"noopener\">w.rojas@proinpa.org<\/a><\/p>\t\t\t\t\t\t\t\t<\/div>\n\t\t\t\t<\/div>\n\t\t\t\t\t<\/div>\n\t\t<\/div>\n\t\t\t\t\t<\/div>\n\t\t<\/section>\n\t\t\t\t<\/div>","protected":false},"excerpt":{"rendered":"<p>Quinoa, ca\u00f1ahua, tarwi, and other crops originate in the Andean region and are of great importance for food security, income generation, culinary use, and local culture. This program focuses on developing technological alternatives for the sustainable production of these crops.&nbsp;<a href=\"https:\/\/www.proinpa.org\/web\/en\/programas\/granos-andinos\/\" rel=\"bookmark\">Read More \u00bb<span class=\"screen-reader-text\">Andean Grains<\/span><\/a><\/p>","protected":false},"author":1,"featured_media":0,"parent":3828,"menu_order":0,"comment_status":"closed","ping_status":"closed","template":"page-templates\/template_page-builder.php","meta":{"neve_meta_sidebar":"","neve_meta_container":"","neve_meta_enable_content_width":"","neve_meta_content_width":0,"neve_meta_title_alignment":"","neve_meta_author_avatar":"","neve_post_elements_order":"","neve_meta_disable_header":"","neve_meta_disable_footer":"","neve_meta_disable_title":"","footnotes":""},"class_list":["post-600","page","type-page","status-publish","hentry"],"yoast_head":"<!-- This site is optimized with the Yoast SEO plugin v27.4 - https:\/\/yoast.com\/product\/yoast-seo-wordpress\/ -->\n<title>Granos Andinos - Fundaci\u00f3n PROINPA<\/title>\n<meta name=\"robots\" content=\"index, follow, max-snippet:-1, max-image-preview:large, max-video-preview:-1\" \/>\n<link rel=\"canonical\" href=\"https:\/\/www.proinpa.org\/web\/en\/programas\/granos-andinos\/\" \/>\n<meta property=\"og:locale\" content=\"en_US\" \/>\n<meta property=\"og:type\" content=\"article\" \/>\n<meta property=\"og:title\" content=\"Granos Andinos - Fundaci\u00f3n PROINPA\" \/>\n<meta property=\"og:description\" content=\"La quinua, ca\u00f1ahua, tarwi, etc. son cultivos que tienen origen en la zona andina y son de alta importancia en la seguridad alimentaria, la generaci\u00f3n de ingresos, en el uso culinario y en la cultura local de sus pobladores. Este programa, se centra en el desarrollo de alternativas tecnol\u00f3gicas para la producci\u00f3n sostenible de estos&hellip;&nbsp;Read More &raquo;Granos Andinos\" \/>\n<meta property=\"og:url\" content=\"https:\/\/www.proinpa.org\/web\/en\/programas\/granos-andinos\/\" \/>\n<meta property=\"og:site_name\" content=\"Fundaci\u00f3n PROINPA\" \/>\n<meta property=\"article:publisher\" content=\"https:\/\/www.facebook.com\/PROINPA\/\" \/>\n<meta property=\"article:modified_time\" content=\"2024-02-15T13:06:55+00:00\" \/>\n<meta property=\"og:image\" content=\"https:\/\/www.proinpa.org\/web\/wp-content\/uploads\/2023\/03\/Programa-Granos-Andinos-Cartel-Titulo-WEB-2023-1024x229.jpg\" \/>\n<meta name=\"twitter:card\" content=\"summary_large_image\" \/>\n<meta name=\"twitter:label1\" content=\"Est. reading time\" \/>\n\t<meta name=\"twitter:data1\" content=\"1 minute\" \/>\n<script type=\"application\/ld+json\" class=\"yoast-schema-graph\">{\"@context\":\"https:\\\/\\\/schema.org\",\"@graph\":[{\"@type\":\"WebPage\",\"@id\":\"https:\\\/\\\/www.proinpa.org\\\/web\\\/programas\\\/granos-andinos\\\/\",\"url\":\"https:\\\/\\\/www.proinpa.org\\\/web\\\/programas\\\/granos-andinos\\\/\",\"name\":\"Granos Andinos - Fundaci\u00f3n PROINPA\",\"isPartOf\":{\"@id\":\"https:\\\/\\\/www.proinpa.org\\\/web\\\/#website\"},\"primaryImageOfPage\":{\"@id\":\"https:\\\/\\\/www.proinpa.org\\\/web\\\/programas\\\/granos-andinos\\\/#primaryimage\"},\"image\":{\"@id\":\"https:\\\/\\\/www.proinpa.org\\\/web\\\/programas\\\/granos-andinos\\\/#primaryimage\"},\"thumbnailUrl\":\"https:\\\/\\\/www.proinpa.org\\\/web\\\/wp-content\\\/uploads\\\/2023\\\/03\\\/Programa-Granos-Andinos-Cartel-Titulo-WEB-2023-1024x229.jpg\",\"datePublished\":\"2019-08-17T23:14:51+00:00\",\"dateModified\":\"2024-02-15T13:06:55+00:00\",\"breadcrumb\":{\"@id\":\"https:\\\/\\\/www.proinpa.org\\\/web\\\/programas\\\/granos-andinos\\\/#breadcrumb\"},\"inLanguage\":\"en-US\",\"potentialAction\":[{\"@type\":\"ReadAction\",\"target\":[\"https:\\\/\\\/www.proinpa.org\\\/web\\\/programas\\\/granos-andinos\\\/\"]}]},{\"@type\":\"ImageObject\",\"inLanguage\":\"en-US\",\"@id\":\"https:\\\/\\\/www.proinpa.org\\\/web\\\/programas\\\/granos-andinos\\\/#primaryimage\",\"url\":\"https:\\\/\\\/www.proinpa.org\\\/web\\\/wp-content\\\/uploads\\\/2023\\\/03\\\/Programa-Granos-Andinos-Cartel-Titulo-WEB-2023-1024x229.jpg\",\"contentUrl\":\"https:\\\/\\\/www.proinpa.org\\\/web\\\/wp-content\\\/uploads\\\/2023\\\/03\\\/Programa-Granos-Andinos-Cartel-Titulo-WEB-2023-1024x229.jpg\"},{\"@type\":\"BreadcrumbList\",\"@id\":\"https:\\\/\\\/www.proinpa.org\\\/web\\\/programas\\\/granos-andinos\\\/#breadcrumb\",\"itemListElement\":[{\"@type\":\"ListItem\",\"position\":1,\"name\":\"Portada\",\"item\":\"https:\\\/\\\/www.proinpa.org\\\/web\\\/\"},{\"@type\":\"ListItem\",\"position\":2,\"name\":\"Programas\",\"item\":\"https:\\\/\\\/www.proinpa.org\\\/web\\\/programas\\\/\"},{\"@type\":\"ListItem\",\"position\":3,\"name\":\"Granos Andinos\"}]},{\"@type\":\"WebSite\",\"@id\":\"https:\\\/\\\/www.proinpa.org\\\/web\\\/#website\",\"url\":\"https:\\\/\\\/www.proinpa.org\\\/web\\\/\",\"name\":\"Fundaci\u00f3n PROINPA\",\"description\":\"Fundaci\u00f3n para la Promoci\u00f3n e Investigaci\u00f3n de Productos Andinos\",\"publisher\":{\"@id\":\"https:\\\/\\\/www.proinpa.org\\\/web\\\/#organization\"},\"potentialAction\":[{\"@type\":\"SearchAction\",\"target\":{\"@type\":\"EntryPoint\",\"urlTemplate\":\"https:\\\/\\\/www.proinpa.org\\\/web\\\/?s={search_term_string}\"},\"query-input\":{\"@type\":\"PropertyValueSpecification\",\"valueRequired\":true,\"valueName\":\"search_term_string\"}}],\"inLanguage\":\"en-US\"},{\"@type\":\"Organization\",\"@id\":\"https:\\\/\\\/www.proinpa.org\\\/web\\\/#organization\",\"name\":\"Fundaci\u00f3n Proinpa\",\"url\":\"https:\\\/\\\/www.proinpa.org\\\/web\\\/\",\"logo\":{\"@type\":\"ImageObject\",\"inLanguage\":\"en-US\",\"@id\":\"https:\\\/\\\/www.proinpa.org\\\/web\\\/#\\\/schema\\\/logo\\\/image\\\/\",\"url\":\"https:\\\/\\\/www.proinpa.org\\\/web\\\/wp-content\\\/uploads\\\/2019\\\/09\\\/logo_proinpa2.png\",\"contentUrl\":\"https:\\\/\\\/www.proinpa.org\\\/web\\\/wp-content\\\/uploads\\\/2019\\\/09\\\/logo_proinpa2.png\",\"width\":110,\"height\":85,\"caption\":\"Fundaci\u00f3n Proinpa\"},\"image\":{\"@id\":\"https:\\\/\\\/www.proinpa.org\\\/web\\\/#\\\/schema\\\/logo\\\/image\\\/\"},\"sameAs\":[\"https:\\\/\\\/www.facebook.com\\\/PROINPA\\\/\",\"https:\\\/\\\/www.youtube.com\\\/user\\\/FundacionPROINPA\"]}]}<\/script>\n<!-- \/ Yoast SEO plugin. -->","yoast_head_json":{"title":"Andean Grains - PROINPA Foundation","robots":{"index":"index","follow":"follow","max-snippet":"max-snippet:-1","max-image-preview":"max-image-preview:large","max-video-preview":"max-video-preview:-1"},"canonical":"https:\/\/www.proinpa.org\/web\/en\/programas\/granos-andinos\/","og_locale":"en_US","og_type":"article","og_title":"Granos Andinos - Fundaci\u00f3n PROINPA","og_description":"La quinua, ca\u00f1ahua, tarwi, etc. son cultivos que tienen origen en la zona andina y son de alta importancia en la seguridad alimentaria, la generaci\u00f3n de ingresos, en el uso culinario y en la cultura local de sus pobladores. Este programa, se centra en el desarrollo de alternativas tecnol\u00f3gicas para la producci\u00f3n sostenible de estos&hellip;&nbsp;Read More &raquo;Granos Andinos","og_url":"https:\/\/www.proinpa.org\/web\/en\/programas\/granos-andinos\/","og_site_name":"Fundaci\u00f3n PROINPA","article_publisher":"https:\/\/www.facebook.com\/PROINPA\/","article_modified_time":"2024-02-15T13:06:55+00:00","og_image":[{"url":"https:\/\/www.proinpa.org\/web\/wp-content\/uploads\/2023\/03\/Programa-Granos-Andinos-Cartel-Titulo-WEB-2023-1024x229.jpg","type":"","width":"","height":""}],"twitter_card":"summary_large_image","twitter_misc":{"Est. reading time":"1 minute"},"schema":{"@context":"https:\/\/schema.org","@graph":[{"@type":"WebPage","@id":"https:\/\/www.proinpa.org\/web\/programas\/granos-andinos\/","url":"https:\/\/www.proinpa.org\/web\/programas\/granos-andinos\/","name":"Andean Grains - PROINPA Foundation","isPartOf":{"@id":"https:\/\/www.proinpa.org\/web\/#website"},"primaryImageOfPage":{"@id":"https:\/\/www.proinpa.org\/web\/programas\/granos-andinos\/#primaryimage"},"image":{"@id":"https:\/\/www.proinpa.org\/web\/programas\/granos-andinos\/#primaryimage"},"thumbnailUrl":"https:\/\/www.proinpa.org\/web\/wp-content\/uploads\/2023\/03\/Programa-Granos-Andinos-Cartel-Titulo-WEB-2023-1024x229.jpg","datePublished":"2019-08-17T23:14:51+00:00","dateModified":"2024-02-15T13:06:55+00:00","breadcrumb":{"@id":"https:\/\/www.proinpa.org\/web\/programas\/granos-andinos\/#breadcrumb"},"inLanguage":"en-US","potentialAction":[{"@type":"ReadAction","target":["https:\/\/www.proinpa.org\/web\/programas\/granos-andinos\/"]}]},{"@type":"ImageObject","inLanguage":"en-US","@id":"https:\/\/www.proinpa.org\/web\/programas\/granos-andinos\/#primaryimage","url":"https:\/\/www.proinpa.org\/web\/wp-content\/uploads\/2023\/03\/Programa-Granos-Andinos-Cartel-Titulo-WEB-2023-1024x229.jpg","contentUrl":"https:\/\/www.proinpa.org\/web\/wp-content\/uploads\/2023\/03\/Programa-Granos-Andinos-Cartel-Titulo-WEB-2023-1024x229.jpg"},{"@type":"BreadcrumbList","@id":"https:\/\/www.proinpa.org\/web\/programas\/granos-andinos\/#breadcrumb","itemListElement":[{"@type":"ListItem","position":1,"name":"Portada","item":"https:\/\/www.proinpa.org\/web\/"},{"@type":"ListItem","position":2,"name":"Programas","item":"https:\/\/www.proinpa.org\/web\/programas\/"},{"@type":"ListItem","position":3,"name":"Granos Andinos"}]},{"@type":"WebSite","@id":"https:\/\/www.proinpa.org\/web\/#website","url":"https:\/\/www.proinpa.org\/web\/","name":"PROINPA Foundation","description":"Foundation for the Promotion and Research of Andean Products","publisher":{"@id":"https:\/\/www.proinpa.org\/web\/#organization"},"potentialAction":[{"@type":"SearchAction","target":{"@type":"EntryPoint","urlTemplate":"https:\/\/www.proinpa.org\/web\/?s={search_term_string}"},"query-input":{"@type":"PropertyValueSpecification","valueRequired":true,"valueName":"search_term_string"}}],"inLanguage":"en-US"},{"@type":"Organization","@id":"https:\/\/www.proinpa.org\/web\/#organization","name":"Proinpa Foundation","url":"https:\/\/www.proinpa.org\/web\/","logo":{"@type":"ImageObject","inLanguage":"en-US","@id":"https:\/\/www.proinpa.org\/web\/#\/schema\/logo\/image\/","url":"https:\/\/www.proinpa.org\/web\/wp-content\/uploads\/2019\/09\/logo_proinpa2.png","contentUrl":"https:\/\/www.proinpa.org\/web\/wp-content\/uploads\/2019\/09\/logo_proinpa2.png","width":110,"height":85,"caption":"Fundaci\u00f3n Proinpa"},"image":{"@id":"https:\/\/www.proinpa.org\/web\/#\/schema\/logo\/image\/"},"sameAs":["https:\/\/www.facebook.com\/PROINPA\/","https:\/\/www.youtube.com\/user\/FundacionPROINPA"]}]}},"_links":{"self":[{"href":"https:\/\/www.proinpa.org\/web\/en\/wp-json\/wp\/v2\/pages\/600","targetHints":{"allow":["GET"]}}],"collection":[{"href":"https:\/\/www.proinpa.org\/web\/en\/wp-json\/wp\/v2\/pages"}],"about":[{"href":"https:\/\/www.proinpa.org\/web\/en\/wp-json\/wp\/v2\/types\/page"}],"author":[{"embeddable":true,"href":"https:\/\/www.proinpa.org\/web\/en\/wp-json\/wp\/v2\/users\/1"}],"replies":[{"embeddable":true,"href":"https:\/\/www.proinpa.org\/web\/en\/wp-json\/wp\/v2\/comments?post=600"}],"version-history":[{"count":42,"href":"https:\/\/www.proinpa.org\/web\/en\/wp-json\/wp\/v2\/pages\/600\/revisions"}],"predecessor-version":[{"id":4869,"href":"https:\/\/www.proinpa.org\/web\/en\/wp-json\/wp\/v2\/pages\/600\/revisions\/4869"}],"up":[{"embeddable":true,"href":"https:\/\/www.proinpa.org\/web\/en\/wp-json\/wp\/v2\/pages\/3828"}],"wp:attachment":[{"href":"https:\/\/www.proinpa.org\/web\/en\/wp-json\/wp\/v2\/media?parent=600"}],"curies":[{"name":"wp","href":"https:\/\/api.w.org\/{rel}","templated":true}]}}