{"id":628,"date":"2019-08-18T01:40:20","date_gmt":"2019-08-17T23:40:20","guid":{"rendered":"http:\/\/www.proinpa.org\/web\/?page_id=628"},"modified":"2024-02-15T09:06:20","modified_gmt":"2024-02-15T13:06:20","slug":"negocios-inclusivos","status":"publish","type":"page","link":"https:\/\/www.proinpa.org\/web\/en\/programas\/negocios-inclusivos\/","title":{"rendered":"Inclusive Business"},"content":{"rendered":"<div data-elementor-type=\"wp-page\" data-elementor-id=\"628\" class=\"elementor elementor-628\">\n\t\t\t\t\t\t<section class=\"elementor-section elementor-top-section elementor-element elementor-element-2745214 elementor-section-boxed elementor-section-height-default elementor-section-height-default\" data-id=\"2745214\" data-element_type=\"section\" data-e-type=\"section\">\n\t\t\t\t\t\t<div class=\"elementor-container elementor-column-gap-default\">\n\t\t\t\t\t<div class=\"elementor-column elementor-col-100 elementor-top-column elementor-element elementor-element-5b408f6\" data-id=\"5b408f6\" data-element_type=\"column\" data-e-type=\"column\">\n\t\t\t<div class=\"elementor-widget-wrap elementor-element-populated\">\n\t\t\t\t\t\t<div class=\"elementor-element elementor-element-b13ca8e elementor-widget elementor-widget-image\" data-id=\"b13ca8e\" data-element_type=\"widget\" data-e-type=\"widget\" data-widget_type=\"image.default\">\n\t\t\t\t<div class=\"elementor-widget-container\">\n\t\t\t\t\t<style>.elementor-element-b13ca8e{display:none !important}<\/style>\t\t\t\t<\/div>\n\t\t\t\t<\/div>\n\t\t\t\t<div class=\"elementor-element elementor-element-0832f24 elementor-widget elementor-widget-image\" data-id=\"0832f24\" data-element_type=\"widget\" data-e-type=\"widget\" data-widget_type=\"image.default\">\n\t\t\t\t<div class=\"elementor-widget-container\">\n\t\t\t\t\t\t\t\t\t\t\t\t\t\t\t<img fetchpriority=\"high\" decoding=\"async\" width=\"1024\" height=\"229\" src=\"https:\/\/www.proinpa.org\/web\/wp-content\/uploads\/2023\/04\/cartel-programa-negocios-inclusivos-ing.jpg\" class=\"attachment-large size-large wp-image-4414\" alt=\"\" srcset=\"https:\/\/www.proinpa.org\/web\/wp-content\/uploads\/2023\/04\/cartel-programa-negocios-inclusivos-ing.jpg 1024w, https:\/\/www.proinpa.org\/web\/wp-content\/uploads\/2023\/04\/cartel-programa-negocios-inclusivos-ing-300x67.jpg 300w, https:\/\/www.proinpa.org\/web\/wp-content\/uploads\/2023\/04\/cartel-programa-negocios-inclusivos-ing-768x172.jpg 768w, https:\/\/www.proinpa.org\/web\/wp-content\/uploads\/2023\/04\/cartel-programa-negocios-inclusivos-ing-18x4.jpg 18w, https:\/\/www.proinpa.org\/web\/wp-content\/uploads\/2023\/04\/cartel-programa-negocios-inclusivos-ing-720x161.jpg 720w\" sizes=\"(max-width: 1024px) 100vw, 1024px\" \/>\t\t\t\t\t\t\t\t\t\t\t\t\t\t\t<\/div>\n\t\t\t\t<\/div>\n\t\t\t\t\t<\/div>\n\t\t<\/div>\n\t\t\t\t\t<\/div>\n\t\t<\/section>\n\t\t\t\t<section class=\"elementor-section elementor-top-section elementor-element elementor-element-338a968 elementor-section-boxed elementor-section-height-default elementor-section-height-default\" data-id=\"338a968\" data-element_type=\"section\" data-e-type=\"section\">\n\t\t\t\t\t\t<div class=\"elementor-container elementor-column-gap-default\">\n\t\t\t\t\t<div class=\"elementor-column elementor-col-100 elementor-top-column elementor-element elementor-element-4364f57\" data-id=\"4364f57\" data-element_type=\"column\" data-e-type=\"column\">\n\t\t\t<div class=\"elementor-widget-wrap elementor-element-populated\">\n\t\t\t\t\t\t<div class=\"elementor-element elementor-element-212b83c elementor-widget elementor-widget-text-editor\" data-id=\"212b83c\" data-element_type=\"widget\" data-e-type=\"widget\" data-widget_type=\"text-editor.default\">\n\t\t\t\t<div class=\"elementor-widget-container\">\n\t\t\t\t\t\t\t\t\t<p><span style=\"font-weight: 400;\">The program promotes the generation of wealth in a holistic sense, through the increase of social and financial capital with commercial and institutional innovations and an efficient production system.<\/span><\/p><p><span style=\"font-weight: 400;\">The inclusion of low-income farmers in productive chains is the product of the interaction of the actors, in a win-win logic. The empowerment of farmers, the improvement of their products and the communication between actors, allows these relationships to remain over time once the support of the projects ends, making it sustainable.<\/span><\/p><p><span style=\"font-weight: 400;\">The objectives of the program are:<\/span><\/p><ul><li style=\"font-weight: 400;\"><span style=\"font-weight: 400;\">Increase the income and well-being of low-income farming families, through their inclusion in sustainable agrobusinesses<\/span><\/li><li style=\"font-weight: 400;\"><span style=\"font-weight: 400;\">Increase the empowerment of men and women, of their social and financial capital for the generation of wealth for farming families<\/span><\/li><li style=\"font-weight: 400;\"><span style=\"font-weight: 400;\">Develop commercial and institutional innovations and an efficient production system, so that farming families generate wealth<\/span><\/li><li style=\"font-weight: 400;\"><span style=\"font-weight: 400;\">Provide services related to the planning, development and participatory evaluation of projects (base lines and impact evaluation), articulation with small-scale producer markets (market studies, business plans and profitability analysis) and training of farmers and young professionals in market access techniques and tools.<\/span><\/li><\/ul>\t\t\t\t\t\t\t\t<\/div>\n\t\t\t\t<\/div>\n\t\t\t\t<div class=\"elementor-element elementor-element-df51d89 elementor-widget elementor-widget-text-editor\" data-id=\"df51d89\" data-element_type=\"widget\" data-e-type=\"widget\" data-widget_type=\"text-editor.default\">\n\t\t\t\t<div class=\"elementor-widget-container\">\n\t\t\t\t\t\t\t\t\t<p>Contact email:\u00a0<a href=\"mailto:r.oros@proinpa.org\" target=\"_blank\" rel=\"noopener\">r.oros@proinpa.org<\/a><\/p>\t\t\t\t\t\t\t\t<\/div>\n\t\t\t\t<\/div>\n\t\t\t\t\t<\/div>\n\t\t<\/div>\n\t\t\t\t\t<\/div>\n\t\t<\/section>\n\t\t\t\t<\/div>","protected":false},"excerpt":{"rendered":"<p>The program promotes wealth generation in a holistic sense, through increased social and financial capital through commercial and institutional innovations and an efficient production system. The inclusion of low-income farmers in production chains is the result of the interaction of stakeholders, based on a win-win logic.&nbsp;<a href=\"https:\/\/www.proinpa.org\/web\/en\/programas\/negocios-inclusivos\/\" rel=\"bookmark\">Read More \u00bb<span class=\"screen-reader-text\">Inclusive Business<\/span><\/a><\/p>","protected":false},"author":1,"featured_media":0,"parent":3828,"menu_order":0,"comment_status":"closed","ping_status":"closed","template":"page-templates\/template_page-builder.php","meta":{"neve_meta_sidebar":"","neve_meta_container":"","neve_meta_enable_content_width":"","neve_meta_content_width":0,"neve_meta_title_alignment":"","neve_meta_author_avatar":"","neve_post_elements_order":"","neve_meta_disable_header":"","neve_meta_disable_footer":"","neve_meta_disable_title":"","footnotes":""},"class_list":["post-628","page","type-page","status-publish","hentry"],"yoast_head":"<!-- This site is optimized with the Yoast SEO plugin v27.3 - https:\/\/yoast.com\/product\/yoast-seo-wordpress\/ -->\n<title>Negocios Inclusivos - Fundaci\u00f3n PROINPA<\/title>\n<meta name=\"robots\" content=\"index, follow, max-snippet:-1, max-image-preview:large, max-video-preview:-1\" \/>\n<link rel=\"canonical\" href=\"https:\/\/www.proinpa.org\/web\/en\/programas\/negocios-inclusivos\/\" \/>\n<meta property=\"og:locale\" content=\"en_US\" \/>\n<meta property=\"og:type\" content=\"article\" \/>\n<meta property=\"og:title\" content=\"Negocios Inclusivos - Fundaci\u00f3n PROINPA\" \/>\n<meta property=\"og:description\" content=\"El programa promueve la generaci\u00f3n de riqueza en el sentido hol\u00edstico, a trav\u00e9s del incremento del capital social y financiero con innovaciones comerciales e institucionales y un sistema de producci\u00f3n eficiente. La inclusi\u00f3n de agricultores de bajos ingresos a cadenas productivas, es el producto de la interacci\u00f3n de los actores, en una l\u00f3gica de ganar-ganar.&hellip;&nbsp;Read More &raquo;Negocios Inclusivos\" \/>\n<meta property=\"og:url\" content=\"https:\/\/www.proinpa.org\/web\/en\/programas\/negocios-inclusivos\/\" \/>\n<meta property=\"og:site_name\" content=\"Fundaci\u00f3n PROINPA\" \/>\n<meta property=\"article:publisher\" content=\"https:\/\/www.facebook.com\/PROINPA\/\" \/>\n<meta property=\"article:modified_time\" content=\"2024-02-15T13:06:20+00:00\" \/>\n<meta property=\"og:image\" content=\"https:\/\/www.proinpa.org\/web\/wp-content\/uploads\/2023\/03\/Programa-NEGOCIOS-ICLUSIVOS-Titulo-WEB-2023-1024x229.jpg\" \/>\n<meta name=\"twitter:card\" content=\"summary_large_image\" \/>\n<meta name=\"twitter:label1\" content=\"Est. reading time\" \/>\n\t<meta name=\"twitter:data1\" content=\"1 minute\" \/>\n<script type=\"application\/ld+json\" class=\"yoast-schema-graph\">{\"@context\":\"https:\\\/\\\/schema.org\",\"@graph\":[{\"@type\":\"WebPage\",\"@id\":\"https:\\\/\\\/www.proinpa.org\\\/web\\\/programas\\\/negocios-inclusivos\\\/\",\"url\":\"https:\\\/\\\/www.proinpa.org\\\/web\\\/programas\\\/negocios-inclusivos\\\/\",\"name\":\"Negocios Inclusivos - Fundaci\u00f3n PROINPA\",\"isPartOf\":{\"@id\":\"https:\\\/\\\/www.proinpa.org\\\/web\\\/#website\"},\"primaryImageOfPage\":{\"@id\":\"https:\\\/\\\/www.proinpa.org\\\/web\\\/programas\\\/negocios-inclusivos\\\/#primaryimage\"},\"image\":{\"@id\":\"https:\\\/\\\/www.proinpa.org\\\/web\\\/programas\\\/negocios-inclusivos\\\/#primaryimage\"},\"thumbnailUrl\":\"https:\\\/\\\/www.proinpa.org\\\/web\\\/wp-content\\\/uploads\\\/2023\\\/03\\\/Programa-NEGOCIOS-ICLUSIVOS-Titulo-WEB-2023-1024x229.jpg\",\"datePublished\":\"2019-08-17T23:40:20+00:00\",\"dateModified\":\"2024-02-15T13:06:20+00:00\",\"breadcrumb\":{\"@id\":\"https:\\\/\\\/www.proinpa.org\\\/web\\\/programas\\\/negocios-inclusivos\\\/#breadcrumb\"},\"inLanguage\":\"en-US\",\"potentialAction\":[{\"@type\":\"ReadAction\",\"target\":[\"https:\\\/\\\/www.proinpa.org\\\/web\\\/programas\\\/negocios-inclusivos\\\/\"]}]},{\"@type\":\"ImageObject\",\"inLanguage\":\"en-US\",\"@id\":\"https:\\\/\\\/www.proinpa.org\\\/web\\\/programas\\\/negocios-inclusivos\\\/#primaryimage\",\"url\":\"https:\\\/\\\/www.proinpa.org\\\/web\\\/wp-content\\\/uploads\\\/2023\\\/03\\\/Programa-NEGOCIOS-ICLUSIVOS-Titulo-WEB-2023-1024x229.jpg\",\"contentUrl\":\"https:\\\/\\\/www.proinpa.org\\\/web\\\/wp-content\\\/uploads\\\/2023\\\/03\\\/Programa-NEGOCIOS-ICLUSIVOS-Titulo-WEB-2023-1024x229.jpg\"},{\"@type\":\"BreadcrumbList\",\"@id\":\"https:\\\/\\\/www.proinpa.org\\\/web\\\/programas\\\/negocios-inclusivos\\\/#breadcrumb\",\"itemListElement\":[{\"@type\":\"ListItem\",\"position\":1,\"name\":\"Portada\",\"item\":\"https:\\\/\\\/www.proinpa.org\\\/web\\\/\"},{\"@type\":\"ListItem\",\"position\":2,\"name\":\"Programas\",\"item\":\"https:\\\/\\\/www.proinpa.org\\\/web\\\/programas\\\/\"},{\"@type\":\"ListItem\",\"position\":3,\"name\":\"Negocios Inclusivos\"}]},{\"@type\":\"WebSite\",\"@id\":\"https:\\\/\\\/www.proinpa.org\\\/web\\\/#website\",\"url\":\"https:\\\/\\\/www.proinpa.org\\\/web\\\/\",\"name\":\"Fundaci\u00f3n PROINPA\",\"description\":\"Fundaci\u00f3n para la Promoci\u00f3n e Investigaci\u00f3n de Productos Andinos\",\"publisher\":{\"@id\":\"https:\\\/\\\/www.proinpa.org\\\/web\\\/#organization\"},\"potentialAction\":[{\"@type\":\"SearchAction\",\"target\":{\"@type\":\"EntryPoint\",\"urlTemplate\":\"https:\\\/\\\/www.proinpa.org\\\/web\\\/?s={search_term_string}\"},\"query-input\":{\"@type\":\"PropertyValueSpecification\",\"valueRequired\":true,\"valueName\":\"search_term_string\"}}],\"inLanguage\":\"en-US\"},{\"@type\":\"Organization\",\"@id\":\"https:\\\/\\\/www.proinpa.org\\\/web\\\/#organization\",\"name\":\"Fundaci\u00f3n Proinpa\",\"url\":\"https:\\\/\\\/www.proinpa.org\\\/web\\\/\",\"logo\":{\"@type\":\"ImageObject\",\"inLanguage\":\"en-US\",\"@id\":\"https:\\\/\\\/www.proinpa.org\\\/web\\\/#\\\/schema\\\/logo\\\/image\\\/\",\"url\":\"https:\\\/\\\/www.proinpa.org\\\/web\\\/wp-content\\\/uploads\\\/2019\\\/09\\\/logo_proinpa2.png\",\"contentUrl\":\"https:\\\/\\\/www.proinpa.org\\\/web\\\/wp-content\\\/uploads\\\/2019\\\/09\\\/logo_proinpa2.png\",\"width\":110,\"height\":85,\"caption\":\"Fundaci\u00f3n Proinpa\"},\"image\":{\"@id\":\"https:\\\/\\\/www.proinpa.org\\\/web\\\/#\\\/schema\\\/logo\\\/image\\\/\"},\"sameAs\":[\"https:\\\/\\\/www.facebook.com\\\/PROINPA\\\/\",\"https:\\\/\\\/www.youtube.com\\\/user\\\/FundacionPROINPA\"]}]}<\/script>\n<!-- \/ Yoast SEO plugin. -->","yoast_head_json":{"title":"Inclusive Business - PROINPA Foundation","robots":{"index":"index","follow":"follow","max-snippet":"max-snippet:-1","max-image-preview":"max-image-preview:large","max-video-preview":"max-video-preview:-1"},"canonical":"https:\/\/www.proinpa.org\/web\/en\/programas\/negocios-inclusivos\/","og_locale":"en_US","og_type":"article","og_title":"Negocios Inclusivos - Fundaci\u00f3n PROINPA","og_description":"El programa promueve la generaci\u00f3n de riqueza en el sentido hol\u00edstico, a trav\u00e9s del incremento del capital social y financiero con innovaciones comerciales e institucionales y un sistema de producci\u00f3n eficiente. La inclusi\u00f3n de agricultores de bajos ingresos a cadenas productivas, es el producto de la interacci\u00f3n de los actores, en una l\u00f3gica de ganar-ganar.&hellip;&nbsp;Read More &raquo;Negocios Inclusivos","og_url":"https:\/\/www.proinpa.org\/web\/en\/programas\/negocios-inclusivos\/","og_site_name":"Fundaci\u00f3n PROINPA","article_publisher":"https:\/\/www.facebook.com\/PROINPA\/","article_modified_time":"2024-02-15T13:06:20+00:00","og_image":[{"url":"https:\/\/www.proinpa.org\/web\/wp-content\/uploads\/2023\/03\/Programa-NEGOCIOS-ICLUSIVOS-Titulo-WEB-2023-1024x229.jpg","type":"","width":"","height":""}],"twitter_card":"summary_large_image","twitter_misc":{"Est. reading time":"1 minute"},"schema":{"@context":"https:\/\/schema.org","@graph":[{"@type":"WebPage","@id":"https:\/\/www.proinpa.org\/web\/programas\/negocios-inclusivos\/","url":"https:\/\/www.proinpa.org\/web\/programas\/negocios-inclusivos\/","name":"Inclusive Business - PROINPA Foundation","isPartOf":{"@id":"https:\/\/www.proinpa.org\/web\/#website"},"primaryImageOfPage":{"@id":"https:\/\/www.proinpa.org\/web\/programas\/negocios-inclusivos\/#primaryimage"},"image":{"@id":"https:\/\/www.proinpa.org\/web\/programas\/negocios-inclusivos\/#primaryimage"},"thumbnailUrl":"https:\/\/www.proinpa.org\/web\/wp-content\/uploads\/2023\/03\/Programa-NEGOCIOS-ICLUSIVOS-Titulo-WEB-2023-1024x229.jpg","datePublished":"2019-08-17T23:40:20+00:00","dateModified":"2024-02-15T13:06:20+00:00","breadcrumb":{"@id":"https:\/\/www.proinpa.org\/web\/programas\/negocios-inclusivos\/#breadcrumb"},"inLanguage":"en-US","potentialAction":[{"@type":"ReadAction","target":["https:\/\/www.proinpa.org\/web\/programas\/negocios-inclusivos\/"]}]},{"@type":"ImageObject","inLanguage":"en-US","@id":"https:\/\/www.proinpa.org\/web\/programas\/negocios-inclusivos\/#primaryimage","url":"https:\/\/www.proinpa.org\/web\/wp-content\/uploads\/2023\/03\/Programa-NEGOCIOS-ICLUSIVOS-Titulo-WEB-2023-1024x229.jpg","contentUrl":"https:\/\/www.proinpa.org\/web\/wp-content\/uploads\/2023\/03\/Programa-NEGOCIOS-ICLUSIVOS-Titulo-WEB-2023-1024x229.jpg"},{"@type":"BreadcrumbList","@id":"https:\/\/www.proinpa.org\/web\/programas\/negocios-inclusivos\/#breadcrumb","itemListElement":[{"@type":"ListItem","position":1,"name":"Portada","item":"https:\/\/www.proinpa.org\/web\/"},{"@type":"ListItem","position":2,"name":"Programas","item":"https:\/\/www.proinpa.org\/web\/programas\/"},{"@type":"ListItem","position":3,"name":"Negocios Inclusivos"}]},{"@type":"WebSite","@id":"https:\/\/www.proinpa.org\/web\/#website","url":"https:\/\/www.proinpa.org\/web\/","name":"PROINPA Foundation","description":"Foundation for the Promotion and Research of Andean Products","publisher":{"@id":"https:\/\/www.proinpa.org\/web\/#organization"},"potentialAction":[{"@type":"SearchAction","target":{"@type":"EntryPoint","urlTemplate":"https:\/\/www.proinpa.org\/web\/?s={search_term_string}"},"query-input":{"@type":"PropertyValueSpecification","valueRequired":true,"valueName":"search_term_string"}}],"inLanguage":"en-US"},{"@type":"Organization","@id":"https:\/\/www.proinpa.org\/web\/#organization","name":"Proinpa Foundation","url":"https:\/\/www.proinpa.org\/web\/","logo":{"@type":"ImageObject","inLanguage":"en-US","@id":"https:\/\/www.proinpa.org\/web\/#\/schema\/logo\/image\/","url":"https:\/\/www.proinpa.org\/web\/wp-content\/uploads\/2019\/09\/logo_proinpa2.png","contentUrl":"https:\/\/www.proinpa.org\/web\/wp-content\/uploads\/2019\/09\/logo_proinpa2.png","width":110,"height":85,"caption":"Fundaci\u00f3n Proinpa"},"image":{"@id":"https:\/\/www.proinpa.org\/web\/#\/schema\/logo\/image\/"},"sameAs":["https:\/\/www.facebook.com\/PROINPA\/","https:\/\/www.youtube.com\/user\/FundacionPROINPA"]}]}},"_links":{"self":[{"href":"https:\/\/www.proinpa.org\/web\/en\/wp-json\/wp\/v2\/pages\/628","targetHints":{"allow":["GET"]}}],"collection":[{"href":"https:\/\/www.proinpa.org\/web\/en\/wp-json\/wp\/v2\/pages"}],"about":[{"href":"https:\/\/www.proinpa.org\/web\/en\/wp-json\/wp\/v2\/types\/page"}],"author":[{"embeddable":true,"href":"https:\/\/www.proinpa.org\/web\/en\/wp-json\/wp\/v2\/users\/1"}],"replies":[{"embeddable":true,"href":"https:\/\/www.proinpa.org\/web\/en\/wp-json\/wp\/v2\/comments?post=628"}],"version-history":[{"count":47,"href":"https:\/\/www.proinpa.org\/web\/en\/wp-json\/wp\/v2\/pages\/628\/revisions"}],"predecessor-version":[{"id":4866,"href":"https:\/\/www.proinpa.org\/web\/en\/wp-json\/wp\/v2\/pages\/628\/revisions\/4866"}],"up":[{"embeddable":true,"href":"https:\/\/www.proinpa.org\/web\/en\/wp-json\/wp\/v2\/pages\/3828"}],"wp:attachment":[{"href":"https:\/\/www.proinpa.org\/web\/en\/wp-json\/wp\/v2\/media?parent=628"}],"curies":[{"name":"wp","href":"https:\/\/api.w.org\/{rel}","templated":true}]}}