{"id":630,"date":"2019-08-18T01:41:23","date_gmt":"2019-08-17T23:41:23","guid":{"rendered":"http:\/\/www.proinpa.org\/web\/?page_id=630"},"modified":"2024-02-15T09:05:41","modified_gmt":"2024-02-15T13:05:41","slug":"agrobiodiversidad","status":"publish","type":"page","link":"https:\/\/www.proinpa.org\/web\/en\/programas\/agrobiodiversidad\/","title":{"rendered":"Agrobiodiversity"},"content":{"rendered":"<div data-elementor-type=\"wp-page\" data-elementor-id=\"630\" class=\"elementor elementor-630\">\n\t\t\t\t\t\t<section class=\"elementor-section elementor-top-section elementor-element elementor-element-92906e2 elementor-section-boxed elementor-section-height-default elementor-section-height-default\" data-id=\"92906e2\" data-element_type=\"section\" data-e-type=\"section\">\n\t\t\t\t\t\t<div class=\"elementor-container elementor-column-gap-default\">\n\t\t\t\t\t<div class=\"elementor-column elementor-col-100 elementor-top-column elementor-element elementor-element-1b25cb3\" data-id=\"1b25cb3\" data-element_type=\"column\" data-e-type=\"column\">\n\t\t\t<div class=\"elementor-widget-wrap elementor-element-populated\">\n\t\t\t\t\t\t<div class=\"elementor-element elementor-element-1878205 elementor-widget elementor-widget-image\" data-id=\"1878205\" data-element_type=\"widget\" data-e-type=\"widget\" data-widget_type=\"image.default\">\n\t\t\t\t<div class=\"elementor-widget-container\">\n\t\t\t\t\t<style>.elementor-element-1878205{display:none !important}<\/style>\t\t\t\t<\/div>\n\t\t\t\t<\/div>\n\t\t\t\t<div class=\"elementor-element elementor-element-c26b6af elementor-widget elementor-widget-image\" data-id=\"c26b6af\" data-element_type=\"widget\" data-e-type=\"widget\" data-widget_type=\"image.default\">\n\t\t\t\t<div class=\"elementor-widget-container\">\n\t\t\t\t\t\t\t\t\t\t\t\t\t\t\t<img fetchpriority=\"high\" decoding=\"async\" width=\"1024\" height=\"229\" src=\"https:\/\/www.proinpa.org\/web\/wp-content\/uploads\/2023\/04\/cartel-programa-agrobiodiversidad-ing.jpg\" class=\"attachment-large size-large wp-image-4410\" alt=\"\" srcset=\"https:\/\/www.proinpa.org\/web\/wp-content\/uploads\/2023\/04\/cartel-programa-agrobiodiversidad-ing.jpg 1024w, https:\/\/www.proinpa.org\/web\/wp-content\/uploads\/2023\/04\/cartel-programa-agrobiodiversidad-ing-300x67.jpg 300w, https:\/\/www.proinpa.org\/web\/wp-content\/uploads\/2023\/04\/cartel-programa-agrobiodiversidad-ing-768x172.jpg 768w, https:\/\/www.proinpa.org\/web\/wp-content\/uploads\/2023\/04\/cartel-programa-agrobiodiversidad-ing-18x4.jpg 18w, https:\/\/www.proinpa.org\/web\/wp-content\/uploads\/2023\/04\/cartel-programa-agrobiodiversidad-ing-720x161.jpg 720w\" sizes=\"(max-width: 1024px) 100vw, 1024px\" \/>\t\t\t\t\t\t\t\t\t\t\t\t\t\t\t<\/div>\n\t\t\t\t<\/div>\n\t\t\t\t\t<\/div>\n\t\t<\/div>\n\t\t\t\t\t<\/div>\n\t\t<\/section>\n\t\t\t\t<section class=\"elementor-section elementor-top-section elementor-element elementor-element-472e159f elementor-section-boxed elementor-section-height-default elementor-section-height-default\" data-id=\"472e159f\" data-element_type=\"section\" data-e-type=\"section\">\n\t\t\t\t\t\t<div class=\"elementor-container elementor-column-gap-default\">\n\t\t\t\t\t<div class=\"elementor-column elementor-col-100 elementor-top-column elementor-element elementor-element-27914a9b\" data-id=\"27914a9b\" data-element_type=\"column\" data-e-type=\"column\">\n\t\t\t<div class=\"elementor-widget-wrap elementor-element-populated\">\n\t\t\t\t\t\t<div class=\"elementor-element elementor-element-37e8fd9b elementor-widget elementor-widget-text-editor\" data-id=\"37e8fd9b\" data-element_type=\"widget\" data-e-type=\"widget\" data-widget_type=\"text-editor.default\">\n\t\t\t\t<div class=\"elementor-widget-container\">\n\t\t\t\t\t\t\t\t\t<p><span style=\"font-weight: 400;\">The conservation and sustainable management of genetic resources is promoted in agrobiodiversity centers in Bolivia. It works with a focus on food security, resilience to climate change and market access. Mainly, \u201cspecialty\u201d market opportunities are explored based on products with potential offered by agrobiodiversity, particularly native in Bolivia.<\/span><\/p><p><span style=\"font-weight: 400;\">The focus of the AGB Program promotes economic-productive, socio-cultural, ecological and political-institutional impacts on the inhabitants and territories with centers of agrobiodiversity. To do this, we work with families of farmers, producer associations, community authorities, municipal governments and NGOs in the territories where the agrobiodiversity centers are located.\u00a0<\/span><\/p><p><span style=\"font-weight: 400;\">The objectives of the AGB Program are:<\/span><\/p><ul><li style=\"font-weight: 400;\"><span style=\"font-weight: 400;\">Consolidate the strategy for the conservation and sustainable management of genetic resources in agrobiodiversity centers.<\/span><\/li><li style=\"font-weight: 400;\"><span style=\"font-weight: 400;\">Promote economic-productive ventures, taking advantage of the comparative advantages of native agrobiodiversity resources-<\/span><\/li><li style=\"font-weight: 400;\"><span style=\"font-weight: 400;\">Provide services related to the sustainable management of agrobiodiversity resources at the local, national or international level.<\/span><\/li><\/ul>\t\t\t\t\t\t\t\t<\/div>\n\t\t\t\t<\/div>\n\t\t\t\t<div class=\"elementor-element elementor-element-63ea2a2 elementor-widget elementor-widget-text-editor\" data-id=\"63ea2a2\" data-element_type=\"widget\" data-e-type=\"widget\" data-widget_type=\"text-editor.default\">\n\t\t\t\t<div class=\"elementor-widget-container\">\n\t\t\t\t\t\t\t\t\t<p>Contact email: <a href=\"\/web\/en\/x.cadima@proinpa.org\/\" target=\"_blank\" rel=\"noopener\">x.cadima@proinpa.org<\/a><\/p>\t\t\t\t\t\t\t\t<\/div>\n\t\t\t\t<\/div>\n\t\t\t\t\t<\/div>\n\t\t<\/div>\n\t\t\t\t\t<\/div>\n\t\t<\/section>\n\t\t\t\t<\/div>","protected":false},"excerpt":{"rendered":"<p>The conservation and sustainable management of genetic resources in agrobiodiversity centers in Bolivia is promoted. The focus is on food security, climate change resilience, and market access. The focus is primarily on exploring &quot;specialty&quot; market opportunities based on products with potential offered by agrobiodiversity, particularly native Bolivian products.&nbsp;<a href=\"https:\/\/www.proinpa.org\/web\/en\/programas\/agrobiodiversidad\/\" rel=\"bookmark\">Read More \u00bb<span class=\"screen-reader-text\">Agrobiodiversity<\/span><\/a><\/p>","protected":false},"author":1,"featured_media":0,"parent":3828,"menu_order":0,"comment_status":"closed","ping_status":"closed","template":"page-templates\/template_page-builder.php","meta":{"neve_meta_sidebar":"","neve_meta_container":"","neve_meta_enable_content_width":"","neve_meta_content_width":0,"neve_meta_title_alignment":"","neve_meta_author_avatar":"","neve_post_elements_order":"","neve_meta_disable_header":"","neve_meta_disable_footer":"","neve_meta_disable_title":"","footnotes":""},"class_list":["post-630","page","type-page","status-publish","hentry"],"yoast_head":"<!-- This site is optimized with the Yoast SEO plugin v27.4 - https:\/\/yoast.com\/product\/yoast-seo-wordpress\/ -->\n<title>Agrobiodiversidad - Fundaci\u00f3n PROINPA<\/title>\n<meta name=\"robots\" content=\"index, follow, max-snippet:-1, max-image-preview:large, max-video-preview:-1\" \/>\n<link rel=\"canonical\" href=\"https:\/\/www.proinpa.org\/web\/en\/programas\/agrobiodiversidad\/\" \/>\n<meta property=\"og:locale\" content=\"en_US\" \/>\n<meta property=\"og:type\" content=\"article\" \/>\n<meta property=\"og:title\" content=\"Agrobiodiversidad - Fundaci\u00f3n PROINPA\" \/>\n<meta property=\"og:description\" content=\"Se promueve la conservaci\u00f3n y gesti\u00f3n sostenible de recursos gen\u00e9ticos en centros de agrobiodiversidad en Bolivia. Se trabaja con un enfoque de seguridad alimentaria, resiliencia al cambio clim\u00e1tico y acceso al mercado. Principalmente, se exploran oportunidades de mercados de \u201cespecialidad\u201d en base a los productos con potencial que ofrece la agrobiodiversidad, particularmente nativa de Bolivia.&hellip;&nbsp;Read More &raquo;Agrobiodiversidad\" \/>\n<meta property=\"og:url\" content=\"https:\/\/www.proinpa.org\/web\/en\/programas\/agrobiodiversidad\/\" \/>\n<meta property=\"og:site_name\" content=\"Fundaci\u00f3n PROINPA\" \/>\n<meta property=\"article:publisher\" content=\"https:\/\/www.facebook.com\/PROINPA\/\" \/>\n<meta property=\"article:modified_time\" content=\"2024-02-15T13:05:41+00:00\" \/>\n<meta property=\"og:image\" content=\"https:\/\/www.proinpa.org\/web\/wp-content\/uploads\/2023\/03\/Programa-Agrobiodiversidad-Titulo-WEB-2023-1024x229.jpg\" \/>\n<meta name=\"twitter:card\" content=\"summary_large_image\" \/>\n<meta name=\"twitter:label1\" content=\"Est. reading time\" \/>\n\t<meta name=\"twitter:data1\" content=\"1 minute\" \/>\n<script type=\"application\/ld+json\" class=\"yoast-schema-graph\">{\"@context\":\"https:\\\/\\\/schema.org\",\"@graph\":[{\"@type\":\"WebPage\",\"@id\":\"https:\\\/\\\/www.proinpa.org\\\/web\\\/programas\\\/agrobiodiversidad\\\/\",\"url\":\"https:\\\/\\\/www.proinpa.org\\\/web\\\/programas\\\/agrobiodiversidad\\\/\",\"name\":\"Agrobiodiversidad - Fundaci\u00f3n PROINPA\",\"isPartOf\":{\"@id\":\"https:\\\/\\\/www.proinpa.org\\\/web\\\/#website\"},\"primaryImageOfPage\":{\"@id\":\"https:\\\/\\\/www.proinpa.org\\\/web\\\/programas\\\/agrobiodiversidad\\\/#primaryimage\"},\"image\":{\"@id\":\"https:\\\/\\\/www.proinpa.org\\\/web\\\/programas\\\/agrobiodiversidad\\\/#primaryimage\"},\"thumbnailUrl\":\"https:\\\/\\\/www.proinpa.org\\\/web\\\/wp-content\\\/uploads\\\/2023\\\/03\\\/Programa-Agrobiodiversidad-Titulo-WEB-2023-1024x229.jpg\",\"datePublished\":\"2019-08-17T23:41:23+00:00\",\"dateModified\":\"2024-02-15T13:05:41+00:00\",\"breadcrumb\":{\"@id\":\"https:\\\/\\\/www.proinpa.org\\\/web\\\/programas\\\/agrobiodiversidad\\\/#breadcrumb\"},\"inLanguage\":\"en-US\",\"potentialAction\":[{\"@type\":\"ReadAction\",\"target\":[\"https:\\\/\\\/www.proinpa.org\\\/web\\\/programas\\\/agrobiodiversidad\\\/\"]}]},{\"@type\":\"ImageObject\",\"inLanguage\":\"en-US\",\"@id\":\"https:\\\/\\\/www.proinpa.org\\\/web\\\/programas\\\/agrobiodiversidad\\\/#primaryimage\",\"url\":\"https:\\\/\\\/www.proinpa.org\\\/web\\\/wp-content\\\/uploads\\\/2023\\\/03\\\/Programa-Agrobiodiversidad-Titulo-WEB-2023-1024x229.jpg\",\"contentUrl\":\"https:\\\/\\\/www.proinpa.org\\\/web\\\/wp-content\\\/uploads\\\/2023\\\/03\\\/Programa-Agrobiodiversidad-Titulo-WEB-2023-1024x229.jpg\"},{\"@type\":\"BreadcrumbList\",\"@id\":\"https:\\\/\\\/www.proinpa.org\\\/web\\\/programas\\\/agrobiodiversidad\\\/#breadcrumb\",\"itemListElement\":[{\"@type\":\"ListItem\",\"position\":1,\"name\":\"Portada\",\"item\":\"https:\\\/\\\/www.proinpa.org\\\/web\\\/\"},{\"@type\":\"ListItem\",\"position\":2,\"name\":\"Programas\",\"item\":\"https:\\\/\\\/www.proinpa.org\\\/web\\\/programas\\\/\"},{\"@type\":\"ListItem\",\"position\":3,\"name\":\"Agrobiodiversidad\"}]},{\"@type\":\"WebSite\",\"@id\":\"https:\\\/\\\/www.proinpa.org\\\/web\\\/#website\",\"url\":\"https:\\\/\\\/www.proinpa.org\\\/web\\\/\",\"name\":\"Fundaci\u00f3n PROINPA\",\"description\":\"Fundaci\u00f3n para la Promoci\u00f3n e Investigaci\u00f3n de Productos Andinos\",\"publisher\":{\"@id\":\"https:\\\/\\\/www.proinpa.org\\\/web\\\/#organization\"},\"potentialAction\":[{\"@type\":\"SearchAction\",\"target\":{\"@type\":\"EntryPoint\",\"urlTemplate\":\"https:\\\/\\\/www.proinpa.org\\\/web\\\/?s={search_term_string}\"},\"query-input\":{\"@type\":\"PropertyValueSpecification\",\"valueRequired\":true,\"valueName\":\"search_term_string\"}}],\"inLanguage\":\"en-US\"},{\"@type\":\"Organization\",\"@id\":\"https:\\\/\\\/www.proinpa.org\\\/web\\\/#organization\",\"name\":\"Fundaci\u00f3n Proinpa\",\"url\":\"https:\\\/\\\/www.proinpa.org\\\/web\\\/\",\"logo\":{\"@type\":\"ImageObject\",\"inLanguage\":\"en-US\",\"@id\":\"https:\\\/\\\/www.proinpa.org\\\/web\\\/#\\\/schema\\\/logo\\\/image\\\/\",\"url\":\"https:\\\/\\\/www.proinpa.org\\\/web\\\/wp-content\\\/uploads\\\/2019\\\/09\\\/logo_proinpa2.png\",\"contentUrl\":\"https:\\\/\\\/www.proinpa.org\\\/web\\\/wp-content\\\/uploads\\\/2019\\\/09\\\/logo_proinpa2.png\",\"width\":110,\"height\":85,\"caption\":\"Fundaci\u00f3n Proinpa\"},\"image\":{\"@id\":\"https:\\\/\\\/www.proinpa.org\\\/web\\\/#\\\/schema\\\/logo\\\/image\\\/\"},\"sameAs\":[\"https:\\\/\\\/www.facebook.com\\\/PROINPA\\\/\",\"https:\\\/\\\/www.youtube.com\\\/user\\\/FundacionPROINPA\"]}]}<\/script>\n<!-- \/ Yoast SEO plugin. -->","yoast_head_json":{"title":"Agrobiodiversity - PROINPA Foundation","robots":{"index":"index","follow":"follow","max-snippet":"max-snippet:-1","max-image-preview":"max-image-preview:large","max-video-preview":"max-video-preview:-1"},"canonical":"https:\/\/www.proinpa.org\/web\/en\/programas\/agrobiodiversidad\/","og_locale":"en_US","og_type":"article","og_title":"Agrobiodiversidad - Fundaci\u00f3n PROINPA","og_description":"Se promueve la conservaci\u00f3n y gesti\u00f3n sostenible de recursos gen\u00e9ticos en centros de agrobiodiversidad en Bolivia. Se trabaja con un enfoque de seguridad alimentaria, resiliencia al cambio clim\u00e1tico y acceso al mercado. Principalmente, se exploran oportunidades de mercados de \u201cespecialidad\u201d en base a los productos con potencial que ofrece la agrobiodiversidad, particularmente nativa de Bolivia.&hellip;&nbsp;Read More &raquo;Agrobiodiversidad","og_url":"https:\/\/www.proinpa.org\/web\/en\/programas\/agrobiodiversidad\/","og_site_name":"Fundaci\u00f3n PROINPA","article_publisher":"https:\/\/www.facebook.com\/PROINPA\/","article_modified_time":"2024-02-15T13:05:41+00:00","og_image":[{"url":"https:\/\/www.proinpa.org\/web\/wp-content\/uploads\/2023\/03\/Programa-Agrobiodiversidad-Titulo-WEB-2023-1024x229.jpg","type":"","width":"","height":""}],"twitter_card":"summary_large_image","twitter_misc":{"Est. reading time":"1 minute"},"schema":{"@context":"https:\/\/schema.org","@graph":[{"@type":"WebPage","@id":"https:\/\/www.proinpa.org\/web\/programas\/agrobiodiversidad\/","url":"https:\/\/www.proinpa.org\/web\/programas\/agrobiodiversidad\/","name":"Agrobiodiversity - PROINPA Foundation","isPartOf":{"@id":"https:\/\/www.proinpa.org\/web\/#website"},"primaryImageOfPage":{"@id":"https:\/\/www.proinpa.org\/web\/programas\/agrobiodiversidad\/#primaryimage"},"image":{"@id":"https:\/\/www.proinpa.org\/web\/programas\/agrobiodiversidad\/#primaryimage"},"thumbnailUrl":"https:\/\/www.proinpa.org\/web\/wp-content\/uploads\/2023\/03\/Programa-Agrobiodiversidad-Titulo-WEB-2023-1024x229.jpg","datePublished":"2019-08-17T23:41:23+00:00","dateModified":"2024-02-15T13:05:41+00:00","breadcrumb":{"@id":"https:\/\/www.proinpa.org\/web\/programas\/agrobiodiversidad\/#breadcrumb"},"inLanguage":"en-US","potentialAction":[{"@type":"ReadAction","target":["https:\/\/www.proinpa.org\/web\/programas\/agrobiodiversidad\/"]}]},{"@type":"ImageObject","inLanguage":"en-US","@id":"https:\/\/www.proinpa.org\/web\/programas\/agrobiodiversidad\/#primaryimage","url":"https:\/\/www.proinpa.org\/web\/wp-content\/uploads\/2023\/03\/Programa-Agrobiodiversidad-Titulo-WEB-2023-1024x229.jpg","contentUrl":"https:\/\/www.proinpa.org\/web\/wp-content\/uploads\/2023\/03\/Programa-Agrobiodiversidad-Titulo-WEB-2023-1024x229.jpg"},{"@type":"BreadcrumbList","@id":"https:\/\/www.proinpa.org\/web\/programas\/agrobiodiversidad\/#breadcrumb","itemListElement":[{"@type":"ListItem","position":1,"name":"Portada","item":"https:\/\/www.proinpa.org\/web\/"},{"@type":"ListItem","position":2,"name":"Programas","item":"https:\/\/www.proinpa.org\/web\/programas\/"},{"@type":"ListItem","position":3,"name":"Agrobiodiversidad"}]},{"@type":"WebSite","@id":"https:\/\/www.proinpa.org\/web\/#website","url":"https:\/\/www.proinpa.org\/web\/","name":"PROINPA Foundation","description":"Foundation for the Promotion and Research of Andean Products","publisher":{"@id":"https:\/\/www.proinpa.org\/web\/#organization"},"potentialAction":[{"@type":"SearchAction","target":{"@type":"EntryPoint","urlTemplate":"https:\/\/www.proinpa.org\/web\/?s={search_term_string}"},"query-input":{"@type":"PropertyValueSpecification","valueRequired":true,"valueName":"search_term_string"}}],"inLanguage":"en-US"},{"@type":"Organization","@id":"https:\/\/www.proinpa.org\/web\/#organization","name":"Proinpa Foundation","url":"https:\/\/www.proinpa.org\/web\/","logo":{"@type":"ImageObject","inLanguage":"en-US","@id":"https:\/\/www.proinpa.org\/web\/#\/schema\/logo\/image\/","url":"https:\/\/www.proinpa.org\/web\/wp-content\/uploads\/2019\/09\/logo_proinpa2.png","contentUrl":"https:\/\/www.proinpa.org\/web\/wp-content\/uploads\/2019\/09\/logo_proinpa2.png","width":110,"height":85,"caption":"Fundaci\u00f3n Proinpa"},"image":{"@id":"https:\/\/www.proinpa.org\/web\/#\/schema\/logo\/image\/"},"sameAs":["https:\/\/www.facebook.com\/PROINPA\/","https:\/\/www.youtube.com\/user\/FundacionPROINPA"]}]}},"_links":{"self":[{"href":"https:\/\/www.proinpa.org\/web\/en\/wp-json\/wp\/v2\/pages\/630","targetHints":{"allow":["GET"]}}],"collection":[{"href":"https:\/\/www.proinpa.org\/web\/en\/wp-json\/wp\/v2\/pages"}],"about":[{"href":"https:\/\/www.proinpa.org\/web\/en\/wp-json\/wp\/v2\/types\/page"}],"author":[{"embeddable":true,"href":"https:\/\/www.proinpa.org\/web\/en\/wp-json\/wp\/v2\/users\/1"}],"replies":[{"embeddable":true,"href":"https:\/\/www.proinpa.org\/web\/en\/wp-json\/wp\/v2\/comments?post=630"}],"version-history":[{"count":71,"href":"https:\/\/www.proinpa.org\/web\/en\/wp-json\/wp\/v2\/pages\/630\/revisions"}],"predecessor-version":[{"id":4863,"href":"https:\/\/www.proinpa.org\/web\/en\/wp-json\/wp\/v2\/pages\/630\/revisions\/4863"}],"up":[{"embeddable":true,"href":"https:\/\/www.proinpa.org\/web\/en\/wp-json\/wp\/v2\/pages\/3828"}],"wp:attachment":[{"href":"https:\/\/www.proinpa.org\/web\/en\/wp-json\/wp\/v2\/media?parent=630"}],"curies":[{"name":"wp","href":"https:\/\/api.w.org\/{rel}","templated":true}]}}