{"id":771,"date":"2019-09-11T22:38:43","date_gmt":"2019-09-11T20:38:43","guid":{"rendered":"http:\/\/www.proinpa.org\/web\/?page_id=771"},"modified":"2024-01-17T12:08:04","modified_gmt":"2024-01-17T16:08:04","slug":"valores-y-principios","status":"publish","type":"page","link":"https:\/\/www.proinpa.org\/web\/en\/valores-y-principios\/","title":{"rendered":"Values and principles"},"content":{"rendered":"<div data-elementor-type=\"wp-page\" data-elementor-id=\"771\" class=\"elementor elementor-771\">\n\t\t\t\t\t\t<section class=\"elementor-section elementor-top-section elementor-element elementor-element-438ed15 elementor-section-full_width elementor-section-height-default elementor-section-height-default\" data-id=\"438ed15\" data-element_type=\"section\" data-e-type=\"section\" data-settings=\"{&quot;background_background&quot;:&quot;classic&quot;}\">\n\t\t\t\t\t\t<div class=\"elementor-container elementor-column-gap-default\">\n\t\t\t\t\t<div class=\"elementor-column elementor-col-100 elementor-top-column elementor-element elementor-element-cfdaca9\" data-id=\"cfdaca9\" data-element_type=\"column\" data-e-type=\"column\">\n\t\t\t<div class=\"elementor-widget-wrap\">\n\t\t\t\t\t\t\t<\/div>\n\t\t<\/div>\n\t\t\t\t\t<\/div>\n\t\t<\/section>\n\t\t\t\t<section class=\"elementor-section elementor-top-section elementor-element elementor-element-0e9a205 elementor-section-boxed elementor-section-height-default elementor-section-height-default\" data-id=\"0e9a205\" data-element_type=\"section\" data-e-type=\"section\" data-settings=\"{&quot;background_background&quot;:&quot;classic&quot;}\">\n\t\t\t\t\t\t<div class=\"elementor-container elementor-column-gap-wider\">\n\t\t\t\t\t<div class=\"elementor-column elementor-col-100 elementor-top-column elementor-element elementor-element-c1f0944\" data-id=\"c1f0944\" data-element_type=\"column\" data-e-type=\"column\">\n\t\t\t<div class=\"elementor-widget-wrap elementor-element-populated\">\n\t\t\t\t\t\t<div class=\"elementor-element elementor-element-1b0e4a3 elementor-widget elementor-widget-heading\" data-id=\"1b0e4a3\" data-element_type=\"widget\" data-e-type=\"widget\" data-widget_type=\"heading.default\">\n\t\t\t\t<div class=\"elementor-widget-container\">\n\t\t\t\t\t<h3 class=\"elementor-heading-title elementor-size-default\">Values and principles<\/h3>\t\t\t\t<\/div>\n\t\t\t\t<\/div>\n\t\t\t\t<div class=\"elementor-element elementor-element-f16b1ee elementor-widget elementor-widget-text-editor\" data-id=\"f16b1ee\" data-element_type=\"widget\" data-e-type=\"widget\" data-widget_type=\"text-editor.default\">\n\t\t\t\t<div class=\"elementor-widget-container\">\n\t\t\t\t\t\t\t\t\t<p><strong>Respect and empowerment:<\/strong> to local knowledge, to the knowledge of partners and allies, to national policies. We treat each of the actors who are involved with us with dignity and respect, which is why we value and take into account their opinions, demands and decisions. We work to empower farmers, microentrepreneurs and young professionals for effective decision making. We provide opportunities and motivation to all the talents who work in our organization.<\/p><p><strong>Alliances:<\/strong> We do not seek to do everything ourselves, we promote and participate in municipal, regional, national and international forums for agreement.<\/p><p><b>Integrity and transparency:<\/b> We act consistently and consistent with our mission. We are honest and transparent in what we think, do and decide. We accept responsibility for our collective and individual actions, whether they lead to success or failure. Strict adherence to labor laws.<\/p><p><b>Orientation to impact, Excellence and efficiency:<\/b> PROINPA&#039;s activities are impact-oriented and respond to the explicit and implicit demand of society; these activities are monitored and evaluated for their social and environmental impact. The research carried out is objective and transparent.<\/p><p><b>Respect for the environment and natural resources:<\/b> We generate technological proposals taking into account economic and ecological aspects so as not to harm the environment in agro-ecosystems, we seek alternative uses for Genetic Resources to conserve cultivated biodiversity in their places of origin and we manage Natural Resources in a sustainable manner.<\/p>\t\t\t\t\t\t\t\t<\/div>\n\t\t\t\t<\/div>\n\t\t\t\t\t<\/div>\n\t\t<\/div>\n\t\t\t\t\t<\/div>\n\t\t<\/section>\n\t\t\t\t<\/div>","protected":false},"excerpt":{"rendered":"<p>Values and Principles: Respect and empowerment: for local knowledge, for the knowledge of partners and allies, for national policies. We treat each of the stakeholders who engage with us with dignity and respect for what we value, and we take their opinions, demands, and decisions into account. We work to empower farmers, microentrepreneurs, and more.&nbsp;<a href=\"https:\/\/www.proinpa.org\/web\/en\/valores-y-principios\/\" rel=\"bookmark\">Read More \u00bb<span class=\"screen-reader-text\">Values and principles<\/span><\/a><\/p>","protected":false},"author":1,"featured_media":0,"parent":0,"menu_order":0,"comment_status":"closed","ping_status":"closed","template":"page-templates\/template_page-builder.php","meta":{"neve_meta_sidebar":"","neve_meta_container":"","neve_meta_enable_content_width":"","neve_meta_content_width":0,"neve_meta_title_alignment":"","neve_meta_author_avatar":"","neve_post_elements_order":"","neve_meta_disable_header":"","neve_meta_disable_footer":"","neve_meta_disable_title":"","footnotes":""},"class_list":["post-771","page","type-page","status-publish","hentry"],"yoast_head":"<!-- This site is optimized with the Yoast SEO plugin v27.3 - https:\/\/yoast.com\/product\/yoast-seo-wordpress\/ -->\n<title>Valores y Principios - Fundaci\u00f3n PROINPA<\/title>\n<meta name=\"robots\" content=\"index, follow, max-snippet:-1, max-image-preview:large, max-video-preview:-1\" \/>\n<link rel=\"canonical\" href=\"https:\/\/www.proinpa.org\/web\/en\/valores-y-principios\/\" \/>\n<meta property=\"og:locale\" content=\"en_US\" \/>\n<meta property=\"og:type\" content=\"article\" \/>\n<meta property=\"og:title\" content=\"Valores y Principios - Fundaci\u00f3n PROINPA\" \/>\n<meta property=\"og:description\" content=\"Valores y Principios Respeto y empoderamiento: al saber local, al saber de socios y aliados, a las pol\u00edticas nacionales. Tratamos a cada uno de los actores que se involucran con nosotros con dignidad y respeto por lo que valoramos y tomamos en cuenta sus opiniones demandas y decisiones. Trabajamos para el empoderamiento de agricultores, microempresarios&hellip;&nbsp;Read More &raquo;Valores y Principios\" \/>\n<meta property=\"og:url\" content=\"https:\/\/www.proinpa.org\/web\/en\/valores-y-principios\/\" \/>\n<meta property=\"og:site_name\" content=\"Fundaci\u00f3n PROINPA\" \/>\n<meta property=\"article:publisher\" content=\"https:\/\/www.facebook.com\/PROINPA\/\" \/>\n<meta property=\"article:modified_time\" content=\"2024-01-17T16:08:04+00:00\" \/>\n<meta name=\"twitter:card\" content=\"summary_large_image\" \/>\n<meta name=\"twitter:label1\" content=\"Est. reading time\" \/>\n\t<meta name=\"twitter:data1\" content=\"1 minute\" \/>\n<script type=\"application\/ld+json\" class=\"yoast-schema-graph\">{\"@context\":\"https:\\\/\\\/schema.org\",\"@graph\":[{\"@type\":\"WebPage\",\"@id\":\"https:\\\/\\\/www.proinpa.org\\\/web\\\/valores-y-principios\\\/\",\"url\":\"https:\\\/\\\/www.proinpa.org\\\/web\\\/valores-y-principios\\\/\",\"name\":\"Valores y Principios - Fundaci\u00f3n PROINPA\",\"isPartOf\":{\"@id\":\"https:\\\/\\\/www.proinpa.org\\\/web\\\/#website\"},\"datePublished\":\"2019-09-11T20:38:43+00:00\",\"dateModified\":\"2024-01-17T16:08:04+00:00\",\"breadcrumb\":{\"@id\":\"https:\\\/\\\/www.proinpa.org\\\/web\\\/valores-y-principios\\\/#breadcrumb\"},\"inLanguage\":\"en-US\",\"potentialAction\":[{\"@type\":\"ReadAction\",\"target\":[\"https:\\\/\\\/www.proinpa.org\\\/web\\\/valores-y-principios\\\/\"]}]},{\"@type\":\"BreadcrumbList\",\"@id\":\"https:\\\/\\\/www.proinpa.org\\\/web\\\/valores-y-principios\\\/#breadcrumb\",\"itemListElement\":[{\"@type\":\"ListItem\",\"position\":1,\"name\":\"Portada\",\"item\":\"https:\\\/\\\/www.proinpa.org\\\/web\\\/\"},{\"@type\":\"ListItem\",\"position\":2,\"name\":\"Valores y Principios\"}]},{\"@type\":\"WebSite\",\"@id\":\"https:\\\/\\\/www.proinpa.org\\\/web\\\/#website\",\"url\":\"https:\\\/\\\/www.proinpa.org\\\/web\\\/\",\"name\":\"Fundaci\u00f3n PROINPA\",\"description\":\"Fundaci\u00f3n para la Promoci\u00f3n e Investigaci\u00f3n de Productos Andinos\",\"publisher\":{\"@id\":\"https:\\\/\\\/www.proinpa.org\\\/web\\\/#organization\"},\"potentialAction\":[{\"@type\":\"SearchAction\",\"target\":{\"@type\":\"EntryPoint\",\"urlTemplate\":\"https:\\\/\\\/www.proinpa.org\\\/web\\\/?s={search_term_string}\"},\"query-input\":{\"@type\":\"PropertyValueSpecification\",\"valueRequired\":true,\"valueName\":\"search_term_string\"}}],\"inLanguage\":\"en-US\"},{\"@type\":\"Organization\",\"@id\":\"https:\\\/\\\/www.proinpa.org\\\/web\\\/#organization\",\"name\":\"Fundaci\u00f3n Proinpa\",\"url\":\"https:\\\/\\\/www.proinpa.org\\\/web\\\/\",\"logo\":{\"@type\":\"ImageObject\",\"inLanguage\":\"en-US\",\"@id\":\"https:\\\/\\\/www.proinpa.org\\\/web\\\/#\\\/schema\\\/logo\\\/image\\\/\",\"url\":\"https:\\\/\\\/www.proinpa.org\\\/web\\\/wp-content\\\/uploads\\\/2019\\\/09\\\/logo_proinpa2.png\",\"contentUrl\":\"https:\\\/\\\/www.proinpa.org\\\/web\\\/wp-content\\\/uploads\\\/2019\\\/09\\\/logo_proinpa2.png\",\"width\":110,\"height\":85,\"caption\":\"Fundaci\u00f3n Proinpa\"},\"image\":{\"@id\":\"https:\\\/\\\/www.proinpa.org\\\/web\\\/#\\\/schema\\\/logo\\\/image\\\/\"},\"sameAs\":[\"https:\\\/\\\/www.facebook.com\\\/PROINPA\\\/\",\"https:\\\/\\\/www.youtube.com\\\/user\\\/FundacionPROINPA\"]}]}<\/script>\n<!-- \/ Yoast SEO plugin. -->","yoast_head_json":{"title":"Valores y Principios - Fundaci\u00f3n PROINPA","robots":{"index":"index","follow":"follow","max-snippet":"max-snippet:-1","max-image-preview":"max-image-preview:large","max-video-preview":"max-video-preview:-1"},"canonical":"https:\/\/www.proinpa.org\/web\/en\/valores-y-principios\/","og_locale":"en_US","og_type":"article","og_title":"Valores y Principios - Fundaci\u00f3n PROINPA","og_description":"Valores y Principios Respeto y empoderamiento: al saber local, al saber de socios y aliados, a las pol\u00edticas nacionales. Tratamos a cada uno de los actores que se involucran con nosotros con dignidad y respeto por lo que valoramos y tomamos en cuenta sus opiniones demandas y decisiones. Trabajamos para el empoderamiento de agricultores, microempresarios&hellip;&nbsp;Read More &raquo;Valores y Principios","og_url":"https:\/\/www.proinpa.org\/web\/en\/valores-y-principios\/","og_site_name":"Fundaci\u00f3n PROINPA","article_publisher":"https:\/\/www.facebook.com\/PROINPA\/","article_modified_time":"2024-01-17T16:08:04+00:00","twitter_card":"summary_large_image","twitter_misc":{"Est. reading time":"1 minute"},"schema":{"@context":"https:\/\/schema.org","@graph":[{"@type":"WebPage","@id":"https:\/\/www.proinpa.org\/web\/valores-y-principios\/","url":"https:\/\/www.proinpa.org\/web\/valores-y-principios\/","name":"Valores y Principios - Fundaci\u00f3n PROINPA","isPartOf":{"@id":"https:\/\/www.proinpa.org\/web\/#website"},"datePublished":"2019-09-11T20:38:43+00:00","dateModified":"2024-01-17T16:08:04+00:00","breadcrumb":{"@id":"https:\/\/www.proinpa.org\/web\/valores-y-principios\/#breadcrumb"},"inLanguage":"en-US","potentialAction":[{"@type":"ReadAction","target":["https:\/\/www.proinpa.org\/web\/valores-y-principios\/"]}]},{"@type":"BreadcrumbList","@id":"https:\/\/www.proinpa.org\/web\/valores-y-principios\/#breadcrumb","itemListElement":[{"@type":"ListItem","position":1,"name":"Portada","item":"https:\/\/www.proinpa.org\/web\/"},{"@type":"ListItem","position":2,"name":"Valores y Principios"}]},{"@type":"WebSite","@id":"https:\/\/www.proinpa.org\/web\/#website","url":"https:\/\/www.proinpa.org\/web\/","name":"PROINPA Foundation","description":"Foundation for the Promotion and Research of Andean Products","publisher":{"@id":"https:\/\/www.proinpa.org\/web\/#organization"},"potentialAction":[{"@type":"SearchAction","target":{"@type":"EntryPoint","urlTemplate":"https:\/\/www.proinpa.org\/web\/?s={search_term_string}"},"query-input":{"@type":"PropertyValueSpecification","valueRequired":true,"valueName":"search_term_string"}}],"inLanguage":"en-US"},{"@type":"Organization","@id":"https:\/\/www.proinpa.org\/web\/#organization","name":"Proinpa Foundation","url":"https:\/\/www.proinpa.org\/web\/","logo":{"@type":"ImageObject","inLanguage":"en-US","@id":"https:\/\/www.proinpa.org\/web\/#\/schema\/logo\/image\/","url":"https:\/\/www.proinpa.org\/web\/wp-content\/uploads\/2019\/09\/logo_proinpa2.png","contentUrl":"https:\/\/www.proinpa.org\/web\/wp-content\/uploads\/2019\/09\/logo_proinpa2.png","width":110,"height":85,"caption":"Fundaci\u00f3n Proinpa"},"image":{"@id":"https:\/\/www.proinpa.org\/web\/#\/schema\/logo\/image\/"},"sameAs":["https:\/\/www.facebook.com\/PROINPA\/","https:\/\/www.youtube.com\/user\/FundacionPROINPA"]}]}},"_links":{"self":[{"href":"https:\/\/www.proinpa.org\/web\/en\/wp-json\/wp\/v2\/pages\/771","targetHints":{"allow":["GET"]}}],"collection":[{"href":"https:\/\/www.proinpa.org\/web\/en\/wp-json\/wp\/v2\/pages"}],"about":[{"href":"https:\/\/www.proinpa.org\/web\/en\/wp-json\/wp\/v2\/types\/page"}],"author":[{"embeddable":true,"href":"https:\/\/www.proinpa.org\/web\/en\/wp-json\/wp\/v2\/users\/1"}],"replies":[{"embeddable":true,"href":"https:\/\/www.proinpa.org\/web\/en\/wp-json\/wp\/v2\/comments?post=771"}],"version-history":[{"count":8,"href":"https:\/\/www.proinpa.org\/web\/en\/wp-json\/wp\/v2\/pages\/771\/revisions"}],"predecessor-version":[{"id":4524,"href":"https:\/\/www.proinpa.org\/web\/en\/wp-json\/wp\/v2\/pages\/771\/revisions\/4524"}],"wp:attachment":[{"href":"https:\/\/www.proinpa.org\/web\/en\/wp-json\/wp\/v2\/media?parent=771"}],"curies":[{"name":"wp","href":"https:\/\/api.w.org\/{rel}","templated":true}]}}