{"id":1705,"date":"2020-06-03T11:40:48","date_gmt":"2020-06-03T15:40:48","guid":{"rendered":"http:\/\/www.proinpa.org\/web\/?page_id=1705"},"modified":"2023-04-28T10:57:49","modified_gmt":"2023-04-28T14:57:49","slug":"canahua","status":"publish","type":"page","link":"https:\/\/www.proinpa.org\/web\/biblioteca-virtual\/granos-y-cereales-andinos\/canahua\/","title":{"rendered":"Ca\u00f1ahua"},"content":{"rendered":"\t\t<div data-elementor-type=\"wp-page\" data-elementor-id=\"1705\" class=\"elementor elementor-1705\">\n\t\t\t\t\t\t<section class=\"elementor-section elementor-top-section elementor-element elementor-element-01cb552 elementor-section-boxed elementor-section-height-default elementor-section-height-default\" data-id=\"01cb552\" data-element_type=\"section\" data-e-type=\"section\">\n\t\t\t\t\t\t<div class=\"elementor-container elementor-column-gap-default\">\n\t\t\t\t\t<div class=\"elementor-column elementor-col-100 elementor-top-column elementor-element elementor-element-7cea2ad\" data-id=\"7cea2ad\" data-element_type=\"column\" data-e-type=\"column\">\n\t\t\t<div class=\"elementor-widget-wrap\">\n\t\t\t\t\t\t\t<\/div>\n\t\t<\/div>\n\t\t\t\t\t<\/div>\n\t\t<\/section>\n\t\t\t\t<section class=\"elementor-section elementor-top-section elementor-element elementor-element-20da57c elementor-section-boxed elementor-section-height-default elementor-section-height-default\" data-id=\"20da57c\" data-element_type=\"section\" data-e-type=\"section\">\n\t\t\t\t\t\t<div class=\"elementor-container elementor-column-gap-default\">\n\t\t\t\t\t<div class=\"elementor-column elementor-col-25 elementor-top-column elementor-element elementor-element-91e7ac1\" data-id=\"91e7ac1\" data-element_type=\"column\" data-e-type=\"column\">\n\t\t\t<div class=\"elementor-widget-wrap elementor-element-populated\">\n\t\t\t\t\t\t<div class=\"elementor-element elementor-element-adbda63 elementor-widget elementor-widget-image\" data-id=\"adbda63\" data-element_type=\"widget\" data-e-type=\"widget\" data-widget_type=\"image.default\">\n\t\t\t\t<div class=\"elementor-widget-container\">\n\t\t\t\t\t\t\t\t\t\t\t\t\t\t\t<img fetchpriority=\"high\" decoding=\"async\" width=\"352\" height=\"429\" src=\"https:\/\/www.proinpa.org\/web\/wp-content\/uploads\/2020\/06\/Ca\u00f1ahua-Preparacion-del-terreno-y-siembra.jpg\" class=\"attachment-large size-large wp-image-1710\" alt=\"\" srcset=\"https:\/\/www.proinpa.org\/web\/wp-content\/uploads\/2020\/06\/Ca\u00f1ahua-Preparacion-del-terreno-y-siembra.jpg 352w, https:\/\/www.proinpa.org\/web\/wp-content\/uploads\/2020\/06\/Ca\u00f1ahua-Preparacion-del-terreno-y-siembra-246x300.jpg 246w\" sizes=\"(max-width: 352px) 100vw, 352px\" \/>\t\t\t\t\t\t\t\t\t\t\t\t\t\t\t<\/div>\n\t\t\t\t<\/div>\n\t\t\t\t<div class=\"elementor-element elementor-element-5ceef2c elementor-widget elementor-widget-text-editor\" data-id=\"5ceef2c\" data-element_type=\"widget\" data-e-type=\"widget\" data-widget_type=\"text-editor.default\">\n\t\t\t\t<div class=\"elementor-widget-container\">\n\t\t\t\t\t\t\t\t\t<p><strong>Ca\u00f1ahua &#8211; Preparacion del terreno y siembra.<\/strong><\/p>\t\t\t\t\t\t\t\t<\/div>\n\t\t\t\t<\/div>\n\t\t\t\t<div class=\"elementor-element elementor-element-fe47001 elementor-button-success elementor-align-right elementor-widget elementor-widget-button\" data-id=\"fe47001\" data-element_type=\"widget\" data-e-type=\"widget\" data-widget_type=\"button.default\">\n\t\t\t\t<div class=\"elementor-widget-container\">\n\t\t\t\t\t\t\t\t\t<div class=\"elementor-button-wrapper\">\n\t\t\t\t\t<a class=\"elementor-button elementor-button-link elementor-size-sm\" href=\"https:\/\/www.proinpa.org\/web\/pdf\/Granos%20y%20cereales%20andinos\/Canahua\/Canahua%20-%20Preparacion%20del%20terreno%20y%20siembra.pdf\" target=\"_blank\">\n\t\t\t\t\t\t<span class=\"elementor-button-content-wrapper\">\n\t\t\t\t\t\t<span class=\"elementor-button-icon\">\n\t\t\t\t<i aria-hidden=\"true\" class=\"far fa-file-pdf\"><\/i>\t\t\t<\/span>\n\t\t\t\t\t\t\t\t\t<span class=\"elementor-button-text\">Descargar<\/span>\n\t\t\t\t\t<\/span>\n\t\t\t\t\t<\/a>\n\t\t\t\t<\/div>\n\t\t\t\t\t\t\t\t<\/div>\n\t\t\t\t<\/div>\n\t\t\t\t\t<\/div>\n\t\t<\/div>\n\t\t\t\t<div class=\"elementor-column elementor-col-25 elementor-top-column elementor-element elementor-element-a13e240\" data-id=\"a13e240\" data-element_type=\"column\" data-e-type=\"column\">\n\t\t\t<div class=\"elementor-widget-wrap elementor-element-populated\">\n\t\t\t\t\t\t<div class=\"elementor-element elementor-element-95af079 elementor-widget elementor-widget-image\" data-id=\"95af079\" data-element_type=\"widget\" data-e-type=\"widget\" data-widget_type=\"image.default\">\n\t\t\t\t<div class=\"elementor-widget-container\">\n\t\t\t\t\t\t\t\t\t\t\t\t\t\t\t<img decoding=\"async\" width=\"354\" height=\"441\" src=\"https:\/\/www.proinpa.org\/web\/wp-content\/uploads\/2020\/06\/Ca\u00f1ahua-Labores-de-cultivo-control-de-insectos-y-enfermedades.jpg\" class=\"attachment-large size-large wp-image-1709\" alt=\"\" srcset=\"https:\/\/www.proinpa.org\/web\/wp-content\/uploads\/2020\/06\/Ca\u00f1ahua-Labores-de-cultivo-control-de-insectos-y-enfermedades.jpg 354w, https:\/\/www.proinpa.org\/web\/wp-content\/uploads\/2020\/06\/Ca\u00f1ahua-Labores-de-cultivo-control-de-insectos-y-enfermedades-241x300.jpg 241w\" sizes=\"(max-width: 354px) 100vw, 354px\" \/>\t\t\t\t\t\t\t\t\t\t\t\t\t\t\t<\/div>\n\t\t\t\t<\/div>\n\t\t\t\t<div class=\"elementor-element elementor-element-89532d7 elementor-widget elementor-widget-text-editor\" data-id=\"89532d7\" data-element_type=\"widget\" data-e-type=\"widget\" data-widget_type=\"text-editor.default\">\n\t\t\t\t<div class=\"elementor-widget-container\">\n\t\t\t\t\t\t\t\t\t<p><strong>Ca\u00f1ahua &#8211; Labores de cultivo, control de insectos y enfermedades.<\/strong><\/p>\t\t\t\t\t\t\t\t<\/div>\n\t\t\t\t<\/div>\n\t\t\t\t<div class=\"elementor-element elementor-element-91eff51 elementor-button-success elementor-align-right elementor-widget elementor-widget-button\" data-id=\"91eff51\" data-element_type=\"widget\" data-e-type=\"widget\" data-widget_type=\"button.default\">\n\t\t\t\t<div class=\"elementor-widget-container\">\n\t\t\t\t\t\t\t\t\t<div class=\"elementor-button-wrapper\">\n\t\t\t\t\t<a class=\"elementor-button elementor-button-link elementor-size-sm\" href=\"https:\/\/www.proinpa.org\/web\/pdf\/Granos%20y%20cereales%20andinos\/Canahua\/Canahua%20-%20Labores%20de%20cultivo,%20control%20de%20insectos%20y%20enfermedades.pdf\" target=\"_blank\">\n\t\t\t\t\t\t<span class=\"elementor-button-content-wrapper\">\n\t\t\t\t\t\t<span class=\"elementor-button-icon\">\n\t\t\t\t<i aria-hidden=\"true\" class=\"far fa-file-pdf\"><\/i>\t\t\t<\/span>\n\t\t\t\t\t\t\t\t\t<span class=\"elementor-button-text\">Descargar<\/span>\n\t\t\t\t\t<\/span>\n\t\t\t\t\t<\/a>\n\t\t\t\t<\/div>\n\t\t\t\t\t\t\t\t<\/div>\n\t\t\t\t<\/div>\n\t\t\t\t\t<\/div>\n\t\t<\/div>\n\t\t\t\t<div class=\"elementor-column elementor-col-25 elementor-top-column elementor-element elementor-element-a4d4697\" data-id=\"a4d4697\" data-element_type=\"column\" data-e-type=\"column\">\n\t\t\t<div class=\"elementor-widget-wrap elementor-element-populated\">\n\t\t\t\t\t\t<div class=\"elementor-element elementor-element-6c36d2b elementor-widget elementor-widget-image\" data-id=\"6c36d2b\" data-element_type=\"widget\" data-e-type=\"widget\" data-widget_type=\"image.default\">\n\t\t\t\t<div class=\"elementor-widget-container\">\n\t\t\t\t\t\t\t\t\t\t\t\t\t\t\t<img decoding=\"async\" width=\"332\" height=\"424\" src=\"https:\/\/www.proinpa.org\/web\/wp-content\/uploads\/2020\/06\/Ca\u00f1ahua-Cosecha-poscosecha-y-seleccion-de-semilla.jpg\" class=\"attachment-large size-large wp-image-1708\" alt=\"\" srcset=\"https:\/\/www.proinpa.org\/web\/wp-content\/uploads\/2020\/06\/Ca\u00f1ahua-Cosecha-poscosecha-y-seleccion-de-semilla.jpg 332w, https:\/\/www.proinpa.org\/web\/wp-content\/uploads\/2020\/06\/Ca\u00f1ahua-Cosecha-poscosecha-y-seleccion-de-semilla-235x300.jpg 235w\" sizes=\"(max-width: 332px) 100vw, 332px\" \/>\t\t\t\t\t\t\t\t\t\t\t\t\t\t\t<\/div>\n\t\t\t\t<\/div>\n\t\t\t\t<div class=\"elementor-element elementor-element-a51dc4d elementor-widget elementor-widget-text-editor\" data-id=\"a51dc4d\" data-element_type=\"widget\" data-e-type=\"widget\" data-widget_type=\"text-editor.default\">\n\t\t\t\t<div class=\"elementor-widget-container\">\n\t\t\t\t\t\t\t\t\t<p><strong>Ca\u00f1ahua &#8211; Cosecha, poscosecha y seleccion de semilla.<\/strong><\/p>\t\t\t\t\t\t\t\t<\/div>\n\t\t\t\t<\/div>\n\t\t\t\t<div class=\"elementor-element elementor-element-c2efb01 elementor-button-success elementor-align-right elementor-widget elementor-widget-button\" data-id=\"c2efb01\" data-element_type=\"widget\" data-e-type=\"widget\" data-widget_type=\"button.default\">\n\t\t\t\t<div class=\"elementor-widget-container\">\n\t\t\t\t\t\t\t\t\t<div class=\"elementor-button-wrapper\">\n\t\t\t\t\t<a class=\"elementor-button elementor-button-link elementor-size-sm\" href=\"https:\/\/www.proinpa.org\/web\/pdf\/Granos%20y%20cereales%20andinos\/Canahua\/Canahua%20-%20Cosecha,%20poscosecha%20y%20seleccion%20de%20semilla.pdf\" target=\"_blank\">\n\t\t\t\t\t\t<span class=\"elementor-button-content-wrapper\">\n\t\t\t\t\t\t<span class=\"elementor-button-icon\">\n\t\t\t\t<i aria-hidden=\"true\" class=\"far fa-file-pdf\"><\/i>\t\t\t<\/span>\n\t\t\t\t\t\t\t\t\t<span class=\"elementor-button-text\">Descargar<\/span>\n\t\t\t\t\t<\/span>\n\t\t\t\t\t<\/a>\n\t\t\t\t<\/div>\n\t\t\t\t\t\t\t\t<\/div>\n\t\t\t\t<\/div>\n\t\t\t\t\t<\/div>\n\t\t<\/div>\n\t\t\t\t<div class=\"elementor-column elementor-col-25 elementor-top-column elementor-element elementor-element-f112fa7\" data-id=\"f112fa7\" data-element_type=\"column\" data-e-type=\"column\">\n\t\t\t<div class=\"elementor-widget-wrap elementor-element-populated\">\n\t\t\t\t\t\t<div class=\"elementor-element elementor-element-91cdafc elementor-widget elementor-widget-image\" data-id=\"91cdafc\" data-element_type=\"widget\" data-e-type=\"widget\" data-widget_type=\"image.default\">\n\t\t\t\t<div class=\"elementor-widget-container\">\n\t\t\t\t\t\t\t\t\t\t\t\t\t\t\t<img loading=\"lazy\" decoding=\"async\" width=\"416\" height=\"588\" src=\"https:\/\/www.proinpa.org\/web\/wp-content\/uploads\/2023\/04\/Comparison-of-the-Chemical-Composition-of-Six-Canihua-cultivars.jpg\" class=\"attachment-large size-large wp-image-4445\" alt=\"\" srcset=\"https:\/\/www.proinpa.org\/web\/wp-content\/uploads\/2023\/04\/Comparison-of-the-Chemical-Composition-of-Six-Canihua-cultivars.jpg 416w, https:\/\/www.proinpa.org\/web\/wp-content\/uploads\/2023\/04\/Comparison-of-the-Chemical-Composition-of-Six-Canihua-cultivars-212x300.jpg 212w, https:\/\/www.proinpa.org\/web\/wp-content\/uploads\/2023\/04\/Comparison-of-the-Chemical-Composition-of-Six-Canihua-cultivars-8x12.jpg 8w\" sizes=\"(max-width: 416px) 100vw, 416px\" \/>\t\t\t\t\t\t\t\t\t\t\t\t\t\t\t<\/div>\n\t\t\t\t<\/div>\n\t\t\t\t<div class=\"elementor-element elementor-element-2772f28 elementor-widget elementor-widget-text-editor\" data-id=\"2772f28\" data-element_type=\"widget\" data-e-type=\"widget\" data-widget_type=\"text-editor.default\">\n\t\t\t\t<div class=\"elementor-widget-container\">\n\t\t\t\t\t\t\t\t\t<p><strong>Comparison of the Chemical Composition of Six Canihua cultivars\u00a0<\/strong><\/p>\t\t\t\t\t\t\t\t<\/div>\n\t\t\t\t<\/div>\n\t\t\t\t<div class=\"elementor-element elementor-element-d468c6c elementor-button-success elementor-align-right elementor-widget elementor-widget-button\" data-id=\"d468c6c\" data-element_type=\"widget\" data-e-type=\"widget\" data-widget_type=\"button.default\">\n\t\t\t\t<div class=\"elementor-widget-container\">\n\t\t\t\t\t\t\t\t\t<div class=\"elementor-button-wrapper\">\n\t\t\t\t\t<a class=\"elementor-button elementor-button-link elementor-size-sm\" href=\"https:\/\/www.proinpa.org\/web\/pdf\/Granos%20y%20cereales%20andinos\/Canahua\/Comparison%20of%20the%20Chemical%20Composition%20of%20Six%20Canihua%20cultivars%202023.pdf\" target=\"_blank\">\n\t\t\t\t\t\t<span class=\"elementor-button-content-wrapper\">\n\t\t\t\t\t\t<span class=\"elementor-button-icon\">\n\t\t\t\t<i aria-hidden=\"true\" class=\"far fa-file-pdf\"><\/i>\t\t\t<\/span>\n\t\t\t\t\t\t\t\t\t<span class=\"elementor-button-text\">Descargar<\/span>\n\t\t\t\t\t<\/span>\n\t\t\t\t\t<\/a>\n\t\t\t\t<\/div>\n\t\t\t\t\t\t\t\t<\/div>\n\t\t\t\t<\/div>\n\t\t\t\t\t<\/div>\n\t\t<\/div>\n\t\t\t\t\t<\/div>\n\t\t<\/section>\n\t\t\t\t<section class=\"elementor-section elementor-top-section elementor-element elementor-element-50eaf7d elementor-section-boxed elementor-section-height-default elementor-section-height-default\" data-id=\"50eaf7d\" data-element_type=\"section\" data-e-type=\"section\">\n\t\t\t\t\t\t<div class=\"elementor-container elementor-column-gap-default\">\n\t\t\t\t\t<div class=\"elementor-column elementor-col-100 elementor-top-column elementor-element elementor-element-b6f182e\" data-id=\"b6f182e\" data-element_type=\"column\" data-e-type=\"column\">\n\t\t\t<div class=\"elementor-widget-wrap\">\n\t\t\t\t\t\t\t<\/div>\n\t\t<\/div>\n\t\t\t\t\t<\/div>\n\t\t<\/section>\n\t\t\t\t<section class=\"elementor-section elementor-top-section elementor-element elementor-element-95d7f53 elementor-section-boxed elementor-section-height-default elementor-section-height-default\" data-id=\"95d7f53\" data-element_type=\"section\" data-e-type=\"section\">\n\t\t\t\t\t\t<div class=\"elementor-container elementor-column-gap-default\">\n\t\t\t\t\t<div class=\"elementor-column elementor-col-100 elementor-top-column elementor-element elementor-element-2eda580\" data-id=\"2eda580\" data-element_type=\"column\" data-e-type=\"column\">\n\t\t\t<div class=\"elementor-widget-wrap elementor-element-populated\">\n\t\t\t\t\t\t<div class=\"elementor-element elementor-element-a7ec323 elementor-button-warning elementor-widget elementor-widget-button\" data-id=\"a7ec323\" data-element_type=\"widget\" data-e-type=\"widget\" data-widget_type=\"button.default\">\n\t\t\t\t<div class=\"elementor-widget-container\">\n\t\t\t\t\t\t\t\t\t<div class=\"elementor-button-wrapper\">\n\t\t\t\t\t<a class=\"elementor-button elementor-button-link elementor-size-sm\" href=\"https:\/\/www.proinpa.org\/web\/biblioteca-virtual\/granos-y-cereales-andinos\/\">\n\t\t\t\t\t\t<span class=\"elementor-button-content-wrapper\">\n\t\t\t\t\t\t\t\t\t<span class=\"elementor-button-text\">&lt; Retornar Granos y cereales andinos<\/span>\n\t\t\t\t\t<\/span>\n\t\t\t\t\t<\/a>\n\t\t\t\t<\/div>\n\t\t\t\t\t\t\t\t<\/div>\n\t\t\t\t<\/div>\n\t\t\t\t\t<\/div>\n\t\t<\/div>\n\t\t\t\t\t<\/div>\n\t\t<\/section>\n\t\t\t\t<\/div>\n\t\t","protected":false},"excerpt":{"rendered":"<p>Ca\u00f1ahua &#8211; Preparacion del terreno y siembra. Descargar Ca\u00f1ahua &#8211; Labores de cultivo, control de insectos y enfermedades. Descargar Ca\u00f1ahua &#8211; Cosecha, poscosecha y seleccion de semilla. Descargar Comparison of the Chemical Composition of Six Canihua cultivars\u00a0 Descargar < Retornar Granos y cereales andinos\n<\/p>\n","protected":false},"author":4,"featured_media":0,"parent":1666,"menu_order":0,"comment_status":"closed","ping_status":"closed","template":"page-templates\/template_fullwidth.php","meta":{"neve_meta_sidebar":"","neve_meta_container":"","neve_meta_enable_content_width":"","neve_meta_content_width":0,"neve_meta_title_alignment":"","neve_meta_author_avatar":"","neve_post_elements_order":"","neve_meta_disable_header":"","neve_meta_disable_footer":"","neve_meta_disable_title":"","footnotes":""},"class_list":["post-1705","page","type-page","status-publish","hentry"],"yoast_head":"<!-- This site is optimized with the Yoast SEO plugin v27.4 - https:\/\/yoast.com\/product\/yoast-seo-wordpress\/ -->\n<title>Ca\u00f1ahua - Fundaci\u00f3n PROINPA<\/title>\n<meta name=\"robots\" content=\"index, follow, max-snippet:-1, max-image-preview:large, max-video-preview:-1\" \/>\n<link rel=\"canonical\" href=\"https:\/\/www.proinpa.org\/web\/biblioteca-virtual\/granos-y-cereales-andinos\/canahua\/\" \/>\n<meta property=\"og:locale\" content=\"es_ES\" \/>\n<meta property=\"og:type\" content=\"article\" \/>\n<meta property=\"og:title\" content=\"Ca\u00f1ahua - Fundaci\u00f3n PROINPA\" \/>\n<meta property=\"og:description\" content=\"Ca\u00f1ahua &#8211; Preparacion del terreno y siembra. Descargar Ca\u00f1ahua &#8211; Labores de cultivo, control de insectos y enfermedades. Descargar Ca\u00f1ahua &#8211; Cosecha, poscosecha y seleccion de semilla. Descargar Comparison of the Chemical Composition of Six Canihua cultivars\u00a0 Descargar &lt; Retornar Granos y cereales andinos\" \/>\n<meta property=\"og:url\" content=\"https:\/\/www.proinpa.org\/web\/biblioteca-virtual\/granos-y-cereales-andinos\/canahua\/\" \/>\n<meta property=\"og:site_name\" content=\"Fundaci\u00f3n PROINPA\" \/>\n<meta property=\"article:publisher\" content=\"https:\/\/www.facebook.com\/PROINPA\/\" \/>\n<meta property=\"article:modified_time\" content=\"2023-04-28T14:57:49+00:00\" \/>\n<meta property=\"og:image\" content=\"https:\/\/www.proinpa.org\/web\/wp-content\/uploads\/2023\/04\/Comparison-of-the-Chemical-Composition-of-Six-Canihua-cultivars.jpg\" \/>\n<meta name=\"twitter:card\" content=\"summary_large_image\" \/>\n<meta name=\"twitter:label1\" content=\"Tiempo de lectura\" \/>\n\t<meta name=\"twitter:data1\" content=\"1 minuto\" \/>\n<script type=\"application\/ld+json\" class=\"yoast-schema-graph\">{\"@context\":\"https:\\\/\\\/schema.org\",\"@graph\":[{\"@type\":\"WebPage\",\"@id\":\"https:\\\/\\\/www.proinpa.org\\\/web\\\/biblioteca-virtual\\\/granos-y-cereales-andinos\\\/canahua\\\/\",\"url\":\"https:\\\/\\\/www.proinpa.org\\\/web\\\/biblioteca-virtual\\\/granos-y-cereales-andinos\\\/canahua\\\/\",\"name\":\"Ca\u00f1ahua - Fundaci\u00f3n PROINPA\",\"isPartOf\":{\"@id\":\"https:\\\/\\\/www.proinpa.org\\\/web\\\/#website\"},\"primaryImageOfPage\":{\"@id\":\"https:\\\/\\\/www.proinpa.org\\\/web\\\/biblioteca-virtual\\\/granos-y-cereales-andinos\\\/canahua\\\/#primaryimage\"},\"image\":{\"@id\":\"https:\\\/\\\/www.proinpa.org\\\/web\\\/biblioteca-virtual\\\/granos-y-cereales-andinos\\\/canahua\\\/#primaryimage\"},\"thumbnailUrl\":\"https:\\\/\\\/www.proinpa.org\\\/web\\\/wp-content\\\/uploads\\\/2023\\\/04\\\/Comparison-of-the-Chemical-Composition-of-Six-Canihua-cultivars.jpg\",\"datePublished\":\"2020-06-03T15:40:48+00:00\",\"dateModified\":\"2023-04-28T14:57:49+00:00\",\"breadcrumb\":{\"@id\":\"https:\\\/\\\/www.proinpa.org\\\/web\\\/biblioteca-virtual\\\/granos-y-cereales-andinos\\\/canahua\\\/#breadcrumb\"},\"inLanguage\":\"es\",\"potentialAction\":[{\"@type\":\"ReadAction\",\"target\":[\"https:\\\/\\\/www.proinpa.org\\\/web\\\/biblioteca-virtual\\\/granos-y-cereales-andinos\\\/canahua\\\/\"]}]},{\"@type\":\"ImageObject\",\"inLanguage\":\"es\",\"@id\":\"https:\\\/\\\/www.proinpa.org\\\/web\\\/biblioteca-virtual\\\/granos-y-cereales-andinos\\\/canahua\\\/#primaryimage\",\"url\":\"https:\\\/\\\/www.proinpa.org\\\/web\\\/wp-content\\\/uploads\\\/2023\\\/04\\\/Comparison-of-the-Chemical-Composition-of-Six-Canihua-cultivars.jpg\",\"contentUrl\":\"https:\\\/\\\/www.proinpa.org\\\/web\\\/wp-content\\\/uploads\\\/2023\\\/04\\\/Comparison-of-the-Chemical-Composition-of-Six-Canihua-cultivars.jpg\",\"width\":416,\"height\":588},{\"@type\":\"BreadcrumbList\",\"@id\":\"https:\\\/\\\/www.proinpa.org\\\/web\\\/biblioteca-virtual\\\/granos-y-cereales-andinos\\\/canahua\\\/#breadcrumb\",\"itemListElement\":[{\"@type\":\"ListItem\",\"position\":1,\"name\":\"Portada\",\"item\":\"https:\\\/\\\/www.proinpa.org\\\/web\\\/\"},{\"@type\":\"ListItem\",\"position\":2,\"name\":\"Biblioteca virtual\",\"item\":\"https:\\\/\\\/www.proinpa.org\\\/web\\\/biblioteca-virtual\\\/\"},{\"@type\":\"ListItem\",\"position\":3,\"name\":\"Granos y cereales andinos\",\"item\":\"https:\\\/\\\/www.proinpa.org\\\/web\\\/biblioteca-virtual\\\/granos-y-cereales-andinos\\\/\"},{\"@type\":\"ListItem\",\"position\":4,\"name\":\"Ca\u00f1ahua\"}]},{\"@type\":\"WebSite\",\"@id\":\"https:\\\/\\\/www.proinpa.org\\\/web\\\/#website\",\"url\":\"https:\\\/\\\/www.proinpa.org\\\/web\\\/\",\"name\":\"Fundaci\u00f3n PROINPA\",\"description\":\"Fundaci\u00f3n para la Promoci\u00f3n e Investigaci\u00f3n de Productos Andinos\",\"publisher\":{\"@id\":\"https:\\\/\\\/www.proinpa.org\\\/web\\\/#organization\"},\"potentialAction\":[{\"@type\":\"SearchAction\",\"target\":{\"@type\":\"EntryPoint\",\"urlTemplate\":\"https:\\\/\\\/www.proinpa.org\\\/web\\\/?s={search_term_string}\"},\"query-input\":{\"@type\":\"PropertyValueSpecification\",\"valueRequired\":true,\"valueName\":\"search_term_string\"}}],\"inLanguage\":\"es\"},{\"@type\":\"Organization\",\"@id\":\"https:\\\/\\\/www.proinpa.org\\\/web\\\/#organization\",\"name\":\"Fundaci\u00f3n Proinpa\",\"url\":\"https:\\\/\\\/www.proinpa.org\\\/web\\\/\",\"logo\":{\"@type\":\"ImageObject\",\"inLanguage\":\"es\",\"@id\":\"https:\\\/\\\/www.proinpa.org\\\/web\\\/#\\\/schema\\\/logo\\\/image\\\/\",\"url\":\"https:\\\/\\\/www.proinpa.org\\\/web\\\/wp-content\\\/uploads\\\/2019\\\/09\\\/logo_proinpa2.png\",\"contentUrl\":\"https:\\\/\\\/www.proinpa.org\\\/web\\\/wp-content\\\/uploads\\\/2019\\\/09\\\/logo_proinpa2.png\",\"width\":110,\"height\":85,\"caption\":\"Fundaci\u00f3n Proinpa\"},\"image\":{\"@id\":\"https:\\\/\\\/www.proinpa.org\\\/web\\\/#\\\/schema\\\/logo\\\/image\\\/\"},\"sameAs\":[\"https:\\\/\\\/www.facebook.com\\\/PROINPA\\\/\",\"https:\\\/\\\/www.youtube.com\\\/user\\\/FundacionPROINPA\"]}]}<\/script>\n<!-- \/ Yoast SEO plugin. -->","yoast_head_json":{"title":"Ca\u00f1ahua - Fundaci\u00f3n PROINPA","robots":{"index":"index","follow":"follow","max-snippet":"max-snippet:-1","max-image-preview":"max-image-preview:large","max-video-preview":"max-video-preview:-1"},"canonical":"https:\/\/www.proinpa.org\/web\/biblioteca-virtual\/granos-y-cereales-andinos\/canahua\/","og_locale":"es_ES","og_type":"article","og_title":"Ca\u00f1ahua - Fundaci\u00f3n PROINPA","og_description":"Ca\u00f1ahua &#8211; Preparacion del terreno y siembra. Descargar Ca\u00f1ahua &#8211; Labores de cultivo, control de insectos y enfermedades. Descargar Ca\u00f1ahua &#8211; Cosecha, poscosecha y seleccion de semilla. Descargar Comparison of the Chemical Composition of Six Canihua cultivars\u00a0 Descargar < Retornar Granos y cereales andinos","og_url":"https:\/\/www.proinpa.org\/web\/biblioteca-virtual\/granos-y-cereales-andinos\/canahua\/","og_site_name":"Fundaci\u00f3n PROINPA","article_publisher":"https:\/\/www.facebook.com\/PROINPA\/","article_modified_time":"2023-04-28T14:57:49+00:00","og_image":[{"url":"https:\/\/www.proinpa.org\/web\/wp-content\/uploads\/2023\/04\/Comparison-of-the-Chemical-Composition-of-Six-Canihua-cultivars.jpg","type":"","width":"","height":""}],"twitter_card":"summary_large_image","twitter_misc":{"Tiempo de lectura":"1 minuto"},"schema":{"@context":"https:\/\/schema.org","@graph":[{"@type":"WebPage","@id":"https:\/\/www.proinpa.org\/web\/biblioteca-virtual\/granos-y-cereales-andinos\/canahua\/","url":"https:\/\/www.proinpa.org\/web\/biblioteca-virtual\/granos-y-cereales-andinos\/canahua\/","name":"Ca\u00f1ahua - Fundaci\u00f3n PROINPA","isPartOf":{"@id":"https:\/\/www.proinpa.org\/web\/#website"},"primaryImageOfPage":{"@id":"https:\/\/www.proinpa.org\/web\/biblioteca-virtual\/granos-y-cereales-andinos\/canahua\/#primaryimage"},"image":{"@id":"https:\/\/www.proinpa.org\/web\/biblioteca-virtual\/granos-y-cereales-andinos\/canahua\/#primaryimage"},"thumbnailUrl":"https:\/\/www.proinpa.org\/web\/wp-content\/uploads\/2023\/04\/Comparison-of-the-Chemical-Composition-of-Six-Canihua-cultivars.jpg","datePublished":"2020-06-03T15:40:48+00:00","dateModified":"2023-04-28T14:57:49+00:00","breadcrumb":{"@id":"https:\/\/www.proinpa.org\/web\/biblioteca-virtual\/granos-y-cereales-andinos\/canahua\/#breadcrumb"},"inLanguage":"es","potentialAction":[{"@type":"ReadAction","target":["https:\/\/www.proinpa.org\/web\/biblioteca-virtual\/granos-y-cereales-andinos\/canahua\/"]}]},{"@type":"ImageObject","inLanguage":"es","@id":"https:\/\/www.proinpa.org\/web\/biblioteca-virtual\/granos-y-cereales-andinos\/canahua\/#primaryimage","url":"https:\/\/www.proinpa.org\/web\/wp-content\/uploads\/2023\/04\/Comparison-of-the-Chemical-Composition-of-Six-Canihua-cultivars.jpg","contentUrl":"https:\/\/www.proinpa.org\/web\/wp-content\/uploads\/2023\/04\/Comparison-of-the-Chemical-Composition-of-Six-Canihua-cultivars.jpg","width":416,"height":588},{"@type":"BreadcrumbList","@id":"https:\/\/www.proinpa.org\/web\/biblioteca-virtual\/granos-y-cereales-andinos\/canahua\/#breadcrumb","itemListElement":[{"@type":"ListItem","position":1,"name":"Portada","item":"https:\/\/www.proinpa.org\/web\/"},{"@type":"ListItem","position":2,"name":"Biblioteca virtual","item":"https:\/\/www.proinpa.org\/web\/biblioteca-virtual\/"},{"@type":"ListItem","position":3,"name":"Granos y cereales andinos","item":"https:\/\/www.proinpa.org\/web\/biblioteca-virtual\/granos-y-cereales-andinos\/"},{"@type":"ListItem","position":4,"name":"Ca\u00f1ahua"}]},{"@type":"WebSite","@id":"https:\/\/www.proinpa.org\/web\/#website","url":"https:\/\/www.proinpa.org\/web\/","name":"Fundaci\u00f3n PROINPA","description":"Fundaci\u00f3n para la Promoci\u00f3n e Investigaci\u00f3n de Productos Andinos","publisher":{"@id":"https:\/\/www.proinpa.org\/web\/#organization"},"potentialAction":[{"@type":"SearchAction","target":{"@type":"EntryPoint","urlTemplate":"https:\/\/www.proinpa.org\/web\/?s={search_term_string}"},"query-input":{"@type":"PropertyValueSpecification","valueRequired":true,"valueName":"search_term_string"}}],"inLanguage":"es"},{"@type":"Organization","@id":"https:\/\/www.proinpa.org\/web\/#organization","name":"Fundaci\u00f3n Proinpa","url":"https:\/\/www.proinpa.org\/web\/","logo":{"@type":"ImageObject","inLanguage":"es","@id":"https:\/\/www.proinpa.org\/web\/#\/schema\/logo\/image\/","url":"https:\/\/www.proinpa.org\/web\/wp-content\/uploads\/2019\/09\/logo_proinpa2.png","contentUrl":"https:\/\/www.proinpa.org\/web\/wp-content\/uploads\/2019\/09\/logo_proinpa2.png","width":110,"height":85,"caption":"Fundaci\u00f3n Proinpa"},"image":{"@id":"https:\/\/www.proinpa.org\/web\/#\/schema\/logo\/image\/"},"sameAs":["https:\/\/www.facebook.com\/PROINPA\/","https:\/\/www.youtube.com\/user\/FundacionPROINPA"]}]}},"_links":{"self":[{"href":"https:\/\/www.proinpa.org\/web\/wp-json\/wp\/v2\/pages\/1705","targetHints":{"allow":["GET"]}}],"collection":[{"href":"https:\/\/www.proinpa.org\/web\/wp-json\/wp\/v2\/pages"}],"about":[{"href":"https:\/\/www.proinpa.org\/web\/wp-json\/wp\/v2\/types\/page"}],"author":[{"embeddable":true,"href":"https:\/\/www.proinpa.org\/web\/wp-json\/wp\/v2\/users\/4"}],"replies":[{"embeddable":true,"href":"https:\/\/www.proinpa.org\/web\/wp-json\/wp\/v2\/comments?post=1705"}],"version-history":[{"count":26,"href":"https:\/\/www.proinpa.org\/web\/wp-json\/wp\/v2\/pages\/1705\/revisions"}],"predecessor-version":[{"id":4448,"href":"https:\/\/www.proinpa.org\/web\/wp-json\/wp\/v2\/pages\/1705\/revisions\/4448"}],"up":[{"embeddable":true,"href":"https:\/\/www.proinpa.org\/web\/wp-json\/wp\/v2\/pages\/1666"}],"wp:attachment":[{"href":"https:\/\/www.proinpa.org\/web\/wp-json\/wp\/v2\/media?parent=1705"}],"curies":[{"name":"wp","href":"https:\/\/api.w.org\/{rel}","templated":true}]}}