{"id":1817,"date":"2020-07-02T15:50:50","date_gmt":"2020-07-02T19:50:50","guid":{"rendered":"http:\/\/www.proinpa.org\/web\/?page_id=1817"},"modified":"2022-03-07T10:44:22","modified_gmt":"2022-03-07T14:44:22","slug":"haba","status":"publish","type":"page","link":"https:\/\/www.proinpa.org\/web\/biblioteca-virtual\/hortalizas-y-leguminosas\/haba\/","title":{"rendered":"Haba"},"content":{"rendered":"\t\t<div data-elementor-type=\"wp-page\" data-elementor-id=\"1817\" class=\"elementor elementor-1817\">\n\t\t\t\t\t\t<section class=\"elementor-section elementor-top-section elementor-element elementor-element-f811d75 elementor-section-boxed elementor-section-height-default elementor-section-height-default\" data-id=\"f811d75\" data-element_type=\"section\" data-e-type=\"section\">\n\t\t\t\t\t\t<div class=\"elementor-container elementor-column-gap-default\">\n\t\t\t\t\t<div class=\"elementor-column elementor-col-50 elementor-top-column elementor-element elementor-element-6518b64\" data-id=\"6518b64\" data-element_type=\"column\" data-e-type=\"column\">\n\t\t\t<div class=\"elementor-widget-wrap elementor-element-populated\">\n\t\t\t\t\t\t<div class=\"elementor-element elementor-element-dc08128 elementor-widget elementor-widget-image\" data-id=\"dc08128\" data-element_type=\"widget\" data-e-type=\"widget\" data-widget_type=\"image.default\">\n\t\t\t\t<div class=\"elementor-widget-container\">\n\t\t\t\t\t\t\t\t\t\t\t\t\t\t\t<img fetchpriority=\"high\" decoding=\"async\" width=\"354\" height=\"295\" src=\"https:\/\/www.proinpa.org\/web\/wp-content\/uploads\/2020\/07\/Cadena-agroalimentaria-del-Haba-de-altura-para-exportacion.jpg\" class=\"attachment-large size-large wp-image-1833\" alt=\"\" srcset=\"https:\/\/www.proinpa.org\/web\/wp-content\/uploads\/2020\/07\/Cadena-agroalimentaria-del-Haba-de-altura-para-exportacion.jpg 354w, https:\/\/www.proinpa.org\/web\/wp-content\/uploads\/2020\/07\/Cadena-agroalimentaria-del-Haba-de-altura-para-exportacion-300x250.jpg 300w\" sizes=\"(max-width: 354px) 100vw, 354px\" \/>\t\t\t\t\t\t\t\t\t\t\t\t\t\t\t<\/div>\n\t\t\t\t<\/div>\n\t\t\t\t<div class=\"elementor-element elementor-element-97da445 elementor-widget elementor-widget-text-editor\" data-id=\"97da445\" data-element_type=\"widget\" data-e-type=\"widget\" data-widget_type=\"text-editor.default\">\n\t\t\t\t<div class=\"elementor-widget-container\">\n\t\t\t\t\t\t\t\t\t<p><b>Cadena agroalimentaria del Haba de altura para exportacion<\/b><\/p>\t\t\t\t\t\t\t\t<\/div>\n\t\t\t\t<\/div>\n\t\t\t\t<div class=\"elementor-element elementor-element-7ce27e6 elementor-button-success elementor-align-right elementor-widget elementor-widget-button\" data-id=\"7ce27e6\" data-element_type=\"widget\" data-e-type=\"widget\" data-widget_type=\"button.default\">\n\t\t\t\t<div class=\"elementor-widget-container\">\n\t\t\t\t\t\t\t\t\t<div class=\"elementor-button-wrapper\">\n\t\t\t\t\t<a class=\"elementor-button elementor-button-link elementor-size-sm\" href=\"https:\/\/www.proinpa.org\/web\/pdf\/Hortalizas%20y%20leguminosas\/Haba\/Cadena%20agroalimentaria%20del%20Haba%20de%20altura%20para%20exportacion.pdf\" target=\"_blank\">\n\t\t\t\t\t\t<span class=\"elementor-button-content-wrapper\">\n\t\t\t\t\t\t<span class=\"elementor-button-icon\">\n\t\t\t\t<i aria-hidden=\"true\" class=\"far fa-file-pdf\"><\/i>\t\t\t<\/span>\n\t\t\t\t\t\t\t\t\t<span class=\"elementor-button-text\">Descargar<\/span>\n\t\t\t\t\t<\/span>\n\t\t\t\t\t<\/a>\n\t\t\t\t<\/div>\n\t\t\t\t\t\t\t\t<\/div>\n\t\t\t\t<\/div>\n\t\t\t\t\t<\/div>\n\t\t<\/div>\n\t\t\t\t<div class=\"elementor-column elementor-col-50 elementor-top-column elementor-element elementor-element-60375d1\" data-id=\"60375d1\" data-element_type=\"column\" data-e-type=\"column\">\n\t\t\t<div class=\"elementor-widget-wrap elementor-element-populated\">\n\t\t\t\t\t\t<div class=\"elementor-element elementor-element-f98ddbc elementor-widget elementor-widget-image\" data-id=\"f98ddbc\" data-element_type=\"widget\" data-e-type=\"widget\" data-widget_type=\"image.default\">\n\t\t\t\t<div class=\"elementor-widget-container\">\n\t\t\t\t\t\t\t\t\t\t\t\t\t\t\t<img decoding=\"async\" width=\"354\" height=\"295\" src=\"https:\/\/www.proinpa.org\/web\/wp-content\/uploads\/2020\/07\/El-Abono-Verde-de-Haba-Un-insumo-para-la-produccion-sostenible-en-sistemas-andinos.jpg\" class=\"attachment-large size-large wp-image-1831\" alt=\"\" srcset=\"https:\/\/www.proinpa.org\/web\/wp-content\/uploads\/2020\/07\/El-Abono-Verde-de-Haba-Un-insumo-para-la-produccion-sostenible-en-sistemas-andinos.jpg 354w, https:\/\/www.proinpa.org\/web\/wp-content\/uploads\/2020\/07\/El-Abono-Verde-de-Haba-Un-insumo-para-la-produccion-sostenible-en-sistemas-andinos-300x250.jpg 300w\" sizes=\"(max-width: 354px) 100vw, 354px\" \/>\t\t\t\t\t\t\t\t\t\t\t\t\t\t\t<\/div>\n\t\t\t\t<\/div>\n\t\t\t\t<div class=\"elementor-element elementor-element-fca15ac elementor-widget elementor-widget-text-editor\" data-id=\"fca15ac\" data-element_type=\"widget\" data-e-type=\"widget\" data-widget_type=\"text-editor.default\">\n\t\t\t\t<div class=\"elementor-widget-container\">\n\t\t\t\t\t\t\t\t\t<p><b>El Abono Verde de Haba Un insumo para la produccion sostenible en sistemas andinos<\/b><\/p>\t\t\t\t\t\t\t\t<\/div>\n\t\t\t\t<\/div>\n\t\t\t\t<div class=\"elementor-element elementor-element-5a74a4b elementor-button-success elementor-align-right elementor-widget elementor-widget-button\" data-id=\"5a74a4b\" data-element_type=\"widget\" data-e-type=\"widget\" data-widget_type=\"button.default\">\n\t\t\t\t<div class=\"elementor-widget-container\">\n\t\t\t\t\t\t\t\t\t<div class=\"elementor-button-wrapper\">\n\t\t\t\t\t<a class=\"elementor-button elementor-button-link elementor-size-sm\" href=\"https:\/\/www.proinpa.org\/web\/pdf\/Hortalizas%20y%20leguminosas\/Haba\/El%20Abono%20Verde%20de%20Haba%20Un%20insumo%20para%20la%20produccion%20sostenible%20en%20sistemas%20andinos.pdf\" target=\"_blank\">\n\t\t\t\t\t\t<span class=\"elementor-button-content-wrapper\">\n\t\t\t\t\t\t<span class=\"elementor-button-icon\">\n\t\t\t\t<i aria-hidden=\"true\" class=\"far fa-file-pdf\"><\/i>\t\t\t<\/span>\n\t\t\t\t\t\t\t\t\t<span class=\"elementor-button-text\">Descargar<\/span>\n\t\t\t\t\t<\/span>\n\t\t\t\t\t<\/a>\n\t\t\t\t<\/div>\n\t\t\t\t\t\t\t\t<\/div>\n\t\t\t\t<\/div>\n\t\t\t\t\t<\/div>\n\t\t<\/div>\n\t\t\t\t\t<\/div>\n\t\t<\/section>\n\t\t\t\t<section class=\"elementor-section elementor-top-section elementor-element elementor-element-6591262 elementor-section-boxed elementor-section-height-default elementor-section-height-default\" data-id=\"6591262\" data-element_type=\"section\" data-e-type=\"section\">\n\t\t\t\t\t\t<div class=\"elementor-container elementor-column-gap-default\">\n\t\t\t\t\t<div class=\"elementor-column elementor-col-100 elementor-top-column elementor-element elementor-element-665afb9\" data-id=\"665afb9\" data-element_type=\"column\" data-e-type=\"column\">\n\t\t\t<div class=\"elementor-widget-wrap elementor-element-populated\">\n\t\t\t\t\t\t<div class=\"elementor-element elementor-element-8702030 elementor-button-warning elementor-widget elementor-widget-button\" data-id=\"8702030\" data-element_type=\"widget\" data-e-type=\"widget\" data-widget_type=\"button.default\">\n\t\t\t\t<div class=\"elementor-widget-container\">\n\t\t\t\t\t\t\t\t\t<div class=\"elementor-button-wrapper\">\n\t\t\t\t\t<a class=\"elementor-button elementor-button-link elementor-size-sm\" href=\"https:\/\/www.proinpa.org\/web\/biblioteca-virtual\/hortalizas-y-leguminosas\/\">\n\t\t\t\t\t\t<span class=\"elementor-button-content-wrapper\">\n\t\t\t\t\t\t\t\t\t<span class=\"elementor-button-text\">&lt; Retornar Hortalizas y Leguminosas<\/span>\n\t\t\t\t\t<\/span>\n\t\t\t\t\t<\/a>\n\t\t\t\t<\/div>\n\t\t\t\t\t\t\t\t<\/div>\n\t\t\t\t<\/div>\n\t\t\t\t\t<\/div>\n\t\t<\/div>\n\t\t\t\t\t<\/div>\n\t\t<\/section>\n\t\t\t\t<\/div>\n\t\t","protected":false},"excerpt":{"rendered":"<p>Cadena agroalimentaria del Haba de altura para exportacion Descargar El Abono Verde de Haba Un insumo para la produccion sostenible en sistemas andinos Descargar < Retornar Hortalizas y Leguminosas\n<\/p>\n","protected":false},"author":4,"featured_media":0,"parent":1672,"menu_order":0,"comment_status":"closed","ping_status":"closed","template":"page-templates\/template_fullwidth.php","meta":{"neve_meta_sidebar":"","neve_meta_container":"","neve_meta_enable_content_width":"","neve_meta_content_width":0,"neve_meta_title_alignment":"","neve_meta_author_avatar":"","neve_post_elements_order":"","neve_meta_disable_header":"","neve_meta_disable_footer":"","neve_meta_disable_title":"","footnotes":""},"class_list":["post-1817","page","type-page","status-publish","hentry"],"yoast_head":"<!-- This site is optimized with the Yoast SEO plugin v27.3 - https:\/\/yoast.com\/product\/yoast-seo-wordpress\/ -->\n<title>Haba - Fundaci\u00f3n PROINPA<\/title>\n<meta name=\"robots\" content=\"index, follow, max-snippet:-1, max-image-preview:large, max-video-preview:-1\" \/>\n<link rel=\"canonical\" href=\"https:\/\/www.proinpa.org\/web\/biblioteca-virtual\/hortalizas-y-leguminosas\/haba\/\" \/>\n<meta property=\"og:locale\" content=\"es_ES\" \/>\n<meta property=\"og:type\" content=\"article\" \/>\n<meta property=\"og:title\" content=\"Haba - Fundaci\u00f3n PROINPA\" \/>\n<meta property=\"og:description\" content=\"Cadena agroalimentaria del Haba de altura para exportacion Descargar El Abono Verde de Haba Un insumo para la produccion sostenible en sistemas andinos Descargar &lt; Retornar Hortalizas y Leguminosas\" \/>\n<meta property=\"og:url\" content=\"https:\/\/www.proinpa.org\/web\/biblioteca-virtual\/hortalizas-y-leguminosas\/haba\/\" \/>\n<meta property=\"og:site_name\" content=\"Fundaci\u00f3n PROINPA\" \/>\n<meta property=\"article:publisher\" content=\"https:\/\/www.facebook.com\/PROINPA\/\" \/>\n<meta property=\"article:modified_time\" content=\"2022-03-07T14:44:22+00:00\" \/>\n<meta property=\"og:image\" content=\"http:\/\/www.proinpa.org\/web\/wp-content\/uploads\/2020\/07\/Cadena-agroalimentaria-del-Haba-de-altura-para-exportacion.jpg\" \/>\n<meta name=\"twitter:card\" content=\"summary_large_image\" \/>\n<meta name=\"twitter:label1\" content=\"Tiempo de lectura\" \/>\n\t<meta name=\"twitter:data1\" content=\"1 minuto\" \/>\n<script type=\"application\/ld+json\" class=\"yoast-schema-graph\">{\"@context\":\"https:\\\/\\\/schema.org\",\"@graph\":[{\"@type\":\"WebPage\",\"@id\":\"https:\\\/\\\/www.proinpa.org\\\/web\\\/biblioteca-virtual\\\/hortalizas-y-leguminosas\\\/haba\\\/\",\"url\":\"https:\\\/\\\/www.proinpa.org\\\/web\\\/biblioteca-virtual\\\/hortalizas-y-leguminosas\\\/haba\\\/\",\"name\":\"Haba - Fundaci\u00f3n PROINPA\",\"isPartOf\":{\"@id\":\"https:\\\/\\\/www.proinpa.org\\\/web\\\/#website\"},\"primaryImageOfPage\":{\"@id\":\"https:\\\/\\\/www.proinpa.org\\\/web\\\/biblioteca-virtual\\\/hortalizas-y-leguminosas\\\/haba\\\/#primaryimage\"},\"image\":{\"@id\":\"https:\\\/\\\/www.proinpa.org\\\/web\\\/biblioteca-virtual\\\/hortalizas-y-leguminosas\\\/haba\\\/#primaryimage\"},\"thumbnailUrl\":\"http:\\\/\\\/www.proinpa.org\\\/web\\\/wp-content\\\/uploads\\\/2020\\\/07\\\/Cadena-agroalimentaria-del-Haba-de-altura-para-exportacion.jpg\",\"datePublished\":\"2020-07-02T19:50:50+00:00\",\"dateModified\":\"2022-03-07T14:44:22+00:00\",\"breadcrumb\":{\"@id\":\"https:\\\/\\\/www.proinpa.org\\\/web\\\/biblioteca-virtual\\\/hortalizas-y-leguminosas\\\/haba\\\/#breadcrumb\"},\"inLanguage\":\"es\",\"potentialAction\":[{\"@type\":\"ReadAction\",\"target\":[\"https:\\\/\\\/www.proinpa.org\\\/web\\\/biblioteca-virtual\\\/hortalizas-y-leguminosas\\\/haba\\\/\"]}]},{\"@type\":\"ImageObject\",\"inLanguage\":\"es\",\"@id\":\"https:\\\/\\\/www.proinpa.org\\\/web\\\/biblioteca-virtual\\\/hortalizas-y-leguminosas\\\/haba\\\/#primaryimage\",\"url\":\"https:\\\/\\\/www.proinpa.org\\\/web\\\/wp-content\\\/uploads\\\/2020\\\/07\\\/Cadena-agroalimentaria-del-Haba-de-altura-para-exportacion.jpg\",\"contentUrl\":\"https:\\\/\\\/www.proinpa.org\\\/web\\\/wp-content\\\/uploads\\\/2020\\\/07\\\/Cadena-agroalimentaria-del-Haba-de-altura-para-exportacion.jpg\",\"width\":354,\"height\":295},{\"@type\":\"BreadcrumbList\",\"@id\":\"https:\\\/\\\/www.proinpa.org\\\/web\\\/biblioteca-virtual\\\/hortalizas-y-leguminosas\\\/haba\\\/#breadcrumb\",\"itemListElement\":[{\"@type\":\"ListItem\",\"position\":1,\"name\":\"Portada\",\"item\":\"https:\\\/\\\/www.proinpa.org\\\/web\\\/\"},{\"@type\":\"ListItem\",\"position\":2,\"name\":\"Biblioteca virtual\",\"item\":\"https:\\\/\\\/www.proinpa.org\\\/web\\\/biblioteca-virtual\\\/\"},{\"@type\":\"ListItem\",\"position\":3,\"name\":\"Hortalizas y Leguminosas\",\"item\":\"https:\\\/\\\/www.proinpa.org\\\/web\\\/biblioteca-virtual\\\/hortalizas-y-leguminosas\\\/\"},{\"@type\":\"ListItem\",\"position\":4,\"name\":\"Haba\"}]},{\"@type\":\"WebSite\",\"@id\":\"https:\\\/\\\/www.proinpa.org\\\/web\\\/#website\",\"url\":\"https:\\\/\\\/www.proinpa.org\\\/web\\\/\",\"name\":\"Fundaci\u00f3n PROINPA\",\"description\":\"Fundaci\u00f3n para la Promoci\u00f3n e Investigaci\u00f3n de Productos Andinos\",\"publisher\":{\"@id\":\"https:\\\/\\\/www.proinpa.org\\\/web\\\/#organization\"},\"potentialAction\":[{\"@type\":\"SearchAction\",\"target\":{\"@type\":\"EntryPoint\",\"urlTemplate\":\"https:\\\/\\\/www.proinpa.org\\\/web\\\/?s={search_term_string}\"},\"query-input\":{\"@type\":\"PropertyValueSpecification\",\"valueRequired\":true,\"valueName\":\"search_term_string\"}}],\"inLanguage\":\"es\"},{\"@type\":\"Organization\",\"@id\":\"https:\\\/\\\/www.proinpa.org\\\/web\\\/#organization\",\"name\":\"Fundaci\u00f3n Proinpa\",\"url\":\"https:\\\/\\\/www.proinpa.org\\\/web\\\/\",\"logo\":{\"@type\":\"ImageObject\",\"inLanguage\":\"es\",\"@id\":\"https:\\\/\\\/www.proinpa.org\\\/web\\\/#\\\/schema\\\/logo\\\/image\\\/\",\"url\":\"https:\\\/\\\/www.proinpa.org\\\/web\\\/wp-content\\\/uploads\\\/2019\\\/09\\\/logo_proinpa2.png\",\"contentUrl\":\"https:\\\/\\\/www.proinpa.org\\\/web\\\/wp-content\\\/uploads\\\/2019\\\/09\\\/logo_proinpa2.png\",\"width\":110,\"height\":85,\"caption\":\"Fundaci\u00f3n Proinpa\"},\"image\":{\"@id\":\"https:\\\/\\\/www.proinpa.org\\\/web\\\/#\\\/schema\\\/logo\\\/image\\\/\"},\"sameAs\":[\"https:\\\/\\\/www.facebook.com\\\/PROINPA\\\/\",\"https:\\\/\\\/www.youtube.com\\\/user\\\/FundacionPROINPA\"]}]}<\/script>\n<!-- \/ Yoast SEO plugin. -->","yoast_head_json":{"title":"Haba - Fundaci\u00f3n PROINPA","robots":{"index":"index","follow":"follow","max-snippet":"max-snippet:-1","max-image-preview":"max-image-preview:large","max-video-preview":"max-video-preview:-1"},"canonical":"https:\/\/www.proinpa.org\/web\/biblioteca-virtual\/hortalizas-y-leguminosas\/haba\/","og_locale":"es_ES","og_type":"article","og_title":"Haba - Fundaci\u00f3n PROINPA","og_description":"Cadena agroalimentaria del Haba de altura para exportacion Descargar El Abono Verde de Haba Un insumo para la produccion sostenible en sistemas andinos Descargar < Retornar Hortalizas y Leguminosas","og_url":"https:\/\/www.proinpa.org\/web\/biblioteca-virtual\/hortalizas-y-leguminosas\/haba\/","og_site_name":"Fundaci\u00f3n PROINPA","article_publisher":"https:\/\/www.facebook.com\/PROINPA\/","article_modified_time":"2022-03-07T14:44:22+00:00","og_image":[{"url":"http:\/\/www.proinpa.org\/web\/wp-content\/uploads\/2020\/07\/Cadena-agroalimentaria-del-Haba-de-altura-para-exportacion.jpg","type":"","width":"","height":""}],"twitter_card":"summary_large_image","twitter_misc":{"Tiempo de lectura":"1 minuto"},"schema":{"@context":"https:\/\/schema.org","@graph":[{"@type":"WebPage","@id":"https:\/\/www.proinpa.org\/web\/biblioteca-virtual\/hortalizas-y-leguminosas\/haba\/","url":"https:\/\/www.proinpa.org\/web\/biblioteca-virtual\/hortalizas-y-leguminosas\/haba\/","name":"Haba - Fundaci\u00f3n PROINPA","isPartOf":{"@id":"https:\/\/www.proinpa.org\/web\/#website"},"primaryImageOfPage":{"@id":"https:\/\/www.proinpa.org\/web\/biblioteca-virtual\/hortalizas-y-leguminosas\/haba\/#primaryimage"},"image":{"@id":"https:\/\/www.proinpa.org\/web\/biblioteca-virtual\/hortalizas-y-leguminosas\/haba\/#primaryimage"},"thumbnailUrl":"http:\/\/www.proinpa.org\/web\/wp-content\/uploads\/2020\/07\/Cadena-agroalimentaria-del-Haba-de-altura-para-exportacion.jpg","datePublished":"2020-07-02T19:50:50+00:00","dateModified":"2022-03-07T14:44:22+00:00","breadcrumb":{"@id":"https:\/\/www.proinpa.org\/web\/biblioteca-virtual\/hortalizas-y-leguminosas\/haba\/#breadcrumb"},"inLanguage":"es","potentialAction":[{"@type":"ReadAction","target":["https:\/\/www.proinpa.org\/web\/biblioteca-virtual\/hortalizas-y-leguminosas\/haba\/"]}]},{"@type":"ImageObject","inLanguage":"es","@id":"https:\/\/www.proinpa.org\/web\/biblioteca-virtual\/hortalizas-y-leguminosas\/haba\/#primaryimage","url":"https:\/\/www.proinpa.org\/web\/wp-content\/uploads\/2020\/07\/Cadena-agroalimentaria-del-Haba-de-altura-para-exportacion.jpg","contentUrl":"https:\/\/www.proinpa.org\/web\/wp-content\/uploads\/2020\/07\/Cadena-agroalimentaria-del-Haba-de-altura-para-exportacion.jpg","width":354,"height":295},{"@type":"BreadcrumbList","@id":"https:\/\/www.proinpa.org\/web\/biblioteca-virtual\/hortalizas-y-leguminosas\/haba\/#breadcrumb","itemListElement":[{"@type":"ListItem","position":1,"name":"Portada","item":"https:\/\/www.proinpa.org\/web\/"},{"@type":"ListItem","position":2,"name":"Biblioteca virtual","item":"https:\/\/www.proinpa.org\/web\/biblioteca-virtual\/"},{"@type":"ListItem","position":3,"name":"Hortalizas y Leguminosas","item":"https:\/\/www.proinpa.org\/web\/biblioteca-virtual\/hortalizas-y-leguminosas\/"},{"@type":"ListItem","position":4,"name":"Haba"}]},{"@type":"WebSite","@id":"https:\/\/www.proinpa.org\/web\/#website","url":"https:\/\/www.proinpa.org\/web\/","name":"Fundaci\u00f3n PROINPA","description":"Fundaci\u00f3n para la Promoci\u00f3n e Investigaci\u00f3n de Productos Andinos","publisher":{"@id":"https:\/\/www.proinpa.org\/web\/#organization"},"potentialAction":[{"@type":"SearchAction","target":{"@type":"EntryPoint","urlTemplate":"https:\/\/www.proinpa.org\/web\/?s={search_term_string}"},"query-input":{"@type":"PropertyValueSpecification","valueRequired":true,"valueName":"search_term_string"}}],"inLanguage":"es"},{"@type":"Organization","@id":"https:\/\/www.proinpa.org\/web\/#organization","name":"Fundaci\u00f3n Proinpa","url":"https:\/\/www.proinpa.org\/web\/","logo":{"@type":"ImageObject","inLanguage":"es","@id":"https:\/\/www.proinpa.org\/web\/#\/schema\/logo\/image\/","url":"https:\/\/www.proinpa.org\/web\/wp-content\/uploads\/2019\/09\/logo_proinpa2.png","contentUrl":"https:\/\/www.proinpa.org\/web\/wp-content\/uploads\/2019\/09\/logo_proinpa2.png","width":110,"height":85,"caption":"Fundaci\u00f3n Proinpa"},"image":{"@id":"https:\/\/www.proinpa.org\/web\/#\/schema\/logo\/image\/"},"sameAs":["https:\/\/www.facebook.com\/PROINPA\/","https:\/\/www.youtube.com\/user\/FundacionPROINPA"]}]}},"_links":{"self":[{"href":"https:\/\/www.proinpa.org\/web\/wp-json\/wp\/v2\/pages\/1817","targetHints":{"allow":["GET"]}}],"collection":[{"href":"https:\/\/www.proinpa.org\/web\/wp-json\/wp\/v2\/pages"}],"about":[{"href":"https:\/\/www.proinpa.org\/web\/wp-json\/wp\/v2\/types\/page"}],"author":[{"embeddable":true,"href":"https:\/\/www.proinpa.org\/web\/wp-json\/wp\/v2\/users\/4"}],"replies":[{"embeddable":true,"href":"https:\/\/www.proinpa.org\/web\/wp-json\/wp\/v2\/comments?post=1817"}],"version-history":[{"count":18,"href":"https:\/\/www.proinpa.org\/web\/wp-json\/wp\/v2\/pages\/1817\/revisions"}],"predecessor-version":[{"id":2685,"href":"https:\/\/www.proinpa.org\/web\/wp-json\/wp\/v2\/pages\/1817\/revisions\/2685"}],"up":[{"embeddable":true,"href":"https:\/\/www.proinpa.org\/web\/wp-json\/wp\/v2\/pages\/1672"}],"wp:attachment":[{"href":"https:\/\/www.proinpa.org\/web\/wp-json\/wp\/v2\/media?parent=1817"}],"curies":[{"name":"wp","href":"https:\/\/api.w.org\/{rel}","templated":true}]}}