{"id":3162,"date":"2022-08-31T11:18:29","date_gmt":"2022-08-31T15:18:29","guid":{"rendered":"https:\/\/www.proinpa.org\/web\/?page_id=3162"},"modified":"2022-08-31T11:36:42","modified_gmt":"2022-08-31T15:36:42","slug":"escuelas-de-campo-e-investigacion","status":"publish","type":"page","link":"https:\/\/www.proinpa.org\/web\/biblioteca-virtual\/metodologias-participativas\/escuelas-de-campo-e-investigacion\/","title":{"rendered":"Escuelas de Campo e Investigaci\u00f3n"},"content":{"rendered":"\t\t<div data-elementor-type=\"wp-page\" data-elementor-id=\"3162\" class=\"elementor elementor-3162\">\n\t\t\t\t\t\t<section class=\"elementor-section elementor-top-section elementor-element elementor-element-15cd6a8 elementor-section-boxed elementor-section-height-default elementor-section-height-default\" data-id=\"15cd6a8\" data-element_type=\"section\" data-e-type=\"section\">\n\t\t\t\t\t\t<div class=\"elementor-container elementor-column-gap-default\">\n\t\t\t\t\t<div class=\"elementor-column elementor-col-33 elementor-top-column elementor-element elementor-element-1aed664\" data-id=\"1aed664\" data-element_type=\"column\" data-e-type=\"column\">\n\t\t\t<div class=\"elementor-widget-wrap elementor-element-populated\">\n\t\t\t\t\t\t<div class=\"elementor-element elementor-element-3cea1c6 elementor-widget elementor-widget-image\" data-id=\"3cea1c6\" data-element_type=\"widget\" data-e-type=\"widget\" data-widget_type=\"image.default\">\n\t\t\t\t<div class=\"elementor-widget-container\">\n\t\t\t\t\t\t\t\t\t\t\t\t\t\t\t<img fetchpriority=\"high\" decoding=\"async\" width=\"365\" height=\"497\" src=\"https:\/\/www.proinpa.org\/web\/wp-content\/uploads\/2022\/08\/Comites-de-investigacion-agricola-local-CIAL.jpg\" class=\"attachment-large size-large wp-image-3172\" alt=\"\" srcset=\"https:\/\/www.proinpa.org\/web\/wp-content\/uploads\/2022\/08\/Comites-de-investigacion-agricola-local-CIAL.jpg 365w, https:\/\/www.proinpa.org\/web\/wp-content\/uploads\/2022\/08\/Comites-de-investigacion-agricola-local-CIAL-220x300.jpg 220w\" sizes=\"(max-width: 365px) 100vw, 365px\" \/>\t\t\t\t\t\t\t\t\t\t\t\t\t\t\t<\/div>\n\t\t\t\t<\/div>\n\t\t\t\t<div class=\"elementor-element elementor-element-1e85c47 elementor-widget elementor-widget-text-editor\" data-id=\"1e85c47\" data-element_type=\"widget\" data-e-type=\"widget\" data-widget_type=\"text-editor.default\">\n\t\t\t\t<div class=\"elementor-widget-container\">\n\t\t\t\t\t\t\t\t\t<p><strong>Comites de investigacion agricola local CIAL<\/strong><\/p>\t\t\t\t\t\t\t\t<\/div>\n\t\t\t\t<\/div>\n\t\t\t\t<div class=\"elementor-element elementor-element-1ff5427 elementor-button-success elementor-align-right elementor-widget elementor-widget-button\" data-id=\"1ff5427\" data-element_type=\"widget\" data-e-type=\"widget\" data-widget_type=\"button.default\">\n\t\t\t\t<div class=\"elementor-widget-container\">\n\t\t\t\t\t\t\t\t\t<div class=\"elementor-button-wrapper\">\n\t\t\t\t\t<a class=\"elementor-button elementor-button-link elementor-size-sm\" href=\"https:\/\/www.proinpa.org\/web\/pdf\/Metodologias%20participativas\/Escuelas%20de%20campo%20e%20investigacion\/Comites%20de%20investigacion%20agricola%20local%20CIAL.pdf\" target=\"_blank\">\n\t\t\t\t\t\t<span class=\"elementor-button-content-wrapper\">\n\t\t\t\t\t\t<span class=\"elementor-button-icon\">\n\t\t\t\t<i aria-hidden=\"true\" class=\"far fa-file-pdf\"><\/i>\t\t\t<\/span>\n\t\t\t\t\t\t\t\t\t<span class=\"elementor-button-text\">Descargar<\/span>\n\t\t\t\t\t<\/span>\n\t\t\t\t\t<\/a>\n\t\t\t\t<\/div>\n\t\t\t\t\t\t\t\t<\/div>\n\t\t\t\t<\/div>\n\t\t\t\t\t<\/div>\n\t\t<\/div>\n\t\t\t\t<div class=\"elementor-column elementor-col-33 elementor-top-column elementor-element elementor-element-ca9f259\" data-id=\"ca9f259\" data-element_type=\"column\" data-e-type=\"column\">\n\t\t\t<div class=\"elementor-widget-wrap elementor-element-populated\">\n\t\t\t\t\t\t<div class=\"elementor-element elementor-element-6f0f9b7 elementor-widget elementor-widget-image\" data-id=\"6f0f9b7\" data-element_type=\"widget\" data-e-type=\"widget\" data-widget_type=\"image.default\">\n\t\t\t\t<div class=\"elementor-widget-container\">\n\t\t\t\t\t\t\t\t\t\t\t\t\t\t\t<img decoding=\"async\" width=\"395\" height=\"510\" src=\"https:\/\/www.proinpa.org\/web\/wp-content\/uploads\/2022\/08\/Escuelas-de-campo-de-agricultores.jpg\" class=\"attachment-large size-large wp-image-3176\" alt=\"\" srcset=\"https:\/\/www.proinpa.org\/web\/wp-content\/uploads\/2022\/08\/Escuelas-de-campo-de-agricultores.jpg 395w, https:\/\/www.proinpa.org\/web\/wp-content\/uploads\/2022\/08\/Escuelas-de-campo-de-agricultores-232x300.jpg 232w\" sizes=\"(max-width: 395px) 100vw, 395px\" \/>\t\t\t\t\t\t\t\t\t\t\t\t\t\t\t<\/div>\n\t\t\t\t<\/div>\n\t\t\t\t<div class=\"elementor-element elementor-element-8056a64 elementor-widget elementor-widget-text-editor\" data-id=\"8056a64\" data-element_type=\"widget\" data-e-type=\"widget\" data-widget_type=\"text-editor.default\">\n\t\t\t\t<div class=\"elementor-widget-container\">\n\t\t\t\t\t\t\t\t\t<p><strong>Escuelas de campo de agricultores.<\/strong><\/p><p><strong><br><\/strong><\/p>\t\t\t\t\t\t\t\t<\/div>\n\t\t\t\t<\/div>\n\t\t\t\t<div class=\"elementor-element elementor-element-9ea5aee elementor-button-success elementor-align-right elementor-widget elementor-widget-button\" data-id=\"9ea5aee\" data-element_type=\"widget\" data-e-type=\"widget\" data-widget_type=\"button.default\">\n\t\t\t\t<div class=\"elementor-widget-container\">\n\t\t\t\t\t\t\t\t\t<div class=\"elementor-button-wrapper\">\n\t\t\t\t\t<a class=\"elementor-button elementor-button-link elementor-size-sm\" href=\"https:\/\/www.proinpa.org\/web\/pdf\/Metodologias%20participativas\/Escuelas%20de%20campo%20e%20investigacion\/Escuelas%20de%20campo%20de%20agricultores.pdf\" target=\"_blank\">\n\t\t\t\t\t\t<span class=\"elementor-button-content-wrapper\">\n\t\t\t\t\t\t<span class=\"elementor-button-icon\">\n\t\t\t\t<i aria-hidden=\"true\" class=\"far fa-file-pdf\"><\/i>\t\t\t<\/span>\n\t\t\t\t\t\t\t\t\t<span class=\"elementor-button-text\">Descargar<\/span>\n\t\t\t\t\t<\/span>\n\t\t\t\t\t<\/a>\n\t\t\t\t<\/div>\n\t\t\t\t\t\t\t\t<\/div>\n\t\t\t\t<\/div>\n\t\t\t\t\t<\/div>\n\t\t<\/div>\n\t\t\t\t<div class=\"elementor-column elementor-col-33 elementor-top-column elementor-element elementor-element-0a7285b\" data-id=\"0a7285b\" data-element_type=\"column\" data-e-type=\"column\">\n\t\t\t<div class=\"elementor-widget-wrap elementor-element-populated\">\n\t\t\t\t\t\t<div class=\"elementor-element elementor-element-aca7862 elementor-widget elementor-widget-image\" data-id=\"aca7862\" data-element_type=\"widget\" data-e-type=\"widget\" data-widget_type=\"image.default\">\n\t\t\t\t<div class=\"elementor-widget-container\">\n\t\t\t\t\t\t\t\t\t\t\t\t\t\t\t<img decoding=\"async\" width=\"366\" height=\"491\" src=\"https:\/\/www.proinpa.org\/web\/wp-content\/uploads\/2022\/08\/Pautas-para-Facilitadores-de-Escuelas-de-Campo-para-Agricultores.jpg\" class=\"attachment-large size-large wp-image-3180\" alt=\"\" srcset=\"https:\/\/www.proinpa.org\/web\/wp-content\/uploads\/2022\/08\/Pautas-para-Facilitadores-de-Escuelas-de-Campo-para-Agricultores.jpg 366w, https:\/\/www.proinpa.org\/web\/wp-content\/uploads\/2022\/08\/Pautas-para-Facilitadores-de-Escuelas-de-Campo-para-Agricultores-224x300.jpg 224w\" sizes=\"(max-width: 366px) 100vw, 366px\" \/>\t\t\t\t\t\t\t\t\t\t\t\t\t\t\t<\/div>\n\t\t\t\t<\/div>\n\t\t\t\t<div class=\"elementor-element elementor-element-a16a720 elementor-widget elementor-widget-text-editor\" data-id=\"a16a720\" data-element_type=\"widget\" data-e-type=\"widget\" data-widget_type=\"text-editor.default\">\n\t\t\t\t<div class=\"elementor-widget-container\">\n\t\t\t\t\t\t\t\t\t<p><strong>Pautas para Facilitadores de Escuelas de Campo para Agricultores.<\/strong><\/p>\t\t\t\t\t\t\t\t<\/div>\n\t\t\t\t<\/div>\n\t\t\t\t<div class=\"elementor-element elementor-element-3a2e986 elementor-button-success elementor-align-right elementor-widget elementor-widget-button\" data-id=\"3a2e986\" data-element_type=\"widget\" data-e-type=\"widget\" data-widget_type=\"button.default\">\n\t\t\t\t<div class=\"elementor-widget-container\">\n\t\t\t\t\t\t\t\t\t<div class=\"elementor-button-wrapper\">\n\t\t\t\t\t<a class=\"elementor-button elementor-button-link elementor-size-sm\" href=\"https:\/\/www.proinpa.org\/web\/pdf\/Metodologias%20participativas\/Escuelas%20de%20campo%20e%20investigacion\/Pautas%20para%20Facilitadores%20de%20Escuelas%20de%20Campo%20para%20Agricultores.pdf\" target=\"_blank\">\n\t\t\t\t\t\t<span class=\"elementor-button-content-wrapper\">\n\t\t\t\t\t\t<span class=\"elementor-button-icon\">\n\t\t\t\t<i aria-hidden=\"true\" class=\"far fa-file-pdf\"><\/i>\t\t\t<\/span>\n\t\t\t\t\t\t\t\t\t<span class=\"elementor-button-text\">Descargar<\/span>\n\t\t\t\t\t<\/span>\n\t\t\t\t\t<\/a>\n\t\t\t\t<\/div>\n\t\t\t\t\t\t\t\t<\/div>\n\t\t\t\t<\/div>\n\t\t\t\t\t<\/div>\n\t\t<\/div>\n\t\t\t\t\t<\/div>\n\t\t<\/section>\n\t\t\t\t<section class=\"elementor-section elementor-top-section elementor-element elementor-element-8ead5ff elementor-section-boxed elementor-section-height-default elementor-section-height-default\" data-id=\"8ead5ff\" data-element_type=\"section\" data-e-type=\"section\">\n\t\t\t\t\t\t<div class=\"elementor-container elementor-column-gap-default\">\n\t\t\t\t\t<div class=\"elementor-column elementor-col-100 elementor-top-column elementor-element elementor-element-f2f4928\" data-id=\"f2f4928\" data-element_type=\"column\" data-e-type=\"column\">\n\t\t\t<div class=\"elementor-widget-wrap elementor-element-populated\">\n\t\t\t\t\t\t<div class=\"elementor-element elementor-element-d5533f5 elementor-button-warning elementor-widget elementor-widget-button\" data-id=\"d5533f5\" data-element_type=\"widget\" data-e-type=\"widget\" data-widget_type=\"button.default\">\n\t\t\t\t<div class=\"elementor-widget-container\">\n\t\t\t\t\t\t\t\t\t<div class=\"elementor-button-wrapper\">\n\t\t\t\t\t<a class=\"elementor-button elementor-button-link elementor-size-sm\" href=\"https:\/\/www.proinpa.org\/web\/biblioteca-virtual\/metodologias-participativas\/\">\n\t\t\t\t\t\t<span class=\"elementor-button-content-wrapper\">\n\t\t\t\t\t\t\t\t\t<span class=\"elementor-button-text\">&lt; Retornar Metodologias Participativas<\/span>\n\t\t\t\t\t<\/span>\n\t\t\t\t\t<\/a>\n\t\t\t\t<\/div>\n\t\t\t\t\t\t\t\t<\/div>\n\t\t\t\t<\/div>\n\t\t\t\t\t<\/div>\n\t\t<\/div>\n\t\t\t\t\t<\/div>\n\t\t<\/section>\n\t\t\t\t<\/div>\n\t\t","protected":false},"excerpt":{"rendered":"<p>Comites de investigacion agricola local CIAL Descargar Escuelas de campo de agricultores. \u00a0 Descargar Pautas para Facilitadores de Escuelas de Campo para Agricultores. Descargar &lt; Retornar Metodologias Participativas<\/p>\n","protected":false},"author":4,"featured_media":0,"parent":3040,"menu_order":0,"comment_status":"closed","ping_status":"closed","template":"page-templates\/template_fullwidth.php","meta":{"neve_meta_sidebar":"","neve_meta_container":"","neve_meta_enable_content_width":"","neve_meta_content_width":0,"neve_meta_title_alignment":"","neve_meta_author_avatar":"","neve_post_elements_order":"","neve_meta_disable_header":"","neve_meta_disable_footer":"","neve_meta_disable_title":"","footnotes":""},"class_list":["post-3162","page","type-page","status-publish","hentry"],"yoast_head":"<!-- This site is optimized with the Yoast SEO plugin v27.4 - https:\/\/yoast.com\/product\/yoast-seo-wordpress\/ -->\n<title>Escuelas de Campo e Investigaci\u00f3n - Fundaci\u00f3n PROINPA<\/title>\n<meta name=\"robots\" content=\"index, follow, max-snippet:-1, max-image-preview:large, max-video-preview:-1\" \/>\n<link rel=\"canonical\" href=\"https:\/\/www.proinpa.org\/web\/biblioteca-virtual\/metodologias-participativas\/escuelas-de-campo-e-investigacion\/\" \/>\n<meta property=\"og:locale\" content=\"es_ES\" \/>\n<meta property=\"og:type\" content=\"article\" \/>\n<meta property=\"og:title\" content=\"Escuelas de Campo e Investigaci\u00f3n - Fundaci\u00f3n PROINPA\" \/>\n<meta property=\"og:description\" content=\"Comites de investigacion agricola local CIAL Descargar Escuelas de campo de agricultores. \u00a0 Descargar Pautas para Facilitadores de Escuelas de Campo para Agricultores. Descargar &lt; Retornar Metodologias Participativas\" \/>\n<meta property=\"og:url\" content=\"https:\/\/www.proinpa.org\/web\/biblioteca-virtual\/metodologias-participativas\/escuelas-de-campo-e-investigacion\/\" \/>\n<meta property=\"og:site_name\" content=\"Fundaci\u00f3n PROINPA\" \/>\n<meta property=\"article:publisher\" content=\"https:\/\/www.facebook.com\/PROINPA\/\" \/>\n<meta property=\"article:modified_time\" content=\"2022-08-31T15:36:42+00:00\" \/>\n<meta property=\"og:image\" content=\"https:\/\/www.proinpa.org\/web\/wp-content\/uploads\/2022\/08\/Comites-de-investigacion-agricola-local-CIAL.jpg\" \/>\n<meta name=\"twitter:card\" content=\"summary_large_image\" \/>\n<meta name=\"twitter:label1\" content=\"Tiempo de lectura\" \/>\n\t<meta name=\"twitter:data1\" content=\"1 minuto\" \/>\n<script type=\"application\/ld+json\" class=\"yoast-schema-graph\">{\"@context\":\"https:\\\/\\\/schema.org\",\"@graph\":[{\"@type\":\"WebPage\",\"@id\":\"https:\\\/\\\/www.proinpa.org\\\/web\\\/biblioteca-virtual\\\/metodologias-participativas\\\/escuelas-de-campo-e-investigacion\\\/\",\"url\":\"https:\\\/\\\/www.proinpa.org\\\/web\\\/biblioteca-virtual\\\/metodologias-participativas\\\/escuelas-de-campo-e-investigacion\\\/\",\"name\":\"Escuelas de Campo e Investigaci\u00f3n - Fundaci\u00f3n PROINPA\",\"isPartOf\":{\"@id\":\"https:\\\/\\\/www.proinpa.org\\\/web\\\/#website\"},\"primaryImageOfPage\":{\"@id\":\"https:\\\/\\\/www.proinpa.org\\\/web\\\/biblioteca-virtual\\\/metodologias-participativas\\\/escuelas-de-campo-e-investigacion\\\/#primaryimage\"},\"image\":{\"@id\":\"https:\\\/\\\/www.proinpa.org\\\/web\\\/biblioteca-virtual\\\/metodologias-participativas\\\/escuelas-de-campo-e-investigacion\\\/#primaryimage\"},\"thumbnailUrl\":\"https:\\\/\\\/www.proinpa.org\\\/web\\\/wp-content\\\/uploads\\\/2022\\\/08\\\/Comites-de-investigacion-agricola-local-CIAL.jpg\",\"datePublished\":\"2022-08-31T15:18:29+00:00\",\"dateModified\":\"2022-08-31T15:36:42+00:00\",\"breadcrumb\":{\"@id\":\"https:\\\/\\\/www.proinpa.org\\\/web\\\/biblioteca-virtual\\\/metodologias-participativas\\\/escuelas-de-campo-e-investigacion\\\/#breadcrumb\"},\"inLanguage\":\"es\",\"potentialAction\":[{\"@type\":\"ReadAction\",\"target\":[\"https:\\\/\\\/www.proinpa.org\\\/web\\\/biblioteca-virtual\\\/metodologias-participativas\\\/escuelas-de-campo-e-investigacion\\\/\"]}]},{\"@type\":\"ImageObject\",\"inLanguage\":\"es\",\"@id\":\"https:\\\/\\\/www.proinpa.org\\\/web\\\/biblioteca-virtual\\\/metodologias-participativas\\\/escuelas-de-campo-e-investigacion\\\/#primaryimage\",\"url\":\"https:\\\/\\\/www.proinpa.org\\\/web\\\/wp-content\\\/uploads\\\/2022\\\/08\\\/Comites-de-investigacion-agricola-local-CIAL.jpg\",\"contentUrl\":\"https:\\\/\\\/www.proinpa.org\\\/web\\\/wp-content\\\/uploads\\\/2022\\\/08\\\/Comites-de-investigacion-agricola-local-CIAL.jpg\",\"width\":365,\"height\":497},{\"@type\":\"BreadcrumbList\",\"@id\":\"https:\\\/\\\/www.proinpa.org\\\/web\\\/biblioteca-virtual\\\/metodologias-participativas\\\/escuelas-de-campo-e-investigacion\\\/#breadcrumb\",\"itemListElement\":[{\"@type\":\"ListItem\",\"position\":1,\"name\":\"Portada\",\"item\":\"https:\\\/\\\/www.proinpa.org\\\/web\\\/\"},{\"@type\":\"ListItem\",\"position\":2,\"name\":\"Biblioteca virtual\",\"item\":\"https:\\\/\\\/www.proinpa.org\\\/web\\\/biblioteca-virtual\\\/\"},{\"@type\":\"ListItem\",\"position\":3,\"name\":\"Metodologias participativas\",\"item\":\"https:\\\/\\\/www.proinpa.org\\\/web\\\/biblioteca-virtual\\\/metodologias-participativas\\\/\"},{\"@type\":\"ListItem\",\"position\":4,\"name\":\"Escuelas de Campo e Investigaci\u00f3n\"}]},{\"@type\":\"WebSite\",\"@id\":\"https:\\\/\\\/www.proinpa.org\\\/web\\\/#website\",\"url\":\"https:\\\/\\\/www.proinpa.org\\\/web\\\/\",\"name\":\"Fundaci\u00f3n PROINPA\",\"description\":\"Fundaci\u00f3n para la Promoci\u00f3n e Investigaci\u00f3n de Productos Andinos\",\"publisher\":{\"@id\":\"https:\\\/\\\/www.proinpa.org\\\/web\\\/#organization\"},\"potentialAction\":[{\"@type\":\"SearchAction\",\"target\":{\"@type\":\"EntryPoint\",\"urlTemplate\":\"https:\\\/\\\/www.proinpa.org\\\/web\\\/?s={search_term_string}\"},\"query-input\":{\"@type\":\"PropertyValueSpecification\",\"valueRequired\":true,\"valueName\":\"search_term_string\"}}],\"inLanguage\":\"es\"},{\"@type\":\"Organization\",\"@id\":\"https:\\\/\\\/www.proinpa.org\\\/web\\\/#organization\",\"name\":\"Fundaci\u00f3n Proinpa\",\"url\":\"https:\\\/\\\/www.proinpa.org\\\/web\\\/\",\"logo\":{\"@type\":\"ImageObject\",\"inLanguage\":\"es\",\"@id\":\"https:\\\/\\\/www.proinpa.org\\\/web\\\/#\\\/schema\\\/logo\\\/image\\\/\",\"url\":\"https:\\\/\\\/www.proinpa.org\\\/web\\\/wp-content\\\/uploads\\\/2019\\\/09\\\/logo_proinpa2.png\",\"contentUrl\":\"https:\\\/\\\/www.proinpa.org\\\/web\\\/wp-content\\\/uploads\\\/2019\\\/09\\\/logo_proinpa2.png\",\"width\":110,\"height\":85,\"caption\":\"Fundaci\u00f3n Proinpa\"},\"image\":{\"@id\":\"https:\\\/\\\/www.proinpa.org\\\/web\\\/#\\\/schema\\\/logo\\\/image\\\/\"},\"sameAs\":[\"https:\\\/\\\/www.facebook.com\\\/PROINPA\\\/\",\"https:\\\/\\\/www.youtube.com\\\/user\\\/FundacionPROINPA\"]}]}<\/script>\n<!-- \/ Yoast SEO plugin. -->","yoast_head_json":{"title":"Escuelas de Campo e Investigaci\u00f3n - Fundaci\u00f3n PROINPA","robots":{"index":"index","follow":"follow","max-snippet":"max-snippet:-1","max-image-preview":"max-image-preview:large","max-video-preview":"max-video-preview:-1"},"canonical":"https:\/\/www.proinpa.org\/web\/biblioteca-virtual\/metodologias-participativas\/escuelas-de-campo-e-investigacion\/","og_locale":"es_ES","og_type":"article","og_title":"Escuelas de Campo e Investigaci\u00f3n - Fundaci\u00f3n PROINPA","og_description":"Comites de investigacion agricola local CIAL Descargar Escuelas de campo de agricultores. \u00a0 Descargar Pautas para Facilitadores de Escuelas de Campo para Agricultores. Descargar &lt; Retornar Metodologias Participativas","og_url":"https:\/\/www.proinpa.org\/web\/biblioteca-virtual\/metodologias-participativas\/escuelas-de-campo-e-investigacion\/","og_site_name":"Fundaci\u00f3n PROINPA","article_publisher":"https:\/\/www.facebook.com\/PROINPA\/","article_modified_time":"2022-08-31T15:36:42+00:00","og_image":[{"url":"https:\/\/www.proinpa.org\/web\/wp-content\/uploads\/2022\/08\/Comites-de-investigacion-agricola-local-CIAL.jpg","type":"","width":"","height":""}],"twitter_card":"summary_large_image","twitter_misc":{"Tiempo de lectura":"1 minuto"},"schema":{"@context":"https:\/\/schema.org","@graph":[{"@type":"WebPage","@id":"https:\/\/www.proinpa.org\/web\/biblioteca-virtual\/metodologias-participativas\/escuelas-de-campo-e-investigacion\/","url":"https:\/\/www.proinpa.org\/web\/biblioteca-virtual\/metodologias-participativas\/escuelas-de-campo-e-investigacion\/","name":"Escuelas de Campo e Investigaci\u00f3n - Fundaci\u00f3n PROINPA","isPartOf":{"@id":"https:\/\/www.proinpa.org\/web\/#website"},"primaryImageOfPage":{"@id":"https:\/\/www.proinpa.org\/web\/biblioteca-virtual\/metodologias-participativas\/escuelas-de-campo-e-investigacion\/#primaryimage"},"image":{"@id":"https:\/\/www.proinpa.org\/web\/biblioteca-virtual\/metodologias-participativas\/escuelas-de-campo-e-investigacion\/#primaryimage"},"thumbnailUrl":"https:\/\/www.proinpa.org\/web\/wp-content\/uploads\/2022\/08\/Comites-de-investigacion-agricola-local-CIAL.jpg","datePublished":"2022-08-31T15:18:29+00:00","dateModified":"2022-08-31T15:36:42+00:00","breadcrumb":{"@id":"https:\/\/www.proinpa.org\/web\/biblioteca-virtual\/metodologias-participativas\/escuelas-de-campo-e-investigacion\/#breadcrumb"},"inLanguage":"es","potentialAction":[{"@type":"ReadAction","target":["https:\/\/www.proinpa.org\/web\/biblioteca-virtual\/metodologias-participativas\/escuelas-de-campo-e-investigacion\/"]}]},{"@type":"ImageObject","inLanguage":"es","@id":"https:\/\/www.proinpa.org\/web\/biblioteca-virtual\/metodologias-participativas\/escuelas-de-campo-e-investigacion\/#primaryimage","url":"https:\/\/www.proinpa.org\/web\/wp-content\/uploads\/2022\/08\/Comites-de-investigacion-agricola-local-CIAL.jpg","contentUrl":"https:\/\/www.proinpa.org\/web\/wp-content\/uploads\/2022\/08\/Comites-de-investigacion-agricola-local-CIAL.jpg","width":365,"height":497},{"@type":"BreadcrumbList","@id":"https:\/\/www.proinpa.org\/web\/biblioteca-virtual\/metodologias-participativas\/escuelas-de-campo-e-investigacion\/#breadcrumb","itemListElement":[{"@type":"ListItem","position":1,"name":"Portada","item":"https:\/\/www.proinpa.org\/web\/"},{"@type":"ListItem","position":2,"name":"Biblioteca virtual","item":"https:\/\/www.proinpa.org\/web\/biblioteca-virtual\/"},{"@type":"ListItem","position":3,"name":"Metodologias participativas","item":"https:\/\/www.proinpa.org\/web\/biblioteca-virtual\/metodologias-participativas\/"},{"@type":"ListItem","position":4,"name":"Escuelas de Campo e Investigaci\u00f3n"}]},{"@type":"WebSite","@id":"https:\/\/www.proinpa.org\/web\/#website","url":"https:\/\/www.proinpa.org\/web\/","name":"Fundaci\u00f3n PROINPA","description":"Fundaci\u00f3n para la Promoci\u00f3n e Investigaci\u00f3n de Productos Andinos","publisher":{"@id":"https:\/\/www.proinpa.org\/web\/#organization"},"potentialAction":[{"@type":"SearchAction","target":{"@type":"EntryPoint","urlTemplate":"https:\/\/www.proinpa.org\/web\/?s={search_term_string}"},"query-input":{"@type":"PropertyValueSpecification","valueRequired":true,"valueName":"search_term_string"}}],"inLanguage":"es"},{"@type":"Organization","@id":"https:\/\/www.proinpa.org\/web\/#organization","name":"Fundaci\u00f3n Proinpa","url":"https:\/\/www.proinpa.org\/web\/","logo":{"@type":"ImageObject","inLanguage":"es","@id":"https:\/\/www.proinpa.org\/web\/#\/schema\/logo\/image\/","url":"https:\/\/www.proinpa.org\/web\/wp-content\/uploads\/2019\/09\/logo_proinpa2.png","contentUrl":"https:\/\/www.proinpa.org\/web\/wp-content\/uploads\/2019\/09\/logo_proinpa2.png","width":110,"height":85,"caption":"Fundaci\u00f3n Proinpa"},"image":{"@id":"https:\/\/www.proinpa.org\/web\/#\/schema\/logo\/image\/"},"sameAs":["https:\/\/www.facebook.com\/PROINPA\/","https:\/\/www.youtube.com\/user\/FundacionPROINPA"]}]}},"_links":{"self":[{"href":"https:\/\/www.proinpa.org\/web\/wp-json\/wp\/v2\/pages\/3162","targetHints":{"allow":["GET"]}}],"collection":[{"href":"https:\/\/www.proinpa.org\/web\/wp-json\/wp\/v2\/pages"}],"about":[{"href":"https:\/\/www.proinpa.org\/web\/wp-json\/wp\/v2\/types\/page"}],"author":[{"embeddable":true,"href":"https:\/\/www.proinpa.org\/web\/wp-json\/wp\/v2\/users\/4"}],"replies":[{"embeddable":true,"href":"https:\/\/www.proinpa.org\/web\/wp-json\/wp\/v2\/comments?post=3162"}],"version-history":[{"count":20,"href":"https:\/\/www.proinpa.org\/web\/wp-json\/wp\/v2\/pages\/3162\/revisions"}],"predecessor-version":[{"id":3190,"href":"https:\/\/www.proinpa.org\/web\/wp-json\/wp\/v2\/pages\/3162\/revisions\/3190"}],"up":[{"embeddable":true,"href":"https:\/\/www.proinpa.org\/web\/wp-json\/wp\/v2\/pages\/3040"}],"wp:attachment":[{"href":"https:\/\/www.proinpa.org\/web\/wp-json\/wp\/v2\/media?parent=3162"}],"curies":[{"name":"wp","href":"https:\/\/api.w.org\/{rel}","templated":true}]}}