{"id":3778,"date":"2023-03-01T11:10:36","date_gmt":"2023-03-01T15:10:36","guid":{"rendered":"https:\/\/www.proinpa.org\/web\/?page_id=3778"},"modified":"2025-03-14T12:30:15","modified_gmt":"2025-03-14T16:30:15","slug":"uso-y-conservacion-de-la-agrobiodiversidad","status":"publish","type":"page","link":"https:\/\/www.proinpa.org\/web\/lineas-estrategicas\/uso-y-conservacion-de-la-agrobiodiversidad\/","title":{"rendered":"Agrobiodiversidad y Cambio Clim\u00e1tico"},"content":{"rendered":"\t\t<div data-elementor-type=\"wp-page\" data-elementor-id=\"3778\" class=\"elementor elementor-3778\">\n\t\t\t\t\t\t<section class=\"elementor-section elementor-top-section elementor-element elementor-element-fb79e4b elementor-section-boxed elementor-section-height-default elementor-section-height-default\" data-id=\"fb79e4b\" data-element_type=\"section\" data-e-type=\"section\">\n\t\t\t\t\t\t<div class=\"elementor-container elementor-column-gap-default\">\n\t\t\t\t\t<div class=\"elementor-column elementor-col-100 elementor-top-column elementor-element elementor-element-1914f1d\" data-id=\"1914f1d\" data-element_type=\"column\" data-e-type=\"column\">\n\t\t\t<div class=\"elementor-widget-wrap elementor-element-populated\">\n\t\t\t\t\t\t<div class=\"elementor-element elementor-element-08598eb elementor-widget elementor-widget-image\" data-id=\"08598eb\" data-element_type=\"widget\" data-e-type=\"widget\" data-widget_type=\"image.default\">\n\t\t\t\t<div class=\"elementor-widget-container\">\n\t\t\t\t\t\t\t\t\t\t\t\t\t\t\t<img fetchpriority=\"high\" decoding=\"async\" width=\"1024\" height=\"229\" src=\"https:\/\/www.proinpa.org\/web\/wp-content\/uploads\/2025\/03\/Linea-Agrobiodiversidad-2025-1024x229.jpg\" class=\"attachment-large size-large wp-image-5098\" alt=\"\" srcset=\"https:\/\/www.proinpa.org\/web\/wp-content\/uploads\/2025\/03\/Linea-Agrobiodiversidad-2025-1024x229.jpg 1024w, https:\/\/www.proinpa.org\/web\/wp-content\/uploads\/2025\/03\/Linea-Agrobiodiversidad-2025-300x67.jpg 300w, https:\/\/www.proinpa.org\/web\/wp-content\/uploads\/2025\/03\/Linea-Agrobiodiversidad-2025-768x171.jpg 768w, https:\/\/www.proinpa.org\/web\/wp-content\/uploads\/2025\/03\/Linea-Agrobiodiversidad-2025-18x4.jpg 18w, https:\/\/www.proinpa.org\/web\/wp-content\/uploads\/2025\/03\/Linea-Agrobiodiversidad-2025-720x161.jpg 720w, https:\/\/www.proinpa.org\/web\/wp-content\/uploads\/2025\/03\/Linea-Agrobiodiversidad-2025.jpg 1205w\" sizes=\"(max-width: 1024px) 100vw, 1024px\" \/>\t\t\t\t\t\t\t\t\t\t\t\t\t\t\t<\/div>\n\t\t\t\t<\/div>\n\t\t\t\t<div class=\"elementor-element elementor-element-6ea5e38 elementor-widget elementor-widget-image\" data-id=\"6ea5e38\" data-element_type=\"widget\" data-e-type=\"widget\" data-widget_type=\"image.default\">\n\t\t\t\t<div class=\"elementor-widget-container\">\n\t\t\t\t\t<style>.elementor-element-6ea5e38{display:none !important}<\/style>\t\t\t\t<\/div>\n\t\t\t\t<\/div>\n\t\t\t\t\t<\/div>\n\t\t<\/div>\n\t\t\t\t\t<\/div>\n\t\t<\/section>\n\t\t\t\t<section class=\"elementor-section elementor-top-section elementor-element elementor-element-45a8a97 elementor-section-boxed elementor-section-height-default elementor-section-height-default\" data-id=\"45a8a97\" data-element_type=\"section\" data-e-type=\"section\">\n\t\t\t\t\t\t<div class=\"elementor-container elementor-column-gap-default\">\n\t\t\t\t\t<div class=\"elementor-column elementor-col-100 elementor-top-column elementor-element elementor-element-e15db48\" data-id=\"e15db48\" data-element_type=\"column\" data-e-type=\"column\">\n\t\t\t<div class=\"elementor-widget-wrap elementor-element-populated\">\n\t\t\t\t\t\t<div class=\"elementor-element elementor-element-9d169c7 elementor-widget elementor-widget-text-editor\" data-id=\"9d169c7\" data-element_type=\"widget\" data-e-type=\"widget\" data-widget_type=\"text-editor.default\">\n\t\t\t\t<div class=\"elementor-widget-container\">\n\t\t\t\t\t\t\t\t\t<p>Al ser Bolivia centro de origen de diversos vegetales y animales, el potencial que tiene para alimentar a su poblaci\u00f3n y la de otras regiones, es muy grande.<\/p><p>En la medida en la que la poblaci\u00f3n se alimente con productos de la agrobiodiversidad, la calidad de sus dietas mejorar\u00e1 significativamente y se fortalecer\u00e1n los sistemas alimentarios, haci\u00e9ndolos m\u00e1s resilientes a los efectos del cambio clim\u00e1tico y por lo tanto, sostenibles.<\/p><p>La identificaci\u00f3n de especies de la agrobiodiversidad, su caracterizaci\u00f3n agron\u00f3mica y el estudio de su potencial contribuci\u00f3n a la mejora de la calidad de la nutrici\u00f3n de las personas, son algunas de acciones clave de esta l\u00ednea estrat\u00e9gica que se desarrollan a trav\u00e9s del programa de agrobiodiversidad.<\/p>\t\t\t\t\t\t\t\t<\/div>\n\t\t\t\t<\/div>\n\t\t\t\t\t<\/div>\n\t\t<\/div>\n\t\t\t\t\t<\/div>\n\t\t<\/section>\n\t\t\t\t<section class=\"elementor-section elementor-top-section elementor-element elementor-element-5acc230 elementor-section-boxed elementor-section-height-default elementor-section-height-default\" data-id=\"5acc230\" data-element_type=\"section\" data-e-type=\"section\">\n\t\t\t\t\t\t<div class=\"elementor-container elementor-column-gap-default\">\n\t\t\t\t\t<div class=\"elementor-column elementor-col-100 elementor-top-column elementor-element elementor-element-13085db\" data-id=\"13085db\" data-element_type=\"column\" data-e-type=\"column\">\n\t\t\t<div class=\"elementor-widget-wrap elementor-element-populated\">\n\t\t\t\t\t\t<div class=\"elementor-element elementor-element-6e00fa4 elementor-widget-divider--view-line elementor-widget elementor-widget-divider\" data-id=\"6e00fa4\" data-element_type=\"widget\" data-e-type=\"widget\" data-widget_type=\"divider.default\">\n\t\t\t\t<div class=\"elementor-widget-container\">\n\t\t\t\t\t\t\t<div class=\"elementor-divider\">\n\t\t\t<span class=\"elementor-divider-separator\">\n\t\t\t\t\t\t<\/span>\n\t\t<\/div>\n\t\t\t\t\t\t<\/div>\n\t\t\t\t<\/div>\n\t\t\t\t\t<\/div>\n\t\t<\/div>\n\t\t\t\t\t<\/div>\n\t\t<\/section>\n\t\t\t\t<section class=\"elementor-section elementor-top-section elementor-element elementor-element-3115de1 elementor-section-boxed elementor-section-height-default elementor-section-height-default\" data-id=\"3115de1\" data-element_type=\"section\" data-e-type=\"section\">\n\t\t\t\t\t\t<div class=\"elementor-container elementor-column-gap-default\">\n\t\t\t\t\t<div class=\"elementor-column elementor-col-100 elementor-top-column elementor-element elementor-element-c5b5414\" data-id=\"c5b5414\" data-element_type=\"column\" data-e-type=\"column\">\n\t\t\t<div class=\"elementor-widget-wrap elementor-element-populated\">\n\t\t\t\t\t\t<div class=\"elementor-element elementor-element-ff80941 elementor-widget elementor-widget-heading\" data-id=\"ff80941\" data-element_type=\"widget\" data-e-type=\"widget\" data-widget_type=\"heading.default\">\n\t\t\t\t<div class=\"elementor-widget-container\">\n\t\t\t\t\t<h2 class=\"elementor-heading-title elementor-size-default\">Nuestros Programas:<\/h2>\t\t\t\t<\/div>\n\t\t\t\t<\/div>\n\t\t\t\t\t<\/div>\n\t\t<\/div>\n\t\t\t\t\t<\/div>\n\t\t<\/section>\n\t\t\t\t<section class=\"elementor-section elementor-top-section elementor-element elementor-element-1865ac8 elementor-section-boxed elementor-section-height-default elementor-section-height-default\" data-id=\"1865ac8\" data-element_type=\"section\" data-e-type=\"section\">\n\t\t\t\t\t\t<div class=\"elementor-container elementor-column-gap-default\">\n\t\t\t\t\t<div class=\"elementor-column elementor-col-25 elementor-top-column elementor-element elementor-element-26bf237\" data-id=\"26bf237\" data-element_type=\"column\" data-e-type=\"column\">\n\t\t\t<div class=\"elementor-widget-wrap elementor-element-populated\">\n\t\t\t\t\t\t<div class=\"elementor-element elementor-element-f38e6f9 elementor-widget elementor-widget-image\" data-id=\"f38e6f9\" data-element_type=\"widget\" data-e-type=\"widget\" data-widget_type=\"image.default\">\n\t\t\t\t<div class=\"elementor-widget-container\">\n\t\t\t\t\t\t\t\t\t\t\t\t<figure class=\"wp-caption\">\n\t\t\t\t\t\t\t\t\t\t\t<a href=\"https:\/\/www.proinpa.org\/web\/programas\/manejo-integrado-de-cultivos\/\">\n\t\t\t\t\t\t\t<img decoding=\"async\" width=\"236\" height=\"236\" src=\"https:\/\/www.proinpa.org\/web\/wp-content\/uploads\/2024\/01\/BOTONE-Prog.-Manejo-integrado-de-Cultivos_2.png\" class=\"attachment-large size-large wp-image-4762\" alt=\"\" srcset=\"https:\/\/www.proinpa.org\/web\/wp-content\/uploads\/2024\/01\/BOTONE-Prog.-Manejo-integrado-de-Cultivos_2.png 236w, https:\/\/www.proinpa.org\/web\/wp-content\/uploads\/2024\/01\/BOTONE-Prog.-Manejo-integrado-de-Cultivos_2-150x150.png 150w, https:\/\/www.proinpa.org\/web\/wp-content\/uploads\/2024\/01\/BOTONE-Prog.-Manejo-integrado-de-Cultivos_2-12x12.png 12w\" sizes=\"(max-width: 236px) 100vw, 236px\" \/>\t\t\t\t\t\t\t\t<\/a>\n\t\t\t\t\t\t\t\t\t\t\t<figcaption class=\"widget-image-caption wp-caption-text\"><\/figcaption>\n\t\t\t\t\t\t\t\t\t\t<\/figure>\n\t\t\t\t\t\t\t\t\t<\/div>\n\t\t\t\t<\/div>\n\t\t\t\t<div class=\"elementor-element elementor-element-1998a59 elementor-widget elementor-widget-image\" data-id=\"1998a59\" data-element_type=\"widget\" data-e-type=\"widget\" data-widget_type=\"image.default\">\n\t\t\t\t<div class=\"elementor-widget-container\">\n\t\t\t\t\t<style>.elementor-element-1998a59{display:none !important}<\/style>\t\t\t\t<\/div>\n\t\t\t\t<\/div>\n\t\t\t\t\t<\/div>\n\t\t<\/div>\n\t\t\t\t<div class=\"elementor-column elementor-col-25 elementor-top-column elementor-element elementor-element-843314d\" data-id=\"843314d\" data-element_type=\"column\" data-e-type=\"column\">\n\t\t\t<div class=\"elementor-widget-wrap elementor-element-populated\">\n\t\t\t\t\t\t<div class=\"elementor-element elementor-element-32c4d95 elementor-widget elementor-widget-image\" data-id=\"32c4d95\" data-element_type=\"widget\" data-e-type=\"widget\" data-widget_type=\"image.default\">\n\t\t\t\t<div class=\"elementor-widget-container\">\n\t\t\t\t\t\t\t\t\t\t\t\t\t\t\t\t<a href=\"https:\/\/www.proinpa.org\/web\/programas\/agrobiodiversidad\/\">\n\t\t\t\t\t\t\t<img decoding=\"async\" width=\"236\" height=\"236\" src=\"https:\/\/www.proinpa.org\/web\/wp-content\/uploads\/2023\/03\/Boton-Prog-AGROBIO-2023.png\" class=\"attachment-large size-large wp-image-4073\" alt=\"\" srcset=\"https:\/\/www.proinpa.org\/web\/wp-content\/uploads\/2023\/03\/Boton-Prog-AGROBIO-2023.png 236w, https:\/\/www.proinpa.org\/web\/wp-content\/uploads\/2023\/03\/Boton-Prog-AGROBIO-2023-150x150.png 150w\" sizes=\"(max-width: 236px) 100vw, 236px\" \/>\t\t\t\t\t\t\t\t<\/a>\n\t\t\t\t\t\t\t\t\t\t\t\t\t\t\t<\/div>\n\t\t\t\t<\/div>\n\t\t\t\t<div class=\"elementor-element elementor-element-7ad9bd9 elementor-widget elementor-widget-image\" data-id=\"7ad9bd9\" data-element_type=\"widget\" data-e-type=\"widget\" data-widget_type=\"image.default\">\n\t\t\t\t<div class=\"elementor-widget-container\">\n\t\t\t\t\t<style>.elementor-element-7ad9bd9{display:none !important}<\/style>\t\t\t\t<\/div>\n\t\t\t\t<\/div>\n\t\t\t\t\t<\/div>\n\t\t<\/div>\n\t\t\t\t<div class=\"elementor-column elementor-col-25 elementor-top-column elementor-element elementor-element-e9124f4\" data-id=\"e9124f4\" data-element_type=\"column\" data-e-type=\"column\">\n\t\t\t<div class=\"elementor-widget-wrap elementor-element-populated\">\n\t\t\t\t\t\t<div class=\"elementor-element elementor-element-22f0576 elementor-widget elementor-widget-image\" data-id=\"22f0576\" data-element_type=\"widget\" data-e-type=\"widget\" data-widget_type=\"image.default\">\n\t\t\t\t<div class=\"elementor-widget-container\">\n\t\t\t\t\t\t\t\t\t\t\t\t\t\t\t\t<a href=\"https:\/\/www.proinpa.org\/web\/programas\/negocios-inclusivos\/\">\n\t\t\t\t\t\t\t<img loading=\"lazy\" decoding=\"async\" width=\"236\" height=\"236\" src=\"https:\/\/www.proinpa.org\/web\/wp-content\/uploads\/2023\/03\/Boton-Prog-NEGOCIOS-INCL-2023.png\" class=\"attachment-large size-large wp-image-4080\" alt=\"\" srcset=\"https:\/\/www.proinpa.org\/web\/wp-content\/uploads\/2023\/03\/Boton-Prog-NEGOCIOS-INCL-2023.png 236w, https:\/\/www.proinpa.org\/web\/wp-content\/uploads\/2023\/03\/Boton-Prog-NEGOCIOS-INCL-2023-150x150.png 150w\" sizes=\"(max-width: 236px) 100vw, 236px\" \/>\t\t\t\t\t\t\t\t<\/a>\n\t\t\t\t\t\t\t\t\t\t\t\t\t\t\t<\/div>\n\t\t\t\t<\/div>\n\t\t\t\t<div class=\"elementor-element elementor-element-95c422b elementor-widget elementor-widget-image\" data-id=\"95c422b\" data-element_type=\"widget\" data-e-type=\"widget\" data-widget_type=\"image.default\">\n\t\t\t\t<div class=\"elementor-widget-container\">\n\t\t\t\t\t<style>.elementor-element-95c422b{display:none !important}<\/style>\t\t\t\t<\/div>\n\t\t\t\t<\/div>\n\t\t\t\t\t<\/div>\n\t\t<\/div>\n\t\t\t\t<div class=\"elementor-column elementor-col-25 elementor-top-column elementor-element elementor-element-06f0016\" data-id=\"06f0016\" data-element_type=\"column\" data-e-type=\"column\">\n\t\t\t<div class=\"elementor-widget-wrap elementor-element-populated\">\n\t\t\t\t\t\t<div class=\"elementor-element elementor-element-1d2b0b1 elementor-widget elementor-widget-image\" data-id=\"1d2b0b1\" data-element_type=\"widget\" data-e-type=\"widget\" data-widget_type=\"image.default\">\n\t\t\t\t<div class=\"elementor-widget-container\">\n\t\t\t\t\t\t\t\t\t\t\t\t\t\t\t\t<a href=\"https:\/\/www.proinpa.org\/web\/programas\/granos-andinos\/\">\n\t\t\t\t\t\t\t<img loading=\"lazy\" decoding=\"async\" width=\"236\" height=\"236\" src=\"https:\/\/www.proinpa.org\/web\/wp-content\/uploads\/2023\/03\/Boton-Prog.-Granos-Andinos-2023-1.png\" class=\"attachment-large size-large wp-image-4070\" alt=\"\" srcset=\"https:\/\/www.proinpa.org\/web\/wp-content\/uploads\/2023\/03\/Boton-Prog.-Granos-Andinos-2023-1.png 236w, https:\/\/www.proinpa.org\/web\/wp-content\/uploads\/2023\/03\/Boton-Prog.-Granos-Andinos-2023-1-150x150.png 150w\" sizes=\"(max-width: 236px) 100vw, 236px\" \/>\t\t\t\t\t\t\t\t<\/a>\n\t\t\t\t\t\t\t\t\t\t\t\t\t\t\t<\/div>\n\t\t\t\t<\/div>\n\t\t\t\t<div class=\"elementor-element elementor-element-e2068df elementor-widget elementor-widget-image\" data-id=\"e2068df\" data-element_type=\"widget\" data-e-type=\"widget\" data-widget_type=\"image.default\">\n\t\t\t\t<div class=\"elementor-widget-container\">\n\t\t\t\t\t<style>.elementor-element-e2068df{display:none !important}<\/style>\t\t\t\t<\/div>\n\t\t\t\t<\/div>\n\t\t\t\t\t<\/div>\n\t\t<\/div>\n\t\t\t\t\t<\/div>\n\t\t<\/section>\n\t\t\t\t<\/div>\n\t\t","protected":false},"excerpt":{"rendered":"<p>Al ser Bolivia centro de origen de diversos vegetales y animales, el potencial que tiene para alimentar a su poblaci\u00f3n y la de otras regiones, es muy grande. En la medida en la que la poblaci\u00f3n se alimente con productos de la agrobiodiversidad, la calidad de sus dietas mejorar\u00e1 significativamente y se fortalecer\u00e1n los sistemas&hellip;&nbsp;<a href=\"https:\/\/www.proinpa.org\/web\/lineas-estrategicas\/uso-y-conservacion-de-la-agrobiodiversidad\/\" rel=\"bookmark\">Leer m\u00e1s &raquo;<span class=\"screen-reader-text\">Agrobiodiversidad y Cambio Clim\u00e1tico<\/span><\/a><\/p>\n","protected":false},"author":4,"featured_media":0,"parent":3794,"menu_order":0,"comment_status":"closed","ping_status":"closed","template":"page-templates\/template_fullwidth.php","meta":{"neve_meta_sidebar":"","neve_meta_container":"","neve_meta_enable_content_width":"","neve_meta_content_width":0,"neve_meta_title_alignment":"","neve_meta_author_avatar":"","neve_post_elements_order":"","neve_meta_disable_header":"","neve_meta_disable_footer":"","neve_meta_disable_title":"","footnotes":""},"class_list":["post-3778","page","type-page","status-publish","hentry"],"yoast_head":"<!-- This site is optimized with the Yoast SEO plugin v27.3 - https:\/\/yoast.com\/product\/yoast-seo-wordpress\/ -->\n<title>Agrobiodiversidad y Cambio Clim\u00e1tico - Fundaci\u00f3n PROINPA<\/title>\n<meta name=\"robots\" content=\"index, follow, max-snippet:-1, max-image-preview:large, max-video-preview:-1\" \/>\n<link rel=\"canonical\" href=\"https:\/\/www.proinpa.org\/web\/lineas-estrategicas\/uso-y-conservacion-de-la-agrobiodiversidad\/\" \/>\n<meta property=\"og:locale\" content=\"es_ES\" \/>\n<meta property=\"og:type\" content=\"article\" \/>\n<meta property=\"og:title\" content=\"Agrobiodiversidad y Cambio Clim\u00e1tico - Fundaci\u00f3n PROINPA\" \/>\n<meta property=\"og:description\" content=\"Al ser Bolivia centro de origen de diversos vegetales y animales, el potencial que tiene para alimentar a su poblaci\u00f3n y la de otras regiones, es muy grande. En la medida en la que la poblaci\u00f3n se alimente con productos de la agrobiodiversidad, la calidad de sus dietas mejorar\u00e1 significativamente y se fortalecer\u00e1n los sistemas&hellip;&nbsp;Leer m\u00e1s &raquo;Agrobiodiversidad y Cambio Clim\u00e1tico\" \/>\n<meta property=\"og:url\" content=\"https:\/\/www.proinpa.org\/web\/lineas-estrategicas\/uso-y-conservacion-de-la-agrobiodiversidad\/\" \/>\n<meta property=\"og:site_name\" content=\"Fundaci\u00f3n PROINPA\" \/>\n<meta property=\"article:publisher\" content=\"https:\/\/www.facebook.com\/PROINPA\/\" \/>\n<meta property=\"article:modified_time\" content=\"2025-03-14T16:30:15+00:00\" \/>\n<meta property=\"og:image\" content=\"https:\/\/www.proinpa.org\/web\/wp-content\/uploads\/2025\/03\/Linea-Agrobiodiversidad-2025.jpg\" \/>\n\t<meta property=\"og:image:width\" content=\"1205\" \/>\n\t<meta property=\"og:image:height\" content=\"269\" \/>\n\t<meta property=\"og:image:type\" content=\"image\/jpeg\" \/>\n<meta name=\"twitter:card\" content=\"summary_large_image\" \/>\n<meta name=\"twitter:label1\" content=\"Tiempo de lectura\" \/>\n\t<meta name=\"twitter:data1\" content=\"1 minuto\" \/>\n<script type=\"application\/ld+json\" class=\"yoast-schema-graph\">{\"@context\":\"https:\\\/\\\/schema.org\",\"@graph\":[{\"@type\":\"WebPage\",\"@id\":\"https:\\\/\\\/www.proinpa.org\\\/web\\\/lineas-estrategicas\\\/uso-y-conservacion-de-la-agrobiodiversidad\\\/\",\"url\":\"https:\\\/\\\/www.proinpa.org\\\/web\\\/lineas-estrategicas\\\/uso-y-conservacion-de-la-agrobiodiversidad\\\/\",\"name\":\"Agrobiodiversidad y Cambio Clim\u00e1tico - Fundaci\u00f3n PROINPA\",\"isPartOf\":{\"@id\":\"https:\\\/\\\/www.proinpa.org\\\/web\\\/#website\"},\"primaryImageOfPage\":{\"@id\":\"https:\\\/\\\/www.proinpa.org\\\/web\\\/lineas-estrategicas\\\/uso-y-conservacion-de-la-agrobiodiversidad\\\/#primaryimage\"},\"image\":{\"@id\":\"https:\\\/\\\/www.proinpa.org\\\/web\\\/lineas-estrategicas\\\/uso-y-conservacion-de-la-agrobiodiversidad\\\/#primaryimage\"},\"thumbnailUrl\":\"https:\\\/\\\/www.proinpa.org\\\/web\\\/wp-content\\\/uploads\\\/2025\\\/03\\\/Linea-Agrobiodiversidad-2025-1024x229.jpg\",\"datePublished\":\"2023-03-01T15:10:36+00:00\",\"dateModified\":\"2025-03-14T16:30:15+00:00\",\"breadcrumb\":{\"@id\":\"https:\\\/\\\/www.proinpa.org\\\/web\\\/lineas-estrategicas\\\/uso-y-conservacion-de-la-agrobiodiversidad\\\/#breadcrumb\"},\"inLanguage\":\"es\",\"potentialAction\":[{\"@type\":\"ReadAction\",\"target\":[\"https:\\\/\\\/www.proinpa.org\\\/web\\\/lineas-estrategicas\\\/uso-y-conservacion-de-la-agrobiodiversidad\\\/\"]}]},{\"@type\":\"ImageObject\",\"inLanguage\":\"es\",\"@id\":\"https:\\\/\\\/www.proinpa.org\\\/web\\\/lineas-estrategicas\\\/uso-y-conservacion-de-la-agrobiodiversidad\\\/#primaryimage\",\"url\":\"https:\\\/\\\/www.proinpa.org\\\/web\\\/wp-content\\\/uploads\\\/2025\\\/03\\\/Linea-Agrobiodiversidad-2025.jpg\",\"contentUrl\":\"https:\\\/\\\/www.proinpa.org\\\/web\\\/wp-content\\\/uploads\\\/2025\\\/03\\\/Linea-Agrobiodiversidad-2025.jpg\",\"width\":1205,\"height\":269},{\"@type\":\"BreadcrumbList\",\"@id\":\"https:\\\/\\\/www.proinpa.org\\\/web\\\/lineas-estrategicas\\\/uso-y-conservacion-de-la-agrobiodiversidad\\\/#breadcrumb\",\"itemListElement\":[{\"@type\":\"ListItem\",\"position\":1,\"name\":\"Portada\",\"item\":\"https:\\\/\\\/www.proinpa.org\\\/web\\\/\"},{\"@type\":\"ListItem\",\"position\":2,\"name\":\"L\u00edneas estrat\u00e9gicas\",\"item\":\"https:\\\/\\\/www.proinpa.org\\\/web\\\/lineas-estrategicas\\\/\"},{\"@type\":\"ListItem\",\"position\":3,\"name\":\"Agrobiodiversidad y Cambio Clim\u00e1tico\"}]},{\"@type\":\"WebSite\",\"@id\":\"https:\\\/\\\/www.proinpa.org\\\/web\\\/#website\",\"url\":\"https:\\\/\\\/www.proinpa.org\\\/web\\\/\",\"name\":\"Fundaci\u00f3n PROINPA\",\"description\":\"Fundaci\u00f3n para la Promoci\u00f3n e Investigaci\u00f3n de Productos Andinos\",\"publisher\":{\"@id\":\"https:\\\/\\\/www.proinpa.org\\\/web\\\/#organization\"},\"potentialAction\":[{\"@type\":\"SearchAction\",\"target\":{\"@type\":\"EntryPoint\",\"urlTemplate\":\"https:\\\/\\\/www.proinpa.org\\\/web\\\/?s={search_term_string}\"},\"query-input\":{\"@type\":\"PropertyValueSpecification\",\"valueRequired\":true,\"valueName\":\"search_term_string\"}}],\"inLanguage\":\"es\"},{\"@type\":\"Organization\",\"@id\":\"https:\\\/\\\/www.proinpa.org\\\/web\\\/#organization\",\"name\":\"Fundaci\u00f3n Proinpa\",\"url\":\"https:\\\/\\\/www.proinpa.org\\\/web\\\/\",\"logo\":{\"@type\":\"ImageObject\",\"inLanguage\":\"es\",\"@id\":\"https:\\\/\\\/www.proinpa.org\\\/web\\\/#\\\/schema\\\/logo\\\/image\\\/\",\"url\":\"https:\\\/\\\/www.proinpa.org\\\/web\\\/wp-content\\\/uploads\\\/2019\\\/09\\\/logo_proinpa2.png\",\"contentUrl\":\"https:\\\/\\\/www.proinpa.org\\\/web\\\/wp-content\\\/uploads\\\/2019\\\/09\\\/logo_proinpa2.png\",\"width\":110,\"height\":85,\"caption\":\"Fundaci\u00f3n Proinpa\"},\"image\":{\"@id\":\"https:\\\/\\\/www.proinpa.org\\\/web\\\/#\\\/schema\\\/logo\\\/image\\\/\"},\"sameAs\":[\"https:\\\/\\\/www.facebook.com\\\/PROINPA\\\/\",\"https:\\\/\\\/www.youtube.com\\\/user\\\/FundacionPROINPA\"]}]}<\/script>\n<!-- \/ Yoast SEO plugin. -->","yoast_head_json":{"title":"Agrobiodiversidad y Cambio Clim\u00e1tico - Fundaci\u00f3n PROINPA","robots":{"index":"index","follow":"follow","max-snippet":"max-snippet:-1","max-image-preview":"max-image-preview:large","max-video-preview":"max-video-preview:-1"},"canonical":"https:\/\/www.proinpa.org\/web\/lineas-estrategicas\/uso-y-conservacion-de-la-agrobiodiversidad\/","og_locale":"es_ES","og_type":"article","og_title":"Agrobiodiversidad y Cambio Clim\u00e1tico - Fundaci\u00f3n PROINPA","og_description":"Al ser Bolivia centro de origen de diversos vegetales y animales, el potencial que tiene para alimentar a su poblaci\u00f3n y la de otras regiones, es muy grande. En la medida en la que la poblaci\u00f3n se alimente con productos de la agrobiodiversidad, la calidad de sus dietas mejorar\u00e1 significativamente y se fortalecer\u00e1n los sistemas&hellip;&nbsp;Leer m\u00e1s &raquo;Agrobiodiversidad y Cambio Clim\u00e1tico","og_url":"https:\/\/www.proinpa.org\/web\/lineas-estrategicas\/uso-y-conservacion-de-la-agrobiodiversidad\/","og_site_name":"Fundaci\u00f3n PROINPA","article_publisher":"https:\/\/www.facebook.com\/PROINPA\/","article_modified_time":"2025-03-14T16:30:15+00:00","og_image":[{"width":1205,"height":269,"url":"https:\/\/www.proinpa.org\/web\/wp-content\/uploads\/2025\/03\/Linea-Agrobiodiversidad-2025.jpg","type":"image\/jpeg"}],"twitter_card":"summary_large_image","twitter_misc":{"Tiempo de lectura":"1 minuto"},"schema":{"@context":"https:\/\/schema.org","@graph":[{"@type":"WebPage","@id":"https:\/\/www.proinpa.org\/web\/lineas-estrategicas\/uso-y-conservacion-de-la-agrobiodiversidad\/","url":"https:\/\/www.proinpa.org\/web\/lineas-estrategicas\/uso-y-conservacion-de-la-agrobiodiversidad\/","name":"Agrobiodiversidad y Cambio Clim\u00e1tico - Fundaci\u00f3n PROINPA","isPartOf":{"@id":"https:\/\/www.proinpa.org\/web\/#website"},"primaryImageOfPage":{"@id":"https:\/\/www.proinpa.org\/web\/lineas-estrategicas\/uso-y-conservacion-de-la-agrobiodiversidad\/#primaryimage"},"image":{"@id":"https:\/\/www.proinpa.org\/web\/lineas-estrategicas\/uso-y-conservacion-de-la-agrobiodiversidad\/#primaryimage"},"thumbnailUrl":"https:\/\/www.proinpa.org\/web\/wp-content\/uploads\/2025\/03\/Linea-Agrobiodiversidad-2025-1024x229.jpg","datePublished":"2023-03-01T15:10:36+00:00","dateModified":"2025-03-14T16:30:15+00:00","breadcrumb":{"@id":"https:\/\/www.proinpa.org\/web\/lineas-estrategicas\/uso-y-conservacion-de-la-agrobiodiversidad\/#breadcrumb"},"inLanguage":"es","potentialAction":[{"@type":"ReadAction","target":["https:\/\/www.proinpa.org\/web\/lineas-estrategicas\/uso-y-conservacion-de-la-agrobiodiversidad\/"]}]},{"@type":"ImageObject","inLanguage":"es","@id":"https:\/\/www.proinpa.org\/web\/lineas-estrategicas\/uso-y-conservacion-de-la-agrobiodiversidad\/#primaryimage","url":"https:\/\/www.proinpa.org\/web\/wp-content\/uploads\/2025\/03\/Linea-Agrobiodiversidad-2025.jpg","contentUrl":"https:\/\/www.proinpa.org\/web\/wp-content\/uploads\/2025\/03\/Linea-Agrobiodiversidad-2025.jpg","width":1205,"height":269},{"@type":"BreadcrumbList","@id":"https:\/\/www.proinpa.org\/web\/lineas-estrategicas\/uso-y-conservacion-de-la-agrobiodiversidad\/#breadcrumb","itemListElement":[{"@type":"ListItem","position":1,"name":"Portada","item":"https:\/\/www.proinpa.org\/web\/"},{"@type":"ListItem","position":2,"name":"L\u00edneas estrat\u00e9gicas","item":"https:\/\/www.proinpa.org\/web\/lineas-estrategicas\/"},{"@type":"ListItem","position":3,"name":"Agrobiodiversidad y Cambio Clim\u00e1tico"}]},{"@type":"WebSite","@id":"https:\/\/www.proinpa.org\/web\/#website","url":"https:\/\/www.proinpa.org\/web\/","name":"Fundaci\u00f3n PROINPA","description":"Fundaci\u00f3n para la Promoci\u00f3n e Investigaci\u00f3n de Productos Andinos","publisher":{"@id":"https:\/\/www.proinpa.org\/web\/#organization"},"potentialAction":[{"@type":"SearchAction","target":{"@type":"EntryPoint","urlTemplate":"https:\/\/www.proinpa.org\/web\/?s={search_term_string}"},"query-input":{"@type":"PropertyValueSpecification","valueRequired":true,"valueName":"search_term_string"}}],"inLanguage":"es"},{"@type":"Organization","@id":"https:\/\/www.proinpa.org\/web\/#organization","name":"Fundaci\u00f3n Proinpa","url":"https:\/\/www.proinpa.org\/web\/","logo":{"@type":"ImageObject","inLanguage":"es","@id":"https:\/\/www.proinpa.org\/web\/#\/schema\/logo\/image\/","url":"https:\/\/www.proinpa.org\/web\/wp-content\/uploads\/2019\/09\/logo_proinpa2.png","contentUrl":"https:\/\/www.proinpa.org\/web\/wp-content\/uploads\/2019\/09\/logo_proinpa2.png","width":110,"height":85,"caption":"Fundaci\u00f3n Proinpa"},"image":{"@id":"https:\/\/www.proinpa.org\/web\/#\/schema\/logo\/image\/"},"sameAs":["https:\/\/www.facebook.com\/PROINPA\/","https:\/\/www.youtube.com\/user\/FundacionPROINPA"]}]}},"_links":{"self":[{"href":"https:\/\/www.proinpa.org\/web\/wp-json\/wp\/v2\/pages\/3778","targetHints":{"allow":["GET"]}}],"collection":[{"href":"https:\/\/www.proinpa.org\/web\/wp-json\/wp\/v2\/pages"}],"about":[{"href":"https:\/\/www.proinpa.org\/web\/wp-json\/wp\/v2\/types\/page"}],"author":[{"embeddable":true,"href":"https:\/\/www.proinpa.org\/web\/wp-json\/wp\/v2\/users\/4"}],"replies":[{"embeddable":true,"href":"https:\/\/www.proinpa.org\/web\/wp-json\/wp\/v2\/comments?post=3778"}],"version-history":[{"count":36,"href":"https:\/\/www.proinpa.org\/web\/wp-json\/wp\/v2\/pages\/3778\/revisions"}],"predecessor-version":[{"id":5105,"href":"https:\/\/www.proinpa.org\/web\/wp-json\/wp\/v2\/pages\/3778\/revisions\/5105"}],"up":[{"embeddable":true,"href":"https:\/\/www.proinpa.org\/web\/wp-json\/wp\/v2\/pages\/3794"}],"wp:attachment":[{"href":"https:\/\/www.proinpa.org\/web\/wp-json\/wp\/v2\/media?parent=3778"}],"curies":[{"name":"wp","href":"https:\/\/api.w.org\/{rel}","templated":true}]}}