{"id":3784,"date":"2023-03-01T11:14:02","date_gmt":"2023-03-01T15:14:02","guid":{"rendered":"https:\/\/www.proinpa.org\/web\/?page_id=3784"},"modified":"2024-01-30T11:57:55","modified_gmt":"2024-01-30T15:57:55","slug":"agricultura-regenerativa","status":"publish","type":"page","link":"https:\/\/www.proinpa.org\/web\/lineas-estrategicas\/agricultura-regenerativa\/","title":{"rendered":"Agricultura regenerativa"},"content":{"rendered":"\t\t<div data-elementor-type=\"wp-page\" data-elementor-id=\"3784\" class=\"elementor elementor-3784\">\n\t\t\t\t\t\t<section class=\"elementor-section elementor-top-section elementor-element elementor-element-6925bc1 elementor-section-boxed elementor-section-height-default elementor-section-height-default\" data-id=\"6925bc1\" data-element_type=\"section\" data-e-type=\"section\">\n\t\t\t\t\t\t<div class=\"elementor-container elementor-column-gap-default\">\n\t\t\t\t\t<div class=\"elementor-column elementor-col-100 elementor-top-column elementor-element elementor-element-69a16b3\" data-id=\"69a16b3\" data-element_type=\"column\" data-e-type=\"column\">\n\t\t\t<div class=\"elementor-widget-wrap elementor-element-populated\">\n\t\t\t\t\t\t<div class=\"elementor-element elementor-element-dbbab57 elementor-widget__width-initial elementor-widget elementor-widget-image\" data-id=\"dbbab57\" data-element_type=\"widget\" data-e-type=\"widget\" data-widget_type=\"image.default\">\n\t\t\t\t<div class=\"elementor-widget-container\">\n\t\t\t\t\t\t\t\t\t\t\t\t\t\t\t<img fetchpriority=\"high\" decoding=\"async\" width=\"1024\" height=\"229\" src=\"https:\/\/www.proinpa.org\/web\/wp-content\/uploads\/2023\/03\/Linea-Regenerativa-Cartel-WEB-2023-1024x229.jpg\" class=\"attachment-large size-large wp-image-3874\" alt=\"\" srcset=\"https:\/\/www.proinpa.org\/web\/wp-content\/uploads\/2023\/03\/Linea-Regenerativa-Cartel-WEB-2023-1024x229.jpg 1024w, https:\/\/www.proinpa.org\/web\/wp-content\/uploads\/2023\/03\/Linea-Regenerativa-Cartel-WEB-2023-300x67.jpg 300w, https:\/\/www.proinpa.org\/web\/wp-content\/uploads\/2023\/03\/Linea-Regenerativa-Cartel-WEB-2023-768x172.jpg 768w, https:\/\/www.proinpa.org\/web\/wp-content\/uploads\/2023\/03\/Linea-Regenerativa-Cartel-WEB-2023-1536x344.jpg 1536w, https:\/\/www.proinpa.org\/web\/wp-content\/uploads\/2023\/03\/Linea-Regenerativa-Cartel-WEB-2023-720x161.jpg 720w, https:\/\/www.proinpa.org\/web\/wp-content\/uploads\/2023\/03\/Linea-Regenerativa-Cartel-WEB-2023.jpg 1650w\" sizes=\"(max-width: 1024px) 100vw, 1024px\" \/>\t\t\t\t\t\t\t\t\t\t\t\t\t\t\t<\/div>\n\t\t\t\t<\/div>\n\t\t\t\t<div class=\"elementor-element elementor-element-94043c0 elementor-widget__width-initial elementor-widget elementor-widget-image\" data-id=\"94043c0\" data-element_type=\"widget\" data-e-type=\"widget\" data-widget_type=\"image.default\">\n\t\t\t\t<div class=\"elementor-widget-container\">\n\t\t\t\t\t<style>.elementor-element-94043c0{display:none !important}<\/style>\t\t\t\t<\/div>\n\t\t\t\t<\/div>\n\t\t\t\t\t<\/div>\n\t\t<\/div>\n\t\t\t\t\t<\/div>\n\t\t<\/section>\n\t\t\t\t<section class=\"elementor-section elementor-top-section elementor-element elementor-element-6da60ff elementor-section-boxed elementor-section-height-default elementor-section-height-default\" data-id=\"6da60ff\" data-element_type=\"section\" data-e-type=\"section\">\n\t\t\t\t\t\t<div class=\"elementor-container elementor-column-gap-default\">\n\t\t\t\t\t<div class=\"elementor-column elementor-col-100 elementor-top-column elementor-element elementor-element-4c12a04\" data-id=\"4c12a04\" data-element_type=\"column\" data-e-type=\"column\">\n\t\t\t<div class=\"elementor-widget-wrap elementor-element-populated\">\n\t\t\t\t\t\t<div class=\"elementor-element elementor-element-b3a59bc elementor-widget elementor-widget-text-editor\" data-id=\"b3a59bc\" data-element_type=\"widget\" data-e-type=\"widget\" data-widget_type=\"text-editor.default\">\n\t\t\t\t<div class=\"elementor-widget-container\">\n\t\t\t\t\t\t\t\t\t<p>En varias regiones de Bolivia, las condiciones para la producci\u00f3n de alimentos se han degenerado llevando a situaciones de pobreza a sus habitantes y poniendo en riesgo la seguridad alimentaria de toda la poblaci\u00f3n.<\/p><p>Las causas de la p\u00e9rdida de la capacidad productiva de los sistemas de producci\u00f3n tienen que ver, principalmente con la p\u00e9rdida de la fertilidad de los suelos debido a pr\u00e1cticas como el monocultivo, el uso excesivo de agroqu\u00edmicos, la poca o nula reposici\u00f3n de los nutrientes al suelo y sobre todo por no considerar al suelo como un ser vivo.<\/p><p>La agricultura regenerativa busca devolver a los sistemas de producci\u00f3n de alimentos, su capacidad de producir de manera sostenible alimentos saludables mediante la reposici\u00f3n de la microbiolog\u00eda del suelo, la incorporaci\u00f3n de materia org\u00e1nica, la retenci\u00f3n del agua y el empleo de especies nativas y de la agrobiodiversidad.<\/p>\t\t\t\t\t\t\t\t<\/div>\n\t\t\t\t<\/div>\n\t\t\t\t\t<\/div>\n\t\t<\/div>\n\t\t\t\t\t<\/div>\n\t\t<\/section>\n\t\t\t\t<section class=\"elementor-section elementor-top-section elementor-element elementor-element-c90df11 elementor-section-boxed elementor-section-height-default elementor-section-height-default\" data-id=\"c90df11\" data-element_type=\"section\" data-e-type=\"section\">\n\t\t\t\t\t\t<div class=\"elementor-container elementor-column-gap-default\">\n\t\t\t\t\t<div class=\"elementor-column elementor-col-100 elementor-top-column elementor-element elementor-element-443561d\" data-id=\"443561d\" data-element_type=\"column\" data-e-type=\"column\">\n\t\t\t<div class=\"elementor-widget-wrap elementor-element-populated\">\n\t\t\t\t\t\t<div class=\"elementor-element elementor-element-55c5c6e elementor-widget-divider--view-line elementor-widget elementor-widget-divider\" data-id=\"55c5c6e\" data-element_type=\"widget\" data-e-type=\"widget\" data-widget_type=\"divider.default\">\n\t\t\t\t<div class=\"elementor-widget-container\">\n\t\t\t\t\t\t\t<div class=\"elementor-divider\">\n\t\t\t<span class=\"elementor-divider-separator\">\n\t\t\t\t\t\t<\/span>\n\t\t<\/div>\n\t\t\t\t\t\t<\/div>\n\t\t\t\t<\/div>\n\t\t\t\t\t<\/div>\n\t\t<\/div>\n\t\t\t\t\t<\/div>\n\t\t<\/section>\n\t\t\t\t<section class=\"elementor-section elementor-top-section elementor-element elementor-element-e2368ed elementor-section-boxed elementor-section-height-default elementor-section-height-default\" data-id=\"e2368ed\" data-element_type=\"section\" data-e-type=\"section\">\n\t\t\t\t\t\t<div class=\"elementor-container elementor-column-gap-default\">\n\t\t\t\t\t<div class=\"elementor-column elementor-col-100 elementor-top-column elementor-element elementor-element-a843580\" data-id=\"a843580\" data-element_type=\"column\" data-e-type=\"column\">\n\t\t\t<div class=\"elementor-widget-wrap elementor-element-populated\">\n\t\t\t\t\t\t<div class=\"elementor-element elementor-element-f941056 elementor-widget elementor-widget-heading\" data-id=\"f941056\" data-element_type=\"widget\" data-e-type=\"widget\" data-widget_type=\"heading.default\">\n\t\t\t\t<div class=\"elementor-widget-container\">\n\t\t\t\t\t<h2 class=\"elementor-heading-title elementor-size-default\">Nuestros Programas:<\/h2>\t\t\t\t<\/div>\n\t\t\t\t<\/div>\n\t\t\t\t\t<\/div>\n\t\t<\/div>\n\t\t\t\t\t<\/div>\n\t\t<\/section>\n\t\t\t\t<section class=\"elementor-section elementor-top-section elementor-element elementor-element-295f14a elementor-section-boxed elementor-section-height-default elementor-section-height-default\" data-id=\"295f14a\" data-element_type=\"section\" data-e-type=\"section\">\n\t\t\t\t\t\t<div class=\"elementor-container elementor-column-gap-default\">\n\t\t\t\t\t<div class=\"elementor-column elementor-col-25 elementor-top-column elementor-element elementor-element-5d9b192\" data-id=\"5d9b192\" data-element_type=\"column\" data-e-type=\"column\">\n\t\t\t<div class=\"elementor-widget-wrap elementor-element-populated\">\n\t\t\t\t\t\t<div class=\"elementor-element elementor-element-f5fc770 elementor-widget elementor-widget-image\" data-id=\"f5fc770\" data-element_type=\"widget\" data-e-type=\"widget\" data-widget_type=\"image.default\">\n\t\t\t\t<div class=\"elementor-widget-container\">\n\t\t\t\t\t\t\t\t\t\t\t\t<figure class=\"wp-caption\">\n\t\t\t\t\t\t\t\t\t\t\t<a href=\"https:\/\/www.proinpa.org\/web\/programas\/manejo-integrado-de-cultivos\/\">\n\t\t\t\t\t\t\t<img decoding=\"async\" width=\"236\" height=\"236\" src=\"https:\/\/www.proinpa.org\/web\/wp-content\/uploads\/2024\/01\/BOTONE-Prog.-Manejo-integrado-de-Cultivos_2.png\" class=\"attachment-large size-large wp-image-4762\" alt=\"\" srcset=\"https:\/\/www.proinpa.org\/web\/wp-content\/uploads\/2024\/01\/BOTONE-Prog.-Manejo-integrado-de-Cultivos_2.png 236w, https:\/\/www.proinpa.org\/web\/wp-content\/uploads\/2024\/01\/BOTONE-Prog.-Manejo-integrado-de-Cultivos_2-150x150.png 150w, https:\/\/www.proinpa.org\/web\/wp-content\/uploads\/2024\/01\/BOTONE-Prog.-Manejo-integrado-de-Cultivos_2-12x12.png 12w\" sizes=\"(max-width: 236px) 100vw, 236px\" \/>\t\t\t\t\t\t\t\t<\/a>\n\t\t\t\t\t\t\t\t\t\t\t<figcaption class=\"widget-image-caption wp-caption-text\"><\/figcaption>\n\t\t\t\t\t\t\t\t\t\t<\/figure>\n\t\t\t\t\t\t\t\t\t<\/div>\n\t\t\t\t<\/div>\n\t\t\t\t<div class=\"elementor-element elementor-element-0e97e54 elementor-widget elementor-widget-image\" data-id=\"0e97e54\" data-element_type=\"widget\" data-e-type=\"widget\" data-widget_type=\"image.default\">\n\t\t\t\t<div class=\"elementor-widget-container\">\n\t\t\t\t\t<style>.elementor-element-0e97e54{display:none !important}<\/style>\t\t\t\t<\/div>\n\t\t\t\t<\/div>\n\t\t\t\t\t<\/div>\n\t\t<\/div>\n\t\t\t\t<div class=\"elementor-column elementor-col-25 elementor-top-column elementor-element elementor-element-a4f972b\" data-id=\"a4f972b\" data-element_type=\"column\" data-e-type=\"column\">\n\t\t\t<div class=\"elementor-widget-wrap elementor-element-populated\">\n\t\t\t\t\t\t<div class=\"elementor-element elementor-element-72ac15b elementor-widget elementor-widget-image\" data-id=\"72ac15b\" data-element_type=\"widget\" data-e-type=\"widget\" data-widget_type=\"image.default\">\n\t\t\t\t<div class=\"elementor-widget-container\">\n\t\t\t\t\t\t\t\t\t\t\t\t\t\t\t\t<a href=\"https:\/\/www.proinpa.org\/web\/programas\/agrobiodiversidad\/\">\n\t\t\t\t\t\t\t<img decoding=\"async\" width=\"236\" height=\"236\" src=\"https:\/\/www.proinpa.org\/web\/wp-content\/uploads\/2023\/03\/Boton-Prog-AGROBIO-2023.png\" class=\"attachment-large size-large wp-image-4073\" alt=\"\" srcset=\"https:\/\/www.proinpa.org\/web\/wp-content\/uploads\/2023\/03\/Boton-Prog-AGROBIO-2023.png 236w, https:\/\/www.proinpa.org\/web\/wp-content\/uploads\/2023\/03\/Boton-Prog-AGROBIO-2023-150x150.png 150w\" sizes=\"(max-width: 236px) 100vw, 236px\" \/>\t\t\t\t\t\t\t\t<\/a>\n\t\t\t\t\t\t\t\t\t\t\t\t\t\t\t<\/div>\n\t\t\t\t<\/div>\n\t\t\t\t<div class=\"elementor-element elementor-element-8d460ab elementor-widget elementor-widget-image\" data-id=\"8d460ab\" data-element_type=\"widget\" data-e-type=\"widget\" data-widget_type=\"image.default\">\n\t\t\t\t<div class=\"elementor-widget-container\">\n\t\t\t\t\t<style>.elementor-element-8d460ab{display:none !important}<\/style>\t\t\t\t<\/div>\n\t\t\t\t<\/div>\n\t\t\t\t\t<\/div>\n\t\t<\/div>\n\t\t\t\t<div class=\"elementor-column elementor-col-25 elementor-top-column elementor-element elementor-element-edfac42\" data-id=\"edfac42\" data-element_type=\"column\" data-e-type=\"column\">\n\t\t\t<div class=\"elementor-widget-wrap elementor-element-populated\">\n\t\t\t\t\t\t<div class=\"elementor-element elementor-element-840839c elementor-widget elementor-widget-image\" data-id=\"840839c\" data-element_type=\"widget\" data-e-type=\"widget\" data-widget_type=\"image.default\">\n\t\t\t\t<div class=\"elementor-widget-container\">\n\t\t\t\t\t\t\t\t\t\t\t\t\t\t\t\t<a href=\"https:\/\/www.proinpa.org\/web\/programas\/negocios-inclusivos\/\">\n\t\t\t\t\t\t\t<img loading=\"lazy\" decoding=\"async\" width=\"236\" height=\"236\" src=\"https:\/\/www.proinpa.org\/web\/wp-content\/uploads\/2023\/03\/Boton-Prog-NEGOCIOS-INCL-2023.png\" class=\"attachment-large size-large wp-image-4080\" alt=\"\" srcset=\"https:\/\/www.proinpa.org\/web\/wp-content\/uploads\/2023\/03\/Boton-Prog-NEGOCIOS-INCL-2023.png 236w, https:\/\/www.proinpa.org\/web\/wp-content\/uploads\/2023\/03\/Boton-Prog-NEGOCIOS-INCL-2023-150x150.png 150w\" sizes=\"(max-width: 236px) 100vw, 236px\" \/>\t\t\t\t\t\t\t\t<\/a>\n\t\t\t\t\t\t\t\t\t\t\t\t\t\t\t<\/div>\n\t\t\t\t<\/div>\n\t\t\t\t<div class=\"elementor-element elementor-element-2fff208 elementor-widget elementor-widget-image\" data-id=\"2fff208\" data-element_type=\"widget\" data-e-type=\"widget\" data-widget_type=\"image.default\">\n\t\t\t\t<div class=\"elementor-widget-container\">\n\t\t\t\t\t<style>.elementor-element-2fff208{display:none !important}<\/style>\t\t\t\t<\/div>\n\t\t\t\t<\/div>\n\t\t\t\t\t<\/div>\n\t\t<\/div>\n\t\t\t\t<div class=\"elementor-column elementor-col-25 elementor-top-column elementor-element elementor-element-1f77ab6\" data-id=\"1f77ab6\" data-element_type=\"column\" data-e-type=\"column\">\n\t\t\t<div class=\"elementor-widget-wrap elementor-element-populated\">\n\t\t\t\t\t\t<div class=\"elementor-element elementor-element-b614c10 elementor-widget elementor-widget-image\" data-id=\"b614c10\" data-element_type=\"widget\" data-e-type=\"widget\" data-widget_type=\"image.default\">\n\t\t\t\t<div class=\"elementor-widget-container\">\n\t\t\t\t\t\t\t\t\t\t\t\t\t\t\t\t<a href=\"https:\/\/www.proinpa.org\/web\/programas\/granos-andinos\/\">\n\t\t\t\t\t\t\t<img loading=\"lazy\" decoding=\"async\" width=\"236\" height=\"236\" src=\"https:\/\/www.proinpa.org\/web\/wp-content\/uploads\/2023\/03\/Boton-Prog.-Granos-Andinos-2023-1.png\" class=\"attachment-large size-large wp-image-4070\" alt=\"\" srcset=\"https:\/\/www.proinpa.org\/web\/wp-content\/uploads\/2023\/03\/Boton-Prog.-Granos-Andinos-2023-1.png 236w, https:\/\/www.proinpa.org\/web\/wp-content\/uploads\/2023\/03\/Boton-Prog.-Granos-Andinos-2023-1-150x150.png 150w\" sizes=\"(max-width: 236px) 100vw, 236px\" \/>\t\t\t\t\t\t\t\t<\/a>\n\t\t\t\t\t\t\t\t\t\t\t\t\t\t\t<\/div>\n\t\t\t\t<\/div>\n\t\t\t\t<div class=\"elementor-element elementor-element-7a0bada elementor-widget elementor-widget-image\" data-id=\"7a0bada\" data-element_type=\"widget\" data-e-type=\"widget\" data-widget_type=\"image.default\">\n\t\t\t\t<div class=\"elementor-widget-container\">\n\t\t\t\t\t<style>.elementor-element-7a0bada{display:none !important}<\/style>\t\t\t\t<\/div>\n\t\t\t\t<\/div>\n\t\t\t\t\t<\/div>\n\t\t<\/div>\n\t\t\t\t\t<\/div>\n\t\t<\/section>\n\t\t\t\t<\/div>\n\t\t","protected":false},"excerpt":{"rendered":"<p>En varias regiones de Bolivia, las condiciones para la producci\u00f3n de alimentos se han degenerado llevando a situaciones de pobreza a sus habitantes y poniendo en riesgo la seguridad alimentaria de toda la poblaci\u00f3n. Las causas de la p\u00e9rdida de la capacidad productiva de los sistemas de producci\u00f3n tienen que ver, principalmente con la p\u00e9rdida&hellip;&nbsp;<a href=\"https:\/\/www.proinpa.org\/web\/lineas-estrategicas\/agricultura-regenerativa\/\" rel=\"bookmark\">Leer m\u00e1s &raquo;<span class=\"screen-reader-text\">Agricultura regenerativa<\/span><\/a><\/p>\n","protected":false},"author":4,"featured_media":0,"parent":3794,"menu_order":0,"comment_status":"closed","ping_status":"closed","template":"page-templates\/template_fullwidth.php","meta":{"neve_meta_sidebar":"","neve_meta_container":"","neve_meta_enable_content_width":"","neve_meta_content_width":0,"neve_meta_title_alignment":"","neve_meta_author_avatar":"","neve_post_elements_order":"","neve_meta_disable_header":"","neve_meta_disable_footer":"","neve_meta_disable_title":"","footnotes":""},"class_list":["post-3784","page","type-page","status-publish","hentry"],"yoast_head":"<!-- This site is optimized with the Yoast SEO plugin v27.4 - https:\/\/yoast.com\/product\/yoast-seo-wordpress\/ -->\n<title>Agricultura regenerativa - Fundaci\u00f3n PROINPA<\/title>\n<meta name=\"robots\" content=\"index, follow, max-snippet:-1, max-image-preview:large, max-video-preview:-1\" \/>\n<link rel=\"canonical\" href=\"https:\/\/www.proinpa.org\/web\/lineas-estrategicas\/agricultura-regenerativa\/\" \/>\n<meta property=\"og:locale\" content=\"es_ES\" \/>\n<meta property=\"og:type\" content=\"article\" \/>\n<meta property=\"og:title\" content=\"Agricultura regenerativa - Fundaci\u00f3n PROINPA\" \/>\n<meta property=\"og:description\" content=\"En varias regiones de Bolivia, las condiciones para la producci\u00f3n de alimentos se han degenerado llevando a situaciones de pobreza a sus habitantes y poniendo en riesgo la seguridad alimentaria de toda la poblaci\u00f3n. Las causas de la p\u00e9rdida de la capacidad productiva de los sistemas de producci\u00f3n tienen que ver, principalmente con la p\u00e9rdida&hellip;&nbsp;Leer m\u00e1s &raquo;Agricultura regenerativa\" \/>\n<meta property=\"og:url\" content=\"https:\/\/www.proinpa.org\/web\/lineas-estrategicas\/agricultura-regenerativa\/\" \/>\n<meta property=\"og:site_name\" content=\"Fundaci\u00f3n PROINPA\" \/>\n<meta property=\"article:publisher\" content=\"https:\/\/www.facebook.com\/PROINPA\/\" \/>\n<meta property=\"article:modified_time\" content=\"2024-01-30T15:57:55+00:00\" \/>\n<meta property=\"og:image\" content=\"https:\/\/www.proinpa.org\/web\/wp-content\/uploads\/2023\/03\/Linea-Regenerativa-Cartel-WEB-2023-1024x229.jpg\" \/>\n<meta name=\"twitter:card\" content=\"summary_large_image\" \/>\n<meta name=\"twitter:label1\" content=\"Tiempo de lectura\" \/>\n\t<meta name=\"twitter:data1\" content=\"1 minuto\" \/>\n<script type=\"application\/ld+json\" class=\"yoast-schema-graph\">{\"@context\":\"https:\\\/\\\/schema.org\",\"@graph\":[{\"@type\":\"WebPage\",\"@id\":\"https:\\\/\\\/www.proinpa.org\\\/web\\\/lineas-estrategicas\\\/agricultura-regenerativa\\\/\",\"url\":\"https:\\\/\\\/www.proinpa.org\\\/web\\\/lineas-estrategicas\\\/agricultura-regenerativa\\\/\",\"name\":\"Agricultura regenerativa - Fundaci\u00f3n PROINPA\",\"isPartOf\":{\"@id\":\"https:\\\/\\\/www.proinpa.org\\\/web\\\/#website\"},\"primaryImageOfPage\":{\"@id\":\"https:\\\/\\\/www.proinpa.org\\\/web\\\/lineas-estrategicas\\\/agricultura-regenerativa\\\/#primaryimage\"},\"image\":{\"@id\":\"https:\\\/\\\/www.proinpa.org\\\/web\\\/lineas-estrategicas\\\/agricultura-regenerativa\\\/#primaryimage\"},\"thumbnailUrl\":\"https:\\\/\\\/www.proinpa.org\\\/web\\\/wp-content\\\/uploads\\\/2023\\\/03\\\/Linea-Regenerativa-Cartel-WEB-2023-1024x229.jpg\",\"datePublished\":\"2023-03-01T15:14:02+00:00\",\"dateModified\":\"2024-01-30T15:57:55+00:00\",\"breadcrumb\":{\"@id\":\"https:\\\/\\\/www.proinpa.org\\\/web\\\/lineas-estrategicas\\\/agricultura-regenerativa\\\/#breadcrumb\"},\"inLanguage\":\"es\",\"potentialAction\":[{\"@type\":\"ReadAction\",\"target\":[\"https:\\\/\\\/www.proinpa.org\\\/web\\\/lineas-estrategicas\\\/agricultura-regenerativa\\\/\"]}]},{\"@type\":\"ImageObject\",\"inLanguage\":\"es\",\"@id\":\"https:\\\/\\\/www.proinpa.org\\\/web\\\/lineas-estrategicas\\\/agricultura-regenerativa\\\/#primaryimage\",\"url\":\"https:\\\/\\\/www.proinpa.org\\\/web\\\/wp-content\\\/uploads\\\/2023\\\/03\\\/Linea-Regenerativa-Cartel-WEB-2023.jpg\",\"contentUrl\":\"https:\\\/\\\/www.proinpa.org\\\/web\\\/wp-content\\\/uploads\\\/2023\\\/03\\\/Linea-Regenerativa-Cartel-WEB-2023.jpg\",\"width\":1650,\"height\":369},{\"@type\":\"BreadcrumbList\",\"@id\":\"https:\\\/\\\/www.proinpa.org\\\/web\\\/lineas-estrategicas\\\/agricultura-regenerativa\\\/#breadcrumb\",\"itemListElement\":[{\"@type\":\"ListItem\",\"position\":1,\"name\":\"Portada\",\"item\":\"https:\\\/\\\/www.proinpa.org\\\/web\\\/\"},{\"@type\":\"ListItem\",\"position\":2,\"name\":\"L\u00edneas estrat\u00e9gicas\",\"item\":\"https:\\\/\\\/www.proinpa.org\\\/web\\\/lineas-estrategicas\\\/\"},{\"@type\":\"ListItem\",\"position\":3,\"name\":\"Agricultura regenerativa\"}]},{\"@type\":\"WebSite\",\"@id\":\"https:\\\/\\\/www.proinpa.org\\\/web\\\/#website\",\"url\":\"https:\\\/\\\/www.proinpa.org\\\/web\\\/\",\"name\":\"Fundaci\u00f3n PROINPA\",\"description\":\"Fundaci\u00f3n para la Promoci\u00f3n e Investigaci\u00f3n de Productos Andinos\",\"publisher\":{\"@id\":\"https:\\\/\\\/www.proinpa.org\\\/web\\\/#organization\"},\"potentialAction\":[{\"@type\":\"SearchAction\",\"target\":{\"@type\":\"EntryPoint\",\"urlTemplate\":\"https:\\\/\\\/www.proinpa.org\\\/web\\\/?s={search_term_string}\"},\"query-input\":{\"@type\":\"PropertyValueSpecification\",\"valueRequired\":true,\"valueName\":\"search_term_string\"}}],\"inLanguage\":\"es\"},{\"@type\":\"Organization\",\"@id\":\"https:\\\/\\\/www.proinpa.org\\\/web\\\/#organization\",\"name\":\"Fundaci\u00f3n Proinpa\",\"url\":\"https:\\\/\\\/www.proinpa.org\\\/web\\\/\",\"logo\":{\"@type\":\"ImageObject\",\"inLanguage\":\"es\",\"@id\":\"https:\\\/\\\/www.proinpa.org\\\/web\\\/#\\\/schema\\\/logo\\\/image\\\/\",\"url\":\"https:\\\/\\\/www.proinpa.org\\\/web\\\/wp-content\\\/uploads\\\/2019\\\/09\\\/logo_proinpa2.png\",\"contentUrl\":\"https:\\\/\\\/www.proinpa.org\\\/web\\\/wp-content\\\/uploads\\\/2019\\\/09\\\/logo_proinpa2.png\",\"width\":110,\"height\":85,\"caption\":\"Fundaci\u00f3n Proinpa\"},\"image\":{\"@id\":\"https:\\\/\\\/www.proinpa.org\\\/web\\\/#\\\/schema\\\/logo\\\/image\\\/\"},\"sameAs\":[\"https:\\\/\\\/www.facebook.com\\\/PROINPA\\\/\",\"https:\\\/\\\/www.youtube.com\\\/user\\\/FundacionPROINPA\"]}]}<\/script>\n<!-- \/ Yoast SEO plugin. -->","yoast_head_json":{"title":"Agricultura regenerativa - Fundaci\u00f3n PROINPA","robots":{"index":"index","follow":"follow","max-snippet":"max-snippet:-1","max-image-preview":"max-image-preview:large","max-video-preview":"max-video-preview:-1"},"canonical":"https:\/\/www.proinpa.org\/web\/lineas-estrategicas\/agricultura-regenerativa\/","og_locale":"es_ES","og_type":"article","og_title":"Agricultura regenerativa - Fundaci\u00f3n PROINPA","og_description":"En varias regiones de Bolivia, las condiciones para la producci\u00f3n de alimentos se han degenerado llevando a situaciones de pobreza a sus habitantes y poniendo en riesgo la seguridad alimentaria de toda la poblaci\u00f3n. Las causas de la p\u00e9rdida de la capacidad productiva de los sistemas de producci\u00f3n tienen que ver, principalmente con la p\u00e9rdida&hellip;&nbsp;Leer m\u00e1s &raquo;Agricultura regenerativa","og_url":"https:\/\/www.proinpa.org\/web\/lineas-estrategicas\/agricultura-regenerativa\/","og_site_name":"Fundaci\u00f3n PROINPA","article_publisher":"https:\/\/www.facebook.com\/PROINPA\/","article_modified_time":"2024-01-30T15:57:55+00:00","og_image":[{"url":"https:\/\/www.proinpa.org\/web\/wp-content\/uploads\/2023\/03\/Linea-Regenerativa-Cartel-WEB-2023-1024x229.jpg","type":"","width":"","height":""}],"twitter_card":"summary_large_image","twitter_misc":{"Tiempo de lectura":"1 minuto"},"schema":{"@context":"https:\/\/schema.org","@graph":[{"@type":"WebPage","@id":"https:\/\/www.proinpa.org\/web\/lineas-estrategicas\/agricultura-regenerativa\/","url":"https:\/\/www.proinpa.org\/web\/lineas-estrategicas\/agricultura-regenerativa\/","name":"Agricultura regenerativa - Fundaci\u00f3n PROINPA","isPartOf":{"@id":"https:\/\/www.proinpa.org\/web\/#website"},"primaryImageOfPage":{"@id":"https:\/\/www.proinpa.org\/web\/lineas-estrategicas\/agricultura-regenerativa\/#primaryimage"},"image":{"@id":"https:\/\/www.proinpa.org\/web\/lineas-estrategicas\/agricultura-regenerativa\/#primaryimage"},"thumbnailUrl":"https:\/\/www.proinpa.org\/web\/wp-content\/uploads\/2023\/03\/Linea-Regenerativa-Cartel-WEB-2023-1024x229.jpg","datePublished":"2023-03-01T15:14:02+00:00","dateModified":"2024-01-30T15:57:55+00:00","breadcrumb":{"@id":"https:\/\/www.proinpa.org\/web\/lineas-estrategicas\/agricultura-regenerativa\/#breadcrumb"},"inLanguage":"es","potentialAction":[{"@type":"ReadAction","target":["https:\/\/www.proinpa.org\/web\/lineas-estrategicas\/agricultura-regenerativa\/"]}]},{"@type":"ImageObject","inLanguage":"es","@id":"https:\/\/www.proinpa.org\/web\/lineas-estrategicas\/agricultura-regenerativa\/#primaryimage","url":"https:\/\/www.proinpa.org\/web\/wp-content\/uploads\/2023\/03\/Linea-Regenerativa-Cartel-WEB-2023.jpg","contentUrl":"https:\/\/www.proinpa.org\/web\/wp-content\/uploads\/2023\/03\/Linea-Regenerativa-Cartel-WEB-2023.jpg","width":1650,"height":369},{"@type":"BreadcrumbList","@id":"https:\/\/www.proinpa.org\/web\/lineas-estrategicas\/agricultura-regenerativa\/#breadcrumb","itemListElement":[{"@type":"ListItem","position":1,"name":"Portada","item":"https:\/\/www.proinpa.org\/web\/"},{"@type":"ListItem","position":2,"name":"L\u00edneas estrat\u00e9gicas","item":"https:\/\/www.proinpa.org\/web\/lineas-estrategicas\/"},{"@type":"ListItem","position":3,"name":"Agricultura regenerativa"}]},{"@type":"WebSite","@id":"https:\/\/www.proinpa.org\/web\/#website","url":"https:\/\/www.proinpa.org\/web\/","name":"Fundaci\u00f3n PROINPA","description":"Fundaci\u00f3n para la Promoci\u00f3n e Investigaci\u00f3n de Productos Andinos","publisher":{"@id":"https:\/\/www.proinpa.org\/web\/#organization"},"potentialAction":[{"@type":"SearchAction","target":{"@type":"EntryPoint","urlTemplate":"https:\/\/www.proinpa.org\/web\/?s={search_term_string}"},"query-input":{"@type":"PropertyValueSpecification","valueRequired":true,"valueName":"search_term_string"}}],"inLanguage":"es"},{"@type":"Organization","@id":"https:\/\/www.proinpa.org\/web\/#organization","name":"Fundaci\u00f3n Proinpa","url":"https:\/\/www.proinpa.org\/web\/","logo":{"@type":"ImageObject","inLanguage":"es","@id":"https:\/\/www.proinpa.org\/web\/#\/schema\/logo\/image\/","url":"https:\/\/www.proinpa.org\/web\/wp-content\/uploads\/2019\/09\/logo_proinpa2.png","contentUrl":"https:\/\/www.proinpa.org\/web\/wp-content\/uploads\/2019\/09\/logo_proinpa2.png","width":110,"height":85,"caption":"Fundaci\u00f3n Proinpa"},"image":{"@id":"https:\/\/www.proinpa.org\/web\/#\/schema\/logo\/image\/"},"sameAs":["https:\/\/www.facebook.com\/PROINPA\/","https:\/\/www.youtube.com\/user\/FundacionPROINPA"]}]}},"_links":{"self":[{"href":"https:\/\/www.proinpa.org\/web\/wp-json\/wp\/v2\/pages\/3784","targetHints":{"allow":["GET"]}}],"collection":[{"href":"https:\/\/www.proinpa.org\/web\/wp-json\/wp\/v2\/pages"}],"about":[{"href":"https:\/\/www.proinpa.org\/web\/wp-json\/wp\/v2\/types\/page"}],"author":[{"embeddable":true,"href":"https:\/\/www.proinpa.org\/web\/wp-json\/wp\/v2\/users\/4"}],"replies":[{"embeddable":true,"href":"https:\/\/www.proinpa.org\/web\/wp-json\/wp\/v2\/comments?post=3784"}],"version-history":[{"count":29,"href":"https:\/\/www.proinpa.org\/web\/wp-json\/wp\/v2\/pages\/3784\/revisions"}],"predecessor-version":[{"id":4766,"href":"https:\/\/www.proinpa.org\/web\/wp-json\/wp\/v2\/pages\/3784\/revisions\/4766"}],"up":[{"embeddable":true,"href":"https:\/\/www.proinpa.org\/web\/wp-json\/wp\/v2\/pages\/3794"}],"wp:attachment":[{"href":"https:\/\/www.proinpa.org\/web\/wp-json\/wp\/v2\/media?parent=3784"}],"curies":[{"name":"wp","href":"https:\/\/api.w.org\/{rel}","templated":true}]}}