{"id":4974,"date":"2024-03-14T09:26:54","date_gmt":"2024-03-14T13:26:54","guid":{"rendered":"https:\/\/www.proinpa.org\/web\/?page_id=4974"},"modified":"2024-03-14T09:31:45","modified_gmt":"2024-03-14T13:31:45","slug":"centro-de-innovacion-agricola-alejandro-bonifacio-flores","status":"publish","type":"page","link":"https:\/\/www.proinpa.org\/web\/centro-de-innovacion-agricola-alejandro-bonifacio-flores\/","title":{"rendered":"Centro de Innovaci\u00f3n Agr\u00edcola \u201cAlejandro Bonifacio Flores\u201d"},"content":{"rendered":"\t\t<div data-elementor-type=\"wp-page\" data-elementor-id=\"4974\" class=\"elementor elementor-4974\">\n\t\t\t\t\t\t<section class=\"elementor-section elementor-top-section elementor-element elementor-element-6f72a11 elementor-section-boxed elementor-section-height-default elementor-section-height-default\" data-id=\"6f72a11\" data-element_type=\"section\" data-e-type=\"section\">\n\t\t\t\t\t\t<div class=\"elementor-container elementor-column-gap-default\">\n\t\t\t\t\t<div class=\"elementor-column elementor-col-50 elementor-top-column elementor-element elementor-element-af0f773\" data-id=\"af0f773\" data-element_type=\"column\" data-e-type=\"column\">\n\t\t\t<div class=\"elementor-widget-wrap elementor-element-populated\">\n\t\t\t\t\t\t<div class=\"elementor-element elementor-element-2d576bd elementor-widget elementor-widget-image\" data-id=\"2d576bd\" data-element_type=\"widget\" data-e-type=\"widget\" data-widget_type=\"image.default\">\n\t\t\t\t<div class=\"elementor-widget-container\">\n\t\t\t\t\t\t\t\t\t\t\t\t\t\t\t<img fetchpriority=\"high\" decoding=\"async\" width=\"1024\" height=\"554\" src=\"https:\/\/www.proinpa.org\/web\/wp-content\/uploads\/2024\/03\/photo1701870969-1024x554.jpg\" class=\"attachment-large size-large wp-image-4978\" alt=\"\" srcset=\"https:\/\/www.proinpa.org\/web\/wp-content\/uploads\/2024\/03\/photo1701870969-1024x554.jpg 1024w, https:\/\/www.proinpa.org\/web\/wp-content\/uploads\/2024\/03\/photo1701870969-300x162.jpg 300w, https:\/\/www.proinpa.org\/web\/wp-content\/uploads\/2024\/03\/photo1701870969-768x416.jpg 768w, https:\/\/www.proinpa.org\/web\/wp-content\/uploads\/2024\/03\/photo1701870969-18x10.jpg 18w, https:\/\/www.proinpa.org\/web\/wp-content\/uploads\/2024\/03\/photo1701870969-720x390.jpg 720w, https:\/\/www.proinpa.org\/web\/wp-content\/uploads\/2024\/03\/photo1701870969.jpg 1265w\" sizes=\"(max-width: 1024px) 100vw, 1024px\" \/>\t\t\t\t\t\t\t\t\t\t\t\t\t\t\t<\/div>\n\t\t\t\t<\/div>\n\t\t\t\t\t<\/div>\n\t\t<\/div>\n\t\t\t\t<div class=\"elementor-column elementor-col-50 elementor-top-column elementor-element elementor-element-ac382cb\" data-id=\"ac382cb\" data-element_type=\"column\" data-e-type=\"column\">\n\t\t\t<div class=\"elementor-widget-wrap elementor-element-populated\">\n\t\t\t\t\t\t<div class=\"elementor-element elementor-element-cec659c elementor-widget elementor-widget-image\" data-id=\"cec659c\" data-element_type=\"widget\" data-e-type=\"widget\" data-widget_type=\"image.default\">\n\t\t\t\t<div class=\"elementor-widget-container\">\n\t\t\t\t\t\t\t\t\t\t\t\t\t\t\t<img decoding=\"async\" width=\"1024\" height=\"577\" src=\"https:\/\/www.proinpa.org\/web\/wp-content\/uploads\/2024\/03\/photo1701870969-4-1024x577.jpeg\" class=\"attachment-large size-large wp-image-4977\" alt=\"\" srcset=\"https:\/\/www.proinpa.org\/web\/wp-content\/uploads\/2024\/03\/photo1701870969-4-1024x577.jpeg 1024w, https:\/\/www.proinpa.org\/web\/wp-content\/uploads\/2024\/03\/photo1701870969-4-300x169.jpeg 300w, https:\/\/www.proinpa.org\/web\/wp-content\/uploads\/2024\/03\/photo1701870969-4-768x433.jpeg 768w, https:\/\/www.proinpa.org\/web\/wp-content\/uploads\/2024\/03\/photo1701870969-4-18x10.jpeg 18w, https:\/\/www.proinpa.org\/web\/wp-content\/uploads\/2024\/03\/photo1701870969-4-720x406.jpeg 720w, https:\/\/www.proinpa.org\/web\/wp-content\/uploads\/2024\/03\/photo1701870969-4.jpeg 1280w\" sizes=\"(max-width: 1024px) 100vw, 1024px\" \/>\t\t\t\t\t\t\t\t\t\t\t\t\t\t\t<\/div>\n\t\t\t\t<\/div>\n\t\t\t\t\t<\/div>\n\t\t<\/div>\n\t\t\t\t\t<\/div>\n\t\t<\/section>\n\t\t\t\t<section class=\"elementor-section elementor-top-section elementor-element elementor-element-b54af93 elementor-section-boxed elementor-section-height-default elementor-section-height-default\" data-id=\"b54af93\" data-element_type=\"section\" data-e-type=\"section\">\n\t\t\t\t\t\t<div class=\"elementor-container elementor-column-gap-default\">\n\t\t\t\t\t<div class=\"elementor-column elementor-col-100 elementor-top-column elementor-element elementor-element-b0c14ed\" data-id=\"b0c14ed\" data-element_type=\"column\" data-e-type=\"column\">\n\t\t\t<div class=\"elementor-widget-wrap elementor-element-populated\">\n\t\t\t\t\t\t<div class=\"elementor-element elementor-element-1c7b91e elementor-widget elementor-widget-text-editor\" data-id=\"1c7b91e\" data-element_type=\"widget\" data-e-type=\"widget\" data-widget_type=\"text-editor.default\">\n\t\t\t\t<div class=\"elementor-widget-container\">\n\t\t\t\t\t\t\t\t\t<p>La investigaci\u00f3n y estudio de los temas agropecuarios del altiplano boliviano cuentan con equipamiento y personal t\u00e9cnico dedicado a los cultivos de la regi\u00f3n y su mejoramiento, liderados por el PhD Alejandro Bonifacio Flores, destacado profesional a quien reconocemos en vida su trabajo y dedicaci\u00f3n, es as\u00ed que este centro de investigaci\u00f3n lleva su nombre.<\/p>\t\t\t\t\t\t\t\t<\/div>\n\t\t\t\t<\/div>\n\t\t\t\t\t<\/div>\n\t\t<\/div>\n\t\t\t\t\t<\/div>\n\t\t<\/section>\n\t\t\t\t<section class=\"elementor-section elementor-top-section elementor-element elementor-element-72bb7e0 elementor-section-boxed elementor-section-height-default elementor-section-height-default\" data-id=\"72bb7e0\" data-element_type=\"section\" data-e-type=\"section\">\n\t\t\t\t\t\t<div class=\"elementor-container elementor-column-gap-default\">\n\t\t\t\t\t<div class=\"elementor-column elementor-col-50 elementor-top-column elementor-element elementor-element-362f713\" data-id=\"362f713\" data-element_type=\"column\" data-e-type=\"column\">\n\t\t\t<div class=\"elementor-widget-wrap elementor-element-populated\">\n\t\t\t\t\t\t<div class=\"elementor-element elementor-element-286592b elementor-widget elementor-widget-image\" data-id=\"286592b\" data-element_type=\"widget\" data-e-type=\"widget\" data-widget_type=\"image.default\">\n\t\t\t\t<div class=\"elementor-widget-container\">\n\t\t\t\t\t\t\t\t\t\t\t\t\t\t\t<img decoding=\"async\" width=\"758\" height=\"727\" src=\"https:\/\/www.proinpa.org\/web\/wp-content\/uploads\/2024\/03\/WhatsApp-Image-2023-12-15-at-06.18.13-1.jpeg\" class=\"attachment-large size-large wp-image-4979\" alt=\"\" srcset=\"https:\/\/www.proinpa.org\/web\/wp-content\/uploads\/2024\/03\/WhatsApp-Image-2023-12-15-at-06.18.13-1.jpeg 758w, https:\/\/www.proinpa.org\/web\/wp-content\/uploads\/2024\/03\/WhatsApp-Image-2023-12-15-at-06.18.13-1-300x288.jpeg 300w, https:\/\/www.proinpa.org\/web\/wp-content\/uploads\/2024\/03\/WhatsApp-Image-2023-12-15-at-06.18.13-1-13x12.jpeg 13w, https:\/\/www.proinpa.org\/web\/wp-content\/uploads\/2024\/03\/WhatsApp-Image-2023-12-15-at-06.18.13-1-720x691.jpeg 720w\" sizes=\"(max-width: 758px) 100vw, 758px\" \/>\t\t\t\t\t\t\t\t\t\t\t\t\t\t\t<\/div>\n\t\t\t\t<\/div>\n\t\t\t\t\t<\/div>\n\t\t<\/div>\n\t\t\t\t<div class=\"elementor-column elementor-col-50 elementor-top-column elementor-element elementor-element-9c7721e\" data-id=\"9c7721e\" data-element_type=\"column\" data-e-type=\"column\">\n\t\t\t<div class=\"elementor-widget-wrap elementor-element-populated\">\n\t\t\t\t\t\t<div class=\"elementor-element elementor-element-9757c1c elementor-widget elementor-widget-image\" data-id=\"9757c1c\" data-element_type=\"widget\" data-e-type=\"widget\" data-widget_type=\"image.default\">\n\t\t\t\t<div class=\"elementor-widget-container\">\n\t\t\t\t\t\t\t\t\t\t\t\t\t\t\t<img loading=\"lazy\" decoding=\"async\" width=\"1024\" height=\"682\" src=\"https:\/\/www.proinpa.org\/web\/wp-content\/uploads\/2024\/03\/photo1697248323-1024x682.jpg\" class=\"attachment-large size-large wp-image-4976\" alt=\"\" srcset=\"https:\/\/www.proinpa.org\/web\/wp-content\/uploads\/2024\/03\/photo1697248323-1024x682.jpg 1024w, https:\/\/www.proinpa.org\/web\/wp-content\/uploads\/2024\/03\/photo1697248323-300x200.jpg 300w, https:\/\/www.proinpa.org\/web\/wp-content\/uploads\/2024\/03\/photo1697248323-768x512.jpg 768w, https:\/\/www.proinpa.org\/web\/wp-content\/uploads\/2024\/03\/photo1697248323-18x12.jpg 18w, https:\/\/www.proinpa.org\/web\/wp-content\/uploads\/2024\/03\/photo1697248323-720x480.jpg 720w, https:\/\/www.proinpa.org\/web\/wp-content\/uploads\/2024\/03\/photo1697248323.jpg 1280w\" sizes=\"(max-width: 1024px) 100vw, 1024px\" \/>\t\t\t\t\t\t\t\t\t\t\t\t\t\t\t<\/div>\n\t\t\t\t<\/div>\n\t\t\t\t\t<\/div>\n\t\t<\/div>\n\t\t\t\t\t<\/div>\n\t\t<\/section>\n\t\t\t\t<section class=\"elementor-section elementor-top-section elementor-element elementor-element-bde72f9 elementor-section-boxed elementor-section-height-default elementor-section-height-default\" data-id=\"bde72f9\" data-element_type=\"section\" data-e-type=\"section\">\n\t\t\t\t\t\t<div class=\"elementor-container elementor-column-gap-default\">\n\t\t\t\t\t<div class=\"elementor-column elementor-col-100 elementor-top-column elementor-element elementor-element-6b8baa9\" data-id=\"6b8baa9\" data-element_type=\"column\" data-e-type=\"column\">\n\t\t\t<div class=\"elementor-widget-wrap elementor-element-populated\">\n\t\t\t\t\t\t<div class=\"elementor-element elementor-element-5e8fa1c elementor-widget elementor-widget-text-editor\" data-id=\"5e8fa1c\" data-element_type=\"widget\" data-e-type=\"widget\" data-widget_type=\"text-editor.default\">\n\t\t\t\t<div class=\"elementor-widget-container\">\n\t\t\t\t\t\t\t\t\t<p>El reconocimiento tuvo como gestores y anfitriones a la oficina Regional Altiplano de la Fundaci\u00f3n PROINPA y como una actividad en el marco de los 25 a\u00f1os de aniversario de la instituci\u00f3n, el PhD. Rolando Oros hizo el reconocimiento al Dr. Alejandro renombrando el Centro Kiphakiphani con el nombre de \u00abCentro de Innovaci\u00f3n Agr\u00edcola Alejandro Bonifacio Flores\u00bb por los aportes a la Agricultura Andina, m\u00e1s espec\u00edficamente en el cultivo de la Quinua y especies nativas.<\/p>\t\t\t\t\t\t\t\t<\/div>\n\t\t\t\t<\/div>\n\t\t\t\t\t<\/div>\n\t\t<\/div>\n\t\t\t\t\t<\/div>\n\t\t<\/section>\n\t\t\t\t<section class=\"elementor-section elementor-top-section elementor-element elementor-element-c304a51 elementor-section-boxed elementor-section-height-default elementor-section-height-default\" data-id=\"c304a51\" data-element_type=\"section\" data-e-type=\"section\">\n\t\t\t\t\t\t<div class=\"elementor-container elementor-column-gap-default\">\n\t\t\t\t\t<div class=\"elementor-column elementor-col-100 elementor-top-column elementor-element elementor-element-380245a\" data-id=\"380245a\" data-element_type=\"column\" data-e-type=\"column\">\n\t\t\t<div class=\"elementor-widget-wrap elementor-element-populated\">\n\t\t\t\t\t\t<div class=\"elementor-element elementor-element-0707cb7 elementor-widget elementor-widget-image\" data-id=\"0707cb7\" data-element_type=\"widget\" data-e-type=\"widget\" data-widget_type=\"image.default\">\n\t\t\t\t<div class=\"elementor-widget-container\">\n\t\t\t\t\t\t\t\t\t\t\t\t\t\t\t<img loading=\"lazy\" decoding=\"async\" width=\"1024\" height=\"454\" src=\"https:\/\/www.proinpa.org\/web\/wp-content\/uploads\/2024\/03\/photo1697248323-2-e1710422857886-1024x454.jpeg\" class=\"attachment-large size-large wp-image-4975\" alt=\"\" srcset=\"https:\/\/www.proinpa.org\/web\/wp-content\/uploads\/2024\/03\/photo1697248323-2-e1710422857886-1024x454.jpeg 1024w, https:\/\/www.proinpa.org\/web\/wp-content\/uploads\/2024\/03\/photo1697248323-2-e1710422857886-300x133.jpeg 300w, https:\/\/www.proinpa.org\/web\/wp-content\/uploads\/2024\/03\/photo1697248323-2-e1710422857886-768x340.jpeg 768w, https:\/\/www.proinpa.org\/web\/wp-content\/uploads\/2024\/03\/photo1697248323-2-e1710422857886-18x8.jpeg 18w, https:\/\/www.proinpa.org\/web\/wp-content\/uploads\/2024\/03\/photo1697248323-2-e1710422857886-720x319.jpeg 720w, https:\/\/www.proinpa.org\/web\/wp-content\/uploads\/2024\/03\/photo1697248323-2-e1710422857886.jpeg 1280w\" sizes=\"(max-width: 1024px) 100vw, 1024px\" \/>\t\t\t\t\t\t\t\t\t\t\t\t\t\t\t<\/div>\n\t\t\t\t<\/div>\n\t\t\t\t\t<\/div>\n\t\t<\/div>\n\t\t\t\t\t<\/div>\n\t\t<\/section>\n\t\t\t\t<\/div>\n\t\t","protected":false},"excerpt":{"rendered":"<p>La investigaci\u00f3n y estudio de los temas agropecuarios del altiplano boliviano cuentan con equipamiento y personal t\u00e9cnico dedicado a los cultivos de la regi\u00f3n y su mejoramiento, liderados por el PhD Alejandro Bonifacio Flores, destacado profesional a quien reconocemos en vida su trabajo y dedicaci\u00f3n, es as\u00ed que este centro de investigaci\u00f3n lleva su nombre.&hellip;&nbsp;<a href=\"https:\/\/www.proinpa.org\/web\/centro-de-innovacion-agricola-alejandro-bonifacio-flores\/\" rel=\"bookmark\">Leer m\u00e1s &raquo;<span class=\"screen-reader-text\">Centro de Innovaci\u00f3n Agr\u00edcola \u201cAlejandro Bonifacio Flores\u201d<\/span><\/a><\/p>\n","protected":false},"author":4,"featured_media":0,"parent":0,"menu_order":0,"comment_status":"closed","ping_status":"closed","template":"page-templates\/template_fullwidth.php","meta":{"neve_meta_sidebar":"","neve_meta_container":"","neve_meta_enable_content_width":"","neve_meta_content_width":0,"neve_meta_title_alignment":"","neve_meta_author_avatar":"","neve_post_elements_order":"","neve_meta_disable_header":"","neve_meta_disable_footer":"","neve_meta_disable_title":"","footnotes":""},"class_list":["post-4974","page","type-page","status-publish","hentry"],"yoast_head":"<!-- This site is optimized with the Yoast SEO plugin v27.3 - https:\/\/yoast.com\/product\/yoast-seo-wordpress\/ -->\n<title>Centro de Innovaci\u00f3n Agr\u00edcola \u201cAlejandro Bonifacio Flores\u201d - Fundaci\u00f3n PROINPA<\/title>\n<meta name=\"robots\" content=\"index, follow, max-snippet:-1, max-image-preview:large, max-video-preview:-1\" \/>\n<link rel=\"canonical\" href=\"https:\/\/www.proinpa.org\/web\/centro-de-innovacion-agricola-alejandro-bonifacio-flores\/\" \/>\n<meta property=\"og:locale\" content=\"es_ES\" \/>\n<meta property=\"og:type\" content=\"article\" \/>\n<meta property=\"og:title\" content=\"Centro de Innovaci\u00f3n Agr\u00edcola \u201cAlejandro Bonifacio Flores\u201d - Fundaci\u00f3n PROINPA\" \/>\n<meta property=\"og:description\" content=\"La investigaci\u00f3n y estudio de los temas agropecuarios del altiplano boliviano cuentan con equipamiento y personal t\u00e9cnico dedicado a los cultivos de la regi\u00f3n y su mejoramiento, liderados por el PhD Alejandro Bonifacio Flores, destacado profesional a quien reconocemos en vida su trabajo y dedicaci\u00f3n, es as\u00ed que este centro de investigaci\u00f3n lleva su nombre.&hellip;&nbsp;Leer m\u00e1s &raquo;Centro de Innovaci\u00f3n Agr\u00edcola \u201cAlejandro Bonifacio Flores\u201d\" \/>\n<meta property=\"og:url\" content=\"https:\/\/www.proinpa.org\/web\/centro-de-innovacion-agricola-alejandro-bonifacio-flores\/\" \/>\n<meta property=\"og:site_name\" content=\"Fundaci\u00f3n PROINPA\" \/>\n<meta property=\"article:publisher\" content=\"https:\/\/www.facebook.com\/PROINPA\/\" \/>\n<meta property=\"article:modified_time\" content=\"2024-03-14T13:31:45+00:00\" \/>\n<meta property=\"og:image\" content=\"https:\/\/www.proinpa.org\/web\/wp-content\/uploads\/2024\/03\/photo1701870969-1024x554.jpg\" \/>\n<meta name=\"twitter:card\" content=\"summary_large_image\" \/>\n<meta name=\"twitter:label1\" content=\"Tiempo de lectura\" \/>\n\t<meta name=\"twitter:data1\" content=\"1 minuto\" \/>\n<script type=\"application\/ld+json\" class=\"yoast-schema-graph\">{\"@context\":\"https:\\\/\\\/schema.org\",\"@graph\":[{\"@type\":\"WebPage\",\"@id\":\"https:\\\/\\\/www.proinpa.org\\\/web\\\/centro-de-innovacion-agricola-alejandro-bonifacio-flores\\\/\",\"url\":\"https:\\\/\\\/www.proinpa.org\\\/web\\\/centro-de-innovacion-agricola-alejandro-bonifacio-flores\\\/\",\"name\":\"Centro de Innovaci\u00f3n Agr\u00edcola \u201cAlejandro Bonifacio Flores\u201d - Fundaci\u00f3n PROINPA\",\"isPartOf\":{\"@id\":\"https:\\\/\\\/www.proinpa.org\\\/web\\\/#website\"},\"primaryImageOfPage\":{\"@id\":\"https:\\\/\\\/www.proinpa.org\\\/web\\\/centro-de-innovacion-agricola-alejandro-bonifacio-flores\\\/#primaryimage\"},\"image\":{\"@id\":\"https:\\\/\\\/www.proinpa.org\\\/web\\\/centro-de-innovacion-agricola-alejandro-bonifacio-flores\\\/#primaryimage\"},\"thumbnailUrl\":\"https:\\\/\\\/www.proinpa.org\\\/web\\\/wp-content\\\/uploads\\\/2024\\\/03\\\/photo1701870969-1024x554.jpg\",\"datePublished\":\"2024-03-14T13:26:54+00:00\",\"dateModified\":\"2024-03-14T13:31:45+00:00\",\"breadcrumb\":{\"@id\":\"https:\\\/\\\/www.proinpa.org\\\/web\\\/centro-de-innovacion-agricola-alejandro-bonifacio-flores\\\/#breadcrumb\"},\"inLanguage\":\"es\",\"potentialAction\":[{\"@type\":\"ReadAction\",\"target\":[\"https:\\\/\\\/www.proinpa.org\\\/web\\\/centro-de-innovacion-agricola-alejandro-bonifacio-flores\\\/\"]}]},{\"@type\":\"ImageObject\",\"inLanguage\":\"es\",\"@id\":\"https:\\\/\\\/www.proinpa.org\\\/web\\\/centro-de-innovacion-agricola-alejandro-bonifacio-flores\\\/#primaryimage\",\"url\":\"https:\\\/\\\/www.proinpa.org\\\/web\\\/wp-content\\\/uploads\\\/2024\\\/03\\\/photo1701870969.jpg\",\"contentUrl\":\"https:\\\/\\\/www.proinpa.org\\\/web\\\/wp-content\\\/uploads\\\/2024\\\/03\\\/photo1701870969.jpg\",\"width\":1265,\"height\":685},{\"@type\":\"BreadcrumbList\",\"@id\":\"https:\\\/\\\/www.proinpa.org\\\/web\\\/centro-de-innovacion-agricola-alejandro-bonifacio-flores\\\/#breadcrumb\",\"itemListElement\":[{\"@type\":\"ListItem\",\"position\":1,\"name\":\"Portada\",\"item\":\"https:\\\/\\\/www.proinpa.org\\\/web\\\/\"},{\"@type\":\"ListItem\",\"position\":2,\"name\":\"Centro de Innovaci\u00f3n Agr\u00edcola \u201cAlejandro Bonifacio Flores\u201d\"}]},{\"@type\":\"WebSite\",\"@id\":\"https:\\\/\\\/www.proinpa.org\\\/web\\\/#website\",\"url\":\"https:\\\/\\\/www.proinpa.org\\\/web\\\/\",\"name\":\"Fundaci\u00f3n PROINPA\",\"description\":\"Fundaci\u00f3n para la Promoci\u00f3n e Investigaci\u00f3n de Productos Andinos\",\"publisher\":{\"@id\":\"https:\\\/\\\/www.proinpa.org\\\/web\\\/#organization\"},\"potentialAction\":[{\"@type\":\"SearchAction\",\"target\":{\"@type\":\"EntryPoint\",\"urlTemplate\":\"https:\\\/\\\/www.proinpa.org\\\/web\\\/?s={search_term_string}\"},\"query-input\":{\"@type\":\"PropertyValueSpecification\",\"valueRequired\":true,\"valueName\":\"search_term_string\"}}],\"inLanguage\":\"es\"},{\"@type\":\"Organization\",\"@id\":\"https:\\\/\\\/www.proinpa.org\\\/web\\\/#organization\",\"name\":\"Fundaci\u00f3n Proinpa\",\"url\":\"https:\\\/\\\/www.proinpa.org\\\/web\\\/\",\"logo\":{\"@type\":\"ImageObject\",\"inLanguage\":\"es\",\"@id\":\"https:\\\/\\\/www.proinpa.org\\\/web\\\/#\\\/schema\\\/logo\\\/image\\\/\",\"url\":\"https:\\\/\\\/www.proinpa.org\\\/web\\\/wp-content\\\/uploads\\\/2019\\\/09\\\/logo_proinpa2.png\",\"contentUrl\":\"https:\\\/\\\/www.proinpa.org\\\/web\\\/wp-content\\\/uploads\\\/2019\\\/09\\\/logo_proinpa2.png\",\"width\":110,\"height\":85,\"caption\":\"Fundaci\u00f3n Proinpa\"},\"image\":{\"@id\":\"https:\\\/\\\/www.proinpa.org\\\/web\\\/#\\\/schema\\\/logo\\\/image\\\/\"},\"sameAs\":[\"https:\\\/\\\/www.facebook.com\\\/PROINPA\\\/\",\"https:\\\/\\\/www.youtube.com\\\/user\\\/FundacionPROINPA\"]}]}<\/script>\n<!-- \/ Yoast SEO plugin. -->","yoast_head_json":{"title":"Centro de Innovaci\u00f3n Agr\u00edcola \u201cAlejandro Bonifacio Flores\u201d - Fundaci\u00f3n PROINPA","robots":{"index":"index","follow":"follow","max-snippet":"max-snippet:-1","max-image-preview":"max-image-preview:large","max-video-preview":"max-video-preview:-1"},"canonical":"https:\/\/www.proinpa.org\/web\/centro-de-innovacion-agricola-alejandro-bonifacio-flores\/","og_locale":"es_ES","og_type":"article","og_title":"Centro de Innovaci\u00f3n Agr\u00edcola \u201cAlejandro Bonifacio Flores\u201d - Fundaci\u00f3n PROINPA","og_description":"La investigaci\u00f3n y estudio de los temas agropecuarios del altiplano boliviano cuentan con equipamiento y personal t\u00e9cnico dedicado a los cultivos de la regi\u00f3n y su mejoramiento, liderados por el PhD Alejandro Bonifacio Flores, destacado profesional a quien reconocemos en vida su trabajo y dedicaci\u00f3n, es as\u00ed que este centro de investigaci\u00f3n lleva su nombre.&hellip;&nbsp;Leer m\u00e1s &raquo;Centro de Innovaci\u00f3n Agr\u00edcola \u201cAlejandro Bonifacio Flores\u201d","og_url":"https:\/\/www.proinpa.org\/web\/centro-de-innovacion-agricola-alejandro-bonifacio-flores\/","og_site_name":"Fundaci\u00f3n PROINPA","article_publisher":"https:\/\/www.facebook.com\/PROINPA\/","article_modified_time":"2024-03-14T13:31:45+00:00","og_image":[{"url":"https:\/\/www.proinpa.org\/web\/wp-content\/uploads\/2024\/03\/photo1701870969-1024x554.jpg","type":"","width":"","height":""}],"twitter_card":"summary_large_image","twitter_misc":{"Tiempo de lectura":"1 minuto"},"schema":{"@context":"https:\/\/schema.org","@graph":[{"@type":"WebPage","@id":"https:\/\/www.proinpa.org\/web\/centro-de-innovacion-agricola-alejandro-bonifacio-flores\/","url":"https:\/\/www.proinpa.org\/web\/centro-de-innovacion-agricola-alejandro-bonifacio-flores\/","name":"Centro de Innovaci\u00f3n Agr\u00edcola \u201cAlejandro Bonifacio Flores\u201d - Fundaci\u00f3n PROINPA","isPartOf":{"@id":"https:\/\/www.proinpa.org\/web\/#website"},"primaryImageOfPage":{"@id":"https:\/\/www.proinpa.org\/web\/centro-de-innovacion-agricola-alejandro-bonifacio-flores\/#primaryimage"},"image":{"@id":"https:\/\/www.proinpa.org\/web\/centro-de-innovacion-agricola-alejandro-bonifacio-flores\/#primaryimage"},"thumbnailUrl":"https:\/\/www.proinpa.org\/web\/wp-content\/uploads\/2024\/03\/photo1701870969-1024x554.jpg","datePublished":"2024-03-14T13:26:54+00:00","dateModified":"2024-03-14T13:31:45+00:00","breadcrumb":{"@id":"https:\/\/www.proinpa.org\/web\/centro-de-innovacion-agricola-alejandro-bonifacio-flores\/#breadcrumb"},"inLanguage":"es","potentialAction":[{"@type":"ReadAction","target":["https:\/\/www.proinpa.org\/web\/centro-de-innovacion-agricola-alejandro-bonifacio-flores\/"]}]},{"@type":"ImageObject","inLanguage":"es","@id":"https:\/\/www.proinpa.org\/web\/centro-de-innovacion-agricola-alejandro-bonifacio-flores\/#primaryimage","url":"https:\/\/www.proinpa.org\/web\/wp-content\/uploads\/2024\/03\/photo1701870969.jpg","contentUrl":"https:\/\/www.proinpa.org\/web\/wp-content\/uploads\/2024\/03\/photo1701870969.jpg","width":1265,"height":685},{"@type":"BreadcrumbList","@id":"https:\/\/www.proinpa.org\/web\/centro-de-innovacion-agricola-alejandro-bonifacio-flores\/#breadcrumb","itemListElement":[{"@type":"ListItem","position":1,"name":"Portada","item":"https:\/\/www.proinpa.org\/web\/"},{"@type":"ListItem","position":2,"name":"Centro de Innovaci\u00f3n Agr\u00edcola \u201cAlejandro Bonifacio Flores\u201d"}]},{"@type":"WebSite","@id":"https:\/\/www.proinpa.org\/web\/#website","url":"https:\/\/www.proinpa.org\/web\/","name":"Fundaci\u00f3n PROINPA","description":"Fundaci\u00f3n para la Promoci\u00f3n e Investigaci\u00f3n de Productos Andinos","publisher":{"@id":"https:\/\/www.proinpa.org\/web\/#organization"},"potentialAction":[{"@type":"SearchAction","target":{"@type":"EntryPoint","urlTemplate":"https:\/\/www.proinpa.org\/web\/?s={search_term_string}"},"query-input":{"@type":"PropertyValueSpecification","valueRequired":true,"valueName":"search_term_string"}}],"inLanguage":"es"},{"@type":"Organization","@id":"https:\/\/www.proinpa.org\/web\/#organization","name":"Fundaci\u00f3n Proinpa","url":"https:\/\/www.proinpa.org\/web\/","logo":{"@type":"ImageObject","inLanguage":"es","@id":"https:\/\/www.proinpa.org\/web\/#\/schema\/logo\/image\/","url":"https:\/\/www.proinpa.org\/web\/wp-content\/uploads\/2019\/09\/logo_proinpa2.png","contentUrl":"https:\/\/www.proinpa.org\/web\/wp-content\/uploads\/2019\/09\/logo_proinpa2.png","width":110,"height":85,"caption":"Fundaci\u00f3n Proinpa"},"image":{"@id":"https:\/\/www.proinpa.org\/web\/#\/schema\/logo\/image\/"},"sameAs":["https:\/\/www.facebook.com\/PROINPA\/","https:\/\/www.youtube.com\/user\/FundacionPROINPA"]}]}},"_links":{"self":[{"href":"https:\/\/www.proinpa.org\/web\/wp-json\/wp\/v2\/pages\/4974","targetHints":{"allow":["GET"]}}],"collection":[{"href":"https:\/\/www.proinpa.org\/web\/wp-json\/wp\/v2\/pages"}],"about":[{"href":"https:\/\/www.proinpa.org\/web\/wp-json\/wp\/v2\/types\/page"}],"author":[{"embeddable":true,"href":"https:\/\/www.proinpa.org\/web\/wp-json\/wp\/v2\/users\/4"}],"replies":[{"embeddable":true,"href":"https:\/\/www.proinpa.org\/web\/wp-json\/wp\/v2\/comments?post=4974"}],"version-history":[{"count":5,"href":"https:\/\/www.proinpa.org\/web\/wp-json\/wp\/v2\/pages\/4974\/revisions"}],"predecessor-version":[{"id":4987,"href":"https:\/\/www.proinpa.org\/web\/wp-json\/wp\/v2\/pages\/4974\/revisions\/4987"}],"wp:attachment":[{"href":"https:\/\/www.proinpa.org\/web\/wp-json\/wp\/v2\/media?parent=4974"}],"curies":[{"name":"wp","href":"https:\/\/api.w.org\/{rel}","templated":true}]}}