{"id":5247,"date":"2025-09-17T10:00:26","date_gmt":"2025-09-17T14:00:26","guid":{"rendered":"https:\/\/www.proinpa.org\/web\/?page_id=5247"},"modified":"2025-09-17T10:37:06","modified_gmt":"2025-09-17T14:37:06","slug":"webinars","status":"publish","type":"page","link":"https:\/\/www.proinpa.org\/web\/webinars\/","title":{"rendered":"webinars"},"content":{"rendered":"\t\t<div data-elementor-type=\"wp-page\" data-elementor-id=\"5247\" class=\"elementor elementor-5247\">\n\t\t\t\t\t\t<section class=\"elementor-section elementor-top-section elementor-element elementor-element-5b2db560 elementor-section-boxed elementor-section-height-default elementor-section-height-default\" data-id=\"5b2db560\" data-element_type=\"section\" data-e-type=\"section\">\n\t\t\t\t\t\t<div class=\"elementor-container elementor-column-gap-default\">\n\t\t\t\t\t<div class=\"elementor-column elementor-col-100 elementor-top-column elementor-element elementor-element-209dff1b\" data-id=\"209dff1b\" data-element_type=\"column\" data-e-type=\"column\">\n\t\t\t<div class=\"elementor-widget-wrap elementor-element-populated\">\n\t\t\t\t\t\t<div class=\"elementor-element elementor-element-1e383d6e elementor-widget elementor-widget-text-editor\" data-id=\"1e383d6e\" data-element_type=\"widget\" data-e-type=\"widget\" data-widget_type=\"text-editor.default\">\n\t\t\t\t<div class=\"elementor-widget-container\">\n\t\t\t\t\t\t\t\t\t<p><img fetchpriority=\"high\" decoding=\"async\" class=\"size-full wp-image-5248 aligncenter\" src=\"https:\/\/www.proinpa.org\/web\/wp-content\/uploads\/2025\/09\/Webinar-Proinpa.png\" alt=\"\" width=\"1080\" height=\"800\" srcset=\"https:\/\/www.proinpa.org\/web\/wp-content\/uploads\/2025\/09\/Webinar-Proinpa.png 1080w, https:\/\/www.proinpa.org\/web\/wp-content\/uploads\/2025\/09\/Webinar-Proinpa-300x222.png 300w, https:\/\/www.proinpa.org\/web\/wp-content\/uploads\/2025\/09\/Webinar-Proinpa-1024x759.png 1024w, https:\/\/www.proinpa.org\/web\/wp-content\/uploads\/2025\/09\/Webinar-Proinpa-768x569.png 768w, https:\/\/www.proinpa.org\/web\/wp-content\/uploads\/2025\/09\/Webinar-Proinpa-16x12.png 16w\" sizes=\"(max-width: 1080px) 100vw, 1080px\" \/><\/p>\t\t\t\t\t\t\t\t<\/div>\n\t\t\t\t<\/div>\n\t\t\t\t\t<\/div>\n\t\t<\/div>\n\t\t\t\t\t<\/div>\n\t\t<\/section>\n\t\t\t\t<section class=\"elementor-section elementor-top-section elementor-element elementor-element-06efde9 elementor-section-boxed elementor-section-height-default elementor-section-height-default\" data-id=\"06efde9\" data-element_type=\"section\" data-e-type=\"section\">\n\t\t\t\t\t\t<div class=\"elementor-container elementor-column-gap-default\">\n\t\t\t\t\t<div class=\"elementor-column elementor-col-16 elementor-top-column elementor-element elementor-element-493b4d5\" data-id=\"493b4d5\" data-element_type=\"column\" data-e-type=\"column\">\n\t\t\t<div class=\"elementor-widget-wrap elementor-element-populated\">\n\t\t\t\t\t\t<div class=\"elementor-element elementor-element-08cbe99 elementor-widget elementor-widget-image\" data-id=\"08cbe99\" data-element_type=\"widget\" data-e-type=\"widget\" data-widget_type=\"image.default\">\n\t\t\t\t<div class=\"elementor-widget-container\">\n\t\t\t\t\t\t\t\t\t\t\t\t\t\t\t\t<a href=\"https:\/\/prosuco.org\/\" target=\"_blank\">\n\t\t\t\t\t\t\t<img decoding=\"async\" width=\"200\" height=\"80\" src=\"https:\/\/www.proinpa.org\/web\/wp-content\/uploads\/2025\/09\/LOGO-Prosuco.jpg\" class=\"attachment-large size-large wp-image-5266\" alt=\"\" srcset=\"https:\/\/www.proinpa.org\/web\/wp-content\/uploads\/2025\/09\/LOGO-Prosuco.jpg 200w, https:\/\/www.proinpa.org\/web\/wp-content\/uploads\/2025\/09\/LOGO-Prosuco-18x7.jpg 18w\" sizes=\"(max-width: 200px) 100vw, 200px\" \/>\t\t\t\t\t\t\t\t<\/a>\n\t\t\t\t\t\t\t\t\t\t\t\t\t\t\t<\/div>\n\t\t\t\t<\/div>\n\t\t\t\t\t<\/div>\n\t\t<\/div>\n\t\t\t\t<div class=\"elementor-column elementor-col-16 elementor-top-column elementor-element elementor-element-2d5f957\" data-id=\"2d5f957\" data-element_type=\"column\" data-e-type=\"column\">\n\t\t\t<div class=\"elementor-widget-wrap\">\n\t\t\t\t\t\t\t<\/div>\n\t\t<\/div>\n\t\t\t\t<div class=\"elementor-column elementor-col-16 elementor-top-column elementor-element elementor-element-f20a404\" data-id=\"f20a404\" data-element_type=\"column\" data-e-type=\"column\">\n\t\t\t<div class=\"elementor-widget-wrap\">\n\t\t\t\t\t\t\t<\/div>\n\t\t<\/div>\n\t\t\t\t<div class=\"elementor-column elementor-col-16 elementor-top-column elementor-element elementor-element-9f390b1\" data-id=\"9f390b1\" data-element_type=\"column\" data-e-type=\"column\">\n\t\t\t<div class=\"elementor-widget-wrap\">\n\t\t\t\t\t\t\t<\/div>\n\t\t<\/div>\n\t\t\t\t<div class=\"elementor-column elementor-col-16 elementor-top-column elementor-element elementor-element-72f0503\" data-id=\"72f0503\" data-element_type=\"column\" data-e-type=\"column\">\n\t\t\t<div class=\"elementor-widget-wrap\">\n\t\t\t\t\t\t\t<\/div>\n\t\t<\/div>\n\t\t\t\t<div class=\"elementor-column elementor-col-16 elementor-top-column elementor-element elementor-element-22a77b1\" data-id=\"22a77b1\" data-element_type=\"column\" data-e-type=\"column\">\n\t\t\t<div class=\"elementor-widget-wrap\">\n\t\t\t\t\t\t\t<\/div>\n\t\t<\/div>\n\t\t\t\t\t<\/div>\n\t\t<\/section>\n\t\t\t\t<section class=\"elementor-section elementor-top-section elementor-element elementor-element-0103f1b elementor-section-boxed elementor-section-height-default elementor-section-height-default\" data-id=\"0103f1b\" data-element_type=\"section\" data-e-type=\"section\">\n\t\t\t\t\t\t<div class=\"elementor-container elementor-column-gap-default\">\n\t\t\t\t\t<div class=\"elementor-column elementor-col-100 elementor-top-column elementor-element elementor-element-050e919\" data-id=\"050e919\" data-element_type=\"column\" data-e-type=\"column\">\n\t\t\t<div class=\"elementor-widget-wrap elementor-element-populated\">\n\t\t\t\t\t\t<div class=\"elementor-element elementor-element-f5b6fe8 elementor-widget elementor-widget-text-editor\" data-id=\"f5b6fe8\" data-element_type=\"widget\" data-e-type=\"widget\" data-widget_type=\"text-editor.default\">\n\t\t\t\t<div class=\"elementor-widget-container\">\n\t\t\t\t\t\t\t\t\t<p>\ud83c\udf31 Webinario<br \/>Aportes a la Agroecolog\u00eda desde la Investigaci\u00f3n e Innovaci\u00f3n<br \/>En el a\u00f1o del Bicentenario, la Fundaci\u00f3n McKnight y la Comunidad de Pr\u00e1ctica de Bolivia te invitan a participar en este espacio de intercambio y reflexi\u00f3n con instituciones, investigadores y actores locales.<br \/>\ud83d\udcc5 Todos los mi\u00e9rcoles de octubre<br \/>\ud83d\udd52 19:00\u201321:00 (Bolivia) | 18:00\u201320:00 (Per\u00fa y Ecuador)<br \/>\ud83d\udccd Modalidad virtual \u2013 Zoom<br \/>\u2728 Evento gratuito \u2013 Certificado UMSA (20h curriculares)<br \/>\ud83d\udc49 Reg\u00edstrate aqu\u00ed: <a href=\"https:\/\/docs.google.com\/forms\/d\/e\/1FAIpQLSfekfdNlf1yn4gqgtCM2nvgHkKnctoTLp_vOLbRhs8U76a4Sw\/viewform\">Inscribete<\/a><br \/>\ud83d\udccc \u00danete a la conversaci\u00f3n: #Agroecolog\u00edaBicentenarioBolivia<\/p>\t\t\t\t\t\t\t\t<\/div>\n\t\t\t\t<\/div>\n\t\t\t\t\t<\/div>\n\t\t<\/div>\n\t\t\t\t\t<\/div>\n\t\t<\/section>\n\t\t\t\t<section class=\"elementor-section elementor-top-section elementor-element elementor-element-3b4d6fa elementor-section-boxed elementor-section-height-default elementor-section-height-default\" data-id=\"3b4d6fa\" data-element_type=\"section\" data-e-type=\"section\">\n\t\t\t\t\t\t<div class=\"elementor-container elementor-column-gap-default\">\n\t\t\t\t\t<div class=\"elementor-column elementor-col-100 elementor-top-column elementor-element elementor-element-006e9b9\" data-id=\"006e9b9\" data-element_type=\"column\" data-e-type=\"column\">\n\t\t\t<div class=\"elementor-widget-wrap elementor-element-populated\">\n\t\t\t\t\t\t<div class=\"elementor-element elementor-element-3c2c3ae elementor-widget elementor-widget-heading\" data-id=\"3c2c3ae\" data-element_type=\"widget\" data-e-type=\"widget\" data-widget_type=\"heading.default\">\n\t\t\t\t<div class=\"elementor-widget-container\">\n\t\t\t\t\t<h2 class=\"elementor-heading-title elementor-size-default\"><h1 dir=\"ltr\" style=\"line-height:1.2;text-align: center;margin-top:0pt;margin-bottom:0pt\"><span style=\"font-size: 34pt;font-family: Lato;background-color: transparent;font-weight: 300;vertical-align: baseline\">Formulario de Inscripci\u00f3n<\/span><\/h1><\/h2>\t\t\t\t<\/div>\n\t\t\t\t<\/div>\n\t\t\t\t<div class=\"elementor-element elementor-element-cc564f6 elementor-align-left elementor-widget elementor-widget-button\" data-id=\"cc564f6\" data-element_type=\"widget\" data-e-type=\"widget\" data-widget_type=\"button.default\">\n\t\t\t\t<div class=\"elementor-widget-container\">\n\t\t\t\t\t\t\t\t\t<div class=\"elementor-button-wrapper\">\n\t\t\t\t\t<a class=\"elementor-button elementor-button-link elementor-size-sm\" href=\"https:\/\/docs.google.com\/forms\/d\/e\/1FAIpQLSfekfdNlf1yn4gqgtCM2nvgHkKnctoTLp_vOLbRhs8U76a4Sw\/viewform\">\n\t\t\t\t\t\t<span class=\"elementor-button-content-wrapper\">\n\t\t\t\t\t\t\t\t\t<span class=\"elementor-button-text\">Inscribete<\/span>\n\t\t\t\t\t<\/span>\n\t\t\t\t\t<\/a>\n\t\t\t\t<\/div>\n\t\t\t\t\t\t\t\t<\/div>\n\t\t\t\t<\/div>\n\t\t\t\t\t<\/div>\n\t\t<\/div>\n\t\t\t\t\t<\/div>\n\t\t<\/section>\n\t\t\t\t<section class=\"elementor-section elementor-top-section elementor-element elementor-element-b3c2da9 elementor-section-boxed elementor-section-height-default elementor-section-height-default\" data-id=\"b3c2da9\" data-element_type=\"section\" data-e-type=\"section\">\n\t\t\t\t\t\t<div class=\"elementor-container elementor-column-gap-default\">\n\t\t\t\t\t<div class=\"elementor-column elementor-col-100 elementor-top-column elementor-element elementor-element-97472a7\" data-id=\"97472a7\" data-element_type=\"column\" data-e-type=\"column\">\n\t\t\t<div class=\"elementor-widget-wrap elementor-element-populated\">\n\t\t\t\t\t\t<div class=\"elementor-element elementor-element-844ba73 elementor-widget elementor-widget-video\" data-id=\"844ba73\" data-element_type=\"widget\" data-e-type=\"widget\" data-settings=\"{&quot;youtube_url&quot;:&quot;https:\\\/\\\/youtu.be\\\/45uidSeAhXc?list=PLiVZXJGwAA4BCxzrUdwzJA4WTnZxn5FLy&quot;,&quot;video_type&quot;:&quot;youtube&quot;,&quot;controls&quot;:&quot;yes&quot;}\" data-widget_type=\"video.default\">\n\t\t\t\t<div class=\"elementor-widget-container\">\n\t\t\t\t\t\t\t<div class=\"elementor-wrapper elementor-open-inline\">\n\t\t\t<div class=\"elementor-video\"><\/div>\t\t<\/div>\n\t\t\t\t\t\t<\/div>\n\t\t\t\t<\/div>\n\t\t\t\t\t<\/div>\n\t\t<\/div>\n\t\t\t\t\t<\/div>\n\t\t<\/section>\n\t\t\t\t<\/div>\n\t\t","protected":false},"excerpt":{"rendered":"<p>\ud83c\udf31 WebinarioAportes a la Agroecolog\u00eda desde la Investigaci\u00f3n e Innovaci\u00f3nEn el a\u00f1o del Bicentenario, la Fundaci\u00f3n McKnight y la Comunidad de Pr\u00e1ctica de Bolivia te invitan a participar en este espacio de intercambio y reflexi\u00f3n con instituciones, investigadores y actores locales.\ud83d\udcc5 Todos los mi\u00e9rcoles de octubre\ud83d\udd52 19:00\u201321:00 (Bolivia) | 18:00\u201320:00 (Per\u00fa y Ecuador)\ud83d\udccd Modalidad virtual&hellip;&nbsp;<a href=\"https:\/\/www.proinpa.org\/web\/webinars\/\" rel=\"bookmark\">Leer m\u00e1s &raquo;<span class=\"screen-reader-text\">webinars<\/span><\/a><\/p>\n","protected":false},"author":4,"featured_media":0,"parent":0,"menu_order":0,"comment_status":"closed","ping_status":"closed","template":"","meta":{"neve_meta_sidebar":"","neve_meta_container":"","neve_meta_enable_content_width":"off","neve_meta_content_width":100,"neve_meta_title_alignment":"","neve_meta_author_avatar":"","neve_post_elements_order":"","neve_meta_disable_header":"","neve_meta_disable_footer":"","neve_meta_disable_title":"","footnotes":""},"class_list":["post-5247","page","type-page","status-publish","hentry"],"yoast_head":"<!-- This site is optimized with the Yoast SEO plugin v27.4 - https:\/\/yoast.com\/product\/yoast-seo-wordpress\/ -->\n<title>webinars - Fundaci\u00f3n PROINPA<\/title>\n<meta name=\"robots\" content=\"index, follow, max-snippet:-1, max-image-preview:large, max-video-preview:-1\" \/>\n<link rel=\"canonical\" href=\"https:\/\/www.proinpa.org\/web\/webinars\/\" \/>\n<meta property=\"og:locale\" content=\"es_ES\" \/>\n<meta property=\"og:type\" content=\"article\" \/>\n<meta property=\"og:title\" content=\"webinars - Fundaci\u00f3n PROINPA\" \/>\n<meta property=\"og:description\" content=\"\ud83c\udf31 WebinarioAportes a la Agroecolog\u00eda desde la Investigaci\u00f3n e Innovaci\u00f3nEn el a\u00f1o del Bicentenario, la Fundaci\u00f3n McKnight y la Comunidad de Pr\u00e1ctica de Bolivia te invitan a participar en este espacio de intercambio y reflexi\u00f3n con instituciones, investigadores y actores locales.\ud83d\udcc5 Todos los mi\u00e9rcoles de octubre\ud83d\udd52 19:00\u201321:00 (Bolivia) | 18:00\u201320:00 (Per\u00fa y Ecuador)\ud83d\udccd Modalidad virtual&hellip;&nbsp;Leer m\u00e1s &raquo;webinars\" \/>\n<meta property=\"og:url\" content=\"https:\/\/www.proinpa.org\/web\/webinars\/\" \/>\n<meta property=\"og:site_name\" content=\"Fundaci\u00f3n PROINPA\" \/>\n<meta property=\"article:publisher\" content=\"https:\/\/www.facebook.com\/PROINPA\/\" \/>\n<meta property=\"article:modified_time\" content=\"2025-09-17T14:37:06+00:00\" \/>\n<meta property=\"og:image\" content=\"https:\/\/www.proinpa.org\/web\/wp-content\/uploads\/2025\/09\/Webinar-Proinpa.png\" \/>\n\t<meta property=\"og:image:width\" content=\"1080\" \/>\n\t<meta property=\"og:image:height\" content=\"800\" \/>\n\t<meta property=\"og:image:type\" content=\"image\/png\" \/>\n<meta name=\"twitter:card\" content=\"summary_large_image\" \/>\n<script type=\"application\/ld+json\" class=\"yoast-schema-graph\">{\"@context\":\"https:\\\/\\\/schema.org\",\"@graph\":[{\"@type\":\"WebPage\",\"@id\":\"https:\\\/\\\/www.proinpa.org\\\/web\\\/webinars\\\/\",\"url\":\"https:\\\/\\\/www.proinpa.org\\\/web\\\/webinars\\\/\",\"name\":\"webinars - Fundaci\u00f3n PROINPA\",\"isPartOf\":{\"@id\":\"https:\\\/\\\/www.proinpa.org\\\/web\\\/#website\"},\"primaryImageOfPage\":{\"@id\":\"https:\\\/\\\/www.proinpa.org\\\/web\\\/webinars\\\/#primaryimage\"},\"image\":{\"@id\":\"https:\\\/\\\/www.proinpa.org\\\/web\\\/webinars\\\/#primaryimage\"},\"thumbnailUrl\":\"https:\\\/\\\/www.proinpa.org\\\/web\\\/wp-content\\\/uploads\\\/2025\\\/09\\\/Webinar-Proinpa.png\",\"datePublished\":\"2025-09-17T14:00:26+00:00\",\"dateModified\":\"2025-09-17T14:37:06+00:00\",\"breadcrumb\":{\"@id\":\"https:\\\/\\\/www.proinpa.org\\\/web\\\/webinars\\\/#breadcrumb\"},\"inLanguage\":\"es\",\"potentialAction\":[{\"@type\":\"ReadAction\",\"target\":[\"https:\\\/\\\/www.proinpa.org\\\/web\\\/webinars\\\/\"]}]},{\"@type\":\"ImageObject\",\"inLanguage\":\"es\",\"@id\":\"https:\\\/\\\/www.proinpa.org\\\/web\\\/webinars\\\/#primaryimage\",\"url\":\"https:\\\/\\\/www.proinpa.org\\\/web\\\/wp-content\\\/uploads\\\/2025\\\/09\\\/Webinar-Proinpa.png\",\"contentUrl\":\"https:\\\/\\\/www.proinpa.org\\\/web\\\/wp-content\\\/uploads\\\/2025\\\/09\\\/Webinar-Proinpa.png\",\"width\":1080,\"height\":800},{\"@type\":\"BreadcrumbList\",\"@id\":\"https:\\\/\\\/www.proinpa.org\\\/web\\\/webinars\\\/#breadcrumb\",\"itemListElement\":[{\"@type\":\"ListItem\",\"position\":1,\"name\":\"Portada\",\"item\":\"https:\\\/\\\/www.proinpa.org\\\/web\\\/\"},{\"@type\":\"ListItem\",\"position\":2,\"name\":\"webinars\"}]},{\"@type\":\"WebSite\",\"@id\":\"https:\\\/\\\/www.proinpa.org\\\/web\\\/#website\",\"url\":\"https:\\\/\\\/www.proinpa.org\\\/web\\\/\",\"name\":\"Fundaci\u00f3n PROINPA\",\"description\":\"Fundaci\u00f3n para la Promoci\u00f3n e Investigaci\u00f3n de Productos Andinos\",\"publisher\":{\"@id\":\"https:\\\/\\\/www.proinpa.org\\\/web\\\/#organization\"},\"potentialAction\":[{\"@type\":\"SearchAction\",\"target\":{\"@type\":\"EntryPoint\",\"urlTemplate\":\"https:\\\/\\\/www.proinpa.org\\\/web\\\/?s={search_term_string}\"},\"query-input\":{\"@type\":\"PropertyValueSpecification\",\"valueRequired\":true,\"valueName\":\"search_term_string\"}}],\"inLanguage\":\"es\"},{\"@type\":\"Organization\",\"@id\":\"https:\\\/\\\/www.proinpa.org\\\/web\\\/#organization\",\"name\":\"Fundaci\u00f3n Proinpa\",\"url\":\"https:\\\/\\\/www.proinpa.org\\\/web\\\/\",\"logo\":{\"@type\":\"ImageObject\",\"inLanguage\":\"es\",\"@id\":\"https:\\\/\\\/www.proinpa.org\\\/web\\\/#\\\/schema\\\/logo\\\/image\\\/\",\"url\":\"https:\\\/\\\/www.proinpa.org\\\/web\\\/wp-content\\\/uploads\\\/2019\\\/09\\\/logo_proinpa2.png\",\"contentUrl\":\"https:\\\/\\\/www.proinpa.org\\\/web\\\/wp-content\\\/uploads\\\/2019\\\/09\\\/logo_proinpa2.png\",\"width\":110,\"height\":85,\"caption\":\"Fundaci\u00f3n Proinpa\"},\"image\":{\"@id\":\"https:\\\/\\\/www.proinpa.org\\\/web\\\/#\\\/schema\\\/logo\\\/image\\\/\"},\"sameAs\":[\"https:\\\/\\\/www.facebook.com\\\/PROINPA\\\/\",\"https:\\\/\\\/www.youtube.com\\\/user\\\/FundacionPROINPA\"]}]}<\/script>\n<!-- \/ Yoast SEO plugin. -->","yoast_head_json":{"title":"webinars - Fundaci\u00f3n PROINPA","robots":{"index":"index","follow":"follow","max-snippet":"max-snippet:-1","max-image-preview":"max-image-preview:large","max-video-preview":"max-video-preview:-1"},"canonical":"https:\/\/www.proinpa.org\/web\/webinars\/","og_locale":"es_ES","og_type":"article","og_title":"webinars - Fundaci\u00f3n PROINPA","og_description":"\ud83c\udf31 WebinarioAportes a la Agroecolog\u00eda desde la Investigaci\u00f3n e Innovaci\u00f3nEn el a\u00f1o del Bicentenario, la Fundaci\u00f3n McKnight y la Comunidad de Pr\u00e1ctica de Bolivia te invitan a participar en este espacio de intercambio y reflexi\u00f3n con instituciones, investigadores y actores locales.\ud83d\udcc5 Todos los mi\u00e9rcoles de octubre\ud83d\udd52 19:00\u201321:00 (Bolivia) | 18:00\u201320:00 (Per\u00fa y Ecuador)\ud83d\udccd Modalidad virtual&hellip;&nbsp;Leer m\u00e1s &raquo;webinars","og_url":"https:\/\/www.proinpa.org\/web\/webinars\/","og_site_name":"Fundaci\u00f3n PROINPA","article_publisher":"https:\/\/www.facebook.com\/PROINPA\/","article_modified_time":"2025-09-17T14:37:06+00:00","og_image":[{"width":1080,"height":800,"url":"https:\/\/www.proinpa.org\/web\/wp-content\/uploads\/2025\/09\/Webinar-Proinpa.png","type":"image\/png"}],"twitter_card":"summary_large_image","schema":{"@context":"https:\/\/schema.org","@graph":[{"@type":"WebPage","@id":"https:\/\/www.proinpa.org\/web\/webinars\/","url":"https:\/\/www.proinpa.org\/web\/webinars\/","name":"webinars - Fundaci\u00f3n PROINPA","isPartOf":{"@id":"https:\/\/www.proinpa.org\/web\/#website"},"primaryImageOfPage":{"@id":"https:\/\/www.proinpa.org\/web\/webinars\/#primaryimage"},"image":{"@id":"https:\/\/www.proinpa.org\/web\/webinars\/#primaryimage"},"thumbnailUrl":"https:\/\/www.proinpa.org\/web\/wp-content\/uploads\/2025\/09\/Webinar-Proinpa.png","datePublished":"2025-09-17T14:00:26+00:00","dateModified":"2025-09-17T14:37:06+00:00","breadcrumb":{"@id":"https:\/\/www.proinpa.org\/web\/webinars\/#breadcrumb"},"inLanguage":"es","potentialAction":[{"@type":"ReadAction","target":["https:\/\/www.proinpa.org\/web\/webinars\/"]}]},{"@type":"ImageObject","inLanguage":"es","@id":"https:\/\/www.proinpa.org\/web\/webinars\/#primaryimage","url":"https:\/\/www.proinpa.org\/web\/wp-content\/uploads\/2025\/09\/Webinar-Proinpa.png","contentUrl":"https:\/\/www.proinpa.org\/web\/wp-content\/uploads\/2025\/09\/Webinar-Proinpa.png","width":1080,"height":800},{"@type":"BreadcrumbList","@id":"https:\/\/www.proinpa.org\/web\/webinars\/#breadcrumb","itemListElement":[{"@type":"ListItem","position":1,"name":"Portada","item":"https:\/\/www.proinpa.org\/web\/"},{"@type":"ListItem","position":2,"name":"webinars"}]},{"@type":"WebSite","@id":"https:\/\/www.proinpa.org\/web\/#website","url":"https:\/\/www.proinpa.org\/web\/","name":"Fundaci\u00f3n PROINPA","description":"Fundaci\u00f3n para la Promoci\u00f3n e Investigaci\u00f3n de Productos Andinos","publisher":{"@id":"https:\/\/www.proinpa.org\/web\/#organization"},"potentialAction":[{"@type":"SearchAction","target":{"@type":"EntryPoint","urlTemplate":"https:\/\/www.proinpa.org\/web\/?s={search_term_string}"},"query-input":{"@type":"PropertyValueSpecification","valueRequired":true,"valueName":"search_term_string"}}],"inLanguage":"es"},{"@type":"Organization","@id":"https:\/\/www.proinpa.org\/web\/#organization","name":"Fundaci\u00f3n Proinpa","url":"https:\/\/www.proinpa.org\/web\/","logo":{"@type":"ImageObject","inLanguage":"es","@id":"https:\/\/www.proinpa.org\/web\/#\/schema\/logo\/image\/","url":"https:\/\/www.proinpa.org\/web\/wp-content\/uploads\/2019\/09\/logo_proinpa2.png","contentUrl":"https:\/\/www.proinpa.org\/web\/wp-content\/uploads\/2019\/09\/logo_proinpa2.png","width":110,"height":85,"caption":"Fundaci\u00f3n Proinpa"},"image":{"@id":"https:\/\/www.proinpa.org\/web\/#\/schema\/logo\/image\/"},"sameAs":["https:\/\/www.facebook.com\/PROINPA\/","https:\/\/www.youtube.com\/user\/FundacionPROINPA"]}]}},"_links":{"self":[{"href":"https:\/\/www.proinpa.org\/web\/wp-json\/wp\/v2\/pages\/5247","targetHints":{"allow":["GET"]}}],"collection":[{"href":"https:\/\/www.proinpa.org\/web\/wp-json\/wp\/v2\/pages"}],"about":[{"href":"https:\/\/www.proinpa.org\/web\/wp-json\/wp\/v2\/types\/page"}],"author":[{"embeddable":true,"href":"https:\/\/www.proinpa.org\/web\/wp-json\/wp\/v2\/users\/4"}],"replies":[{"embeddable":true,"href":"https:\/\/www.proinpa.org\/web\/wp-json\/wp\/v2\/comments?post=5247"}],"version-history":[{"count":19,"href":"https:\/\/www.proinpa.org\/web\/wp-json\/wp\/v2\/pages\/5247\/revisions"}],"predecessor-version":[{"id":5272,"href":"https:\/\/www.proinpa.org\/web\/wp-json\/wp\/v2\/pages\/5247\/revisions\/5272"}],"wp:attachment":[{"href":"https:\/\/www.proinpa.org\/web\/wp-json\/wp\/v2\/media?parent=5247"}],"curies":[{"name":"wp","href":"https:\/\/api.w.org\/{rel}","templated":true}]}}