{"id":600,"date":"2019-08-18T01:14:51","date_gmt":"2019-08-17T23:14:51","guid":{"rendered":"http:\/\/www.proinpa.org\/web\/?page_id=600"},"modified":"2024-02-15T09:06:55","modified_gmt":"2024-02-15T13:06:55","slug":"granos-andinos","status":"publish","type":"page","link":"https:\/\/www.proinpa.org\/web\/programas\/granos-andinos\/","title":{"rendered":"Granos Andinos"},"content":{"rendered":"\t\t<div data-elementor-type=\"wp-page\" data-elementor-id=\"600\" class=\"elementor elementor-600\">\n\t\t\t\t\t\t<section class=\"elementor-section elementor-top-section elementor-element elementor-element-a78a748 elementor-section-boxed elementor-section-height-default elementor-section-height-default\" data-id=\"a78a748\" data-element_type=\"section\" data-e-type=\"section\">\n\t\t\t\t\t\t<div class=\"elementor-container elementor-column-gap-default\">\n\t\t\t\t\t<div class=\"elementor-column elementor-col-100 elementor-top-column elementor-element elementor-element-7e7d786\" data-id=\"7e7d786\" data-element_type=\"column\" data-e-type=\"column\">\n\t\t\t<div class=\"elementor-widget-wrap elementor-element-populated\">\n\t\t\t\t\t\t<div class=\"elementor-element elementor-element-5ba38e4 elementor-widget elementor-widget-image\" data-id=\"5ba38e4\" data-element_type=\"widget\" data-e-type=\"widget\" data-widget_type=\"image.default\">\n\t\t\t\t<div class=\"elementor-widget-container\">\n\t\t\t\t\t\t\t\t\t\t\t\t\t\t\t<img fetchpriority=\"high\" decoding=\"async\" width=\"1024\" height=\"229\" src=\"https:\/\/www.proinpa.org\/web\/wp-content\/uploads\/2023\/03\/Programa-Granos-Andinos-Cartel-Titulo-WEB-2023-1024x229.jpg\" class=\"attachment-large size-large wp-image-3929\" alt=\"\" srcset=\"https:\/\/www.proinpa.org\/web\/wp-content\/uploads\/2023\/03\/Programa-Granos-Andinos-Cartel-Titulo-WEB-2023-1024x229.jpg 1024w, https:\/\/www.proinpa.org\/web\/wp-content\/uploads\/2023\/03\/Programa-Granos-Andinos-Cartel-Titulo-WEB-2023-300x67.jpg 300w, https:\/\/www.proinpa.org\/web\/wp-content\/uploads\/2023\/03\/Programa-Granos-Andinos-Cartel-Titulo-WEB-2023-768x172.jpg 768w, https:\/\/www.proinpa.org\/web\/wp-content\/uploads\/2023\/03\/Programa-Granos-Andinos-Cartel-Titulo-WEB-2023-1536x344.jpg 1536w, https:\/\/www.proinpa.org\/web\/wp-content\/uploads\/2023\/03\/Programa-Granos-Andinos-Cartel-Titulo-WEB-2023-720x161.jpg 720w, https:\/\/www.proinpa.org\/web\/wp-content\/uploads\/2023\/03\/Programa-Granos-Andinos-Cartel-Titulo-WEB-2023.jpg 1650w\" sizes=\"(max-width: 1024px) 100vw, 1024px\" \/>\t\t\t\t\t\t\t\t\t\t\t\t\t\t\t<\/div>\n\t\t\t\t<\/div>\n\t\t\t\t<div class=\"elementor-element elementor-element-463fe5c elementor-widget elementor-widget-image\" data-id=\"463fe5c\" data-element_type=\"widget\" data-e-type=\"widget\" data-widget_type=\"image.default\">\n\t\t\t\t<div class=\"elementor-widget-container\">\n\t\t\t\t\t<style>.elementor-element-463fe5c{display:none !important}<\/style>\t\t\t\t<\/div>\n\t\t\t\t<\/div>\n\t\t\t\t\t<\/div>\n\t\t<\/div>\n\t\t\t\t\t<\/div>\n\t\t<\/section>\n\t\t\t\t<section class=\"elementor-section elementor-top-section elementor-element elementor-element-6a0aa4c elementor-section-boxed elementor-section-height-default elementor-section-height-default\" data-id=\"6a0aa4c\" data-element_type=\"section\" data-e-type=\"section\">\n\t\t\t\t\t\t<div class=\"elementor-container elementor-column-gap-default\">\n\t\t\t\t\t<div class=\"elementor-column elementor-col-100 elementor-top-column elementor-element elementor-element-f3ee28f\" data-id=\"f3ee28f\" data-element_type=\"column\" data-e-type=\"column\">\n\t\t\t<div class=\"elementor-widget-wrap elementor-element-populated\">\n\t\t\t\t\t\t<div class=\"elementor-element elementor-element-fa864e2 elementor-widget elementor-widget-text-editor\" data-id=\"fa864e2\" data-element_type=\"widget\" data-e-type=\"widget\" data-widget_type=\"text-editor.default\">\n\t\t\t\t<div class=\"elementor-widget-container\">\n\t\t\t\t\t\t\t\t\t<p><span style=\"font-weight: 400;\">La quinua, ca\u00f1ahua, tarwi, etc. son cultivos que tienen origen en la zona andina y son de alta importancia en la seguridad alimentaria, la generaci\u00f3n de ingresos, en el uso culinario y en la cultura local de sus pobladores. Este programa, se centra en el desarrollo de alternativas tecnol\u00f3gicas para la producci\u00f3n sostenible de estos cultivos, en sistemas complejos como el Altiplano boliviano (erosi\u00f3n, sequ\u00eda, baja fertilidad, etc.), en su relaci\u00f3n con el suelo, las especies nativas del entorno, su interacci\u00f3n con la fauna del altiplano (cam\u00e9lidos, parasitoides, etc.) y en la promoci\u00f3n de innovaciones para la transformaci\u00f3n agroindustrial de estos granos.<\/span><\/p><p><span style=\"font-weight: 400;\">Los objetivos del programa son:<\/span><\/p><ul><li style=\"font-weight: 400;\"><span style=\"font-weight: 400;\">Mejorar la productividad y resiliencia de los sistemas agroalimentarios basados en granos andinos<\/span><\/li><li style=\"font-weight: 400;\"><span style=\"font-weight: 400;\">Generar innovaciones tecnol\u00f3gicas para el manejo sostenible de los granos andinos.<\/span><\/li><li style=\"font-weight: 400;\"><span style=\"font-weight: 400;\">Producir y comercializar semilla y grano de quinua y ca\u00f1ahua satisfaciendo la demanda del mercado nacional e internacional<\/span><\/li><li style=\"font-weight: 400;\"><span style=\"font-weight: 400;\">Prestar servicios relacionados a innovaciones tecnol\u00f3gicas, institucionales, comerciales y organizacionales en el complejo productivo de los granos andinos.<\/span><\/li><\/ul><p style=\"text-align: right;\">Correo de contacto: <a href=\"mailto:w.rojas@proinpa.org\" target=\"_blank\" rel=\"noopener\">w.rojas@proinpa.org<\/a><\/p>\t\t\t\t\t\t\t\t<\/div>\n\t\t\t\t<\/div>\n\t\t\t\t\t<\/div>\n\t\t<\/div>\n\t\t\t\t\t<\/div>\n\t\t<\/section>\n\t\t\t\t<\/div>\n\t\t","protected":false},"excerpt":{"rendered":"<p>La quinua, ca\u00f1ahua, tarwi, etc. son cultivos que tienen origen en la zona andina y son de alta importancia en la seguridad alimentaria, la generaci\u00f3n de ingresos, en el uso culinario y en la cultura local de sus pobladores. Este programa, se centra en el desarrollo de alternativas tecnol\u00f3gicas para la producci\u00f3n sostenible de estos&hellip;&nbsp;<a href=\"https:\/\/www.proinpa.org\/web\/programas\/granos-andinos\/\" rel=\"bookmark\">Leer m\u00e1s &raquo;<span class=\"screen-reader-text\">Granos Andinos<\/span><\/a><\/p>\n","protected":false},"author":1,"featured_media":0,"parent":3828,"menu_order":0,"comment_status":"closed","ping_status":"closed","template":"page-templates\/template_page-builder.php","meta":{"neve_meta_sidebar":"","neve_meta_container":"","neve_meta_enable_content_width":"","neve_meta_content_width":0,"neve_meta_title_alignment":"","neve_meta_author_avatar":"","neve_post_elements_order":"","neve_meta_disable_header":"","neve_meta_disable_footer":"","neve_meta_disable_title":"","footnotes":""},"class_list":["post-600","page","type-page","status-publish","hentry"],"yoast_head":"<!-- This site is optimized with the Yoast SEO plugin v27.3 - https:\/\/yoast.com\/product\/yoast-seo-wordpress\/ -->\n<title>Granos Andinos - Fundaci\u00f3n PROINPA<\/title>\n<meta name=\"robots\" content=\"index, follow, max-snippet:-1, max-image-preview:large, max-video-preview:-1\" \/>\n<link rel=\"canonical\" href=\"https:\/\/www.proinpa.org\/web\/programas\/granos-andinos\/\" \/>\n<meta property=\"og:locale\" content=\"es_ES\" \/>\n<meta property=\"og:type\" content=\"article\" \/>\n<meta property=\"og:title\" content=\"Granos Andinos - Fundaci\u00f3n PROINPA\" \/>\n<meta property=\"og:description\" content=\"La quinua, ca\u00f1ahua, tarwi, etc. son cultivos que tienen origen en la zona andina y son de alta importancia en la seguridad alimentaria, la generaci\u00f3n de ingresos, en el uso culinario y en la cultura local de sus pobladores. Este programa, se centra en el desarrollo de alternativas tecnol\u00f3gicas para la producci\u00f3n sostenible de estos&hellip;&nbsp;Leer m\u00e1s &raquo;Granos Andinos\" \/>\n<meta property=\"og:url\" content=\"https:\/\/www.proinpa.org\/web\/programas\/granos-andinos\/\" \/>\n<meta property=\"og:site_name\" content=\"Fundaci\u00f3n PROINPA\" \/>\n<meta property=\"article:publisher\" content=\"https:\/\/www.facebook.com\/PROINPA\/\" \/>\n<meta property=\"article:modified_time\" content=\"2024-02-15T13:06:55+00:00\" \/>\n<meta property=\"og:image\" content=\"https:\/\/www.proinpa.org\/web\/wp-content\/uploads\/2023\/03\/Programa-Granos-Andinos-Cartel-Titulo-WEB-2023-1024x229.jpg\" \/>\n<meta name=\"twitter:card\" content=\"summary_large_image\" \/>\n<meta name=\"twitter:label1\" content=\"Tiempo de lectura\" \/>\n\t<meta name=\"twitter:data1\" content=\"1 minuto\" \/>\n<script type=\"application\/ld+json\" class=\"yoast-schema-graph\">{\"@context\":\"https:\\\/\\\/schema.org\",\"@graph\":[{\"@type\":\"WebPage\",\"@id\":\"https:\\\/\\\/www.proinpa.org\\\/web\\\/programas\\\/granos-andinos\\\/\",\"url\":\"https:\\\/\\\/www.proinpa.org\\\/web\\\/programas\\\/granos-andinos\\\/\",\"name\":\"Granos Andinos - Fundaci\u00f3n PROINPA\",\"isPartOf\":{\"@id\":\"https:\\\/\\\/www.proinpa.org\\\/web\\\/#website\"},\"primaryImageOfPage\":{\"@id\":\"https:\\\/\\\/www.proinpa.org\\\/web\\\/programas\\\/granos-andinos\\\/#primaryimage\"},\"image\":{\"@id\":\"https:\\\/\\\/www.proinpa.org\\\/web\\\/programas\\\/granos-andinos\\\/#primaryimage\"},\"thumbnailUrl\":\"https:\\\/\\\/www.proinpa.org\\\/web\\\/wp-content\\\/uploads\\\/2023\\\/03\\\/Programa-Granos-Andinos-Cartel-Titulo-WEB-2023-1024x229.jpg\",\"datePublished\":\"2019-08-17T23:14:51+00:00\",\"dateModified\":\"2024-02-15T13:06:55+00:00\",\"breadcrumb\":{\"@id\":\"https:\\\/\\\/www.proinpa.org\\\/web\\\/programas\\\/granos-andinos\\\/#breadcrumb\"},\"inLanguage\":\"es\",\"potentialAction\":[{\"@type\":\"ReadAction\",\"target\":[\"https:\\\/\\\/www.proinpa.org\\\/web\\\/programas\\\/granos-andinos\\\/\"]}]},{\"@type\":\"ImageObject\",\"inLanguage\":\"es\",\"@id\":\"https:\\\/\\\/www.proinpa.org\\\/web\\\/programas\\\/granos-andinos\\\/#primaryimage\",\"url\":\"https:\\\/\\\/www.proinpa.org\\\/web\\\/wp-content\\\/uploads\\\/2023\\\/03\\\/Programa-Granos-Andinos-Cartel-Titulo-WEB-2023.jpg\",\"contentUrl\":\"https:\\\/\\\/www.proinpa.org\\\/web\\\/wp-content\\\/uploads\\\/2023\\\/03\\\/Programa-Granos-Andinos-Cartel-Titulo-WEB-2023.jpg\",\"width\":1650,\"height\":369},{\"@type\":\"BreadcrumbList\",\"@id\":\"https:\\\/\\\/www.proinpa.org\\\/web\\\/programas\\\/granos-andinos\\\/#breadcrumb\",\"itemListElement\":[{\"@type\":\"ListItem\",\"position\":1,\"name\":\"Portada\",\"item\":\"https:\\\/\\\/www.proinpa.org\\\/web\\\/\"},{\"@type\":\"ListItem\",\"position\":2,\"name\":\"Programas\",\"item\":\"https:\\\/\\\/www.proinpa.org\\\/web\\\/programas\\\/\"},{\"@type\":\"ListItem\",\"position\":3,\"name\":\"Granos Andinos\"}]},{\"@type\":\"WebSite\",\"@id\":\"https:\\\/\\\/www.proinpa.org\\\/web\\\/#website\",\"url\":\"https:\\\/\\\/www.proinpa.org\\\/web\\\/\",\"name\":\"Fundaci\u00f3n PROINPA\",\"description\":\"Fundaci\u00f3n para la Promoci\u00f3n e Investigaci\u00f3n de Productos Andinos\",\"publisher\":{\"@id\":\"https:\\\/\\\/www.proinpa.org\\\/web\\\/#organization\"},\"potentialAction\":[{\"@type\":\"SearchAction\",\"target\":{\"@type\":\"EntryPoint\",\"urlTemplate\":\"https:\\\/\\\/www.proinpa.org\\\/web\\\/?s={search_term_string}\"},\"query-input\":{\"@type\":\"PropertyValueSpecification\",\"valueRequired\":true,\"valueName\":\"search_term_string\"}}],\"inLanguage\":\"es\"},{\"@type\":\"Organization\",\"@id\":\"https:\\\/\\\/www.proinpa.org\\\/web\\\/#organization\",\"name\":\"Fundaci\u00f3n Proinpa\",\"url\":\"https:\\\/\\\/www.proinpa.org\\\/web\\\/\",\"logo\":{\"@type\":\"ImageObject\",\"inLanguage\":\"es\",\"@id\":\"https:\\\/\\\/www.proinpa.org\\\/web\\\/#\\\/schema\\\/logo\\\/image\\\/\",\"url\":\"https:\\\/\\\/www.proinpa.org\\\/web\\\/wp-content\\\/uploads\\\/2019\\\/09\\\/logo_proinpa2.png\",\"contentUrl\":\"https:\\\/\\\/www.proinpa.org\\\/web\\\/wp-content\\\/uploads\\\/2019\\\/09\\\/logo_proinpa2.png\",\"width\":110,\"height\":85,\"caption\":\"Fundaci\u00f3n Proinpa\"},\"image\":{\"@id\":\"https:\\\/\\\/www.proinpa.org\\\/web\\\/#\\\/schema\\\/logo\\\/image\\\/\"},\"sameAs\":[\"https:\\\/\\\/www.facebook.com\\\/PROINPA\\\/\",\"https:\\\/\\\/www.youtube.com\\\/user\\\/FundacionPROINPA\"]}]}<\/script>\n<!-- \/ Yoast SEO plugin. -->","yoast_head_json":{"title":"Granos Andinos - Fundaci\u00f3n PROINPA","robots":{"index":"index","follow":"follow","max-snippet":"max-snippet:-1","max-image-preview":"max-image-preview:large","max-video-preview":"max-video-preview:-1"},"canonical":"https:\/\/www.proinpa.org\/web\/programas\/granos-andinos\/","og_locale":"es_ES","og_type":"article","og_title":"Granos Andinos - Fundaci\u00f3n PROINPA","og_description":"La quinua, ca\u00f1ahua, tarwi, etc. son cultivos que tienen origen en la zona andina y son de alta importancia en la seguridad alimentaria, la generaci\u00f3n de ingresos, en el uso culinario y en la cultura local de sus pobladores. Este programa, se centra en el desarrollo de alternativas tecnol\u00f3gicas para la producci\u00f3n sostenible de estos&hellip;&nbsp;Leer m\u00e1s &raquo;Granos Andinos","og_url":"https:\/\/www.proinpa.org\/web\/programas\/granos-andinos\/","og_site_name":"Fundaci\u00f3n PROINPA","article_publisher":"https:\/\/www.facebook.com\/PROINPA\/","article_modified_time":"2024-02-15T13:06:55+00:00","og_image":[{"url":"https:\/\/www.proinpa.org\/web\/wp-content\/uploads\/2023\/03\/Programa-Granos-Andinos-Cartel-Titulo-WEB-2023-1024x229.jpg","type":"","width":"","height":""}],"twitter_card":"summary_large_image","twitter_misc":{"Tiempo de lectura":"1 minuto"},"schema":{"@context":"https:\/\/schema.org","@graph":[{"@type":"WebPage","@id":"https:\/\/www.proinpa.org\/web\/programas\/granos-andinos\/","url":"https:\/\/www.proinpa.org\/web\/programas\/granos-andinos\/","name":"Granos Andinos - Fundaci\u00f3n PROINPA","isPartOf":{"@id":"https:\/\/www.proinpa.org\/web\/#website"},"primaryImageOfPage":{"@id":"https:\/\/www.proinpa.org\/web\/programas\/granos-andinos\/#primaryimage"},"image":{"@id":"https:\/\/www.proinpa.org\/web\/programas\/granos-andinos\/#primaryimage"},"thumbnailUrl":"https:\/\/www.proinpa.org\/web\/wp-content\/uploads\/2023\/03\/Programa-Granos-Andinos-Cartel-Titulo-WEB-2023-1024x229.jpg","datePublished":"2019-08-17T23:14:51+00:00","dateModified":"2024-02-15T13:06:55+00:00","breadcrumb":{"@id":"https:\/\/www.proinpa.org\/web\/programas\/granos-andinos\/#breadcrumb"},"inLanguage":"es","potentialAction":[{"@type":"ReadAction","target":["https:\/\/www.proinpa.org\/web\/programas\/granos-andinos\/"]}]},{"@type":"ImageObject","inLanguage":"es","@id":"https:\/\/www.proinpa.org\/web\/programas\/granos-andinos\/#primaryimage","url":"https:\/\/www.proinpa.org\/web\/wp-content\/uploads\/2023\/03\/Programa-Granos-Andinos-Cartel-Titulo-WEB-2023.jpg","contentUrl":"https:\/\/www.proinpa.org\/web\/wp-content\/uploads\/2023\/03\/Programa-Granos-Andinos-Cartel-Titulo-WEB-2023.jpg","width":1650,"height":369},{"@type":"BreadcrumbList","@id":"https:\/\/www.proinpa.org\/web\/programas\/granos-andinos\/#breadcrumb","itemListElement":[{"@type":"ListItem","position":1,"name":"Portada","item":"https:\/\/www.proinpa.org\/web\/"},{"@type":"ListItem","position":2,"name":"Programas","item":"https:\/\/www.proinpa.org\/web\/programas\/"},{"@type":"ListItem","position":3,"name":"Granos Andinos"}]},{"@type":"WebSite","@id":"https:\/\/www.proinpa.org\/web\/#website","url":"https:\/\/www.proinpa.org\/web\/","name":"Fundaci\u00f3n PROINPA","description":"Fundaci\u00f3n para la Promoci\u00f3n e Investigaci\u00f3n de Productos Andinos","publisher":{"@id":"https:\/\/www.proinpa.org\/web\/#organization"},"potentialAction":[{"@type":"SearchAction","target":{"@type":"EntryPoint","urlTemplate":"https:\/\/www.proinpa.org\/web\/?s={search_term_string}"},"query-input":{"@type":"PropertyValueSpecification","valueRequired":true,"valueName":"search_term_string"}}],"inLanguage":"es"},{"@type":"Organization","@id":"https:\/\/www.proinpa.org\/web\/#organization","name":"Fundaci\u00f3n Proinpa","url":"https:\/\/www.proinpa.org\/web\/","logo":{"@type":"ImageObject","inLanguage":"es","@id":"https:\/\/www.proinpa.org\/web\/#\/schema\/logo\/image\/","url":"https:\/\/www.proinpa.org\/web\/wp-content\/uploads\/2019\/09\/logo_proinpa2.png","contentUrl":"https:\/\/www.proinpa.org\/web\/wp-content\/uploads\/2019\/09\/logo_proinpa2.png","width":110,"height":85,"caption":"Fundaci\u00f3n Proinpa"},"image":{"@id":"https:\/\/www.proinpa.org\/web\/#\/schema\/logo\/image\/"},"sameAs":["https:\/\/www.facebook.com\/PROINPA\/","https:\/\/www.youtube.com\/user\/FundacionPROINPA"]}]}},"_links":{"self":[{"href":"https:\/\/www.proinpa.org\/web\/wp-json\/wp\/v2\/pages\/600","targetHints":{"allow":["GET"]}}],"collection":[{"href":"https:\/\/www.proinpa.org\/web\/wp-json\/wp\/v2\/pages"}],"about":[{"href":"https:\/\/www.proinpa.org\/web\/wp-json\/wp\/v2\/types\/page"}],"author":[{"embeddable":true,"href":"https:\/\/www.proinpa.org\/web\/wp-json\/wp\/v2\/users\/1"}],"replies":[{"embeddable":true,"href":"https:\/\/www.proinpa.org\/web\/wp-json\/wp\/v2\/comments?post=600"}],"version-history":[{"count":42,"href":"https:\/\/www.proinpa.org\/web\/wp-json\/wp\/v2\/pages\/600\/revisions"}],"predecessor-version":[{"id":4869,"href":"https:\/\/www.proinpa.org\/web\/wp-json\/wp\/v2\/pages\/600\/revisions\/4869"}],"up":[{"embeddable":true,"href":"https:\/\/www.proinpa.org\/web\/wp-json\/wp\/v2\/pages\/3828"}],"wp:attachment":[{"href":"https:\/\/www.proinpa.org\/web\/wp-json\/wp\/v2\/media?parent=600"}],"curies":[{"name":"wp","href":"https:\/\/api.w.org\/{rel}","templated":true}]}}