{"id":626,"date":"2019-08-18T01:39:37","date_gmt":"2019-08-17T23:39:37","guid":{"rendered":"http:\/\/www.proinpa.org\/web\/?page_id=626"},"modified":"2024-02-15T09:04:54","modified_gmt":"2024-02-15T13:04:54","slug":"manejo-integrado-de-cultivos","status":"publish","type":"page","link":"https:\/\/www.proinpa.org\/web\/programas\/manejo-integrado-de-cultivos\/","title":{"rendered":"Manejo Integrado de Cultivos (MIC)"},"content":{"rendered":"\t\t<div data-elementor-type=\"wp-page\" data-elementor-id=\"626\" class=\"elementor elementor-626\">\n\t\t\t\t\t\t<section class=\"elementor-section elementor-top-section elementor-element elementor-element-b9ece36 elementor-section-boxed elementor-section-height-default elementor-section-height-default\" data-id=\"b9ece36\" data-element_type=\"section\" data-e-type=\"section\">\n\t\t\t\t\t\t<div class=\"elementor-container elementor-column-gap-default\">\n\t\t\t\t\t<div class=\"elementor-column elementor-col-100 elementor-top-column elementor-element elementor-element-8730a46\" data-id=\"8730a46\" data-element_type=\"column\" data-e-type=\"column\">\n\t\t\t<div class=\"elementor-widget-wrap elementor-element-populated\">\n\t\t\t\t\t\t<div class=\"elementor-element elementor-element-4628ea1 elementor-widget elementor-widget-image\" data-id=\"4628ea1\" data-element_type=\"widget\" data-e-type=\"widget\" data-widget_type=\"image.default\">\n\t\t\t\t<div class=\"elementor-widget-container\">\n\t\t\t\t\t\t\t\t\t\t\t\t\t\t\t<img fetchpriority=\"high\" decoding=\"async\" width=\"1024\" height=\"229\" src=\"https:\/\/www.proinpa.org\/web\/wp-content\/uploads\/2023\/03\/Programa-MIC-Cartel-Titulo-WEB-2023-1024x229.jpg\" class=\"attachment-large size-large wp-image-3915\" alt=\"\" srcset=\"https:\/\/www.proinpa.org\/web\/wp-content\/uploads\/2023\/03\/Programa-MIC-Cartel-Titulo-WEB-2023-1024x229.jpg 1024w, https:\/\/www.proinpa.org\/web\/wp-content\/uploads\/2023\/03\/Programa-MIC-Cartel-Titulo-WEB-2023-300x67.jpg 300w, https:\/\/www.proinpa.org\/web\/wp-content\/uploads\/2023\/03\/Programa-MIC-Cartel-Titulo-WEB-2023-768x172.jpg 768w, https:\/\/www.proinpa.org\/web\/wp-content\/uploads\/2023\/03\/Programa-MIC-Cartel-Titulo-WEB-2023-1536x344.jpg 1536w, https:\/\/www.proinpa.org\/web\/wp-content\/uploads\/2023\/03\/Programa-MIC-Cartel-Titulo-WEB-2023-720x161.jpg 720w, https:\/\/www.proinpa.org\/web\/wp-content\/uploads\/2023\/03\/Programa-MIC-Cartel-Titulo-WEB-2023.jpg 1650w\" sizes=\"(max-width: 1024px) 100vw, 1024px\" \/>\t\t\t\t\t\t\t\t\t\t\t\t\t\t\t<\/div>\n\t\t\t\t<\/div>\n\t\t\t\t<div class=\"elementor-element elementor-element-2d03899 elementor-widget elementor-widget-image\" data-id=\"2d03899\" data-element_type=\"widget\" data-e-type=\"widget\" data-widget_type=\"image.default\">\n\t\t\t\t<div class=\"elementor-widget-container\">\n\t\t\t\t\t<style>.elementor-element-2d03899{display:none !important}<\/style>\t\t\t\t<\/div>\n\t\t\t\t<\/div>\n\t\t\t\t\t<\/div>\n\t\t<\/div>\n\t\t\t\t\t<\/div>\n\t\t<\/section>\n\t\t\t\t<section class=\"elementor-section elementor-top-section elementor-element elementor-element-9402345 elementor-section-boxed elementor-section-height-default elementor-section-height-default\" data-id=\"9402345\" data-element_type=\"section\" data-e-type=\"section\">\n\t\t\t\t\t\t<div class=\"elementor-container elementor-column-gap-default\">\n\t\t\t\t\t<div class=\"elementor-column elementor-col-100 elementor-top-column elementor-element elementor-element-7e1aa1c\" data-id=\"7e1aa1c\" data-element_type=\"column\" data-e-type=\"column\">\n\t\t\t<div class=\"elementor-widget-wrap elementor-element-populated\">\n\t\t\t\t\t\t<div class=\"elementor-element elementor-element-f817700 elementor-widget elementor-widget-text-editor\" data-id=\"f817700\" data-element_type=\"widget\" data-e-type=\"widget\" data-widget_type=\"text-editor.default\">\n\t\t\t\t<div class=\"elementor-widget-container\">\n\t\t\t\t\t\t\t\t\t<p><span style=\"font-weight: 400;\">El Programa MIC, desarrolla tecnolog\u00edas para el manejo integrado de cultivos, con enfoque agroecol\u00f3gico y de resiliencia de los sistemas agroalimentarios bolivianos. El programa desarrolla:<\/span><\/p><ul><li style=\"font-weight: 400;\"><span style=\"font-weight: 400;\">Nuevas variedades con tolerancia a factores bi\u00f3ticos y abi\u00f3ticos,<\/span><\/li><li style=\"font-weight: 400;\"><span style=\"font-weight: 400;\">Insumos ecol\u00f3gicos para reducir efectos de plagas y enfermedades,<\/span><\/li><li style=\"font-weight: 400;\"><span style=\"font-weight: 400;\">Insumos ecol\u00f3gicos para la fertilidad de los suelos y la nutrici\u00f3n vegetal,<\/span><\/li><li style=\"font-weight: 400;\"><span style=\"font-weight: 400;\">Estrategias para el manejo org\u00e1nico y convencional de cultivos<\/span><\/li><\/ul><p><span style=\"font-weight: 400;\">Las \u00e1reas de especialidad del MIC son la sanidad vegetal, la microbiolog\u00eda agr\u00edcola, la fertilidad del suelo y la nutrici\u00f3n de las plantas. El MIC trabaja con microorganismos biocontroladores, entomopat\u00f3genos y biofertilizantes; as\u00ed como con feromonas, extractos de plantas, biomoleculas, p\u00e9ptidos, parasitoides, etc.<\/span><\/p><p><span style=\"font-weight: 400;\">Los objetivos del Programa MIC son:<\/span><\/p><ul><li style=\"font-weight: 400;\"><span style=\"font-weight: 400;\">Desarrollar tecnolog\u00eda para el manejo integrado de cultivos<\/span><\/li><li style=\"font-weight: 400;\"><span style=\"font-weight: 400;\">Mejorar la productividad y resiliencia de los sistemas agroalimentarios de Altiplano, valles y llanos de Bolivia<\/span><\/li><li style=\"font-weight: 400;\"><span style=\"font-weight: 400;\">Desarrollar estrategias eficientes para el manejo org\u00e1nico y convencional de cultivos<\/span><\/li><li style=\"font-weight: 400;\"><span style=\"font-weight: 400;\">Desarrollar estrategias para la mejora de la salud del suelo, principal capital de la agricultura<\/span><\/li><li style=\"font-weight: 400;\"><span style=\"font-weight: 400;\">Prestar servicios de consultor\u00eda en temas relacionados al manejo integrado de cultivos<\/span><\/li><\/ul>\t\t\t\t\t\t\t\t<\/div>\n\t\t\t\t<\/div>\n\t\t\t\t<div class=\"elementor-element elementor-element-41c2f9e elementor-widget elementor-widget-text-editor\" data-id=\"41c2f9e\" data-element_type=\"widget\" data-e-type=\"widget\" data-widget_type=\"text-editor.default\">\n\t\t\t\t<div class=\"elementor-widget-container\">\n\t\t\t\t\t\t\t\t\t<p>Correo de contacto: <a href=\"g.plata@proinpa.org\" target=\"_blank\" rel=\"noopener\">g.plata@proinpa.org<\/a><\/p>\t\t\t\t\t\t\t\t<\/div>\n\t\t\t\t<\/div>\n\t\t\t\t\t<\/div>\n\t\t<\/div>\n\t\t\t\t\t<\/div>\n\t\t<\/section>\n\t\t\t\t<\/div>\n\t\t","protected":false},"excerpt":{"rendered":"<p>El Programa MIC, desarrolla tecnolog\u00edas para el manejo integrado de cultivos, con enfoque agroecol\u00f3gico y de resiliencia de los sistemas agroalimentarios bolivianos. El programa desarrolla: Nuevas variedades con tolerancia a factores bi\u00f3ticos y abi\u00f3ticos, Insumos ecol\u00f3gicos para reducir efectos de plagas y enfermedades, Insumos ecol\u00f3gicos para la fertilidad de los suelos y la nutrici\u00f3n vegetal,&hellip;&nbsp;<a href=\"https:\/\/www.proinpa.org\/web\/programas\/manejo-integrado-de-cultivos\/\" rel=\"bookmark\">Leer m\u00e1s &raquo;<span class=\"screen-reader-text\">Manejo Integrado de Cultivos (MIC)<\/span><\/a><\/p>\n","protected":false},"author":1,"featured_media":0,"parent":3828,"menu_order":0,"comment_status":"closed","ping_status":"closed","template":"page-templates\/template_page-builder.php","meta":{"neve_meta_sidebar":"","neve_meta_container":"","neve_meta_enable_content_width":"","neve_meta_content_width":0,"neve_meta_title_alignment":"","neve_meta_author_avatar":"","neve_post_elements_order":"","neve_meta_disable_header":"","neve_meta_disable_footer":"","neve_meta_disable_title":"","footnotes":""},"class_list":["post-626","page","type-page","status-publish","hentry"],"yoast_head":"<!-- This site is optimized with the Yoast SEO plugin v27.4 - https:\/\/yoast.com\/product\/yoast-seo-wordpress\/ -->\n<title>Manejo Integrado de Cultivos (MIC) - Fundaci\u00f3n PROINPA<\/title>\n<meta name=\"robots\" content=\"index, follow, max-snippet:-1, max-image-preview:large, max-video-preview:-1\" \/>\n<link rel=\"canonical\" href=\"https:\/\/www.proinpa.org\/web\/programas\/manejo-integrado-de-cultivos\/\" \/>\n<meta property=\"og:locale\" content=\"es_ES\" \/>\n<meta property=\"og:type\" content=\"article\" \/>\n<meta property=\"og:title\" content=\"Manejo Integrado de Cultivos (MIC) - Fundaci\u00f3n PROINPA\" \/>\n<meta property=\"og:description\" content=\"El Programa MIC, desarrolla tecnolog\u00edas para el manejo integrado de cultivos, con enfoque agroecol\u00f3gico y de resiliencia de los sistemas agroalimentarios bolivianos. El programa desarrolla: Nuevas variedades con tolerancia a factores bi\u00f3ticos y abi\u00f3ticos, Insumos ecol\u00f3gicos para reducir efectos de plagas y enfermedades, Insumos ecol\u00f3gicos para la fertilidad de los suelos y la nutrici\u00f3n vegetal,&hellip;&nbsp;Leer m\u00e1s &raquo;Manejo Integrado de Cultivos (MIC)\" \/>\n<meta property=\"og:url\" content=\"https:\/\/www.proinpa.org\/web\/programas\/manejo-integrado-de-cultivos\/\" \/>\n<meta property=\"og:site_name\" content=\"Fundaci\u00f3n PROINPA\" \/>\n<meta property=\"article:publisher\" content=\"https:\/\/www.facebook.com\/PROINPA\/\" \/>\n<meta property=\"article:modified_time\" content=\"2024-02-15T13:04:54+00:00\" \/>\n<meta property=\"og:image\" content=\"https:\/\/www.proinpa.org\/web\/wp-content\/uploads\/2023\/03\/Programa-MIC-Cartel-Titulo-WEB-2023-1024x229.jpg\" \/>\n<meta name=\"twitter:card\" content=\"summary_large_image\" \/>\n<meta name=\"twitter:label1\" content=\"Tiempo de lectura\" \/>\n\t<meta name=\"twitter:data1\" content=\"1 minuto\" \/>\n<script type=\"application\/ld+json\" class=\"yoast-schema-graph\">{\"@context\":\"https:\\\/\\\/schema.org\",\"@graph\":[{\"@type\":\"WebPage\",\"@id\":\"https:\\\/\\\/www.proinpa.org\\\/web\\\/programas\\\/manejo-integrado-de-cultivos\\\/\",\"url\":\"https:\\\/\\\/www.proinpa.org\\\/web\\\/programas\\\/manejo-integrado-de-cultivos\\\/\",\"name\":\"Manejo Integrado de Cultivos (MIC) - Fundaci\u00f3n PROINPA\",\"isPartOf\":{\"@id\":\"https:\\\/\\\/www.proinpa.org\\\/web\\\/#website\"},\"primaryImageOfPage\":{\"@id\":\"https:\\\/\\\/www.proinpa.org\\\/web\\\/programas\\\/manejo-integrado-de-cultivos\\\/#primaryimage\"},\"image\":{\"@id\":\"https:\\\/\\\/www.proinpa.org\\\/web\\\/programas\\\/manejo-integrado-de-cultivos\\\/#primaryimage\"},\"thumbnailUrl\":\"https:\\\/\\\/www.proinpa.org\\\/web\\\/wp-content\\\/uploads\\\/2023\\\/03\\\/Programa-MIC-Cartel-Titulo-WEB-2023-1024x229.jpg\",\"datePublished\":\"2019-08-17T23:39:37+00:00\",\"dateModified\":\"2024-02-15T13:04:54+00:00\",\"breadcrumb\":{\"@id\":\"https:\\\/\\\/www.proinpa.org\\\/web\\\/programas\\\/manejo-integrado-de-cultivos\\\/#breadcrumb\"},\"inLanguage\":\"es\",\"potentialAction\":[{\"@type\":\"ReadAction\",\"target\":[\"https:\\\/\\\/www.proinpa.org\\\/web\\\/programas\\\/manejo-integrado-de-cultivos\\\/\"]}]},{\"@type\":\"ImageObject\",\"inLanguage\":\"es\",\"@id\":\"https:\\\/\\\/www.proinpa.org\\\/web\\\/programas\\\/manejo-integrado-de-cultivos\\\/#primaryimage\",\"url\":\"https:\\\/\\\/www.proinpa.org\\\/web\\\/wp-content\\\/uploads\\\/2023\\\/03\\\/Programa-MIC-Cartel-Titulo-WEB-2023.jpg\",\"contentUrl\":\"https:\\\/\\\/www.proinpa.org\\\/web\\\/wp-content\\\/uploads\\\/2023\\\/03\\\/Programa-MIC-Cartel-Titulo-WEB-2023.jpg\",\"width\":1650,\"height\":369},{\"@type\":\"BreadcrumbList\",\"@id\":\"https:\\\/\\\/www.proinpa.org\\\/web\\\/programas\\\/manejo-integrado-de-cultivos\\\/#breadcrumb\",\"itemListElement\":[{\"@type\":\"ListItem\",\"position\":1,\"name\":\"Portada\",\"item\":\"https:\\\/\\\/www.proinpa.org\\\/web\\\/\"},{\"@type\":\"ListItem\",\"position\":2,\"name\":\"Programas\",\"item\":\"https:\\\/\\\/www.proinpa.org\\\/web\\\/programas\\\/\"},{\"@type\":\"ListItem\",\"position\":3,\"name\":\"Manejo Integrado de Cultivos (MIC)\"}]},{\"@type\":\"WebSite\",\"@id\":\"https:\\\/\\\/www.proinpa.org\\\/web\\\/#website\",\"url\":\"https:\\\/\\\/www.proinpa.org\\\/web\\\/\",\"name\":\"Fundaci\u00f3n PROINPA\",\"description\":\"Fundaci\u00f3n para la Promoci\u00f3n e Investigaci\u00f3n de Productos Andinos\",\"publisher\":{\"@id\":\"https:\\\/\\\/www.proinpa.org\\\/web\\\/#organization\"},\"potentialAction\":[{\"@type\":\"SearchAction\",\"target\":{\"@type\":\"EntryPoint\",\"urlTemplate\":\"https:\\\/\\\/www.proinpa.org\\\/web\\\/?s={search_term_string}\"},\"query-input\":{\"@type\":\"PropertyValueSpecification\",\"valueRequired\":true,\"valueName\":\"search_term_string\"}}],\"inLanguage\":\"es\"},{\"@type\":\"Organization\",\"@id\":\"https:\\\/\\\/www.proinpa.org\\\/web\\\/#organization\",\"name\":\"Fundaci\u00f3n Proinpa\",\"url\":\"https:\\\/\\\/www.proinpa.org\\\/web\\\/\",\"logo\":{\"@type\":\"ImageObject\",\"inLanguage\":\"es\",\"@id\":\"https:\\\/\\\/www.proinpa.org\\\/web\\\/#\\\/schema\\\/logo\\\/image\\\/\",\"url\":\"https:\\\/\\\/www.proinpa.org\\\/web\\\/wp-content\\\/uploads\\\/2019\\\/09\\\/logo_proinpa2.png\",\"contentUrl\":\"https:\\\/\\\/www.proinpa.org\\\/web\\\/wp-content\\\/uploads\\\/2019\\\/09\\\/logo_proinpa2.png\",\"width\":110,\"height\":85,\"caption\":\"Fundaci\u00f3n Proinpa\"},\"image\":{\"@id\":\"https:\\\/\\\/www.proinpa.org\\\/web\\\/#\\\/schema\\\/logo\\\/image\\\/\"},\"sameAs\":[\"https:\\\/\\\/www.facebook.com\\\/PROINPA\\\/\",\"https:\\\/\\\/www.youtube.com\\\/user\\\/FundacionPROINPA\"]}]}<\/script>\n<!-- \/ Yoast SEO plugin. -->","yoast_head_json":{"title":"Manejo Integrado de Cultivos (MIC) - Fundaci\u00f3n PROINPA","robots":{"index":"index","follow":"follow","max-snippet":"max-snippet:-1","max-image-preview":"max-image-preview:large","max-video-preview":"max-video-preview:-1"},"canonical":"https:\/\/www.proinpa.org\/web\/programas\/manejo-integrado-de-cultivos\/","og_locale":"es_ES","og_type":"article","og_title":"Manejo Integrado de Cultivos (MIC) - Fundaci\u00f3n PROINPA","og_description":"El Programa MIC, desarrolla tecnolog\u00edas para el manejo integrado de cultivos, con enfoque agroecol\u00f3gico y de resiliencia de los sistemas agroalimentarios bolivianos. El programa desarrolla: Nuevas variedades con tolerancia a factores bi\u00f3ticos y abi\u00f3ticos, Insumos ecol\u00f3gicos para reducir efectos de plagas y enfermedades, Insumos ecol\u00f3gicos para la fertilidad de los suelos y la nutrici\u00f3n vegetal,&hellip;&nbsp;Leer m\u00e1s &raquo;Manejo Integrado de Cultivos (MIC)","og_url":"https:\/\/www.proinpa.org\/web\/programas\/manejo-integrado-de-cultivos\/","og_site_name":"Fundaci\u00f3n PROINPA","article_publisher":"https:\/\/www.facebook.com\/PROINPA\/","article_modified_time":"2024-02-15T13:04:54+00:00","og_image":[{"url":"https:\/\/www.proinpa.org\/web\/wp-content\/uploads\/2023\/03\/Programa-MIC-Cartel-Titulo-WEB-2023-1024x229.jpg","type":"","width":"","height":""}],"twitter_card":"summary_large_image","twitter_misc":{"Tiempo de lectura":"1 minuto"},"schema":{"@context":"https:\/\/schema.org","@graph":[{"@type":"WebPage","@id":"https:\/\/www.proinpa.org\/web\/programas\/manejo-integrado-de-cultivos\/","url":"https:\/\/www.proinpa.org\/web\/programas\/manejo-integrado-de-cultivos\/","name":"Manejo Integrado de Cultivos (MIC) - Fundaci\u00f3n PROINPA","isPartOf":{"@id":"https:\/\/www.proinpa.org\/web\/#website"},"primaryImageOfPage":{"@id":"https:\/\/www.proinpa.org\/web\/programas\/manejo-integrado-de-cultivos\/#primaryimage"},"image":{"@id":"https:\/\/www.proinpa.org\/web\/programas\/manejo-integrado-de-cultivos\/#primaryimage"},"thumbnailUrl":"https:\/\/www.proinpa.org\/web\/wp-content\/uploads\/2023\/03\/Programa-MIC-Cartel-Titulo-WEB-2023-1024x229.jpg","datePublished":"2019-08-17T23:39:37+00:00","dateModified":"2024-02-15T13:04:54+00:00","breadcrumb":{"@id":"https:\/\/www.proinpa.org\/web\/programas\/manejo-integrado-de-cultivos\/#breadcrumb"},"inLanguage":"es","potentialAction":[{"@type":"ReadAction","target":["https:\/\/www.proinpa.org\/web\/programas\/manejo-integrado-de-cultivos\/"]}]},{"@type":"ImageObject","inLanguage":"es","@id":"https:\/\/www.proinpa.org\/web\/programas\/manejo-integrado-de-cultivos\/#primaryimage","url":"https:\/\/www.proinpa.org\/web\/wp-content\/uploads\/2023\/03\/Programa-MIC-Cartel-Titulo-WEB-2023.jpg","contentUrl":"https:\/\/www.proinpa.org\/web\/wp-content\/uploads\/2023\/03\/Programa-MIC-Cartel-Titulo-WEB-2023.jpg","width":1650,"height":369},{"@type":"BreadcrumbList","@id":"https:\/\/www.proinpa.org\/web\/programas\/manejo-integrado-de-cultivos\/#breadcrumb","itemListElement":[{"@type":"ListItem","position":1,"name":"Portada","item":"https:\/\/www.proinpa.org\/web\/"},{"@type":"ListItem","position":2,"name":"Programas","item":"https:\/\/www.proinpa.org\/web\/programas\/"},{"@type":"ListItem","position":3,"name":"Manejo Integrado de Cultivos (MIC)"}]},{"@type":"WebSite","@id":"https:\/\/www.proinpa.org\/web\/#website","url":"https:\/\/www.proinpa.org\/web\/","name":"Fundaci\u00f3n PROINPA","description":"Fundaci\u00f3n para la Promoci\u00f3n e Investigaci\u00f3n de Productos Andinos","publisher":{"@id":"https:\/\/www.proinpa.org\/web\/#organization"},"potentialAction":[{"@type":"SearchAction","target":{"@type":"EntryPoint","urlTemplate":"https:\/\/www.proinpa.org\/web\/?s={search_term_string}"},"query-input":{"@type":"PropertyValueSpecification","valueRequired":true,"valueName":"search_term_string"}}],"inLanguage":"es"},{"@type":"Organization","@id":"https:\/\/www.proinpa.org\/web\/#organization","name":"Fundaci\u00f3n Proinpa","url":"https:\/\/www.proinpa.org\/web\/","logo":{"@type":"ImageObject","inLanguage":"es","@id":"https:\/\/www.proinpa.org\/web\/#\/schema\/logo\/image\/","url":"https:\/\/www.proinpa.org\/web\/wp-content\/uploads\/2019\/09\/logo_proinpa2.png","contentUrl":"https:\/\/www.proinpa.org\/web\/wp-content\/uploads\/2019\/09\/logo_proinpa2.png","width":110,"height":85,"caption":"Fundaci\u00f3n Proinpa"},"image":{"@id":"https:\/\/www.proinpa.org\/web\/#\/schema\/logo\/image\/"},"sameAs":["https:\/\/www.facebook.com\/PROINPA\/","https:\/\/www.youtube.com\/user\/FundacionPROINPA"]}]}},"_links":{"self":[{"href":"https:\/\/www.proinpa.org\/web\/wp-json\/wp\/v2\/pages\/626","targetHints":{"allow":["GET"]}}],"collection":[{"href":"https:\/\/www.proinpa.org\/web\/wp-json\/wp\/v2\/pages"}],"about":[{"href":"https:\/\/www.proinpa.org\/web\/wp-json\/wp\/v2\/types\/page"}],"author":[{"embeddable":true,"href":"https:\/\/www.proinpa.org\/web\/wp-json\/wp\/v2\/users\/1"}],"replies":[{"embeddable":true,"href":"https:\/\/www.proinpa.org\/web\/wp-json\/wp\/v2\/comments?post=626"}],"version-history":[{"count":58,"href":"https:\/\/www.proinpa.org\/web\/wp-json\/wp\/v2\/pages\/626\/revisions"}],"predecessor-version":[{"id":4860,"href":"https:\/\/www.proinpa.org\/web\/wp-json\/wp\/v2\/pages\/626\/revisions\/4860"}],"up":[{"embeddable":true,"href":"https:\/\/www.proinpa.org\/web\/wp-json\/wp\/v2\/pages\/3828"}],"wp:attachment":[{"href":"https:\/\/www.proinpa.org\/web\/wp-json\/wp\/v2\/media?parent=626"}],"curies":[{"name":"wp","href":"https:\/\/api.w.org\/{rel}","templated":true}]}}