{"id":771,"date":"2019-09-11T22:38:43","date_gmt":"2019-09-11T20:38:43","guid":{"rendered":"http:\/\/www.proinpa.org\/web\/?page_id=771"},"modified":"2024-01-17T12:08:04","modified_gmt":"2024-01-17T16:08:04","slug":"valores-y-principios","status":"publish","type":"page","link":"https:\/\/www.proinpa.org\/web\/valores-y-principios\/","title":{"rendered":"Valores y Principios"},"content":{"rendered":"\t\t<div data-elementor-type=\"wp-page\" data-elementor-id=\"771\" class=\"elementor elementor-771\">\n\t\t\t\t\t\t<section class=\"elementor-section elementor-top-section elementor-element elementor-element-438ed15 elementor-section-full_width elementor-section-height-default elementor-section-height-default\" data-id=\"438ed15\" data-element_type=\"section\" data-e-type=\"section\" data-settings=\"{&quot;background_background&quot;:&quot;classic&quot;}\">\n\t\t\t\t\t\t<div class=\"elementor-container elementor-column-gap-default\">\n\t\t\t\t\t<div class=\"elementor-column elementor-col-100 elementor-top-column elementor-element elementor-element-cfdaca9\" data-id=\"cfdaca9\" data-element_type=\"column\" data-e-type=\"column\">\n\t\t\t<div class=\"elementor-widget-wrap\">\n\t\t\t\t\t\t\t<\/div>\n\t\t<\/div>\n\t\t\t\t\t<\/div>\n\t\t<\/section>\n\t\t\t\t<section class=\"elementor-section elementor-top-section elementor-element elementor-element-0e9a205 elementor-section-boxed elementor-section-height-default elementor-section-height-default\" data-id=\"0e9a205\" data-element_type=\"section\" data-e-type=\"section\" data-settings=\"{&quot;background_background&quot;:&quot;classic&quot;}\">\n\t\t\t\t\t\t<div class=\"elementor-container elementor-column-gap-wider\">\n\t\t\t\t\t<div class=\"elementor-column elementor-col-100 elementor-top-column elementor-element elementor-element-c1f0944\" data-id=\"c1f0944\" data-element_type=\"column\" data-e-type=\"column\">\n\t\t\t<div class=\"elementor-widget-wrap elementor-element-populated\">\n\t\t\t\t\t\t<div class=\"elementor-element elementor-element-1b0e4a3 elementor-widget elementor-widget-heading\" data-id=\"1b0e4a3\" data-element_type=\"widget\" data-e-type=\"widget\" data-widget_type=\"heading.default\">\n\t\t\t\t<div class=\"elementor-widget-container\">\n\t\t\t\t\t<h3 class=\"elementor-heading-title elementor-size-default\">Valores y Principios<\/h3>\t\t\t\t<\/div>\n\t\t\t\t<\/div>\n\t\t\t\t<div class=\"elementor-element elementor-element-f16b1ee elementor-widget elementor-widget-text-editor\" data-id=\"f16b1ee\" data-element_type=\"widget\" data-e-type=\"widget\" data-widget_type=\"text-editor.default\">\n\t\t\t\t<div class=\"elementor-widget-container\">\n\t\t\t\t\t\t\t\t\t<p><strong>Respeto y empoderamiento:<\/strong> al saber local, al saber de socios y aliados, a las pol\u00edticas nacionales. Tratamos a cada uno de los actores que se involucran con nosotros con dignidad y respeto por lo que valoramos y tomamos en cuenta sus opiniones demandas y decisiones. Trabajamos para el empoderamiento de agricultores, microempresarios y j\u00f3venes profesionales para la toma de decisiones efectiva. Brindamos oportunidades y motivaci\u00f3n a todos los talentos que trabajan en nuestra organizaci\u00f3n.<\/p><p><strong>Alianzas:<\/strong> No buscamos hacer todo por nosotros mismos, fomentamos y participamos en espacios de concertaci\u00f3n municipales, regionales nacionales e internacionales.<\/p><p><b>Integridad y transparencia:<\/b> Actuamos de forma consistente y consecuente con nuestra misi\u00f3n. Somos honestos y transparentes en lo que pensamos, hacemos y decidimos. Aceptamos la responsabilidad de nuestras acciones colectivas e individuales ya sea que estas conlleven \u00e9xitos o fracasos. Estricto apego a las leyes de trabajo.<\/p><p><b>Orientaci\u00f3n al impacto, Excelencia y eficiencia:<\/b> Las actividades de PROINPA son orientadas al impacto y responden a la demanda expl\u00edcita e impl\u00edcita de la sociedad, estas actividades son monitoreadas y evaluadas por su impacto social y ambiental. La investigaci\u00f3n desarrollada es objetiva y transparente.<\/p><p><b>Respeto al medio ambiente y a los recursos naturales:<\/b> Generamos propuestas tecnol\u00f3gicas tomando en cuenta aspectos econ\u00f3micos y ecol\u00f3gicos para no da\u00f1ar el medio ambiente en los agro ecosistemas, buscamos alternativas de uso a los Recursos Gen\u00e9ticos para conservar en sus lugares de origen la biodiversidad cultivada y manejamos de manera sostenible los Recursos Naturales.<\/p>\t\t\t\t\t\t\t\t<\/div>\n\t\t\t\t<\/div>\n\t\t\t\t\t<\/div>\n\t\t<\/div>\n\t\t\t\t\t<\/div>\n\t\t<\/section>\n\t\t\t\t<\/div>\n\t\t","protected":false},"excerpt":{"rendered":"<p>Valores y Principios Respeto y empoderamiento: al saber local, al saber de socios y aliados, a las pol\u00edticas nacionales. Tratamos a cada uno de los actores que se involucran con nosotros con dignidad y respeto por lo que valoramos y tomamos en cuenta sus opiniones demandas y decisiones. Trabajamos para el empoderamiento de agricultores, microempresarios&hellip;&nbsp;<a href=\"https:\/\/www.proinpa.org\/web\/valores-y-principios\/\" rel=\"bookmark\">Leer m\u00e1s &raquo;<span class=\"screen-reader-text\">Valores y Principios<\/span><\/a><\/p>\n","protected":false},"author":1,"featured_media":0,"parent":0,"menu_order":0,"comment_status":"closed","ping_status":"closed","template":"page-templates\/template_page-builder.php","meta":{"neve_meta_sidebar":"","neve_meta_container":"","neve_meta_enable_content_width":"","neve_meta_content_width":0,"neve_meta_title_alignment":"","neve_meta_author_avatar":"","neve_post_elements_order":"","neve_meta_disable_header":"","neve_meta_disable_footer":"","neve_meta_disable_title":"","footnotes":""},"class_list":["post-771","page","type-page","status-publish","hentry"],"yoast_head":"<!-- This site is optimized with the Yoast SEO plugin v27.3 - https:\/\/yoast.com\/product\/yoast-seo-wordpress\/ -->\n<title>Valores y Principios - Fundaci\u00f3n PROINPA<\/title>\n<meta name=\"robots\" content=\"index, follow, max-snippet:-1, max-image-preview:large, max-video-preview:-1\" \/>\n<link rel=\"canonical\" href=\"https:\/\/www.proinpa.org\/web\/valores-y-principios\/\" \/>\n<meta property=\"og:locale\" content=\"es_ES\" \/>\n<meta property=\"og:type\" content=\"article\" \/>\n<meta property=\"og:title\" content=\"Valores y Principios - Fundaci\u00f3n PROINPA\" \/>\n<meta property=\"og:description\" content=\"Valores y Principios Respeto y empoderamiento: al saber local, al saber de socios y aliados, a las pol\u00edticas nacionales. Tratamos a cada uno de los actores que se involucran con nosotros con dignidad y respeto por lo que valoramos y tomamos en cuenta sus opiniones demandas y decisiones. Trabajamos para el empoderamiento de agricultores, microempresarios&hellip;&nbsp;Leer m\u00e1s &raquo;Valores y Principios\" \/>\n<meta property=\"og:url\" content=\"https:\/\/www.proinpa.org\/web\/valores-y-principios\/\" \/>\n<meta property=\"og:site_name\" content=\"Fundaci\u00f3n PROINPA\" \/>\n<meta property=\"article:publisher\" content=\"https:\/\/www.facebook.com\/PROINPA\/\" \/>\n<meta property=\"article:modified_time\" content=\"2024-01-17T16:08:04+00:00\" \/>\n<meta name=\"twitter:card\" content=\"summary_large_image\" \/>\n<meta name=\"twitter:label1\" content=\"Tiempo de lectura\" \/>\n\t<meta name=\"twitter:data1\" content=\"1 minuto\" \/>\n<script type=\"application\/ld+json\" class=\"yoast-schema-graph\">{\"@context\":\"https:\\\/\\\/schema.org\",\"@graph\":[{\"@type\":\"WebPage\",\"@id\":\"https:\\\/\\\/www.proinpa.org\\\/web\\\/valores-y-principios\\\/\",\"url\":\"https:\\\/\\\/www.proinpa.org\\\/web\\\/valores-y-principios\\\/\",\"name\":\"Valores y Principios - Fundaci\u00f3n PROINPA\",\"isPartOf\":{\"@id\":\"https:\\\/\\\/www.proinpa.org\\\/web\\\/#website\"},\"datePublished\":\"2019-09-11T20:38:43+00:00\",\"dateModified\":\"2024-01-17T16:08:04+00:00\",\"breadcrumb\":{\"@id\":\"https:\\\/\\\/www.proinpa.org\\\/web\\\/valores-y-principios\\\/#breadcrumb\"},\"inLanguage\":\"es\",\"potentialAction\":[{\"@type\":\"ReadAction\",\"target\":[\"https:\\\/\\\/www.proinpa.org\\\/web\\\/valores-y-principios\\\/\"]}]},{\"@type\":\"BreadcrumbList\",\"@id\":\"https:\\\/\\\/www.proinpa.org\\\/web\\\/valores-y-principios\\\/#breadcrumb\",\"itemListElement\":[{\"@type\":\"ListItem\",\"position\":1,\"name\":\"Portada\",\"item\":\"https:\\\/\\\/www.proinpa.org\\\/web\\\/\"},{\"@type\":\"ListItem\",\"position\":2,\"name\":\"Valores y Principios\"}]},{\"@type\":\"WebSite\",\"@id\":\"https:\\\/\\\/www.proinpa.org\\\/web\\\/#website\",\"url\":\"https:\\\/\\\/www.proinpa.org\\\/web\\\/\",\"name\":\"Fundaci\u00f3n PROINPA\",\"description\":\"Fundaci\u00f3n para la Promoci\u00f3n e Investigaci\u00f3n de Productos Andinos\",\"publisher\":{\"@id\":\"https:\\\/\\\/www.proinpa.org\\\/web\\\/#organization\"},\"potentialAction\":[{\"@type\":\"SearchAction\",\"target\":{\"@type\":\"EntryPoint\",\"urlTemplate\":\"https:\\\/\\\/www.proinpa.org\\\/web\\\/?s={search_term_string}\"},\"query-input\":{\"@type\":\"PropertyValueSpecification\",\"valueRequired\":true,\"valueName\":\"search_term_string\"}}],\"inLanguage\":\"es\"},{\"@type\":\"Organization\",\"@id\":\"https:\\\/\\\/www.proinpa.org\\\/web\\\/#organization\",\"name\":\"Fundaci\u00f3n Proinpa\",\"url\":\"https:\\\/\\\/www.proinpa.org\\\/web\\\/\",\"logo\":{\"@type\":\"ImageObject\",\"inLanguage\":\"es\",\"@id\":\"https:\\\/\\\/www.proinpa.org\\\/web\\\/#\\\/schema\\\/logo\\\/image\\\/\",\"url\":\"https:\\\/\\\/www.proinpa.org\\\/web\\\/wp-content\\\/uploads\\\/2019\\\/09\\\/logo_proinpa2.png\",\"contentUrl\":\"https:\\\/\\\/www.proinpa.org\\\/web\\\/wp-content\\\/uploads\\\/2019\\\/09\\\/logo_proinpa2.png\",\"width\":110,\"height\":85,\"caption\":\"Fundaci\u00f3n Proinpa\"},\"image\":{\"@id\":\"https:\\\/\\\/www.proinpa.org\\\/web\\\/#\\\/schema\\\/logo\\\/image\\\/\"},\"sameAs\":[\"https:\\\/\\\/www.facebook.com\\\/PROINPA\\\/\",\"https:\\\/\\\/www.youtube.com\\\/user\\\/FundacionPROINPA\"]}]}<\/script>\n<!-- \/ Yoast SEO plugin. -->","yoast_head_json":{"title":"Valores y Principios - Fundaci\u00f3n PROINPA","robots":{"index":"index","follow":"follow","max-snippet":"max-snippet:-1","max-image-preview":"max-image-preview:large","max-video-preview":"max-video-preview:-1"},"canonical":"https:\/\/www.proinpa.org\/web\/valores-y-principios\/","og_locale":"es_ES","og_type":"article","og_title":"Valores y Principios - Fundaci\u00f3n PROINPA","og_description":"Valores y Principios Respeto y empoderamiento: al saber local, al saber de socios y aliados, a las pol\u00edticas nacionales. Tratamos a cada uno de los actores que se involucran con nosotros con dignidad y respeto por lo que valoramos y tomamos en cuenta sus opiniones demandas y decisiones. Trabajamos para el empoderamiento de agricultores, microempresarios&hellip;&nbsp;Leer m\u00e1s &raquo;Valores y Principios","og_url":"https:\/\/www.proinpa.org\/web\/valores-y-principios\/","og_site_name":"Fundaci\u00f3n PROINPA","article_publisher":"https:\/\/www.facebook.com\/PROINPA\/","article_modified_time":"2024-01-17T16:08:04+00:00","twitter_card":"summary_large_image","twitter_misc":{"Tiempo de lectura":"1 minuto"},"schema":{"@context":"https:\/\/schema.org","@graph":[{"@type":"WebPage","@id":"https:\/\/www.proinpa.org\/web\/valores-y-principios\/","url":"https:\/\/www.proinpa.org\/web\/valores-y-principios\/","name":"Valores y Principios - Fundaci\u00f3n PROINPA","isPartOf":{"@id":"https:\/\/www.proinpa.org\/web\/#website"},"datePublished":"2019-09-11T20:38:43+00:00","dateModified":"2024-01-17T16:08:04+00:00","breadcrumb":{"@id":"https:\/\/www.proinpa.org\/web\/valores-y-principios\/#breadcrumb"},"inLanguage":"es","potentialAction":[{"@type":"ReadAction","target":["https:\/\/www.proinpa.org\/web\/valores-y-principios\/"]}]},{"@type":"BreadcrumbList","@id":"https:\/\/www.proinpa.org\/web\/valores-y-principios\/#breadcrumb","itemListElement":[{"@type":"ListItem","position":1,"name":"Portada","item":"https:\/\/www.proinpa.org\/web\/"},{"@type":"ListItem","position":2,"name":"Valores y Principios"}]},{"@type":"WebSite","@id":"https:\/\/www.proinpa.org\/web\/#website","url":"https:\/\/www.proinpa.org\/web\/","name":"Fundaci\u00f3n PROINPA","description":"Fundaci\u00f3n para la Promoci\u00f3n e Investigaci\u00f3n de Productos Andinos","publisher":{"@id":"https:\/\/www.proinpa.org\/web\/#organization"},"potentialAction":[{"@type":"SearchAction","target":{"@type":"EntryPoint","urlTemplate":"https:\/\/www.proinpa.org\/web\/?s={search_term_string}"},"query-input":{"@type":"PropertyValueSpecification","valueRequired":true,"valueName":"search_term_string"}}],"inLanguage":"es"},{"@type":"Organization","@id":"https:\/\/www.proinpa.org\/web\/#organization","name":"Fundaci\u00f3n Proinpa","url":"https:\/\/www.proinpa.org\/web\/","logo":{"@type":"ImageObject","inLanguage":"es","@id":"https:\/\/www.proinpa.org\/web\/#\/schema\/logo\/image\/","url":"https:\/\/www.proinpa.org\/web\/wp-content\/uploads\/2019\/09\/logo_proinpa2.png","contentUrl":"https:\/\/www.proinpa.org\/web\/wp-content\/uploads\/2019\/09\/logo_proinpa2.png","width":110,"height":85,"caption":"Fundaci\u00f3n Proinpa"},"image":{"@id":"https:\/\/www.proinpa.org\/web\/#\/schema\/logo\/image\/"},"sameAs":["https:\/\/www.facebook.com\/PROINPA\/","https:\/\/www.youtube.com\/user\/FundacionPROINPA"]}]}},"_links":{"self":[{"href":"https:\/\/www.proinpa.org\/web\/wp-json\/wp\/v2\/pages\/771","targetHints":{"allow":["GET"]}}],"collection":[{"href":"https:\/\/www.proinpa.org\/web\/wp-json\/wp\/v2\/pages"}],"about":[{"href":"https:\/\/www.proinpa.org\/web\/wp-json\/wp\/v2\/types\/page"}],"author":[{"embeddable":true,"href":"https:\/\/www.proinpa.org\/web\/wp-json\/wp\/v2\/users\/1"}],"replies":[{"embeddable":true,"href":"https:\/\/www.proinpa.org\/web\/wp-json\/wp\/v2\/comments?post=771"}],"version-history":[{"count":8,"href":"https:\/\/www.proinpa.org\/web\/wp-json\/wp\/v2\/pages\/771\/revisions"}],"predecessor-version":[{"id":4524,"href":"https:\/\/www.proinpa.org\/web\/wp-json\/wp\/v2\/pages\/771\/revisions\/4524"}],"wp:attachment":[{"href":"https:\/\/www.proinpa.org\/web\/wp-json\/wp\/v2\/media?parent=771"}],"curies":[{"name":"wp","href":"https:\/\/api.w.org\/{rel}","templated":true}]}}